{"id":1210,"date":"2017-09-04T10:00:32","date_gmt":"2017-09-04T08:00:32","guid":{"rendered":"https:\/\/nesthostelsbarcelona.com\/terms-and-conditions\/"},"modified":"2022-06-27T16:50:34","modified_gmt":"2022-06-27T14:50:34","slug":"terminos-condiciones","status":"publish","type":"page","link":"https:\/\/nesthostelsbarcelona.com\/es\/terminos-condiciones\/","title":{"rendered":"T\u00e9rminos y Condiciones"},"content":{"rendered":"\n<h1 class=\"has-text-align-center wp-block-heading\">T\u00e9rminos y Condiciones<\/h1>\n\n<hr class=\"wp-block-separator has-alpha-channel-opacity is-style-dots\"\/>\n\n<h2 class=\"wp-block-heading\">0. Prop\u00f3sito y Aceptaci\u00f3n.<\/h2>\n\n<p>T\u00e9rminos y condiciones. El uso del sitio web\u00a0<a href=\"https:\/\/nesthostelsbarcelona.com\/es\/\">nesthostelsbarcelona.com<\/a>\u00a0(en adelante, LA WEB), del que es titular BOOKING HOSTELS S.L., se regula por el presente aviso legal (en adelante, EL PROPIETARIO DE LA WEB).<\/p>\n\n<p>La navegaci\u00f3n por el sitio web de EL PROPIETARIO DE LA WEB atribuye la condici\u00f3n de usuario e implica la aceptaci\u00f3n plena e incondicional de todas y cada una de las disposiciones incluidas en este Aviso Legal, que pueden sufrir modificaciones.<\/p>\n\n<p>The user agrees to use the website correctly in accordance with all applicable laws, good faith, public order, traffic regulations, and this Legal Notice.<\/p>\n\n<p>El usuario ser\u00e1 responsable de los da\u00f1os y perjuicios que el incumplimiento de este compromiso cause a EL PROPIETARIO DE LA WEB o terceros.<\/p>\n\n<h2 class=\"wp-block-heading\">1. Identificaci\u00f3n y Comunicaci\u00f3n.<\/h2>\n\n<p><strong>EL PROPIETARIO DE LA WEB<\/strong>\u00a0le informa sobre los servicios de informaci\u00f3n y comercio electr\u00f3nico de conformidad con la Ley 34\/2002, de 11 de julio:<\/p>\n\n<ul class=\"wp-block-list\"><li>El nombre es: BOOKING HOSTELS S.L.<\/li><li>Su CIF\/NIF\/NIE es: B98157274.<\/li><li>Su domicilio social est\u00e1 en: C\/ RODRIGUEZ DE CEPEDA N\u00ba 35 \u2013 46021 VALENCIA.<\/li><li>Inscrita en el Registro Mercantil de VALENCIA, TOMO 9055, LIBRO 6339, FOLIO 37, SECCI\u00d3N 8, HOJA V-134583, INSCRIPCI\u00d3N 1\u00aa.<\/li><li>Para contactarnos, ponemos a su disposici\u00f3n diferentes medios de contacto como se muestra a continuaci\u00f3n:<\/li><li>Email: <a href=\"mailto:info@feetuphostels.com\">info@feetuphostels.com<\/a><\/li><\/ul>\n\n<p>Todas las notificaciones y todo contacto entre el usuario y\u00a0<strong>EL PROPIETARIO DE LA WEB<\/strong>\u00a0se considerar\u00e1 \u00fatil cuando se realice a trav\u00e9s del correo electr\u00f3nico u otras formas de contacto.<\/p>\n\n<h2 class=\"wp-block-heading\">2. Condiciones de acceso y uso.<\/h2>\n\n<p>El sitio web y sus servicios son de libre acceso y disponibilidad, sin embargo,\u00a0<strong>EL PROPIETARIO DE LA WEB\u00a0<\/strong>ha especificado que el uso de los servicios ofrecidos por el sitio web s\u00f3lo es posible despu\u00e9s de aceptar este formulario.<\/p>\n\n<p>Adicionalmente, el usuario garantiza que todos los datos que comunique a\u00a0<strong>EL PROPIETARIO DE LA WEB<\/strong>\u00a0son v\u00e1lidos y actuales, siendo el usuario el \u00fanico responsable de las manifestaciones falsas o inexactas.<\/p>\n\n<p>Adem\u00e1s, el usuario consiente expresamente en la correcta utilizaci\u00f3n de los materiales y servicios de EL\u00a0<strong>PROPIETARIO DE LA WEB<\/strong>\u00a0y se compromete a no utilizarlos en las siguientes circunstancias:<\/p>\n\n<ol class=\"wp-block-list\"><li>Distribuci\u00f3n de contenidos delictivos, violentos, pornogr\u00e1ficos, racistas, xen\u00f3fobos, ofensivos, con contenido terrorista o que atenten contra el derecho p\u00fablico.<\/li><li>Introducir virus inform\u00e1ticos u otras actuaciones susceptibles de alterar los contenidos, causar da\u00f1os, generar errores o provocar da\u00f1os en los documentos electr\u00f3nicos, datos o sistemas f\u00edsicos y log\u00edsticos de\u00a0<strong>EL PROPIETARIO DE LA WEB<\/strong>\u00a0o de terceros; as\u00ed como obstaculizar el acceso de los usuarios al sitio web ya sus servicios mediante la utilizaci\u00f3n de fuentes inform\u00e1ticas con las que trabaja\u00a0<strong>EL PROPIETARIO DE LA WEB<\/strong>.<\/li><li>Intentar acceder a las cuentas de correo electr\u00f3nico de otros usuarios o a los sistemas inform\u00e1ticos de\u00a0<strong>EL PROPIETARIO DE LA WEB<\/strong>\u00a0o de terceros para recuperar informaci\u00f3n.<\/li><li>Violaci\u00f3n de los derechos de propiedad y vulneraci\u00f3n de la fiabilidad de la informaci\u00f3n de EL\u00a0<strong>PROPIETARIO DE LA WEB<\/strong>\u00a0o de terceros.<\/li><li>Actuar como si fuera otra persona, el gobierno p\u00fablico o terceros.<\/li><li>La reproducci\u00f3n, copia, distribuci\u00f3n, puesta a disposici\u00f3n y cualquier otra forma de comunicaci\u00f3n p\u00fablica, transformaci\u00f3n o modificaci\u00f3n de los contenidos, salvo que se cuente con los permisos y derechos adquiridos.<\/li><li>Recopilaci\u00f3n de datos con fines publicitarios, publicaciones y comunicaci\u00f3n con fines de venta u otros fines comerciales sin solicitud o permiso.<\/li><\/ol>\n\n<p><strong>EL PROPIETARIO DEL SITIO<\/strong>\u00a0es propietario de todos los contenidos del sitio, incluidos los textos, fotograf\u00edas, gr\u00e1ficos, im\u00e1genes, iconos, tecnolog\u00eda y software, as\u00ed como el dise\u00f1o gr\u00e1fico y los c\u00f3digos fuente; estos aspectos no ser\u00e1n cedidos a los usuarios sin motivo, y s\u00f3lo se conceder\u00e1 lo estrictamente necesario para el correcto uso del sitio.<\/p>\n\n<p>Finalmente, los usuarios con acceso al sitio web pueden ver el contenido y posiblemente hacer copias privadas autom\u00e1ticas siempre que las partes reproducidas no sean vendidas o instaladas en redes conectadas.<\/p>\n\n<p>Asimismo, las marcas, nombres comerciales y logos de cualquier clase que aparecen en el sitio son propiedad de\u00a0<strong>EL PROPIETARIO DE LA WEB<\/strong>, y no ser\u00e1n cedidos a los usuarios sin causa y sin derecho a ello.<\/p>\n\n<p>Est\u00e1 prohibido distribuir, modificar, ceder o comunicar p\u00fablicamente los contenidos de cualquier forma no permitida debido a los derechos de su titular.<\/p>\n\n<p>La construcci\u00f3n de un hiperv\u00ednculo no implica que\u00a0<strong>EL PROPIETARIO DE LA WEB<\/strong>\u00a0y el sitio donde se establezca el enlace est\u00e9n conectados, ni que los contenidos y servicios de\u00a0<strong>EL PROPIETARIO DE LA WEB\u00a0<\/strong>sean aceptados por\u00a0<strong>EL PROPIETARIO DE LA WEB<\/strong>.<\/p>\n\n<p>En todo caso el hiperenlace dar\u00e1 acceso \u00fanico a la home page o p\u00e1gina de inicio de nuestro sitio.<\/p>\n\n<p>Asimismo, queda prohibido realizar manifestaciones falsas e informaciones falsas o inexactas sobre\u00a0<strong>EL PROPIETARIO DE LA WEB,<\/strong>\u00a0o contener contenidos il\u00edcitos y contrarios al orden p\u00fablico.<\/p>\n\n<p><strong>EL PROPIETARIO DEL SITIO<\/strong>\u00a0no se responsabiliza por los usuarios si \u00e9stos ponen a disposici\u00f3n material en el sitio o en \u00e1reas afines.<\/p>\n\n<h2 class=\"wp-block-heading\">3. Exclusi\u00f3n de garant\u00edas y responsabilidad.<\/h2>\n\n<p>La informaci\u00f3n de este sitio web es de car\u00e1cter amplio y pretende ser informativa, con la seguridad de que todo el contenido es completo, correcto, leg\u00edtimo y beneficioso.<\/p>\n\n<p><strong>EL PROPIETARIO DE LA WEB<\/strong>\u00a0incluye, permitido en derecho, cualquier responsabilidad por los da\u00f1os y perjuicios de toda naturaleza derivados de:<\/p>\n\n<ol class=\"wp-block-list\"><li>La imposibilidad de acceso al sitio web o la falta de veracidad, exactitud, exhaustividad y\/o actualidad de los contenidos, as\u00ed como la presencia de vicios y defectos de cualquier clase transmitidos, difundidos, almacenados o puestos a disposici\u00f3n a trav\u00e9s del sitio web o servicios ofrecidos.<\/li><li>La presencia de virus o de otros elementos en los contenidos que puedan producir alteraciones en los sistemas inform\u00e1ticos, en los documentos electr\u00f3nicos o en los datos de los usuarios.<\/li><li>Como consecuencia del uso indebido de la web, se han infringido la ley, la fe, el orden p\u00fablico, los tr\u00e1ficos y la vigencia del presente aviso legal. Especialmente cuando <strong>EL PROPIETARIO DE LA WEB<\/strong> no responde de las conductas de terceros que infrinjan las leyes al infringir la propiedad intelectual e industrial, los secretos empresariales, el honor, la intimidad personal y familiar, y sean objeto de competencia desleal y publicidad il\u00edcita.<\/li><\/ol>\n\n<p>Adem\u00e1s,\u00a0<strong>EL PROPIETARIO DEL SITIO<\/strong>\u00a0se exime de toda responsabilidad por la informaci\u00f3n enviada desde el sitio a cualquier persona que no sea nuestro webmaster. El prop\u00f3sito de los enlaces en estos sitios es informar a los usuarios sobre la existencia de fuentes adicionales que complementan el contenido del sitio.<\/p>\n\n<p><strong>EL PROPIETARIO DE LA WEB<\/strong>\u00a0no garantiza ni se responsabiliza del funcionamiento y accesibilidad de los enlaces externos a otros sitios; ni es responsable de las sugerencias, invitaciones o recomendaciones, y no es responsable de los resultados.<\/p>\n\n<p><strong>EL PROPIETARIO DE LA WEB<\/strong>\u00a0no se responsabiliza del establecimiento de enlaces de terceros.<\/p>\n\n<h2 class=\"wp-block-heading\">4. <a href=\"\/\/nesthostelsbarcelona.com\/es\/politica-privacidad\/\" target=\"_blank\" rel=\"noreferrer noopener\">Pol\u00edtica de privacidad.<\/a><\/h2>\n\n<p>Si necesitamos informaci\u00f3n de usted, siempre le pediremos que lo haga voluntariamente. Los datos recabados ser\u00e1n incorporados a un fichero de datos de car\u00e1cter personal en el Registro General de Protecci\u00f3n de Datos de la Agencia Espa\u00f1ola de Protecci\u00f3n de Datos,\u00a0<strong>EL PROPIETARIO DE LA WEB.<\/strong><\/p>\n\n<p>Esta entidad tratar\u00e1 los datos con fiabilidad y \u00fanicamente los utilizar\u00e1 para los servicios solicitados, con las garant\u00edas legales y de seguridad que impone la Ley 15\/1999, de 13 de diciembre, de protecci\u00f3n de datos de car\u00e1cter personal, la Ley 1720\/2007, de 21 de diciembre y Ley 34\/2002, de 11 de julio, de servicios de la sociedad de la informaci\u00f3n y de comercio electr\u00f3nico.<\/p>\n\n<p><strong>EL PROPIETARIO DE LA WEB<\/strong>\u00a0no desea que los datos sean cedidos, vendidos o compartidos con terceros sin autorizaci\u00f3n.<\/p>\n\n<p>Asimismo, en cumplimiento de lo dispuesto en la Ley Org\u00e1nica 15\/1999, de 13 de diciembre, de protecci\u00f3n de datos de car\u00e1cter personal,\u00a0<strong>EL PROPIETARIO DE LA WEB<\/strong>\u00a0deber\u00e1 suprimir o modificar los datos que resulten inexactos, incompletos, ya no necesarios o no pertinentes.<\/p>\n\n<p>El usuario puede revocar el permiso y el derecho de acceso, rectificaci\u00f3n y cancelaci\u00f3n de EL\u00a0<strong>PROPIETARIO DE LA WEB<\/strong>, sito en C\/ RODRIGUEZ DE CEPEDA N\u00ba 35 \u2013 46021 VALENCIA \u2013 VALENCIA, quien se identifica correctamente e indica de forma visible los espec\u00edficos derechos que le son de aplicaci\u00f3n .<\/p>\n\n<p><strong>EL PROPIETARIO DE LA WEB<\/strong>\u00a0adopta el nivel de seguridad de la Ley 15\/1999 y normativa que le es de aplicaci\u00f3n. Sin embargo, no se responsabiliza por cualquier da\u00f1o como resultado de cambios que hayan sido realizados por terceros, sistemas inform\u00e1ticos, documentos electr\u00f3nicos, software y archivos de otros usuarios.<\/p>\n\n<p><strong>EL PROPIETARIO DE LA WEB<\/strong>\u00a0podr\u00e1 utilizar cookies durante la prestaci\u00f3n de servicios del sitio web. Las cookies son archivos f\u00edsicos con informaci\u00f3n personal guardada del servidor del usuario. El usuario tiene la posibilidad de activar y desactivar las cookies o que primero reciba una advertencia.<\/p>\n\n<p>Si opta por abandonar el sitio web a trav\u00e9s de enlaces que est\u00e1n fuera de nuestra organizaci\u00f3n,\u00a0<strong>EL PROPIETARIO DE LA WEB<\/strong>\u00a0no se hace responsable de la pol\u00edtica de privacidad de estos sitios web ni de las cookies que puedan almacenar datos.<\/p>\n\n<p>Nuestra postura sobre los correos electr\u00f3nicos es que solo recibir\u00e1 correos electr\u00f3nicos si los solicit\u00f3 espec\u00edficamente.<\/p>\n\n<p>Si prefiere no recibir correos electr\u00f3nicos, le otorgamos el derecho de cancelaci\u00f3n de dichos correos electr\u00f3nicos de conformidad con lo dispuesto en el T\u00edtulo III, art\u00edculo 22 de la Ley 34\/2002 de Servicios para la Sociedad de la Informaci\u00f3n y Comercio Electr\u00f3nico.<\/p>\n\n<h2 class=\"wp-block-heading\">5. Procedimiento en caso de actividades il\u00edcitas.<\/h2>\n\n<p>En caso de que un usuario o un tercero considere que existen hechos o circunstancias por los que se est\u00e1 haciendo un uso no autorizado de los contenidos y\/o realizando alguna actividad en las p\u00e1ginas web o p\u00e1ginas accesibles a trav\u00e9s del sitio, enviar\u00e1 un mensaje a\u00a0<strong>EL PROPIETARIO DE LA WEB<\/strong>\u00a0con una correcta identificaci\u00f3n y notificaci\u00f3n de las supuestas infracciones y declara expresamente bajo su responsabilidad que la informaci\u00f3n es incorrecta.<\/p>\n\n<p>Para toda cuesti\u00f3n legal que incumba a\u00a0<strong>EL PROPIETARIO DE LA WEB<\/strong>, ser\u00e1 de aplicaci\u00f3n la legislaci\u00f3n espa\u00f1ola.<\/p>\n\n<p>La informaci\u00f3n administrativa suministrada a trav\u00e9s del sitio web no reemplaza la publicidad legal, reglamentos, planes, disposiciones generales y actos que deban ser publicados formalmente en los peri\u00f3dicos oficiales de la administraci\u00f3n p\u00fablica.<\/p>\n\n<p>Este es el \u00fanico instrumento que da fe de la autenticidad y el contenido. La informaci\u00f3n disponible en este sitio web debe interpretarse como una gu\u00eda.<\/p>\n\n<figure class=\"wp-block-image aligncenter size-full is-resized\"><a href=\"https:\/\/nesthostelsbarcelona.com\/wp-content\/uploads\/2022\/06\/privacy-policy.jpg\"><img fetchpriority=\"high\" decoding=\"async\" src=\"https:\/\/nesthostelsbarcelona.com\/wp-content\/uploads\/2022\/06\/privacy-policy.jpg\" alt=\"T&#xE9;rminos y condiciones\" class=\"wp-image-3623\" width=\"810\" height=\"350\" srcset=\"https:\/\/nesthostelsbarcelona.com\/wp-content\/uploads\/2022\/06\/privacy-policy.jpg 810w, https:\/\/nesthostelsbarcelona.com\/wp-content\/uploads\/2022\/06\/privacy-policy-300x130.jpg 300w, https:\/\/nesthostelsbarcelona.com\/wp-content\/uploads\/2022\/06\/privacy-policy-768x332.jpg 768w\" sizes=\"(max-width: 810px) 100vw, 810px\" \/><\/a><figcaption>T\u00e9rminos y Condiciones Nest Hostels Barcelona<\/figcaption><\/figure>\n","protected":false},"excerpt":{"rendered":"<p>T\u00e9rminos y Condiciones 0. Prop\u00f3sito y Aceptaci\u00f3n. T\u00e9rminos y condiciones. El uso del sitio web\u00a0nesthostelsbarcelona.com\u00a0(en adelante, LA WEB), del que es titular BOOKING HOSTELS S.L., se regula por el presente aviso legal (en adelante, EL PROPIETARIO DE LA WEB). La navegaci\u00f3n por el sitio web de EL PROPIETARIO DE LA WEB atribuye la condici\u00f3n de [&hellip;]<\/p>\n","protected":false},"author":10,"featured_media":3626,"parent":0,"menu_order":0,"comment_status":"closed","ping_status":"closed","template":"","meta":{"footnotes":""},"class_list":["post-1210","page","type-page","status-publish","has-post-thumbnail","hentry"],"yoast_head":"<!-- This site is optimized with the Yoast SEO plugin v27.3 - https:\/\/yoast.com\/product\/yoast-seo-wordpress\/ -->\n<title>T\u00e9rminos y condiciones de uso, pol\u00edticas de privacidad, pol\u00edticas de cookies<\/title>\n<meta name=\"description\" content=\"T\u00e9rminos y condiciones de uso, pol\u00edticas de privacidad, pol\u00edtica de cookies y condiciones legales del sitio web nesthostelsbarcelona.com\" \/>\n<meta name=\"robots\" content=\"index, follow, max-snippet:-1, max-image-preview:large, max-video-preview:-1\" \/>\n<link rel=\"canonical\" href=\"https:\/\/nesthostelsbarcelona.com\/es\/terminos-condiciones\/\" \/>\n<meta property=\"og:locale\" content=\"es_ES\" \/>\n<meta property=\"og:type\" content=\"article\" \/>\n<meta property=\"og:title\" content=\"T\u00e9rminos y condiciones de uso, pol\u00edticas de privacidad, pol\u00edticas de cookies\" \/>\n<meta property=\"og:description\" content=\"T\u00e9rminos y condiciones de uso, pol\u00edticas de privacidad, pol\u00edtica de cookies y condiciones legales del sitio web nesthostelsbarcelona.com\" \/>\n<meta property=\"og:url\" content=\"https:\/\/nesthostelsbarcelona.com\/es\/terminos-condiciones\/\" \/>\n<meta property=\"og:site_name\" content=\"Nest Hostels Barcelona\" \/>\n<meta property=\"article:publisher\" content=\"https:\/\/www.facebook.com\/YellowNestHostelBarcelona\/\" \/>\n<meta property=\"article:modified_time\" content=\"2022-06-27T14:50:34+00:00\" \/>\n<meta property=\"og:image\" content=\"https:\/\/nesthostelsbarcelona.com\/wp-content\/uploads\/2022\/06\/privacy-policy.jpg\" \/>\n\t<meta property=\"og:image:width\" content=\"810\" \/>\n\t<meta property=\"og:image:height\" content=\"350\" \/>\n\t<meta property=\"og:image:type\" content=\"image\/jpeg\" \/>\n<meta name=\"twitter:card\" content=\"summary_large_image\" \/>\n<meta name=\"twitter:site\" content=\"@YellowHostel\" \/>\n<meta name=\"twitter:label1\" content=\"Tiempo de lectura\" \/>\n\t<meta name=\"twitter:data1\" content=\"8 minutos\" \/>\n<script type=\"application\/ld+json\" class=\"yoast-schema-graph\">{\"@context\":\"https:\\\/\\\/schema.org\",\"@graph\":[{\"@type\":\"WebPage\",\"@id\":\"https:\\\/\\\/nesthostelsbarcelona.com\\\/es\\\/terminos-condiciones\\\/\",\"url\":\"https:\\\/\\\/nesthostelsbarcelona.com\\\/es\\\/terminos-condiciones\\\/\",\"name\":\"T\u00e9rminos y condiciones de uso, pol\u00edticas de privacidad, pol\u00edticas de cookies\",\"isPartOf\":{\"@id\":\"https:\\\/\\\/nesthostelsbarcelona.com\\\/es\\\/#website\"},\"primaryImageOfPage\":{\"@id\":\"https:\\\/\\\/nesthostelsbarcelona.com\\\/es\\\/terminos-condiciones\\\/#primaryimage\"},\"image\":{\"@id\":\"https:\\\/\\\/nesthostelsbarcelona.com\\\/es\\\/terminos-condiciones\\\/#primaryimage\"},\"thumbnailUrl\":\"https:\\\/\\\/nesthostelsbarcelona.com\\\/wp-content\\\/uploads\\\/2022\\\/06\\\/privacy-policy.jpg\",\"datePublished\":\"2017-09-04T08:00:32+00:00\",\"dateModified\":\"2022-06-27T14:50:34+00:00\",\"description\":\"T\u00e9rminos y condiciones de uso, pol\u00edticas de privacidad, pol\u00edtica de cookies y condiciones legales del sitio web nesthostelsbarcelona.com\",\"breadcrumb\":{\"@id\":\"https:\\\/\\\/nesthostelsbarcelona.com\\\/es\\\/terminos-condiciones\\\/#breadcrumb\"},\"inLanguage\":\"es\",\"potentialAction\":[{\"@type\":\"ReadAction\",\"target\":[\"https:\\\/\\\/nesthostelsbarcelona.com\\\/es\\\/terminos-condiciones\\\/\"]}]},{\"@type\":\"ImageObject\",\"inLanguage\":\"es\",\"@id\":\"https:\\\/\\\/nesthostelsbarcelona.com\\\/es\\\/terminos-condiciones\\\/#primaryimage\",\"url\":\"https:\\\/\\\/nesthostelsbarcelona.com\\\/wp-content\\\/uploads\\\/2022\\\/06\\\/privacy-policy.jpg\",\"contentUrl\":\"https:\\\/\\\/nesthostelsbarcelona.com\\\/wp-content\\\/uploads\\\/2022\\\/06\\\/privacy-policy.jpg\",\"width\":810,\"height\":350,\"caption\":\"Privacy Policy\"},{\"@type\":\"BreadcrumbList\",\"@id\":\"https:\\\/\\\/nesthostelsbarcelona.com\\\/es\\\/terminos-condiciones\\\/#breadcrumb\",\"itemListElement\":[{\"@type\":\"ListItem\",\"position\":1,\"name\":\"Home\",\"item\":\"https:\\\/\\\/nesthostelsbarcelona.com\\\/es\\\/inicio\\\/\"},{\"@type\":\"ListItem\",\"position\":2,\"name\":\"T\u00e9rminos y Condiciones\"}]},{\"@type\":\"WebSite\",\"@id\":\"https:\\\/\\\/nesthostelsbarcelona.com\\\/es\\\/#website\",\"url\":\"https:\\\/\\\/nesthostelsbarcelona.com\\\/es\\\/\",\"name\":\"Nest Hostels Barcelona\",\"description\":\"Accommodation and beds for travelers in Barcelona\",\"publisher\":{\"@id\":\"https:\\\/\\\/nesthostelsbarcelona.com\\\/es\\\/#organization\"},\"potentialAction\":[{\"@type\":\"SearchAction\",\"target\":{\"@type\":\"EntryPoint\",\"urlTemplate\":\"https:\\\/\\\/nesthostelsbarcelona.com\\\/es\\\/?s={search_term_string}\"},\"query-input\":{\"@type\":\"PropertyValueSpecification\",\"valueRequired\":true,\"valueName\":\"search_term_string\"}}],\"inLanguage\":\"es\"},{\"@type\":\"Organization\",\"@id\":\"https:\\\/\\\/nesthostelsbarcelona.com\\\/es\\\/#organization\",\"name\":\"Nest Hostels Barcelona\",\"url\":\"https:\\\/\\\/nesthostelsbarcelona.com\\\/es\\\/\",\"logo\":{\"@type\":\"ImageObject\",\"inLanguage\":\"es\",\"@id\":\"https:\\\/\\\/nesthostelsbarcelona.com\\\/es\\\/#\\\/schema\\\/logo\\\/image\\\/\",\"url\":\"https:\\\/\\\/nesthostelsbarcelona.com\\\/wp-content\\\/uploads\\\/2022\\\/05\\\/logo-nest-hostels-valencia-feetuphostels.svg\",\"contentUrl\":\"https:\\\/\\\/nesthostelsbarcelona.com\\\/wp-content\\\/uploads\\\/2022\\\/05\\\/logo-nest-hostels-valencia-feetuphostels.svg\",\"width\":279,\"height\":130,\"caption\":\"Nest Hostels Barcelona\"},\"image\":{\"@id\":\"https:\\\/\\\/nesthostelsbarcelona.com\\\/es\\\/#\\\/schema\\\/logo\\\/image\\\/\"},\"sameAs\":[\"https:\\\/\\\/www.facebook.com\\\/YellowNestHostelBarcelona\\\/\",\"https:\\\/\\\/x.com\\\/YellowHostel\",\"https:\\\/\\\/www.instagram.com\\\/yellownesthostelbarcelona\\\/\",\"https:\\\/\\\/www.tiktok.com\\\/@yellownesthostel\",\"https:\\\/\\\/www.linkedin.com\\\/company\\\/yellow-nest-hostel-barcelona\\\/\",\"https:\\\/\\\/www.youtube.com\\\/channel\\\/UCwLfXY-N5JO_uNZtStWLqqw\",\"https:\\\/\\\/vk.com\\\/yellownesthostelbarcelona\\\/\",\"https:\\\/\\\/m.me\\\/YellowNestHostelBarcelona\\\/\",\"https:\\\/\\\/www.tripadvisor.es\\\/Hotel_Review-g187497-d1815573-Reviews-Yellow_Nest_Hostel_Barcelona-Barcelona_Catalonia.html\"]}]}<\/script>\n<!-- \/ Yoast SEO plugin. -->","yoast_head_json":{"title":"T\u00e9rminos y condiciones de uso, pol\u00edticas de privacidad, pol\u00edticas de cookies","description":"T\u00e9rminos y condiciones de uso, pol\u00edticas de privacidad, pol\u00edtica de cookies y condiciones legales del sitio web nesthostelsbarcelona.com","robots":{"index":"index","follow":"follow","max-snippet":"max-snippet:-1","max-image-preview":"max-image-preview:large","max-video-preview":"max-video-preview:-1"},"canonical":"https:\/\/nesthostelsbarcelona.com\/es\/terminos-condiciones\/","og_locale":"es_ES","og_type":"article","og_title":"T\u00e9rminos y condiciones de uso, pol\u00edticas de privacidad, pol\u00edticas de cookies","og_description":"T\u00e9rminos y condiciones de uso, pol\u00edticas de privacidad, pol\u00edtica de cookies y condiciones legales del sitio web nesthostelsbarcelona.com","og_url":"https:\/\/nesthostelsbarcelona.com\/es\/terminos-condiciones\/","og_site_name":"Nest Hostels Barcelona","article_publisher":"https:\/\/www.facebook.com\/YellowNestHostelBarcelona\/","article_modified_time":"2022-06-27T14:50:34+00:00","og_image":[{"width":810,"height":350,"url":"https:\/\/nesthostelsbarcelona.com\/wp-content\/uploads\/2022\/06\/privacy-policy.jpg","type":"image\/jpeg"}],"twitter_card":"summary_large_image","twitter_site":"@YellowHostel","twitter_misc":{"Tiempo de lectura":"8 minutos"},"schema":{"@context":"https:\/\/schema.org","@graph":[{"@type":"WebPage","@id":"https:\/\/nesthostelsbarcelona.com\/es\/terminos-condiciones\/","url":"https:\/\/nesthostelsbarcelona.com\/es\/terminos-condiciones\/","name":"T\u00e9rminos y condiciones de uso, pol\u00edticas de privacidad, pol\u00edticas de cookies","isPartOf":{"@id":"https:\/\/nesthostelsbarcelona.com\/es\/#website"},"primaryImageOfPage":{"@id":"https:\/\/nesthostelsbarcelona.com\/es\/terminos-condiciones\/#primaryimage"},"image":{"@id":"https:\/\/nesthostelsbarcelona.com\/es\/terminos-condiciones\/#primaryimage"},"thumbnailUrl":"https:\/\/nesthostelsbarcelona.com\/wp-content\/uploads\/2022\/06\/privacy-policy.jpg","datePublished":"2017-09-04T08:00:32+00:00","dateModified":"2022-06-27T14:50:34+00:00","description":"T\u00e9rminos y condiciones de uso, pol\u00edticas de privacidad, pol\u00edtica de cookies y condiciones legales del sitio web nesthostelsbarcelona.com","breadcrumb":{"@id":"https:\/\/nesthostelsbarcelona.com\/es\/terminos-condiciones\/#breadcrumb"},"inLanguage":"es","potentialAction":[{"@type":"ReadAction","target":["https:\/\/nesthostelsbarcelona.com\/es\/terminos-condiciones\/"]}]},{"@type":"ImageObject","inLanguage":"es","@id":"https:\/\/nesthostelsbarcelona.com\/es\/terminos-condiciones\/#primaryimage","url":"https:\/\/nesthostelsbarcelona.com\/wp-content\/uploads\/2022\/06\/privacy-policy.jpg","contentUrl":"https:\/\/nesthostelsbarcelona.com\/wp-content\/uploads\/2022\/06\/privacy-policy.jpg","width":810,"height":350,"caption":"Privacy Policy"},{"@type":"BreadcrumbList","@id":"https:\/\/nesthostelsbarcelona.com\/es\/terminos-condiciones\/#breadcrumb","itemListElement":[{"@type":"ListItem","position":1,"name":"Home","item":"https:\/\/nesthostelsbarcelona.com\/es\/inicio\/"},{"@type":"ListItem","position":2,"name":"T\u00e9rminos y Condiciones"}]},{"@type":"WebSite","@id":"https:\/\/nesthostelsbarcelona.com\/es\/#website","url":"https:\/\/nesthostelsbarcelona.com\/es\/","name":"Nest Hostels Barcelona","description":"Accommodation and beds for travelers in Barcelona","publisher":{"@id":"https:\/\/nesthostelsbarcelona.com\/es\/#organization"},"potentialAction":[{"@type":"SearchAction","target":{"@type":"EntryPoint","urlTemplate":"https:\/\/nesthostelsbarcelona.com\/es\/?s={search_term_string}"},"query-input":{"@type":"PropertyValueSpecification","valueRequired":true,"valueName":"search_term_string"}}],"inLanguage":"es"},{"@type":"Organization","@id":"https:\/\/nesthostelsbarcelona.com\/es\/#organization","name":"Nest Hostels Barcelona","url":"https:\/\/nesthostelsbarcelona.com\/es\/","logo":{"@type":"ImageObject","inLanguage":"es","@id":"https:\/\/nesthostelsbarcelona.com\/es\/#\/schema\/logo\/image\/","url":"https:\/\/nesthostelsbarcelona.com\/wp-content\/uploads\/2022\/05\/logo-nest-hostels-valencia-feetuphostels.svg","contentUrl":"https:\/\/nesthostelsbarcelona.com\/wp-content\/uploads\/2022\/05\/logo-nest-hostels-valencia-feetuphostels.svg","width":279,"height":130,"caption":"Nest Hostels Barcelona"},"image":{"@id":"https:\/\/nesthostelsbarcelona.com\/es\/#\/schema\/logo\/image\/"},"sameAs":["https:\/\/www.facebook.com\/YellowNestHostelBarcelona\/","https:\/\/x.com\/YellowHostel","https:\/\/www.instagram.com\/yellownesthostelbarcelona\/","https:\/\/www.tiktok.com\/@yellownesthostel","https:\/\/www.linkedin.com\/company\/yellow-nest-hostel-barcelona\/","https:\/\/www.youtube.com\/channel\/UCwLfXY-N5JO_uNZtStWLqqw","https:\/\/vk.com\/yellownesthostelbarcelona\/","https:\/\/m.me\/YellowNestHostelBarcelona\/","https:\/\/www.tripadvisor.es\/Hotel_Review-g187497-d1815573-Reviews-Yellow_Nest_Hostel_Barcelona-Barcelona_Catalonia.html"]}]}},"_links":{"self":[{"href":"https:\/\/nesthostelsbarcelona.com\/es\/wp-json\/wp\/v2\/pages\/1210","targetHints":{"allow":["GET"]}}],"collection":[{"href":"https:\/\/nesthostelsbarcelona.com\/es\/wp-json\/wp\/v2\/pages"}],"about":[{"href":"https:\/\/nesthostelsbarcelona.com\/es\/wp-json\/wp\/v2\/types\/page"}],"author":[{"embeddable":true,"href":"https:\/\/nesthostelsbarcelona.com\/es\/wp-json\/wp\/v2\/users\/10"}],"replies":[{"embeddable":true,"href":"https:\/\/nesthostelsbarcelona.com\/es\/wp-json\/wp\/v2\/comments?post=1210"}],"version-history":[{"count":0,"href":"https:\/\/nesthostelsbarcelona.com\/es\/wp-json\/wp\/v2\/pages\/1210\/revisions"}],"wp:featuredmedia":[{"embeddable":true,"href":"https:\/\/nesthostelsbarcelona.com\/es\/wp-json\/wp\/v2\/media\/3626"}],"wp:attachment":[{"href":"https:\/\/nesthostelsbarcelona.com\/es\/wp-json\/wp\/v2\/media?parent=1210"}],"curies":[{"name":"wp","href":"https:\/\/api.w.org\/{rel}","templated":true}]}}