{"id":1220,"date":"2017-09-04T10:24:00","date_gmt":"2017-09-04T08:24:00","guid":{"rendered":"https:\/\/nesthostelsbarcelona.com\/cookies-policy\/"},"modified":"2022-06-27T17:46:11","modified_gmt":"2022-06-27T15:46:11","slug":"politica-cookies","status":"publish","type":"page","link":"https:\/\/nesthostelsbarcelona.com\/es\/politica-cookies\/","title":{"rendered":"Pol\u00edtica de Cookies"},"content":{"rendered":"\n<h1 class=\"has-text-align-center wp-block-heading\">Pol\u00edtica de Cookies<\/h1>\n\n<hr class=\"wp-block-separator has-alpha-channel-opacity is-style-dots\"\/>\n\n<p>Nuestro sitio web <a href=\"https:\/\/nesthostelsbarcelona.com\/es\/\" target=\"_blank\" rel=\"noreferrer noopener\"><strong>nesthostelsbarcelona.com<\/strong><\/a> utiliza cookies para mejorar la experiencia del usuario y facilitar la navegaci\u00f3n. Estamos haciendo todo lo posible para que el uso de dichas cookies sea lo m\u00e1s sencillo posible. Cuando utiliza nuestros servicios, tambi\u00e9n puede administrarlos y controlarlos.<\/p>\n\n<h2 class=\"wp-block-heading\">\u00bfQu\u00e9 son las cookies?<\/h2>\n\n<p>Las cookies son peque\u00f1os archivos de texto que se guardan en el dispositivo de un usuario cuando visita un sitio web. Adem\u00e1s, el servidor web puede utilizarlo cada vez que acceda a la p\u00e1gina. Las cookies se utilizan para ahorrar tiempo y hacer que la navegaci\u00f3n web sea m\u00e1s eficiente. Desde recordar los detalles de inicio de sesi\u00f3n hasta comprender su orden de compra.<\/p>\n\n<p>Repasaremos el impacto de varias cookies en el sitio web. Sin embargo, si requiere informaci\u00f3n adicional, por favor visite las siguientes p\u00e1ginas:<\/p>\n\n<ul class=\"wp-block-list\"><li><a href=\"https:\/\/allaboutcookies.org\/\" target=\"_blank\" rel=\"noreferrer noopener\">https:\/\/allaboutcookies.org\/<\/a><\/li><li><a href=\"https:\/\/www.youronlinechoices.eu\/\" target=\"_blank\" rel=\"noreferrer noopener\">https:\/\/www.youronlinechoices.eu\/<\/a><\/li><li><a href=\"https:\/\/www.international-chamber.co.uk\/our-expertise\/digitaleconomy\/\" target=\"_blank\" rel=\"noreferrer noopener\">https:\/\/www.international-chamber.co.uk\/our-expertise\/digitaleconomy\/<\/a><\/li><\/ul>\n\n<h2 class=\"wp-block-heading\">\u00bfC\u00f3mo utiliza nuestra web las cookies?<\/h2>\n\n<p>Nuestro sitio web solo utilizar\u00e1 las cookies que usted autorice. Las cookies se pueden gestionar a trav\u00e9s de su navegador. M\u00e1s detalles estar\u00e1n disponibles m\u00e1s adelante. Dividimos las cookies que empleamos en varias categor\u00edas utilizando algunas de las gu\u00edas existentes:<\/p>\n\n<ol class=\"wp-block-list\"><li>Cookies de Rendimiento.<\/li><li>Cookies Funcionales.<\/li><li>Cookies de Marketing.<\/li><\/ol>\n\n<h3 class=\"wp-block-heading\">1. Cookies de Rendimiento.<\/h3>\n\n<p>Estas son cookies que rastrean c\u00f3mo interact\u00faa con el sitio web (por ejemplo, las p\u00e1ginas que visita o si hay un error). Tambi\u00e9n ayuda a localizar y solucionar problemas del sitio web. Todos los datos que recopilan son absolutamente an\u00f3nimos. Tambi\u00e9n nos ayuda a comprender c\u00f3mo funciona nuestro sitio para que podamos realizar los cambios necesarios para facilitar la navegaci\u00f3n.<\/p>\n\n<p>Estas cookies le permitir\u00e1n:<\/p>\n\n<ul class=\"wp-block-list\"><li>Permitirle navegar por el sitio<\/li><li>Ese sitio web recopila informaci\u00f3n sobre c\u00f3mo usa el sitio web para comprender mejor su usabilidad y ayudarnos a realizar las mejoras necesarias. Estas cookies no recopilar\u00e1n ninguna informaci\u00f3n de identificaci\u00f3n personal sobre usted con fines de marketing. O informaci\u00f3n sobre sus elecciones (como datos de usuario) que se extiende m\u00e1s all\u00e1 de esa visita espec\u00edfica.<\/li><\/ul>\n\n<h3 class=\"wp-block-heading\">2. Cookies Funcionales.<\/h3>\n\n<p>Nuestro objetivo con estas cookies es mejorar la experiencia del usuario en nuestro sitio web. Tiene la opci\u00f3n de deshabilitar dichas cookies en cualquier momento. Nuestro sitio web utiliza estas cookies para recordar ciertas configuraciones o para proporcionar servicios o mensajes que pueden mejorar su experiencia en l\u00ednea. Cuando visita las p\u00e1ginas, recuerdan su pa\u00eds o idioma preferido y no se utilizan con fines de marketing.<\/p>\n\n<p>Estas cookies le permitir\u00e1n:<\/p>\n\n<ul class=\"wp-block-list\"><li>Cuando regrese al sitio web, recuerde la informaci\u00f3n de inicio de sesi\u00f3n de su cliente.<\/li><\/ul>\n\n<p>Estas cookies no recopilar\u00e1n ninguna informaci\u00f3n de identificaci\u00f3n personal sobre usted con fines de marketing. O informaci\u00f3n sobre sus elecciones (como datos de usuario) que se extiende m\u00e1s all\u00e1 de esa visita espec\u00edfica.<\/p>\n\n<h3 class=\"wp-block-heading\">3. Cookies de Marketing.<\/h3>\n\n<p>Puede usar capacidades de terceros para limitar el uso de estas cookies porque son administradas por terceros. A veces, las cookies se utilizan para vincular a otros sitios web que brindan servicios espec\u00edficos, como Facebook, Twitter y Google. Algunas de estas cookies adaptar\u00e1n los anuncios de otros sitios web a sus gustos.<\/p>\n\n<p>Estas cookies le permitir\u00e1n:<\/p>\n\n<ul class=\"wp-block-list\"><li>Enlace a redes sociales.<\/li><li>Pasar informaci\u00f3n sobre su visita a nuestros sitios web para adaptar anuncios en otras p\u00e1ginas.<\/li><\/ul>\n\n<p>Adicionalmente, puede aceptar o rechazar el uso de ciertas cookies en el sitio web. Tambi\u00e9n puede controlarlos a trav\u00e9s de la configuraci\u00f3n de su navegador.<\/p>\n\n<p><a href=\"http:\/\/www.allaboutcookies.org\/manage-cookies\/\">http:\/\/www.allaboutcookies.org\/manage-cookies\/<\/a> es un buen lugar para comenzar a aprender c\u00f3mo hacer esto. Solo leeremos o escribiremos cookies que contengan informaci\u00f3n sobre sus preferencias.<\/p>\n\n<figure class=\"wp-block-image aligncenter size-full\"><a href=\"https:\/\/nesthostelsbarcelona.com\/wp-content\/uploads\/2022\/06\/cookie-policy-nesthostelsbarcelona.jpg\"><img fetchpriority=\"high\" decoding=\"async\" width=\"768\" height=\"512\" src=\"https:\/\/nesthostelsbarcelona.com\/wp-content\/uploads\/2022\/06\/cookie-policy-nesthostelsbarcelona.jpg\" alt=\"Pol&#xED;tica de Cookies de Nest Hostels Barcelona\" class=\"wp-image-3651\" srcset=\"https:\/\/nesthostelsbarcelona.com\/wp-content\/uploads\/2022\/06\/cookie-policy-nesthostelsbarcelona.jpg 768w, https:\/\/nesthostelsbarcelona.com\/wp-content\/uploads\/2022\/06\/cookie-policy-nesthostelsbarcelona-300x200.jpg 300w\" sizes=\"(max-width: 768px) 100vw, 768px\" \/><\/a><figcaption>Pol\u00edtica de Cookies de Nest Hostels Barcelona<\/figcaption><\/figure>\n","protected":false},"excerpt":{"rendered":"<p>Pol\u00edtica de Cookies Nuestro sitio web nesthostelsbarcelona.com utiliza cookies para mejorar la experiencia del usuario y facilitar la navegaci\u00f3n. Estamos haciendo todo lo posible para que el uso de dichas cookies sea lo m\u00e1s sencillo posible. Cuando utiliza nuestros servicios, tambi\u00e9n puede administrarlos y controlarlos. \u00bfQu\u00e9 son las cookies? Las cookies son peque\u00f1os archivos de [&hellip;]<\/p>\n","protected":false},"author":10,"featured_media":3654,"parent":0,"menu_order":0,"comment_status":"closed","ping_status":"closed","template":"","meta":{"footnotes":""},"class_list":["post-1220","page","type-page","status-publish","has-post-thumbnail","hentry"],"yoast_head":"<!-- This site is optimized with the Yoast SEO plugin v27.4 - https:\/\/yoast.com\/product\/yoast-seo-wordpress\/ -->\n<title>Pol\u00edtica de Cookies. Nuestro sitio web utiliza cookies para mejorar la experiencia del usuario<\/title>\n<meta name=\"description\" content=\"Pol\u00edtica de Cookies. Nuestro sitio web utiliza cookies para mejorar la experiencia del usuario y facilitar la navegaci\u00f3n. \u00bfC\u00f3mo utiliza un sitio web las cookies?\" \/>\n<meta name=\"robots\" content=\"index, follow, max-snippet:-1, max-image-preview:large, max-video-preview:-1\" \/>\n<link rel=\"canonical\" href=\"https:\/\/nesthostelsbarcelona.com\/es\/politica-cookies\/\" \/>\n<meta property=\"og:locale\" content=\"es_ES\" \/>\n<meta property=\"og:type\" content=\"article\" \/>\n<meta property=\"og:title\" content=\"Pol\u00edtica de Cookies. Nuestro sitio web utiliza cookies para mejorar la experiencia del usuario\" \/>\n<meta property=\"og:description\" content=\"Pol\u00edtica de Cookies. Nuestro sitio web utiliza cookies para mejorar la experiencia del usuario y facilitar la navegaci\u00f3n. \u00bfC\u00f3mo utiliza un sitio web las cookies?\" \/>\n<meta property=\"og:url\" content=\"https:\/\/nesthostelsbarcelona.com\/es\/politica-cookies\/\" \/>\n<meta property=\"og:site_name\" content=\"Nest Hostels Barcelona\" \/>\n<meta property=\"article:publisher\" content=\"https:\/\/www.facebook.com\/YellowNestHostelBarcelona\/\" \/>\n<meta property=\"article:modified_time\" content=\"2022-06-27T15:46:11+00:00\" \/>\n<meta property=\"og:image\" content=\"https:\/\/nesthostelsbarcelona.com\/wp-content\/uploads\/2022\/06\/cookie-policy-nesthostelsbarcelona.jpg\" \/>\n\t<meta property=\"og:image:width\" content=\"768\" \/>\n\t<meta property=\"og:image:height\" content=\"512\" \/>\n\t<meta property=\"og:image:type\" content=\"image\/jpeg\" \/>\n<meta name=\"twitter:card\" content=\"summary_large_image\" \/>\n<meta name=\"twitter:site\" content=\"@YellowHostel\" \/>\n<meta name=\"twitter:label1\" content=\"Tiempo de lectura\" \/>\n\t<meta name=\"twitter:data1\" content=\"3 minutos\" \/>\n<script type=\"application\/ld+json\" class=\"yoast-schema-graph\">{\"@context\":\"https:\\\/\\\/schema.org\",\"@graph\":[{\"@type\":\"WebPage\",\"@id\":\"https:\\\/\\\/nesthostelsbarcelona.com\\\/es\\\/politica-cookies\\\/\",\"url\":\"https:\\\/\\\/nesthostelsbarcelona.com\\\/es\\\/politica-cookies\\\/\",\"name\":\"Pol\u00edtica de Cookies. Nuestro sitio web utiliza cookies para mejorar la experiencia del usuario\",\"isPartOf\":{\"@id\":\"https:\\\/\\\/nesthostelsbarcelona.com\\\/es\\\/#website\"},\"primaryImageOfPage\":{\"@id\":\"https:\\\/\\\/nesthostelsbarcelona.com\\\/es\\\/politica-cookies\\\/#primaryimage\"},\"image\":{\"@id\":\"https:\\\/\\\/nesthostelsbarcelona.com\\\/es\\\/politica-cookies\\\/#primaryimage\"},\"thumbnailUrl\":\"https:\\\/\\\/nesthostelsbarcelona.com\\\/wp-content\\\/uploads\\\/2022\\\/06\\\/cookie-policy-nesthostelsbarcelona.jpg\",\"datePublished\":\"2017-09-04T08:24:00+00:00\",\"dateModified\":\"2022-06-27T15:46:11+00:00\",\"description\":\"Pol\u00edtica de Cookies. Nuestro sitio web utiliza cookies para mejorar la experiencia del usuario y facilitar la navegaci\u00f3n. \u00bfC\u00f3mo utiliza un sitio web las cookies?\",\"breadcrumb\":{\"@id\":\"https:\\\/\\\/nesthostelsbarcelona.com\\\/es\\\/politica-cookies\\\/#breadcrumb\"},\"inLanguage\":\"es\",\"potentialAction\":[{\"@type\":\"ReadAction\",\"target\":[\"https:\\\/\\\/nesthostelsbarcelona.com\\\/es\\\/politica-cookies\\\/\"]}]},{\"@type\":\"ImageObject\",\"inLanguage\":\"es\",\"@id\":\"https:\\\/\\\/nesthostelsbarcelona.com\\\/es\\\/politica-cookies\\\/#primaryimage\",\"url\":\"https:\\\/\\\/nesthostelsbarcelona.com\\\/wp-content\\\/uploads\\\/2022\\\/06\\\/cookie-policy-nesthostelsbarcelona.jpg\",\"contentUrl\":\"https:\\\/\\\/nesthostelsbarcelona.com\\\/wp-content\\\/uploads\\\/2022\\\/06\\\/cookie-policy-nesthostelsbarcelona.jpg\",\"width\":768,\"height\":512,\"caption\":\"Cookies Policy Nest Hostels Barcelona\"},{\"@type\":\"BreadcrumbList\",\"@id\":\"https:\\\/\\\/nesthostelsbarcelona.com\\\/es\\\/politica-cookies\\\/#breadcrumb\",\"itemListElement\":[{\"@type\":\"ListItem\",\"position\":1,\"name\":\"Home\",\"item\":\"https:\\\/\\\/nesthostelsbarcelona.com\\\/es\\\/inicio\\\/\"},{\"@type\":\"ListItem\",\"position\":2,\"name\":\"Pol\u00edtica de Cookies\"}]},{\"@type\":\"WebSite\",\"@id\":\"https:\\\/\\\/nesthostelsbarcelona.com\\\/es\\\/#website\",\"url\":\"https:\\\/\\\/nesthostelsbarcelona.com\\\/es\\\/\",\"name\":\"Nest Hostels Barcelona\",\"description\":\"Accommodation and beds for travelers in Barcelona\",\"publisher\":{\"@id\":\"https:\\\/\\\/nesthostelsbarcelona.com\\\/es\\\/#organization\"},\"potentialAction\":[{\"@type\":\"SearchAction\",\"target\":{\"@type\":\"EntryPoint\",\"urlTemplate\":\"https:\\\/\\\/nesthostelsbarcelona.com\\\/es\\\/?s={search_term_string}\"},\"query-input\":{\"@type\":\"PropertyValueSpecification\",\"valueRequired\":true,\"valueName\":\"search_term_string\"}}],\"inLanguage\":\"es\"},{\"@type\":\"Organization\",\"@id\":\"https:\\\/\\\/nesthostelsbarcelona.com\\\/es\\\/#organization\",\"name\":\"Nest Hostels Barcelona\",\"url\":\"https:\\\/\\\/nesthostelsbarcelona.com\\\/es\\\/\",\"logo\":{\"@type\":\"ImageObject\",\"inLanguage\":\"es\",\"@id\":\"https:\\\/\\\/nesthostelsbarcelona.com\\\/es\\\/#\\\/schema\\\/logo\\\/image\\\/\",\"url\":\"https:\\\/\\\/nesthostelsbarcelona.com\\\/wp-content\\\/uploads\\\/2022\\\/05\\\/logo-nest-hostels-valencia-feetuphostels.svg\",\"contentUrl\":\"https:\\\/\\\/nesthostelsbarcelona.com\\\/wp-content\\\/uploads\\\/2022\\\/05\\\/logo-nest-hostels-valencia-feetuphostels.svg\",\"width\":279,\"height\":130,\"caption\":\"Nest Hostels Barcelona\"},\"image\":{\"@id\":\"https:\\\/\\\/nesthostelsbarcelona.com\\\/es\\\/#\\\/schema\\\/logo\\\/image\\\/\"},\"sameAs\":[\"https:\\\/\\\/www.facebook.com\\\/YellowNestHostelBarcelona\\\/\",\"https:\\\/\\\/x.com\\\/YellowHostel\",\"https:\\\/\\\/www.instagram.com\\\/yellownesthostelbarcelona\\\/\",\"https:\\\/\\\/www.tiktok.com\\\/@yellownesthostel\",\"https:\\\/\\\/www.linkedin.com\\\/company\\\/yellow-nest-hostel-barcelona\\\/\",\"https:\\\/\\\/www.youtube.com\\\/channel\\\/UCwLfXY-N5JO_uNZtStWLqqw\",\"https:\\\/\\\/vk.com\\\/yellownesthostelbarcelona\\\/\",\"https:\\\/\\\/m.me\\\/YellowNestHostelBarcelona\\\/\",\"https:\\\/\\\/www.tripadvisor.es\\\/Hotel_Review-g187497-d1815573-Reviews-Yellow_Nest_Hostel_Barcelona-Barcelona_Catalonia.html\"]}]}<\/script>\n<!-- \/ Yoast SEO plugin. -->","yoast_head_json":{"title":"Pol\u00edtica de Cookies. Nuestro sitio web utiliza cookies para mejorar la experiencia del usuario","description":"Pol\u00edtica de Cookies. Nuestro sitio web utiliza cookies para mejorar la experiencia del usuario y facilitar la navegaci\u00f3n. \u00bfC\u00f3mo utiliza un sitio web las cookies?","robots":{"index":"index","follow":"follow","max-snippet":"max-snippet:-1","max-image-preview":"max-image-preview:large","max-video-preview":"max-video-preview:-1"},"canonical":"https:\/\/nesthostelsbarcelona.com\/es\/politica-cookies\/","og_locale":"es_ES","og_type":"article","og_title":"Pol\u00edtica de Cookies. Nuestro sitio web utiliza cookies para mejorar la experiencia del usuario","og_description":"Pol\u00edtica de Cookies. Nuestro sitio web utiliza cookies para mejorar la experiencia del usuario y facilitar la navegaci\u00f3n. \u00bfC\u00f3mo utiliza un sitio web las cookies?","og_url":"https:\/\/nesthostelsbarcelona.com\/es\/politica-cookies\/","og_site_name":"Nest Hostels Barcelona","article_publisher":"https:\/\/www.facebook.com\/YellowNestHostelBarcelona\/","article_modified_time":"2022-06-27T15:46:11+00:00","og_image":[{"width":768,"height":512,"url":"https:\/\/nesthostelsbarcelona.com\/wp-content\/uploads\/2022\/06\/cookie-policy-nesthostelsbarcelona.jpg","type":"image\/jpeg"}],"twitter_card":"summary_large_image","twitter_site":"@YellowHostel","twitter_misc":{"Tiempo de lectura":"3 minutos"},"schema":{"@context":"https:\/\/schema.org","@graph":[{"@type":"WebPage","@id":"https:\/\/nesthostelsbarcelona.com\/es\/politica-cookies\/","url":"https:\/\/nesthostelsbarcelona.com\/es\/politica-cookies\/","name":"Pol\u00edtica de Cookies. Nuestro sitio web utiliza cookies para mejorar la experiencia del usuario","isPartOf":{"@id":"https:\/\/nesthostelsbarcelona.com\/es\/#website"},"primaryImageOfPage":{"@id":"https:\/\/nesthostelsbarcelona.com\/es\/politica-cookies\/#primaryimage"},"image":{"@id":"https:\/\/nesthostelsbarcelona.com\/es\/politica-cookies\/#primaryimage"},"thumbnailUrl":"https:\/\/nesthostelsbarcelona.com\/wp-content\/uploads\/2022\/06\/cookie-policy-nesthostelsbarcelona.jpg","datePublished":"2017-09-04T08:24:00+00:00","dateModified":"2022-06-27T15:46:11+00:00","description":"Pol\u00edtica de Cookies. Nuestro sitio web utiliza cookies para mejorar la experiencia del usuario y facilitar la navegaci\u00f3n. \u00bfC\u00f3mo utiliza un sitio web las cookies?","breadcrumb":{"@id":"https:\/\/nesthostelsbarcelona.com\/es\/politica-cookies\/#breadcrumb"},"inLanguage":"es","potentialAction":[{"@type":"ReadAction","target":["https:\/\/nesthostelsbarcelona.com\/es\/politica-cookies\/"]}]},{"@type":"ImageObject","inLanguage":"es","@id":"https:\/\/nesthostelsbarcelona.com\/es\/politica-cookies\/#primaryimage","url":"https:\/\/nesthostelsbarcelona.com\/wp-content\/uploads\/2022\/06\/cookie-policy-nesthostelsbarcelona.jpg","contentUrl":"https:\/\/nesthostelsbarcelona.com\/wp-content\/uploads\/2022\/06\/cookie-policy-nesthostelsbarcelona.jpg","width":768,"height":512,"caption":"Cookies Policy Nest Hostels Barcelona"},{"@type":"BreadcrumbList","@id":"https:\/\/nesthostelsbarcelona.com\/es\/politica-cookies\/#breadcrumb","itemListElement":[{"@type":"ListItem","position":1,"name":"Home","item":"https:\/\/nesthostelsbarcelona.com\/es\/inicio\/"},{"@type":"ListItem","position":2,"name":"Pol\u00edtica de Cookies"}]},{"@type":"WebSite","@id":"https:\/\/nesthostelsbarcelona.com\/es\/#website","url":"https:\/\/nesthostelsbarcelona.com\/es\/","name":"Nest Hostels Barcelona","description":"Accommodation and beds for travelers in Barcelona","publisher":{"@id":"https:\/\/nesthostelsbarcelona.com\/es\/#organization"},"potentialAction":[{"@type":"SearchAction","target":{"@type":"EntryPoint","urlTemplate":"https:\/\/nesthostelsbarcelona.com\/es\/?s={search_term_string}"},"query-input":{"@type":"PropertyValueSpecification","valueRequired":true,"valueName":"search_term_string"}}],"inLanguage":"es"},{"@type":"Organization","@id":"https:\/\/nesthostelsbarcelona.com\/es\/#organization","name":"Nest Hostels Barcelona","url":"https:\/\/nesthostelsbarcelona.com\/es\/","logo":{"@type":"ImageObject","inLanguage":"es","@id":"https:\/\/nesthostelsbarcelona.com\/es\/#\/schema\/logo\/image\/","url":"https:\/\/nesthostelsbarcelona.com\/wp-content\/uploads\/2022\/05\/logo-nest-hostels-valencia-feetuphostels.svg","contentUrl":"https:\/\/nesthostelsbarcelona.com\/wp-content\/uploads\/2022\/05\/logo-nest-hostels-valencia-feetuphostels.svg","width":279,"height":130,"caption":"Nest Hostels Barcelona"},"image":{"@id":"https:\/\/nesthostelsbarcelona.com\/es\/#\/schema\/logo\/image\/"},"sameAs":["https:\/\/www.facebook.com\/YellowNestHostelBarcelona\/","https:\/\/x.com\/YellowHostel","https:\/\/www.instagram.com\/yellownesthostelbarcelona\/","https:\/\/www.tiktok.com\/@yellownesthostel","https:\/\/www.linkedin.com\/company\/yellow-nest-hostel-barcelona\/","https:\/\/www.youtube.com\/channel\/UCwLfXY-N5JO_uNZtStWLqqw","https:\/\/vk.com\/yellownesthostelbarcelona\/","https:\/\/m.me\/YellowNestHostelBarcelona\/","https:\/\/www.tripadvisor.es\/Hotel_Review-g187497-d1815573-Reviews-Yellow_Nest_Hostel_Barcelona-Barcelona_Catalonia.html"]}]}},"_links":{"self":[{"href":"https:\/\/nesthostelsbarcelona.com\/es\/wp-json\/wp\/v2\/pages\/1220","targetHints":{"allow":["GET"]}}],"collection":[{"href":"https:\/\/nesthostelsbarcelona.com\/es\/wp-json\/wp\/v2\/pages"}],"about":[{"href":"https:\/\/nesthostelsbarcelona.com\/es\/wp-json\/wp\/v2\/types\/page"}],"author":[{"embeddable":true,"href":"https:\/\/nesthostelsbarcelona.com\/es\/wp-json\/wp\/v2\/users\/10"}],"replies":[{"embeddable":true,"href":"https:\/\/nesthostelsbarcelona.com\/es\/wp-json\/wp\/v2\/comments?post=1220"}],"version-history":[{"count":0,"href":"https:\/\/nesthostelsbarcelona.com\/es\/wp-json\/wp\/v2\/pages\/1220\/revisions"}],"wp:featuredmedia":[{"embeddable":true,"href":"https:\/\/nesthostelsbarcelona.com\/es\/wp-json\/wp\/v2\/media\/3654"}],"wp:attachment":[{"href":"https:\/\/nesthostelsbarcelona.com\/es\/wp-json\/wp\/v2\/media?parent=1220"}],"curies":[{"name":"wp","href":"https:\/\/api.w.org\/{rel}","templated":true}]}}