{"id":2777,"date":"2022-05-30T16:02:52","date_gmt":"2022-05-30T14:02:52","guid":{"rendered":"https:\/\/nesthostelsbarcelona.com\/sitemap\/"},"modified":"2022-06-27T17:36:58","modified_gmt":"2022-06-27T15:36:58","slug":"sitemap","status":"publish","type":"page","link":"https:\/\/nesthostelsbarcelona.com\/es\/sitemap\/","title":{"rendered":"Mapa del sitio"},"content":{"rendered":"\n<h1 class=\"has-text-align-center wp-block-heading\">Mapa del sitio<\/h1>\n\n<hr class=\"wp-block-separator has-alpha-channel-opacity is-style-dots\"\/>\n\n<h2 class=\"wp-block-heading\">Mapa del sitio sobre Nest Hostels Barcelona<\/h2>\n\n<h3 class=\"wp-block-heading\">P\u00e1ginas<\/h3>\n\n<ul class=\"wp-block-list\"><li><a href=\"https:\/\/nesthostelsbarcelona.com\/es\/politica-privacidad\/\">Pol\u00edtica de privacidad<\/a><\/li><li><a href=\"https:\/\/nesthostelsbarcelona.com\/es\/consejos-viaje\/\">Consejos de viaje<\/a><\/li><li><a href=\"https:\/\/nesthostelsbarcelona.com\/es\/sitemap\/\">Mapa del sitio<\/a><\/li><li><a href=\"https:\/\/nesthostelsbarcelona.com\/es\/valoraciones-comentarios\/\">Valoraciones y comentarios<\/a><\/li><li><a href=\"https:\/\/nesthostelsbarcelona.com\/es\/politica-cookies\/\">Pol\u00edtica de Cookies<\/a><\/li><li><a href=\"https:\/\/nesthostelsbarcelona.com\/es\/terminos-condiciones\/\">T\u00e9rminos y Condiciones<\/a><\/li><li><a href=\"https:\/\/nesthostelsbarcelona.com\/es\/reservas-grupos\/\">Reservas de Grupos<\/a><\/li><li><a href=\"https:\/\/nesthostelsbarcelona.com\/es\/contacto\/\">Contacto<\/a><\/li><li><a href=\"https:\/\/nesthostelsbarcelona.com\/es\/reservar\/\">Reservar Yellow Nest Hostel Barcelona<\/a><\/li><li><a href=\"https:\/\/nesthostelsbarcelona.com\/es\/como-llegar-al-albergue-yellow-nest-hostel-barcelona\/\">C\u00f3mo llegar al albergue Yellow Nest Hostel Barcelona<\/a><\/li><li><a href=\"https:\/\/nesthostelsbarcelona.com\/es\/nuestros-servicios\/\">Nuestros Servicios<\/a><\/li><li><a href=\"https:\/\/nesthostelsbarcelona.com\/es\/albergue-yellow-nest-hostel-barcelona\/\">Albergue Yellow Nest Hostel Barcelona<\/a><\/li><li><a href=\"https:\/\/nesthostelsbarcelona.com\/es\/\">Inicio<\/a><\/li><\/ul>\n\n<h3 class=\"wp-block-heading\">Categor\u00edas<\/h3>\n\n<ul class=\"wp-block-list\"><li><a href=\"https:\/\/nesthostelsbarcelona.com\/es\/consejos-viaje\/\">Consejos de viaje<\/a><\/li><li><a href=\"https:\/\/nesthostelsbarcelona.com\/es\/blog-es\/\">Blog<\/a><\/li><\/ul>\n\n<h3 class=\"wp-block-heading\">Entradas<\/h3>\n\n<ul class=\"wp-block-list\"><li><a href=\"https:\/\/nesthostelsbarcelona.com\/es\/faqs-yellow-nest-hostel-barcelona\/\">Preguntas frecuentes Yellow Nest Hostel Barcelona<\/a><\/li><li><a href=\"https:\/\/nesthostelsbarcelona.com\/es\/las-mejores-actividades-para-hacer-en-barcelona\/\">Las Mejores Actividades Para Hacer en Barcelona<\/a><\/li><li><a href=\"https:\/\/nesthostelsbarcelona.com\/es\/festival-primavera-sound-barcelona\/\">Festival Primavera Sound Barcelona<\/a><\/li><\/ul>\n\n<figure class=\"wp-block-image aligncenter size-full\"><a href=\"https:\/\/nesthostelsbarcelona.com\/wp-content\/uploads\/2022\/06\/sitemap-nest-hostels-barcelona.jpeg\"><img fetchpriority=\"high\" decoding=\"async\" width=\"1000\" height=\"500\" src=\"https:\/\/nesthostelsbarcelona.com\/wp-content\/uploads\/2022\/06\/sitemap-nest-hostels-barcelona.jpeg\" alt=\"Mapa del sitio Nest Hostels Barcelona\" class=\"wp-image-3943\" srcset=\"https:\/\/nesthostelsbarcelona.com\/wp-content\/uploads\/2022\/06\/sitemap-nest-hostels-barcelona.jpeg 1000w, https:\/\/nesthostelsbarcelona.com\/wp-content\/uploads\/2022\/06\/sitemap-nest-hostels-barcelona-300x150.jpeg 300w, https:\/\/nesthostelsbarcelona.com\/wp-content\/uploads\/2022\/06\/sitemap-nest-hostels-barcelona-768x384.jpeg 768w\" sizes=\"(max-width: 1000px) 100vw, 1000px\" \/><\/a><figcaption>Mapa del sitio Nest Hostels Barcelona<\/figcaption><\/figure>\n","protected":false},"excerpt":{"rendered":"<p>Mapa del sitio Mapa del sitio sobre Nest Hostels Barcelona P\u00e1ginas Pol\u00edtica de privacidad Consejos de viaje Mapa del sitio Valoraciones y comentarios Pol\u00edtica de Cookies T\u00e9rminos y Condiciones Reservas de Grupos Contacto Reservar Yellow Nest Hostel Barcelona C\u00f3mo llegar al albergue Yellow Nest Hostel Barcelona Nuestros Servicios Albergue Yellow Nest Hostel Barcelona Inicio Categor\u00edas [&hellip;]<\/p>\n","protected":false},"author":10,"featured_media":3946,"parent":0,"menu_order":0,"comment_status":"closed","ping_status":"closed","template":"","meta":{"footnotes":""},"class_list":["post-2777","page","type-page","status-publish","has-post-thumbnail","hentry"],"yoast_head":"<!-- This site is optimized with the Yoast SEO plugin v27.4 - https:\/\/yoast.com\/product\/yoast-seo-wordpress\/ -->\n<title>Mapa del sitio de Nest Hostels Barcelona. Reserva una cama en Yellow Nest Barcelona<\/title>\n<meta name=\"description\" content=\"Mapa del sitio de Nest Hostels Barcelona. Reserva una cama en el Albergue Yellow Nest Barcelona. El albergue m\u00e1s barato y seguro para reservar en Barcelona\" \/>\n<meta name=\"robots\" content=\"index, follow, max-snippet:-1, max-image-preview:large, max-video-preview:-1\" \/>\n<link rel=\"canonical\" href=\"https:\/\/nesthostelsbarcelona.com\/es\/sitemap\/\" \/>\n<meta property=\"og:locale\" content=\"es_ES\" \/>\n<meta property=\"og:type\" content=\"article\" \/>\n<meta property=\"og:title\" content=\"Mapa del sitio de Nest Hostels Barcelona. Reserva una cama en Yellow Nest Barcelona\" \/>\n<meta property=\"og:description\" content=\"Mapa del sitio de Nest Hostels Barcelona. Reserva una cama en el Albergue Yellow Nest Barcelona. El albergue m\u00e1s barato y seguro para reservar en Barcelona\" \/>\n<meta property=\"og:url\" content=\"https:\/\/nesthostelsbarcelona.com\/es\/sitemap\/\" \/>\n<meta property=\"og:site_name\" content=\"Nest Hostels Barcelona\" \/>\n<meta property=\"article:publisher\" content=\"https:\/\/www.facebook.com\/YellowNestHostelBarcelona\/\" \/>\n<meta property=\"article:modified_time\" content=\"2022-06-27T15:36:58+00:00\" \/>\n<meta property=\"og:image\" content=\"https:\/\/nesthostelsbarcelona.com\/wp-content\/uploads\/2022\/06\/sitemap-nest-hostels-barcelona.jpeg\" \/>\n<meta name=\"twitter:card\" content=\"summary_large_image\" \/>\n<meta name=\"twitter:site\" content=\"@YellowHostel\" \/>\n<script type=\"application\/ld+json\" class=\"yoast-schema-graph\">{\"@context\":\"https:\\\/\\\/schema.org\",\"@graph\":[{\"@type\":\"WebPage\",\"@id\":\"https:\\\/\\\/nesthostelsbarcelona.com\\\/es\\\/sitemap\\\/\",\"url\":\"https:\\\/\\\/nesthostelsbarcelona.com\\\/es\\\/sitemap\\\/\",\"name\":\"Mapa del sitio de Nest Hostels Barcelona. Reserva una cama en Yellow Nest Barcelona\",\"isPartOf\":{\"@id\":\"https:\\\/\\\/nesthostelsbarcelona.com\\\/es\\\/#website\"},\"primaryImageOfPage\":{\"@id\":\"https:\\\/\\\/nesthostelsbarcelona.com\\\/es\\\/sitemap\\\/#primaryimage\"},\"image\":{\"@id\":\"https:\\\/\\\/nesthostelsbarcelona.com\\\/es\\\/sitemap\\\/#primaryimage\"},\"thumbnailUrl\":\"https:\\\/\\\/nesthostelsbarcelona.com\\\/wp-content\\\/uploads\\\/2022\\\/06\\\/sitemap-nest-hostels-barcelona.jpeg\",\"datePublished\":\"2022-05-30T14:02:52+00:00\",\"dateModified\":\"2022-06-27T15:36:58+00:00\",\"description\":\"Mapa del sitio de Nest Hostels Barcelona. Reserva una cama en el Albergue Yellow Nest Barcelona. El albergue m\u00e1s barato y seguro para reservar en Barcelona\",\"breadcrumb\":{\"@id\":\"https:\\\/\\\/nesthostelsbarcelona.com\\\/es\\\/sitemap\\\/#breadcrumb\"},\"inLanguage\":\"es\",\"potentialAction\":[{\"@type\":\"ReadAction\",\"target\":[\"https:\\\/\\\/nesthostelsbarcelona.com\\\/es\\\/sitemap\\\/\"]}]},{\"@type\":\"ImageObject\",\"inLanguage\":\"es\",\"@id\":\"https:\\\/\\\/nesthostelsbarcelona.com\\\/es\\\/sitemap\\\/#primaryimage\",\"url\":\"https:\\\/\\\/nesthostelsbarcelona.com\\\/wp-content\\\/uploads\\\/2022\\\/06\\\/sitemap-nest-hostels-barcelona.jpeg\",\"contentUrl\":\"https:\\\/\\\/nesthostelsbarcelona.com\\\/wp-content\\\/uploads\\\/2022\\\/06\\\/sitemap-nest-hostels-barcelona.jpeg\",\"width\":1000,\"height\":500,\"caption\":\"Sitemap Nest Hostels Barcelona\"},{\"@type\":\"BreadcrumbList\",\"@id\":\"https:\\\/\\\/nesthostelsbarcelona.com\\\/es\\\/sitemap\\\/#breadcrumb\",\"itemListElement\":[{\"@type\":\"ListItem\",\"position\":1,\"name\":\"Home\",\"item\":\"https:\\\/\\\/nesthostelsbarcelona.com\\\/es\\\/inicio\\\/\"},{\"@type\":\"ListItem\",\"position\":2,\"name\":\"Mapa del sitio\"}]},{\"@type\":\"WebSite\",\"@id\":\"https:\\\/\\\/nesthostelsbarcelona.com\\\/es\\\/#website\",\"url\":\"https:\\\/\\\/nesthostelsbarcelona.com\\\/es\\\/\",\"name\":\"Nest Hostels Barcelona\",\"description\":\"Accommodation and beds for travelers in Barcelona\",\"publisher\":{\"@id\":\"https:\\\/\\\/nesthostelsbarcelona.com\\\/es\\\/#organization\"},\"potentialAction\":[{\"@type\":\"SearchAction\",\"target\":{\"@type\":\"EntryPoint\",\"urlTemplate\":\"https:\\\/\\\/nesthostelsbarcelona.com\\\/es\\\/?s={search_term_string}\"},\"query-input\":{\"@type\":\"PropertyValueSpecification\",\"valueRequired\":true,\"valueName\":\"search_term_string\"}}],\"inLanguage\":\"es\"},{\"@type\":\"Organization\",\"@id\":\"https:\\\/\\\/nesthostelsbarcelona.com\\\/es\\\/#organization\",\"name\":\"Nest Hostels Barcelona\",\"url\":\"https:\\\/\\\/nesthostelsbarcelona.com\\\/es\\\/\",\"logo\":{\"@type\":\"ImageObject\",\"inLanguage\":\"es\",\"@id\":\"https:\\\/\\\/nesthostelsbarcelona.com\\\/es\\\/#\\\/schema\\\/logo\\\/image\\\/\",\"url\":\"https:\\\/\\\/nesthostelsbarcelona.com\\\/wp-content\\\/uploads\\\/2022\\\/05\\\/logo-nest-hostels-valencia-feetuphostels.svg\",\"contentUrl\":\"https:\\\/\\\/nesthostelsbarcelona.com\\\/wp-content\\\/uploads\\\/2022\\\/05\\\/logo-nest-hostels-valencia-feetuphostels.svg\",\"width\":279,\"height\":130,\"caption\":\"Nest Hostels Barcelona\"},\"image\":{\"@id\":\"https:\\\/\\\/nesthostelsbarcelona.com\\\/es\\\/#\\\/schema\\\/logo\\\/image\\\/\"},\"sameAs\":[\"https:\\\/\\\/www.facebook.com\\\/YellowNestHostelBarcelona\\\/\",\"https:\\\/\\\/x.com\\\/YellowHostel\",\"https:\\\/\\\/www.instagram.com\\\/yellownesthostelbarcelona\\\/\",\"https:\\\/\\\/www.tiktok.com\\\/@yellownesthostel\",\"https:\\\/\\\/www.linkedin.com\\\/company\\\/yellow-nest-hostel-barcelona\\\/\",\"https:\\\/\\\/www.youtube.com\\\/channel\\\/UCwLfXY-N5JO_uNZtStWLqqw\",\"https:\\\/\\\/vk.com\\\/yellownesthostelbarcelona\\\/\",\"https:\\\/\\\/m.me\\\/YellowNestHostelBarcelona\\\/\",\"https:\\\/\\\/www.tripadvisor.es\\\/Hotel_Review-g187497-d1815573-Reviews-Yellow_Nest_Hostel_Barcelona-Barcelona_Catalonia.html\"]}]}<\/script>\n<!-- \/ Yoast SEO plugin. -->","yoast_head_json":{"title":"Mapa del sitio de Nest Hostels Barcelona. Reserva una cama en Yellow Nest Barcelona","description":"Mapa del sitio de Nest Hostels Barcelona. Reserva una cama en el Albergue Yellow Nest Barcelona. El albergue m\u00e1s barato y seguro para reservar en Barcelona","robots":{"index":"index","follow":"follow","max-snippet":"max-snippet:-1","max-image-preview":"max-image-preview:large","max-video-preview":"max-video-preview:-1"},"canonical":"https:\/\/nesthostelsbarcelona.com\/es\/sitemap\/","og_locale":"es_ES","og_type":"article","og_title":"Mapa del sitio de Nest Hostels Barcelona. Reserva una cama en Yellow Nest Barcelona","og_description":"Mapa del sitio de Nest Hostels Barcelona. Reserva una cama en el Albergue Yellow Nest Barcelona. El albergue m\u00e1s barato y seguro para reservar en Barcelona","og_url":"https:\/\/nesthostelsbarcelona.com\/es\/sitemap\/","og_site_name":"Nest Hostels Barcelona","article_publisher":"https:\/\/www.facebook.com\/YellowNestHostelBarcelona\/","article_modified_time":"2022-06-27T15:36:58+00:00","og_image":[{"url":"https:\/\/nesthostelsbarcelona.com\/wp-content\/uploads\/2022\/06\/sitemap-nest-hostels-barcelona.jpeg","type":"","width":"","height":""}],"twitter_card":"summary_large_image","twitter_site":"@YellowHostel","schema":{"@context":"https:\/\/schema.org","@graph":[{"@type":"WebPage","@id":"https:\/\/nesthostelsbarcelona.com\/es\/sitemap\/","url":"https:\/\/nesthostelsbarcelona.com\/es\/sitemap\/","name":"Mapa del sitio de Nest Hostels Barcelona. Reserva una cama en Yellow Nest Barcelona","isPartOf":{"@id":"https:\/\/nesthostelsbarcelona.com\/es\/#website"},"primaryImageOfPage":{"@id":"https:\/\/nesthostelsbarcelona.com\/es\/sitemap\/#primaryimage"},"image":{"@id":"https:\/\/nesthostelsbarcelona.com\/es\/sitemap\/#primaryimage"},"thumbnailUrl":"https:\/\/nesthostelsbarcelona.com\/wp-content\/uploads\/2022\/06\/sitemap-nest-hostels-barcelona.jpeg","datePublished":"2022-05-30T14:02:52+00:00","dateModified":"2022-06-27T15:36:58+00:00","description":"Mapa del sitio de Nest Hostels Barcelona. Reserva una cama en el Albergue Yellow Nest Barcelona. El albergue m\u00e1s barato y seguro para reservar en Barcelona","breadcrumb":{"@id":"https:\/\/nesthostelsbarcelona.com\/es\/sitemap\/#breadcrumb"},"inLanguage":"es","potentialAction":[{"@type":"ReadAction","target":["https:\/\/nesthostelsbarcelona.com\/es\/sitemap\/"]}]},{"@type":"ImageObject","inLanguage":"es","@id":"https:\/\/nesthostelsbarcelona.com\/es\/sitemap\/#primaryimage","url":"https:\/\/nesthostelsbarcelona.com\/wp-content\/uploads\/2022\/06\/sitemap-nest-hostels-barcelona.jpeg","contentUrl":"https:\/\/nesthostelsbarcelona.com\/wp-content\/uploads\/2022\/06\/sitemap-nest-hostels-barcelona.jpeg","width":1000,"height":500,"caption":"Sitemap Nest Hostels Barcelona"},{"@type":"BreadcrumbList","@id":"https:\/\/nesthostelsbarcelona.com\/es\/sitemap\/#breadcrumb","itemListElement":[{"@type":"ListItem","position":1,"name":"Home","item":"https:\/\/nesthostelsbarcelona.com\/es\/inicio\/"},{"@type":"ListItem","position":2,"name":"Mapa del sitio"}]},{"@type":"WebSite","@id":"https:\/\/nesthostelsbarcelona.com\/es\/#website","url":"https:\/\/nesthostelsbarcelona.com\/es\/","name":"Nest Hostels Barcelona","description":"Accommodation and beds for travelers in Barcelona","publisher":{"@id":"https:\/\/nesthostelsbarcelona.com\/es\/#organization"},"potentialAction":[{"@type":"SearchAction","target":{"@type":"EntryPoint","urlTemplate":"https:\/\/nesthostelsbarcelona.com\/es\/?s={search_term_string}"},"query-input":{"@type":"PropertyValueSpecification","valueRequired":true,"valueName":"search_term_string"}}],"inLanguage":"es"},{"@type":"Organization","@id":"https:\/\/nesthostelsbarcelona.com\/es\/#organization","name":"Nest Hostels Barcelona","url":"https:\/\/nesthostelsbarcelona.com\/es\/","logo":{"@type":"ImageObject","inLanguage":"es","@id":"https:\/\/nesthostelsbarcelona.com\/es\/#\/schema\/logo\/image\/","url":"https:\/\/nesthostelsbarcelona.com\/wp-content\/uploads\/2022\/05\/logo-nest-hostels-valencia-feetuphostels.svg","contentUrl":"https:\/\/nesthostelsbarcelona.com\/wp-content\/uploads\/2022\/05\/logo-nest-hostels-valencia-feetuphostels.svg","width":279,"height":130,"caption":"Nest Hostels Barcelona"},"image":{"@id":"https:\/\/nesthostelsbarcelona.com\/es\/#\/schema\/logo\/image\/"},"sameAs":["https:\/\/www.facebook.com\/YellowNestHostelBarcelona\/","https:\/\/x.com\/YellowHostel","https:\/\/www.instagram.com\/yellownesthostelbarcelona\/","https:\/\/www.tiktok.com\/@yellownesthostel","https:\/\/www.linkedin.com\/company\/yellow-nest-hostel-barcelona\/","https:\/\/www.youtube.com\/channel\/UCwLfXY-N5JO_uNZtStWLqqw","https:\/\/vk.com\/yellownesthostelbarcelona\/","https:\/\/m.me\/YellowNestHostelBarcelona\/","https:\/\/www.tripadvisor.es\/Hotel_Review-g187497-d1815573-Reviews-Yellow_Nest_Hostel_Barcelona-Barcelona_Catalonia.html"]}]}},"_links":{"self":[{"href":"https:\/\/nesthostelsbarcelona.com\/es\/wp-json\/wp\/v2\/pages\/2777","targetHints":{"allow":["GET"]}}],"collection":[{"href":"https:\/\/nesthostelsbarcelona.com\/es\/wp-json\/wp\/v2\/pages"}],"about":[{"href":"https:\/\/nesthostelsbarcelona.com\/es\/wp-json\/wp\/v2\/types\/page"}],"author":[{"embeddable":true,"href":"https:\/\/nesthostelsbarcelona.com\/es\/wp-json\/wp\/v2\/users\/10"}],"replies":[{"embeddable":true,"href":"https:\/\/nesthostelsbarcelona.com\/es\/wp-json\/wp\/v2\/comments?post=2777"}],"version-history":[{"count":0,"href":"https:\/\/nesthostelsbarcelona.com\/es\/wp-json\/wp\/v2\/pages\/2777\/revisions"}],"wp:featuredmedia":[{"embeddable":true,"href":"https:\/\/nesthostelsbarcelona.com\/es\/wp-json\/wp\/v2\/media\/3946"}],"wp:attachment":[{"href":"https:\/\/nesthostelsbarcelona.com\/es\/wp-json\/wp\/v2\/media?parent=2777"}],"curies":[{"name":"wp","href":"https:\/\/api.w.org\/{rel}","templated":true}]}}