{"id":2943,"date":"2022-06-15T10:13:21","date_gmt":"2022-06-15T08:13:21","guid":{"rendered":"https:\/\/nesthostelsbarcelona.com\/privacy-policy%ef%bf%bc\/"},"modified":"2022-06-27T17:52:25","modified_gmt":"2022-06-27T15:52:25","slug":"politica-privacidad","status":"publish","type":"page","link":"https:\/\/nesthostelsbarcelona.com\/es\/politica-privacidad\/","title":{"rendered":"Pol\u00edtica de privacidad"},"content":{"rendered":"\n<h1 class=\"has-text-align-center wp-block-heading\">Pol\u00edtica de Privacidad<\/h1>\n\n<hr class=\"wp-block-separator has-alpha-channel-opacity is-style-dots\"\/>\n\n<h2 class=\"wp-block-heading\">Pol\u00edtica de privacidad y protecci\u00f3n de datos<\/h2>\n\n<p>De conformidad con el vigente Reglamento (UE) 2016\/679, le informamos que los datos personales de los usuarios del sitio web ser\u00e1n tratados para realizar actividades administrativas, contables y fiscales, y remitirle comunicaciones comerciales sobre nuestros productos y\/o servicios.<\/p>\n\n<p>Dicho tratamiento de sus datos estar\u00e1 amparado en su propio consentimiento. Al hacer clic en el bot\u00f3n \u00abENVIAR\u00bb, el Usuario consiente el tratamiento de sus datos por parte de la empresa.<\/p>\n\n<p>Asimismo, le informamos que, salvo obligaci\u00f3n legal o consentimiento expreso por su parte, no cederemos sus datos a terceros.<\/p>\n\n<p><div class=\"elementor elementor-3343 elementor-3330 elementor-location-single post-2943 page type-page status-publish hentry\" data-elementor-type=\"single-page\" data-elementor-id=\"3343\"><section class=\"elementor-section elementor-top-section elementor-element elementor-element-2a5cae5f elementor-section-boxed elementor-section-height-default elementor-section-height-default\" data-id=\"2a5cae5f\" data-element_type=\"section\">&#13;\n<div class=\"elementor-container elementor-column-gap-default\">&#13;\n<div class=\"elementor-column elementor-col-100 elementor-top-column elementor-element elementor-element-3cf369c8\" data-id=\"3cf369c8\" data-element_type=\"column\">&#13;\n<div class=\"elementor-widget-wrap elementor-element-populated\">&#13;\n<div class=\"elementor-element elementor-element-70bcb72 elementor-widget elementor-widget-theme-post-content\" data-id=\"70bcb72\" data-element_type=\"widget\" data-widget_type=\"theme-post-content.default\">&#13;\n<div class=\"elementor-widget-container\">&#13;\n&#13;\nAsimismo, se informa al Usuario que en cualquier momento podr\u00e1 ejercer los derechos de acceso, rectificaci\u00f3n o supresi\u00f3n de datos, as\u00ed como disponer de otros derechos reconocidos en el presente documento y regulados en el Reglamento (UE) 2016\/679, comunic\u00e1ndolo a BOOKING HOSTELS SL , sito en C\/ RODRIGUEZ DE CEPEDA N\u00ba 35 \u2013 46021 VALENCIA \u2013 VALENCIA o envi\u00e1ndonos un correo electr\u00f3nico a\u00a0<a href=\"mailto:cancellation@feetuphostels.com\">cancellation@feetuphostels.com<\/a>.&#13;\n&#13;\n<\/div>&#13;\n<\/div>&#13;\n<\/div>&#13;\n<\/div>&#13;\n<\/div>&#13;\n<\/section><\/div><\/p>\n\n<figure class=\"wp-block-image aligncenter size-full\"><a href=\"https:\/\/nesthostelsbarcelona.com\/wp-content\/uploads\/2022\/06\/privacy-policy.jpg\"><img fetchpriority=\"high\" decoding=\"async\" width=\"810\" height=\"350\" src=\"https:\/\/nesthostelsbarcelona.com\/wp-content\/uploads\/2022\/06\/privacy-policy.jpg\" alt=\"Pol&#xED;tica de Privacidad\" class=\"wp-image-3623\" srcset=\"https:\/\/nesthostelsbarcelona.com\/wp-content\/uploads\/2022\/06\/privacy-policy.jpg 810w, https:\/\/nesthostelsbarcelona.com\/wp-content\/uploads\/2022\/06\/privacy-policy-300x130.jpg 300w, https:\/\/nesthostelsbarcelona.com\/wp-content\/uploads\/2022\/06\/privacy-policy-768x332.jpg 768w\" sizes=\"(max-width: 810px) 100vw, 810px\" \/><\/a><figcaption>Pol\u00edtica de Privacidad de Nest Hostels Barcelona<\/figcaption><\/figure>\n","protected":false},"excerpt":{"rendered":"<p>Pol\u00edtica de Privacidad Pol\u00edtica de privacidad y protecci\u00f3n de datos De conformidad con el vigente Reglamento (UE) 2016\/679, le informamos que los datos personales de los usuarios del sitio web ser\u00e1n tratados para realizar actividades administrativas, contables y fiscales, y remitirle comunicaciones comerciales sobre nuestros productos y\/o servicios. Dicho tratamiento de sus datos estar\u00e1 amparado [&hellip;]<\/p>\n","protected":false},"author":10,"featured_media":3626,"parent":0,"menu_order":0,"comment_status":"closed","ping_status":"closed","template":"","meta":{"footnotes":""},"class_list":["post-2943","page","type-page","status-publish","has-post-thumbnail","hentry"],"yoast_head":"<!-- This site is optimized with the Yoast SEO plugin v27.4 - https:\/\/yoast.com\/product\/yoast-seo-wordpress\/ -->\n<title>Pol\u00edtica de privacidad y protecci\u00f3n de datos sobre Nest Hostels Barcelona<\/title>\n<meta name=\"description\" content=\"Pol\u00edtica de privacidad y protecci\u00f3n de datos de Nest Hostels Barcelona. Le informamos que los datos personales de los usuarios del sitio web\" \/>\n<meta name=\"robots\" content=\"index, follow, max-snippet:-1, max-image-preview:large, max-video-preview:-1\" \/>\n<link rel=\"canonical\" href=\"https:\/\/nesthostelsbarcelona.com\/es\/politica-privacidad\/\" \/>\n<meta property=\"og:locale\" content=\"es_ES\" \/>\n<meta property=\"og:type\" content=\"article\" \/>\n<meta property=\"og:title\" content=\"Pol\u00edtica de privacidad y protecci\u00f3n de datos sobre Nest Hostels Barcelona\" \/>\n<meta property=\"og:description\" content=\"Pol\u00edtica de privacidad y protecci\u00f3n de datos de Nest Hostels Barcelona. Le informamos que los datos personales de los usuarios del sitio web\" \/>\n<meta property=\"og:url\" content=\"https:\/\/nesthostelsbarcelona.com\/es\/politica-privacidad\/\" \/>\n<meta property=\"og:site_name\" content=\"Nest Hostels Barcelona\" \/>\n<meta property=\"article:publisher\" content=\"https:\/\/www.facebook.com\/YellowNestHostelBarcelona\/\" \/>\n<meta property=\"article:modified_time\" content=\"2022-06-27T15:52:25+00:00\" \/>\n<meta property=\"og:image\" content=\"https:\/\/nesthostelsbarcelona.com\/wp-content\/uploads\/2022\/06\/privacy-policy.jpg\" \/>\n<meta name=\"twitter:card\" content=\"summary_large_image\" \/>\n<meta name=\"twitter:site\" content=\"@YellowHostel\" \/>\n<meta name=\"twitter:label1\" content=\"Tiempo de lectura\" \/>\n\t<meta name=\"twitter:data1\" content=\"1 minuto\" \/>\n<script type=\"application\/ld+json\" class=\"yoast-schema-graph\">{\"@context\":\"https:\\\/\\\/schema.org\",\"@graph\":[{\"@type\":\"WebPage\",\"@id\":\"https:\\\/\\\/nesthostelsbarcelona.com\\\/es\\\/politica-privacidad\\\/\",\"url\":\"https:\\\/\\\/nesthostelsbarcelona.com\\\/es\\\/politica-privacidad\\\/\",\"name\":\"Pol\u00edtica de privacidad y protecci\u00f3n de datos sobre Nest Hostels Barcelona\",\"isPartOf\":{\"@id\":\"https:\\\/\\\/nesthostelsbarcelona.com\\\/es\\\/#website\"},\"primaryImageOfPage\":{\"@id\":\"https:\\\/\\\/nesthostelsbarcelona.com\\\/es\\\/politica-privacidad\\\/#primaryimage\"},\"image\":{\"@id\":\"https:\\\/\\\/nesthostelsbarcelona.com\\\/es\\\/politica-privacidad\\\/#primaryimage\"},\"thumbnailUrl\":\"https:\\\/\\\/nesthostelsbarcelona.com\\\/wp-content\\\/uploads\\\/2022\\\/06\\\/privacy-policy.jpg\",\"datePublished\":\"2022-06-15T08:13:21+00:00\",\"dateModified\":\"2022-06-27T15:52:25+00:00\",\"description\":\"Pol\u00edtica de privacidad y protecci\u00f3n de datos de Nest Hostels Barcelona. Le informamos que los datos personales de los usuarios del sitio web\",\"breadcrumb\":{\"@id\":\"https:\\\/\\\/nesthostelsbarcelona.com\\\/es\\\/politica-privacidad\\\/#breadcrumb\"},\"inLanguage\":\"es\",\"potentialAction\":[{\"@type\":\"ReadAction\",\"target\":[\"https:\\\/\\\/nesthostelsbarcelona.com\\\/es\\\/politica-privacidad\\\/\"]}]},{\"@type\":\"ImageObject\",\"inLanguage\":\"es\",\"@id\":\"https:\\\/\\\/nesthostelsbarcelona.com\\\/es\\\/politica-privacidad\\\/#primaryimage\",\"url\":\"https:\\\/\\\/nesthostelsbarcelona.com\\\/wp-content\\\/uploads\\\/2022\\\/06\\\/privacy-policy.jpg\",\"contentUrl\":\"https:\\\/\\\/nesthostelsbarcelona.com\\\/wp-content\\\/uploads\\\/2022\\\/06\\\/privacy-policy.jpg\",\"width\":810,\"height\":350,\"caption\":\"Privacy Policy\"},{\"@type\":\"BreadcrumbList\",\"@id\":\"https:\\\/\\\/nesthostelsbarcelona.com\\\/es\\\/politica-privacidad\\\/#breadcrumb\",\"itemListElement\":[{\"@type\":\"ListItem\",\"position\":1,\"name\":\"Home\",\"item\":\"https:\\\/\\\/nesthostelsbarcelona.com\\\/es\\\/inicio\\\/\"},{\"@type\":\"ListItem\",\"position\":2,\"name\":\"Pol\u00edtica de privacidad\"}]},{\"@type\":\"WebSite\",\"@id\":\"https:\\\/\\\/nesthostelsbarcelona.com\\\/es\\\/#website\",\"url\":\"https:\\\/\\\/nesthostelsbarcelona.com\\\/es\\\/\",\"name\":\"Nest Hostels Barcelona\",\"description\":\"Accommodation and beds for travelers in Barcelona\",\"publisher\":{\"@id\":\"https:\\\/\\\/nesthostelsbarcelona.com\\\/es\\\/#organization\"},\"potentialAction\":[{\"@type\":\"SearchAction\",\"target\":{\"@type\":\"EntryPoint\",\"urlTemplate\":\"https:\\\/\\\/nesthostelsbarcelona.com\\\/es\\\/?s={search_term_string}\"},\"query-input\":{\"@type\":\"PropertyValueSpecification\",\"valueRequired\":true,\"valueName\":\"search_term_string\"}}],\"inLanguage\":\"es\"},{\"@type\":\"Organization\",\"@id\":\"https:\\\/\\\/nesthostelsbarcelona.com\\\/es\\\/#organization\",\"name\":\"Nest Hostels Barcelona\",\"url\":\"https:\\\/\\\/nesthostelsbarcelona.com\\\/es\\\/\",\"logo\":{\"@type\":\"ImageObject\",\"inLanguage\":\"es\",\"@id\":\"https:\\\/\\\/nesthostelsbarcelona.com\\\/es\\\/#\\\/schema\\\/logo\\\/image\\\/\",\"url\":\"https:\\\/\\\/nesthostelsbarcelona.com\\\/wp-content\\\/uploads\\\/2022\\\/05\\\/logo-nest-hostels-valencia-feetuphostels.svg\",\"contentUrl\":\"https:\\\/\\\/nesthostelsbarcelona.com\\\/wp-content\\\/uploads\\\/2022\\\/05\\\/logo-nest-hostels-valencia-feetuphostels.svg\",\"width\":279,\"height\":130,\"caption\":\"Nest Hostels Barcelona\"},\"image\":{\"@id\":\"https:\\\/\\\/nesthostelsbarcelona.com\\\/es\\\/#\\\/schema\\\/logo\\\/image\\\/\"},\"sameAs\":[\"https:\\\/\\\/www.facebook.com\\\/YellowNestHostelBarcelona\\\/\",\"https:\\\/\\\/x.com\\\/YellowHostel\",\"https:\\\/\\\/www.instagram.com\\\/yellownesthostelbarcelona\\\/\",\"https:\\\/\\\/www.tiktok.com\\\/@yellownesthostel\",\"https:\\\/\\\/www.linkedin.com\\\/company\\\/yellow-nest-hostel-barcelona\\\/\",\"https:\\\/\\\/www.youtube.com\\\/channel\\\/UCwLfXY-N5JO_uNZtStWLqqw\",\"https:\\\/\\\/vk.com\\\/yellownesthostelbarcelona\\\/\",\"https:\\\/\\\/m.me\\\/YellowNestHostelBarcelona\\\/\",\"https:\\\/\\\/www.tripadvisor.es\\\/Hotel_Review-g187497-d1815573-Reviews-Yellow_Nest_Hostel_Barcelona-Barcelona_Catalonia.html\"]}]}<\/script>\n<!-- \/ Yoast SEO plugin. -->","yoast_head_json":{"title":"Pol\u00edtica de privacidad y protecci\u00f3n de datos sobre Nest Hostels Barcelona","description":"Pol\u00edtica de privacidad y protecci\u00f3n de datos de Nest Hostels Barcelona. Le informamos que los datos personales de los usuarios del sitio web","robots":{"index":"index","follow":"follow","max-snippet":"max-snippet:-1","max-image-preview":"max-image-preview:large","max-video-preview":"max-video-preview:-1"},"canonical":"https:\/\/nesthostelsbarcelona.com\/es\/politica-privacidad\/","og_locale":"es_ES","og_type":"article","og_title":"Pol\u00edtica de privacidad y protecci\u00f3n de datos sobre Nest Hostels Barcelona","og_description":"Pol\u00edtica de privacidad y protecci\u00f3n de datos de Nest Hostels Barcelona. Le informamos que los datos personales de los usuarios del sitio web","og_url":"https:\/\/nesthostelsbarcelona.com\/es\/politica-privacidad\/","og_site_name":"Nest Hostels Barcelona","article_publisher":"https:\/\/www.facebook.com\/YellowNestHostelBarcelona\/","article_modified_time":"2022-06-27T15:52:25+00:00","og_image":[{"url":"https:\/\/nesthostelsbarcelona.com\/wp-content\/uploads\/2022\/06\/privacy-policy.jpg","type":"","width":"","height":""}],"twitter_card":"summary_large_image","twitter_site":"@YellowHostel","twitter_misc":{"Tiempo de lectura":"1 minuto"},"schema":{"@context":"https:\/\/schema.org","@graph":[{"@type":"WebPage","@id":"https:\/\/nesthostelsbarcelona.com\/es\/politica-privacidad\/","url":"https:\/\/nesthostelsbarcelona.com\/es\/politica-privacidad\/","name":"Pol\u00edtica de privacidad y protecci\u00f3n de datos sobre Nest Hostels Barcelona","isPartOf":{"@id":"https:\/\/nesthostelsbarcelona.com\/es\/#website"},"primaryImageOfPage":{"@id":"https:\/\/nesthostelsbarcelona.com\/es\/politica-privacidad\/#primaryimage"},"image":{"@id":"https:\/\/nesthostelsbarcelona.com\/es\/politica-privacidad\/#primaryimage"},"thumbnailUrl":"https:\/\/nesthostelsbarcelona.com\/wp-content\/uploads\/2022\/06\/privacy-policy.jpg","datePublished":"2022-06-15T08:13:21+00:00","dateModified":"2022-06-27T15:52:25+00:00","description":"Pol\u00edtica de privacidad y protecci\u00f3n de datos de Nest Hostels Barcelona. Le informamos que los datos personales de los usuarios del sitio web","breadcrumb":{"@id":"https:\/\/nesthostelsbarcelona.com\/es\/politica-privacidad\/#breadcrumb"},"inLanguage":"es","potentialAction":[{"@type":"ReadAction","target":["https:\/\/nesthostelsbarcelona.com\/es\/politica-privacidad\/"]}]},{"@type":"ImageObject","inLanguage":"es","@id":"https:\/\/nesthostelsbarcelona.com\/es\/politica-privacidad\/#primaryimage","url":"https:\/\/nesthostelsbarcelona.com\/wp-content\/uploads\/2022\/06\/privacy-policy.jpg","contentUrl":"https:\/\/nesthostelsbarcelona.com\/wp-content\/uploads\/2022\/06\/privacy-policy.jpg","width":810,"height":350,"caption":"Privacy Policy"},{"@type":"BreadcrumbList","@id":"https:\/\/nesthostelsbarcelona.com\/es\/politica-privacidad\/#breadcrumb","itemListElement":[{"@type":"ListItem","position":1,"name":"Home","item":"https:\/\/nesthostelsbarcelona.com\/es\/inicio\/"},{"@type":"ListItem","position":2,"name":"Pol\u00edtica de privacidad"}]},{"@type":"WebSite","@id":"https:\/\/nesthostelsbarcelona.com\/es\/#website","url":"https:\/\/nesthostelsbarcelona.com\/es\/","name":"Nest Hostels Barcelona","description":"Accommodation and beds for travelers in Barcelona","publisher":{"@id":"https:\/\/nesthostelsbarcelona.com\/es\/#organization"},"potentialAction":[{"@type":"SearchAction","target":{"@type":"EntryPoint","urlTemplate":"https:\/\/nesthostelsbarcelona.com\/es\/?s={search_term_string}"},"query-input":{"@type":"PropertyValueSpecification","valueRequired":true,"valueName":"search_term_string"}}],"inLanguage":"es"},{"@type":"Organization","@id":"https:\/\/nesthostelsbarcelona.com\/es\/#organization","name":"Nest Hostels Barcelona","url":"https:\/\/nesthostelsbarcelona.com\/es\/","logo":{"@type":"ImageObject","inLanguage":"es","@id":"https:\/\/nesthostelsbarcelona.com\/es\/#\/schema\/logo\/image\/","url":"https:\/\/nesthostelsbarcelona.com\/wp-content\/uploads\/2022\/05\/logo-nest-hostels-valencia-feetuphostels.svg","contentUrl":"https:\/\/nesthostelsbarcelona.com\/wp-content\/uploads\/2022\/05\/logo-nest-hostels-valencia-feetuphostels.svg","width":279,"height":130,"caption":"Nest Hostels Barcelona"},"image":{"@id":"https:\/\/nesthostelsbarcelona.com\/es\/#\/schema\/logo\/image\/"},"sameAs":["https:\/\/www.facebook.com\/YellowNestHostelBarcelona\/","https:\/\/x.com\/YellowHostel","https:\/\/www.instagram.com\/yellownesthostelbarcelona\/","https:\/\/www.tiktok.com\/@yellownesthostel","https:\/\/www.linkedin.com\/company\/yellow-nest-hostel-barcelona\/","https:\/\/www.youtube.com\/channel\/UCwLfXY-N5JO_uNZtStWLqqw","https:\/\/vk.com\/yellownesthostelbarcelona\/","https:\/\/m.me\/YellowNestHostelBarcelona\/","https:\/\/www.tripadvisor.es\/Hotel_Review-g187497-d1815573-Reviews-Yellow_Nest_Hostel_Barcelona-Barcelona_Catalonia.html"]}]}},"_links":{"self":[{"href":"https:\/\/nesthostelsbarcelona.com\/es\/wp-json\/wp\/v2\/pages\/2943","targetHints":{"allow":["GET"]}}],"collection":[{"href":"https:\/\/nesthostelsbarcelona.com\/es\/wp-json\/wp\/v2\/pages"}],"about":[{"href":"https:\/\/nesthostelsbarcelona.com\/es\/wp-json\/wp\/v2\/types\/page"}],"author":[{"embeddable":true,"href":"https:\/\/nesthostelsbarcelona.com\/es\/wp-json\/wp\/v2\/users\/10"}],"replies":[{"embeddable":true,"href":"https:\/\/nesthostelsbarcelona.com\/es\/wp-json\/wp\/v2\/comments?post=2943"}],"version-history":[{"count":0,"href":"https:\/\/nesthostelsbarcelona.com\/es\/wp-json\/wp\/v2\/pages\/2943\/revisions"}],"wp:featuredmedia":[{"embeddable":true,"href":"https:\/\/nesthostelsbarcelona.com\/es\/wp-json\/wp\/v2\/media\/3626"}],"wp:attachment":[{"href":"https:\/\/nesthostelsbarcelona.com\/es\/wp-json\/wp\/v2\/media?parent=2943"}],"curies":[{"name":"wp","href":"https:\/\/api.w.org\/{rel}","templated":true}]}}