{"id":298,"date":"2014-11-28T09:30:02","date_gmt":"2014-11-28T09:30:02","guid":{"rendered":"http:\/\/www.nesthostelsbarcelona.com\/barcelona\/?page_id=298"},"modified":"2022-05-16T10:32:34","modified_gmt":"2022-05-16T08:32:34","slug":"nuestros-servicios","status":"publish","type":"page","link":"https:\/\/nesthostelsbarcelona.com\/es\/nuestros-servicios\/","title":{"rendered":"Nuestros Servicios"},"content":{"rendered":"\n<p>I<strong>nstalaciones m\u00e1s populares<\/strong> (nuestros servicios)<\/p>\n\n\n\n<ul class=\"wp-block-list\"><li>Wi-Fi gratis <\/li><li>Habitaciones para no fumadores <\/li><li>recepci\u00f3n las 24 horas <\/li><li>Facilidades para minusv\u00e1lidos <\/li><li>Terraza <\/li><li>Ascensor<\/li><\/ul>\n\n\n\n<p><strong>Al aire libre<\/strong><\/p>\n\n\n\n<ul class=\"wp-block-list\"><li>Muebles de exterior <\/li><li>Sol\u00e1rium <\/li><li>Terraza<\/li><\/ul>\n\n\n\n<p><strong>Cocina<\/strong><\/p>\n\n\n\n<ul class=\"wp-block-list\"><li>Cocina compartida<\/li><\/ul>\n\n\n\n<p><strong>Actividades<\/strong><\/p>\n\n\n\n<ul class=\"wp-block-list\"><li>Eventos deportivos en vivo (emisi\u00f3n) <\/li><li>Tours en bicicleta (cargo adicional) <\/li><li>Tours de caminata <\/li><li><a href=\"https:\/\/www.tourmeout.com\/\">Recorridos de bares<\/a> (cargo adicional) <\/li><li>Entretenimiento nocturno (cargo adicional) <\/li><li>Alquiler de bicicletas (cargo adicional) <\/li><li>Dardos <\/li><li>Ping-Pong <\/li><li>Mesa de billar <\/li><li>Sala de juego<\/li><\/ul>\n\n\n\n<p><strong>Internet<\/strong><\/p>\n\n\n\n<ul class=\"wp-block-list\"><li>La conexi\u00f3n WiFi est\u00e1 disponible en las zonas comunes y es gratuita.<\/li><\/ul>\n\n\n\n<p><strong>Estacionamiento<\/strong><\/p>\n\n\n\n<p>Opciones de estacionamiento disponibles<\/p>\n\n\n\n<ul class=\"wp-block-list\"><li>Estacionamiento en la calle<\/li><\/ul>\n\n\n\n<p><strong>Servicios de recepci\u00f3n<\/strong><\/p>\n\n\n\n<ul class=\"wp-block-list\"><li>Casilleros <\/li><li>Almacenamiento de equipaje <\/li><li>Mostrador de informaci\u00f3n tur\u00edstica <\/li><li>Entrada\/salida expr\u00e9s <\/li><li>Recepci\u00f3n las 24 horas<\/li><\/ul>\n\n\n\n<p><strong>Entretenimiento y servicios familiares<\/strong><\/p>\n\n\n\n<ul class=\"wp-block-list\"><li>Juegos de mesa\/rompecabezas<\/li><\/ul>\n\n\n\n<p><strong>Nuestros<\/strong> <strong>Servicios de limpieza<\/strong><\/p>\n\n\n\n<ul class=\"wp-block-list\"><li>Lavander\u00eda (cargo adicional)<\/li><\/ul>\n\n\n\n<p><strong>Instalaciones para negocios<\/strong><\/p>\n\n\n\n<ul class=\"wp-block-list\"><li>Fax\/fotocopias (cargo adicional)<\/li><\/ul>\n\n\n\n<p><strong>Seguridad Seguridad<\/strong><\/p>\n\n\n\n<ul class=\"wp-block-list\"><li>Extintores <\/li><li>CCTV fuera de la propiedad<\/li><li> CCTV en \u00e1reas comunes <\/li><li>detectores de humo <\/li><li>Alarma de seguridad <\/li><li>Acceso con tarjeta de acceso <\/li><li>Acceso clave <\/li><li>Seguridad las 24 horas <\/li><li>Caja fuerte (cargo adicional)<\/li><\/ul>\n\n\n\n<p><strong>General<\/strong><\/p>\n\n\n\n<ul class=\"wp-block-list\"><li>Sal\u00f3n compartido\/\u00e1rea de TV <\/li><li>M\u00e1quina expendedora (snacks) <\/li><li>M\u00e1quina expendedora (bebidas) <\/li><li>Area designada para fumar <\/li><li>Aire acondicionado <\/li><li>Propiedad libre de humo <\/li><li>Calefacci\u00f3n <\/li><li>Alquiler de coches <\/li><li>Ascensor <\/li><li>Facilidades para minusv\u00e1lidos <\/li><li>Habitaciones para no fumadores<\/li><\/ul>\n\n\n\n<p><strong>Accesibilidad<\/strong><\/p>\n\n\n\n<ul class=\"wp-block-list\"><li>Cuerda de emergencia para ba\u00f1o <\/li><li>Fregadero bajo <\/li><li>Inodoro elevado <\/li><li>Inodoro con pasamanos <\/li><li>Silla de ruedas accesible<\/li><\/ul>\n\n\n\n<p><strong>Instalaciones de salud y bienestar<\/strong><\/p>\n\n\n\n<ul class=\"wp-block-list\"><li>Sol\u00e1rium<\/li><\/ul>\n\n\n\n<p><strong>Idiomas hablados<\/strong><\/p>\n\n\n\n<ul class=\"wp-block-list\"><li>Catal\u00e1n<\/li><li>Alem\u00e1n<\/li><li>Ingl\u00e9s<\/li><li>Espa\u00f1ol<\/li><li>Franc\u00e9s<\/li><li>Italiano<\/li><li>Portugu\u00e9s<\/li><\/ul>\n","protected":false},"excerpt":{"rendered":"<p>Instalaciones m\u00e1s populares (nuestros servicios) Wi-Fi gratis Habitaciones para no fumadores recepci\u00f3n las 24 horas Facilidades para minusv\u00e1lidos Terraza Ascensor Al aire libre Muebles de exterior Sol\u00e1rium Terraza Cocina Cocina compartida Actividades Eventos deportivos en vivo (emisi\u00f3n) Tours en bicicleta (cargo adicional) Tours de caminata Recorridos de bares (cargo adicional) Entretenimiento nocturno (cargo adicional) Alquiler [&hellip;]<\/p>\n","protected":false},"author":10,"featured_media":2419,"parent":0,"menu_order":0,"comment_status":"closed","ping_status":"open","template":"","meta":{"footnotes":""},"class_list":["post-298","page","type-page","status-publish","has-post-thumbnail","hentry"],"yoast_head":"<!-- This site is optimized with the Yoast SEO plugin v27.4 - https:\/\/yoast.com\/product\/yoast-seo-wordpress\/ -->\n<title>Nest Hostels Barcelona Nuestros Servicios &#8226;<\/title>\n<meta name=\"description\" content=\"Nuestros servicios del Hostal. De habitaciones, instalaciones, restauraci\u00f3n, actividades culturales y excursiones.\" \/>\n<meta name=\"robots\" content=\"index, follow, max-snippet:-1, max-image-preview:large, max-video-preview:-1\" \/>\n<link rel=\"canonical\" href=\"https:\/\/nesthostelsbarcelona.com\/es\/nuestros-servicios\/\" \/>\n<meta property=\"og:locale\" content=\"es_ES\" \/>\n<meta property=\"og:type\" content=\"article\" \/>\n<meta property=\"og:title\" content=\"Nest Hostels Barcelona Nuestros Servicios &#8226;\" \/>\n<meta property=\"og:description\" content=\"Nuestros servicios del Hostal. De habitaciones, instalaciones, restauraci\u00f3n, actividades culturales y excursiones.\" \/>\n<meta property=\"og:url\" content=\"https:\/\/nesthostelsbarcelona.com\/es\/nuestros-servicios\/\" \/>\n<meta property=\"og:site_name\" content=\"Nest Hostels Barcelona\" \/>\n<meta property=\"article:publisher\" content=\"https:\/\/www.facebook.com\/YellowNestHostelBarcelona\/\" \/>\n<meta property=\"article:modified_time\" content=\"2022-05-16T08:32:34+00:00\" \/>\n<meta property=\"og:image\" content=\"https:\/\/nesthostelsbarcelona.com\/wp-content\/uploads\/2022\/05\/yellow_nest_hostel-barcelona-billiard1.jpg\" \/>\n\t<meta property=\"og:image:width\" content=\"1600\" \/>\n\t<meta property=\"og:image:height\" content=\"1064\" \/>\n\t<meta property=\"og:image:type\" content=\"image\/jpeg\" \/>\n<meta name=\"twitter:card\" content=\"summary_large_image\" \/>\n<meta name=\"twitter:site\" content=\"@YellowHostel\" \/>\n<meta name=\"twitter:label1\" content=\"Tiempo de lectura\" \/>\n\t<meta name=\"twitter:data1\" content=\"1 minuto\" \/>\n<script type=\"application\/ld+json\" class=\"yoast-schema-graph\">{\"@context\":\"https:\\\/\\\/schema.org\",\"@graph\":[{\"@type\":\"WebPage\",\"@id\":\"https:\\\/\\\/nesthostelsbarcelona.com\\\/es\\\/nuestros-servicios\\\/\",\"url\":\"https:\\\/\\\/nesthostelsbarcelona.com\\\/es\\\/nuestros-servicios\\\/\",\"name\":\"Nest Hostels Barcelona Nuestros Servicios &#8226;\",\"isPartOf\":{\"@id\":\"https:\\\/\\\/nesthostelsbarcelona.com\\\/es\\\/#website\"},\"primaryImageOfPage\":{\"@id\":\"https:\\\/\\\/nesthostelsbarcelona.com\\\/es\\\/nuestros-servicios\\\/#primaryimage\"},\"image\":{\"@id\":\"https:\\\/\\\/nesthostelsbarcelona.com\\\/es\\\/nuestros-servicios\\\/#primaryimage\"},\"thumbnailUrl\":\"https:\\\/\\\/nesthostelsbarcelona.com\\\/wp-content\\\/uploads\\\/2022\\\/05\\\/yellow_nest_hostel-barcelona-billiard1.jpg\",\"datePublished\":\"2014-11-28T09:30:02+00:00\",\"dateModified\":\"2022-05-16T08:32:34+00:00\",\"description\":\"Nuestros servicios del Hostal. De habitaciones, instalaciones, restauraci\u00f3n, actividades culturales y excursiones.\",\"breadcrumb\":{\"@id\":\"https:\\\/\\\/nesthostelsbarcelona.com\\\/es\\\/nuestros-servicios\\\/#breadcrumb\"},\"inLanguage\":\"es\",\"potentialAction\":[{\"@type\":\"ReadAction\",\"target\":[\"https:\\\/\\\/nesthostelsbarcelona.com\\\/es\\\/nuestros-servicios\\\/\"]}]},{\"@type\":\"ImageObject\",\"inLanguage\":\"es\",\"@id\":\"https:\\\/\\\/nesthostelsbarcelona.com\\\/es\\\/nuestros-servicios\\\/#primaryimage\",\"url\":\"https:\\\/\\\/nesthostelsbarcelona.com\\\/wp-content\\\/uploads\\\/2022\\\/05\\\/yellow_nest_hostel-barcelona-billiard1.jpg\",\"contentUrl\":\"https:\\\/\\\/nesthostelsbarcelona.com\\\/wp-content\\\/uploads\\\/2022\\\/05\\\/yellow_nest_hostel-barcelona-billiard1.jpg\",\"width\":1600,\"height\":1064},{\"@type\":\"BreadcrumbList\",\"@id\":\"https:\\\/\\\/nesthostelsbarcelona.com\\\/es\\\/nuestros-servicios\\\/#breadcrumb\",\"itemListElement\":[{\"@type\":\"ListItem\",\"position\":1,\"name\":\"Home\",\"item\":\"https:\\\/\\\/nesthostelsbarcelona.com\\\/es\\\/inicio\\\/\"},{\"@type\":\"ListItem\",\"position\":2,\"name\":\"Nuestros Servicios\"}]},{\"@type\":\"WebSite\",\"@id\":\"https:\\\/\\\/nesthostelsbarcelona.com\\\/es\\\/#website\",\"url\":\"https:\\\/\\\/nesthostelsbarcelona.com\\\/es\\\/\",\"name\":\"Nest Hostels Barcelona\",\"description\":\"Accommodation and beds for travelers in Barcelona\",\"publisher\":{\"@id\":\"https:\\\/\\\/nesthostelsbarcelona.com\\\/es\\\/#organization\"},\"potentialAction\":[{\"@type\":\"SearchAction\",\"target\":{\"@type\":\"EntryPoint\",\"urlTemplate\":\"https:\\\/\\\/nesthostelsbarcelona.com\\\/es\\\/?s={search_term_string}\"},\"query-input\":{\"@type\":\"PropertyValueSpecification\",\"valueRequired\":true,\"valueName\":\"search_term_string\"}}],\"inLanguage\":\"es\"},{\"@type\":\"Organization\",\"@id\":\"https:\\\/\\\/nesthostelsbarcelona.com\\\/es\\\/#organization\",\"name\":\"Nest Hostels Barcelona\",\"url\":\"https:\\\/\\\/nesthostelsbarcelona.com\\\/es\\\/\",\"logo\":{\"@type\":\"ImageObject\",\"inLanguage\":\"es\",\"@id\":\"https:\\\/\\\/nesthostelsbarcelona.com\\\/es\\\/#\\\/schema\\\/logo\\\/image\\\/\",\"url\":\"https:\\\/\\\/nesthostelsbarcelona.com\\\/wp-content\\\/uploads\\\/2022\\\/05\\\/logo-nest-hostels-valencia-feetuphostels.svg\",\"contentUrl\":\"https:\\\/\\\/nesthostelsbarcelona.com\\\/wp-content\\\/uploads\\\/2022\\\/05\\\/logo-nest-hostels-valencia-feetuphostels.svg\",\"width\":279,\"height\":130,\"caption\":\"Nest Hostels Barcelona\"},\"image\":{\"@id\":\"https:\\\/\\\/nesthostelsbarcelona.com\\\/es\\\/#\\\/schema\\\/logo\\\/image\\\/\"},\"sameAs\":[\"https:\\\/\\\/www.facebook.com\\\/YellowNestHostelBarcelona\\\/\",\"https:\\\/\\\/x.com\\\/YellowHostel\",\"https:\\\/\\\/www.instagram.com\\\/yellownesthostelbarcelona\\\/\",\"https:\\\/\\\/www.tiktok.com\\\/@yellownesthostel\",\"https:\\\/\\\/www.linkedin.com\\\/company\\\/yellow-nest-hostel-barcelona\\\/\",\"https:\\\/\\\/www.youtube.com\\\/channel\\\/UCwLfXY-N5JO_uNZtStWLqqw\",\"https:\\\/\\\/vk.com\\\/yellownesthostelbarcelona\\\/\",\"https:\\\/\\\/m.me\\\/YellowNestHostelBarcelona\\\/\",\"https:\\\/\\\/www.tripadvisor.es\\\/Hotel_Review-g187497-d1815573-Reviews-Yellow_Nest_Hostel_Barcelona-Barcelona_Catalonia.html\"]}]}<\/script>\n<!-- \/ Yoast SEO plugin. -->","yoast_head_json":{"title":"Nest Hostels Barcelona Nuestros Servicios &#8226;","description":"Nuestros servicios del Hostal. De habitaciones, instalaciones, restauraci\u00f3n, actividades culturales y excursiones.","robots":{"index":"index","follow":"follow","max-snippet":"max-snippet:-1","max-image-preview":"max-image-preview:large","max-video-preview":"max-video-preview:-1"},"canonical":"https:\/\/nesthostelsbarcelona.com\/es\/nuestros-servicios\/","og_locale":"es_ES","og_type":"article","og_title":"Nest Hostels Barcelona Nuestros Servicios &#8226;","og_description":"Nuestros servicios del Hostal. De habitaciones, instalaciones, restauraci\u00f3n, actividades culturales y excursiones.","og_url":"https:\/\/nesthostelsbarcelona.com\/es\/nuestros-servicios\/","og_site_name":"Nest Hostels Barcelona","article_publisher":"https:\/\/www.facebook.com\/YellowNestHostelBarcelona\/","article_modified_time":"2022-05-16T08:32:34+00:00","og_image":[{"width":1600,"height":1064,"url":"https:\/\/nesthostelsbarcelona.com\/wp-content\/uploads\/2022\/05\/yellow_nest_hostel-barcelona-billiard1.jpg","type":"image\/jpeg"}],"twitter_card":"summary_large_image","twitter_site":"@YellowHostel","twitter_misc":{"Tiempo de lectura":"1 minuto"},"schema":{"@context":"https:\/\/schema.org","@graph":[{"@type":"WebPage","@id":"https:\/\/nesthostelsbarcelona.com\/es\/nuestros-servicios\/","url":"https:\/\/nesthostelsbarcelona.com\/es\/nuestros-servicios\/","name":"Nest Hostels Barcelona Nuestros Servicios &#8226;","isPartOf":{"@id":"https:\/\/nesthostelsbarcelona.com\/es\/#website"},"primaryImageOfPage":{"@id":"https:\/\/nesthostelsbarcelona.com\/es\/nuestros-servicios\/#primaryimage"},"image":{"@id":"https:\/\/nesthostelsbarcelona.com\/es\/nuestros-servicios\/#primaryimage"},"thumbnailUrl":"https:\/\/nesthostelsbarcelona.com\/wp-content\/uploads\/2022\/05\/yellow_nest_hostel-barcelona-billiard1.jpg","datePublished":"2014-11-28T09:30:02+00:00","dateModified":"2022-05-16T08:32:34+00:00","description":"Nuestros servicios del Hostal. De habitaciones, instalaciones, restauraci\u00f3n, actividades culturales y excursiones.","breadcrumb":{"@id":"https:\/\/nesthostelsbarcelona.com\/es\/nuestros-servicios\/#breadcrumb"},"inLanguage":"es","potentialAction":[{"@type":"ReadAction","target":["https:\/\/nesthostelsbarcelona.com\/es\/nuestros-servicios\/"]}]},{"@type":"ImageObject","inLanguage":"es","@id":"https:\/\/nesthostelsbarcelona.com\/es\/nuestros-servicios\/#primaryimage","url":"https:\/\/nesthostelsbarcelona.com\/wp-content\/uploads\/2022\/05\/yellow_nest_hostel-barcelona-billiard1.jpg","contentUrl":"https:\/\/nesthostelsbarcelona.com\/wp-content\/uploads\/2022\/05\/yellow_nest_hostel-barcelona-billiard1.jpg","width":1600,"height":1064},{"@type":"BreadcrumbList","@id":"https:\/\/nesthostelsbarcelona.com\/es\/nuestros-servicios\/#breadcrumb","itemListElement":[{"@type":"ListItem","position":1,"name":"Home","item":"https:\/\/nesthostelsbarcelona.com\/es\/inicio\/"},{"@type":"ListItem","position":2,"name":"Nuestros Servicios"}]},{"@type":"WebSite","@id":"https:\/\/nesthostelsbarcelona.com\/es\/#website","url":"https:\/\/nesthostelsbarcelona.com\/es\/","name":"Nest Hostels Barcelona","description":"Accommodation and beds for travelers in Barcelona","publisher":{"@id":"https:\/\/nesthostelsbarcelona.com\/es\/#organization"},"potentialAction":[{"@type":"SearchAction","target":{"@type":"EntryPoint","urlTemplate":"https:\/\/nesthostelsbarcelona.com\/es\/?s={search_term_string}"},"query-input":{"@type":"PropertyValueSpecification","valueRequired":true,"valueName":"search_term_string"}}],"inLanguage":"es"},{"@type":"Organization","@id":"https:\/\/nesthostelsbarcelona.com\/es\/#organization","name":"Nest Hostels Barcelona","url":"https:\/\/nesthostelsbarcelona.com\/es\/","logo":{"@type":"ImageObject","inLanguage":"es","@id":"https:\/\/nesthostelsbarcelona.com\/es\/#\/schema\/logo\/image\/","url":"https:\/\/nesthostelsbarcelona.com\/wp-content\/uploads\/2022\/05\/logo-nest-hostels-valencia-feetuphostels.svg","contentUrl":"https:\/\/nesthostelsbarcelona.com\/wp-content\/uploads\/2022\/05\/logo-nest-hostels-valencia-feetuphostels.svg","width":279,"height":130,"caption":"Nest Hostels Barcelona"},"image":{"@id":"https:\/\/nesthostelsbarcelona.com\/es\/#\/schema\/logo\/image\/"},"sameAs":["https:\/\/www.facebook.com\/YellowNestHostelBarcelona\/","https:\/\/x.com\/YellowHostel","https:\/\/www.instagram.com\/yellownesthostelbarcelona\/","https:\/\/www.tiktok.com\/@yellownesthostel","https:\/\/www.linkedin.com\/company\/yellow-nest-hostel-barcelona\/","https:\/\/www.youtube.com\/channel\/UCwLfXY-N5JO_uNZtStWLqqw","https:\/\/vk.com\/yellownesthostelbarcelona\/","https:\/\/m.me\/YellowNestHostelBarcelona\/","https:\/\/www.tripadvisor.es\/Hotel_Review-g187497-d1815573-Reviews-Yellow_Nest_Hostel_Barcelona-Barcelona_Catalonia.html"]}]}},"_links":{"self":[{"href":"https:\/\/nesthostelsbarcelona.com\/es\/wp-json\/wp\/v2\/pages\/298","targetHints":{"allow":["GET"]}}],"collection":[{"href":"https:\/\/nesthostelsbarcelona.com\/es\/wp-json\/wp\/v2\/pages"}],"about":[{"href":"https:\/\/nesthostelsbarcelona.com\/es\/wp-json\/wp\/v2\/types\/page"}],"author":[{"embeddable":true,"href":"https:\/\/nesthostelsbarcelona.com\/es\/wp-json\/wp\/v2\/users\/10"}],"replies":[{"embeddable":true,"href":"https:\/\/nesthostelsbarcelona.com\/es\/wp-json\/wp\/v2\/comments?post=298"}],"version-history":[{"count":0,"href":"https:\/\/nesthostelsbarcelona.com\/es\/wp-json\/wp\/v2\/pages\/298\/revisions"}],"wp:featuredmedia":[{"embeddable":true,"href":"https:\/\/nesthostelsbarcelona.com\/es\/wp-json\/wp\/v2\/media\/2419"}],"wp:attachment":[{"href":"https:\/\/nesthostelsbarcelona.com\/es\/wp-json\/wp\/v2\/media?parent=298"}],"curies":[{"name":"wp","href":"https:\/\/api.w.org\/{rel}","templated":true}]}}