{"id":364,"date":"2014-11-24T13:50:58","date_gmt":"2014-11-24T13:50:58","guid":{"rendered":"http:\/\/www.nesthostelsbarcelona.com\/barcelona\/groups-2"},"modified":"2022-06-30T13:16:15","modified_gmt":"2022-06-30T11:16:15","slug":"reservas-grupos","status":"publish","type":"page","link":"https:\/\/nesthostelsbarcelona.com\/es\/reservas-grupos\/","title":{"rendered":"Reservas de Grupos"},"content":{"rendered":"\n<h1 class=\"has-text-align-center wp-block-heading\">Reservas de grupo en Yellow Nest Hostel<\/h1>\n\n<h2 class=\"has-text-align-center wp-block-heading\">Alojamiento y hostales para grupos en Barcelona<\/h2>\n\n<p class=\"has-text-align-center\">Reserva un alojamiento \/ hostal para tu grupo en Barcelona gracias a Feet Up Hostels. Estamos especializados en la gesti\u00f3n de reservas de grupos (Solo para 10 o m\u00e1s personas)<\/p>\n\n<figure class=\"wp-block-image aligncenter size-full\"><a href=\"https:\/\/nesthostelsbarcelona.com\/wp-content\/uploads\/2022\/06\/groups-nest-hostels-barcelona.jpeg\"><img fetchpriority=\"high\" decoding=\"async\" width=\"1239\" height=\"929\" src=\"https:\/\/nesthostelsbarcelona.com\/wp-content\/uploads\/2022\/06\/groups-nest-hostels-barcelona.jpeg\" alt=\"Reservas de grupo en Yellow Nest Hostel Barcelona\" class=\"wp-image-3460\" srcset=\"https:\/\/nesthostelsbarcelona.com\/wp-content\/uploads\/2022\/06\/groups-nest-hostels-barcelona.jpeg 1239w, https:\/\/nesthostelsbarcelona.com\/wp-content\/uploads\/2022\/06\/groups-nest-hostels-barcelona-300x225.jpeg 300w, https:\/\/nesthostelsbarcelona.com\/wp-content\/uploads\/2022\/06\/groups-nest-hostels-barcelona-1024x768.jpeg 1024w, https:\/\/nesthostelsbarcelona.com\/wp-content\/uploads\/2022\/06\/groups-nest-hostels-barcelona-768x576.jpeg 768w\" sizes=\"(max-width: 1239px) 100vw, 1239px\" \/><\/a><figcaption>Reservas de grupo en Yellow Nest Hostel Barcelona<\/figcaption><\/figure>\n\n<h2 class=\"has-text-align-left wp-block-heading\">Planifica tu viaje con Feet Up Hostels<\/h2>\n\n<p>\u00bfEst\u00e1s pensando visitar Barcelona con tu grupo? \u00bfsois m\u00e1s de 10 personas? Sabemos que encontrar el alojamiento perfecto para tu grupo puede ser verdaderamente dif\u00edcil, sobre todo en una ciudad como Barcelona, por eso en Yellow Nest Hostel Barcelona contamos con un departamento de grupos especializado que te ayudar\u00e1 y asesorar\u00e1 en todo lo relacionado con tu grupo:<\/p>\n\n<ul class=\"wp-block-list\"><li>Estancias.<\/li><li><a href=\"\/es\/las-mejores-actividades-para-hacer-en-barcelona\/\" target=\"_blank\" rel=\"noopener\">Actividades<\/a>.<\/li><li>Traslados.<\/li><li>Comidas.<\/li><\/ul>\n\n<p>Deja las preocupaciones en casa con <a href=\"https:\/\/feetuphostels.com\/es\/\" target=\"_blank\" rel=\"noopener\">Feet Up Hostels<\/a> y ded\u00edcate solo a disfrutar de tu estancia y de Barcelona.<\/p>\n\n<h2 class=\"wp-block-heading\">Est\u00e1s son las ventajas que tendr\u00e1s t\u00fa y tu grupo al reservar con nosotros<\/h2>\n\n<ul class=\"wp-block-list\"><li>El mejor precio garantizado.<\/li><li>Amplia variedad de tipos de habitaciones.<\/li><li>Organizaci\u00f3n de actividades.<\/li><li>Servicio de traslado i\/v al aeropuerto.<\/li><li>Servicio personalizado.<\/li><li>Servicio de <a href=\"https:\/\/devoradorescatering.com\/\" target=\"_blank\" rel=\"noreferrer noopener\">Catering<\/a> para comidas, cenas y picnics.<\/li><li>Departamento especializado en grupos.<\/li><li>Sala para guardar las maletas gratuita.<\/li><\/ul>\n\n<p><\/p>\n\n<p class=\"has-white-color has-vivid-cyan-blue-background-color has-text-color has-background\">\u00a1No te olvides! Para registrarte en los albergues del <a href=\"https:\/\/feetuphostels.com\/es\/\" target=\"_blank\" rel=\"noopener\">Grupo Feet Up Hostels<\/a> debes facilitar 8 \u20ac de dep\u00f3sito y un pasaporte, carn\u00e9 de identidad o permiso de conducir en vigor\u2026 depende de ti, pero no puedes registrarte sin documentaci\u00f3n.<\/p>\n\n<h2 class=\"wp-block-heading\">Reserva un alojamiento para tu grupo en Barcelona<\/h2>\n\n<p>\u00bfNo conoces la ciudad y no sabes por d\u00f3nde empezar a buscar? \u00bfNo encuentras un restaurante que se adapte a las necesidades de tu grupo? \u00bfNo consigues el presupuesto adecuado? Creemos que despu\u00e9s de todo un d\u00eda haciendo turismo por Barcelona, necesitas descansar y dejar las preocupaciones de lado, por eso, <strong>Yellow Nest Hostel Barcelona<\/strong> pone a tu disposici\u00f3n un servicio de men\u00fas que se adapta a todas tus necesidades. Ofrecemos media pensi\u00f3n, pensi\u00f3n completa y picnics. Las pensiones se pueden combinar de la manera que te vaya mejor.<\/p>\n\n<h2 class=\"wp-block-heading\">Disponemos de men\u00fas para vegetarianos, deportistas, celiacos, etc.<\/h2>\n\n<p>Solo tendr\u00e1s que informarnos con antelaci\u00f3n sobre el men\u00fa que quieres y las dietas especiales y nosotros te lo gestionaremos todo antes de tu llegada.<\/p>\n\n<p>Con una gesti\u00f3n de m\u00e1s de 500 grupos anuales desde 2010, Yellow Nest Hostel Barcelona forma parte del grupo Feet Up Hostels, una de las cadenas de hostales m\u00e1s famosas de Espa\u00f1a y con mucha experiencia en turismo juvenil. Ofrecemos alojamiento a todo tipo de grupos incluyendo colegios, universidades, empresas, grupos de eventos, instituciones deportivas, etc. Adem\u00e1s, si quieres visitar el Albergue antes de tu estancia, nuestro departamento de grupos te har\u00e1 una visita guiada para que puedas ver nuestras instalaciones y puedas resolver todas las dudas que tengas sobre <strong>Yellow Nest Barcelona Hostels<\/strong>.<\/p>\n\n<p><\/p>\n\n<p><\/p>\n\n<p><\/p>\n\n<p><\/p>\n\n<p><\/p>\n\n<p><\/p>\n","protected":false},"excerpt":{"rendered":"<p>Reservas de Grupos en Barcelona Espa\u00f1a. Grupos para Nest Hostels Barcelona. P\u00f3ngase en contacto con nosotros para obtener toda la informaci\u00f3n sobre reservas de grupos, ofertas, descuentos, servicios para grupos.<\/p>\n","protected":false},"author":10,"featured_media":3458,"parent":0,"menu_order":0,"comment_status":"open","ping_status":"open","template":"","meta":{"footnotes":""},"class_list":["post-364","page","type-page","status-publish","has-post-thumbnail","hentry"],"yoast_head":"<!-- This site is optimized with the Yoast SEO plugin v27.4 - https:\/\/yoast.com\/product\/yoast-seo-wordpress\/ -->\n<title>Reservas de grupos Barcelona \u2705 Alojamiento para grupos al mejor precio<\/title>\n<meta name=\"description\" content=\"Reservas de grupos Barcelona. Alojamiento para grupos al mejor precio. Contacta con nosotros y obt\u00e9n ofertas en \u2705 Alojamiento \u2705 Gastronom\u00eda \u2705 Actividades\" \/>\n<meta name=\"robots\" content=\"index, follow, max-snippet:-1, max-image-preview:large, max-video-preview:-1\" \/>\n<link rel=\"canonical\" href=\"https:\/\/nesthostelsbarcelona.com\/es\/reservas-grupos\/\" \/>\n<meta property=\"og:locale\" content=\"es_ES\" \/>\n<meta property=\"og:type\" content=\"article\" \/>\n<meta property=\"og:title\" content=\"Reservas de grupos Barcelona \u2705 Alojamiento para grupos al mejor precio\" \/>\n<meta property=\"og:description\" content=\"Reservas de grupos Barcelona. Alojamiento para grupos al mejor precio. Contacta con nosotros y obt\u00e9n ofertas en \u2705 Alojamiento \u2705 Gastronom\u00eda \u2705 Actividades\" \/>\n<meta property=\"og:url\" content=\"https:\/\/nesthostelsbarcelona.com\/es\/reservas-grupos\/\" \/>\n<meta property=\"og:site_name\" content=\"Nest Hostels Barcelona\" \/>\n<meta property=\"article:publisher\" content=\"https:\/\/www.facebook.com\/YellowNestHostelBarcelona\/\" \/>\n<meta property=\"article:modified_time\" content=\"2022-06-30T11:16:15+00:00\" \/>\n<meta property=\"og:image\" content=\"https:\/\/nesthostelsbarcelona.com\/wp-content\/uploads\/2022\/06\/groups-nest-hostels-barcelona.jpeg\" \/>\n<meta name=\"twitter:card\" content=\"summary_large_image\" \/>\n<meta name=\"twitter:site\" content=\"@YellowHostel\" \/>\n<meta name=\"twitter:label1\" content=\"Tiempo de lectura\" \/>\n\t<meta name=\"twitter:data1\" content=\"3 minutos\" \/>\n<script type=\"application\/ld+json\" class=\"yoast-schema-graph\">{\"@context\":\"https:\\\/\\\/schema.org\",\"@graph\":[{\"@type\":\"WebPage\",\"@id\":\"https:\\\/\\\/nesthostelsbarcelona.com\\\/es\\\/reservas-grupos\\\/\",\"url\":\"https:\\\/\\\/nesthostelsbarcelona.com\\\/es\\\/reservas-grupos\\\/\",\"name\":\"Reservas de grupos Barcelona \u2705 Alojamiento para grupos al mejor precio\",\"isPartOf\":{\"@id\":\"https:\\\/\\\/nesthostelsbarcelona.com\\\/es\\\/#website\"},\"primaryImageOfPage\":{\"@id\":\"https:\\\/\\\/nesthostelsbarcelona.com\\\/es\\\/reservas-grupos\\\/#primaryimage\"},\"image\":{\"@id\":\"https:\\\/\\\/nesthostelsbarcelona.com\\\/es\\\/reservas-grupos\\\/#primaryimage\"},\"thumbnailUrl\":\"https:\\\/\\\/nesthostelsbarcelona.com\\\/wp-content\\\/uploads\\\/2022\\\/06\\\/groups-nest-hostels-barcelona.jpeg\",\"datePublished\":\"2014-11-24T13:50:58+00:00\",\"dateModified\":\"2022-06-30T11:16:15+00:00\",\"description\":\"Reservas de grupos Barcelona. Alojamiento para grupos al mejor precio. Contacta con nosotros y obt\u00e9n ofertas en \u2705 Alojamiento \u2705 Gastronom\u00eda \u2705 Actividades\",\"breadcrumb\":{\"@id\":\"https:\\\/\\\/nesthostelsbarcelona.com\\\/es\\\/reservas-grupos\\\/#breadcrumb\"},\"inLanguage\":\"es\",\"potentialAction\":[{\"@type\":\"ReadAction\",\"target\":[\"https:\\\/\\\/nesthostelsbarcelona.com\\\/es\\\/reservas-grupos\\\/\"]}]},{\"@type\":\"ImageObject\",\"inLanguage\":\"es\",\"@id\":\"https:\\\/\\\/nesthostelsbarcelona.com\\\/es\\\/reservas-grupos\\\/#primaryimage\",\"url\":\"https:\\\/\\\/nesthostelsbarcelona.com\\\/wp-content\\\/uploads\\\/2022\\\/06\\\/groups-nest-hostels-barcelona.jpeg\",\"contentUrl\":\"https:\\\/\\\/nesthostelsbarcelona.com\\\/wp-content\\\/uploads\\\/2022\\\/06\\\/groups-nest-hostels-barcelona.jpeg\",\"width\":1239,\"height\":929},{\"@type\":\"BreadcrumbList\",\"@id\":\"https:\\\/\\\/nesthostelsbarcelona.com\\\/es\\\/reservas-grupos\\\/#breadcrumb\",\"itemListElement\":[{\"@type\":\"ListItem\",\"position\":1,\"name\":\"Home\",\"item\":\"https:\\\/\\\/nesthostelsbarcelona.com\\\/es\\\/inicio\\\/\"},{\"@type\":\"ListItem\",\"position\":2,\"name\":\"Reservas de Grupos\"}]},{\"@type\":\"WebSite\",\"@id\":\"https:\\\/\\\/nesthostelsbarcelona.com\\\/es\\\/#website\",\"url\":\"https:\\\/\\\/nesthostelsbarcelona.com\\\/es\\\/\",\"name\":\"Nest Hostels Barcelona\",\"description\":\"Accommodation and beds for travelers in Barcelona\",\"publisher\":{\"@id\":\"https:\\\/\\\/nesthostelsbarcelona.com\\\/es\\\/#organization\"},\"potentialAction\":[{\"@type\":\"SearchAction\",\"target\":{\"@type\":\"EntryPoint\",\"urlTemplate\":\"https:\\\/\\\/nesthostelsbarcelona.com\\\/es\\\/?s={search_term_string}\"},\"query-input\":{\"@type\":\"PropertyValueSpecification\",\"valueRequired\":true,\"valueName\":\"search_term_string\"}}],\"inLanguage\":\"es\"},{\"@type\":\"Organization\",\"@id\":\"https:\\\/\\\/nesthostelsbarcelona.com\\\/es\\\/#organization\",\"name\":\"Nest Hostels Barcelona\",\"url\":\"https:\\\/\\\/nesthostelsbarcelona.com\\\/es\\\/\",\"logo\":{\"@type\":\"ImageObject\",\"inLanguage\":\"es\",\"@id\":\"https:\\\/\\\/nesthostelsbarcelona.com\\\/es\\\/#\\\/schema\\\/logo\\\/image\\\/\",\"url\":\"https:\\\/\\\/nesthostelsbarcelona.com\\\/wp-content\\\/uploads\\\/2022\\\/05\\\/logo-nest-hostels-valencia-feetuphostels.svg\",\"contentUrl\":\"https:\\\/\\\/nesthostelsbarcelona.com\\\/wp-content\\\/uploads\\\/2022\\\/05\\\/logo-nest-hostels-valencia-feetuphostels.svg\",\"width\":279,\"height\":130,\"caption\":\"Nest Hostels Barcelona\"},\"image\":{\"@id\":\"https:\\\/\\\/nesthostelsbarcelona.com\\\/es\\\/#\\\/schema\\\/logo\\\/image\\\/\"},\"sameAs\":[\"https:\\\/\\\/www.facebook.com\\\/YellowNestHostelBarcelona\\\/\",\"https:\\\/\\\/x.com\\\/YellowHostel\",\"https:\\\/\\\/www.instagram.com\\\/yellownesthostelbarcelona\\\/\",\"https:\\\/\\\/www.tiktok.com\\\/@yellownesthostel\",\"https:\\\/\\\/www.linkedin.com\\\/company\\\/yellow-nest-hostel-barcelona\\\/\",\"https:\\\/\\\/www.youtube.com\\\/channel\\\/UCwLfXY-N5JO_uNZtStWLqqw\",\"https:\\\/\\\/vk.com\\\/yellownesthostelbarcelona\\\/\",\"https:\\\/\\\/m.me\\\/YellowNestHostelBarcelona\\\/\",\"https:\\\/\\\/www.tripadvisor.es\\\/Hotel_Review-g187497-d1815573-Reviews-Yellow_Nest_Hostel_Barcelona-Barcelona_Catalonia.html\"]}]}<\/script>\n<!-- \/ Yoast SEO plugin. -->","yoast_head_json":{"title":"Reservas de grupos Barcelona \u2705 Alojamiento para grupos al mejor precio","description":"Reservas de grupos Barcelona. Alojamiento para grupos al mejor precio. Contacta con nosotros y obt\u00e9n ofertas en \u2705 Alojamiento \u2705 Gastronom\u00eda \u2705 Actividades","robots":{"index":"index","follow":"follow","max-snippet":"max-snippet:-1","max-image-preview":"max-image-preview:large","max-video-preview":"max-video-preview:-1"},"canonical":"https:\/\/nesthostelsbarcelona.com\/es\/reservas-grupos\/","og_locale":"es_ES","og_type":"article","og_title":"Reservas de grupos Barcelona \u2705 Alojamiento para grupos al mejor precio","og_description":"Reservas de grupos Barcelona. Alojamiento para grupos al mejor precio. Contacta con nosotros y obt\u00e9n ofertas en \u2705 Alojamiento \u2705 Gastronom\u00eda \u2705 Actividades","og_url":"https:\/\/nesthostelsbarcelona.com\/es\/reservas-grupos\/","og_site_name":"Nest Hostels Barcelona","article_publisher":"https:\/\/www.facebook.com\/YellowNestHostelBarcelona\/","article_modified_time":"2022-06-30T11:16:15+00:00","og_image":[{"url":"https:\/\/nesthostelsbarcelona.com\/wp-content\/uploads\/2022\/06\/groups-nest-hostels-barcelona.jpeg","type":"","width":"","height":""}],"twitter_card":"summary_large_image","twitter_site":"@YellowHostel","twitter_misc":{"Tiempo de lectura":"3 minutos"},"schema":{"@context":"https:\/\/schema.org","@graph":[{"@type":"WebPage","@id":"https:\/\/nesthostelsbarcelona.com\/es\/reservas-grupos\/","url":"https:\/\/nesthostelsbarcelona.com\/es\/reservas-grupos\/","name":"Reservas de grupos Barcelona \u2705 Alojamiento para grupos al mejor precio","isPartOf":{"@id":"https:\/\/nesthostelsbarcelona.com\/es\/#website"},"primaryImageOfPage":{"@id":"https:\/\/nesthostelsbarcelona.com\/es\/reservas-grupos\/#primaryimage"},"image":{"@id":"https:\/\/nesthostelsbarcelona.com\/es\/reservas-grupos\/#primaryimage"},"thumbnailUrl":"https:\/\/nesthostelsbarcelona.com\/wp-content\/uploads\/2022\/06\/groups-nest-hostels-barcelona.jpeg","datePublished":"2014-11-24T13:50:58+00:00","dateModified":"2022-06-30T11:16:15+00:00","description":"Reservas de grupos Barcelona. Alojamiento para grupos al mejor precio. Contacta con nosotros y obt\u00e9n ofertas en \u2705 Alojamiento \u2705 Gastronom\u00eda \u2705 Actividades","breadcrumb":{"@id":"https:\/\/nesthostelsbarcelona.com\/es\/reservas-grupos\/#breadcrumb"},"inLanguage":"es","potentialAction":[{"@type":"ReadAction","target":["https:\/\/nesthostelsbarcelona.com\/es\/reservas-grupos\/"]}]},{"@type":"ImageObject","inLanguage":"es","@id":"https:\/\/nesthostelsbarcelona.com\/es\/reservas-grupos\/#primaryimage","url":"https:\/\/nesthostelsbarcelona.com\/wp-content\/uploads\/2022\/06\/groups-nest-hostels-barcelona.jpeg","contentUrl":"https:\/\/nesthostelsbarcelona.com\/wp-content\/uploads\/2022\/06\/groups-nest-hostels-barcelona.jpeg","width":1239,"height":929},{"@type":"BreadcrumbList","@id":"https:\/\/nesthostelsbarcelona.com\/es\/reservas-grupos\/#breadcrumb","itemListElement":[{"@type":"ListItem","position":1,"name":"Home","item":"https:\/\/nesthostelsbarcelona.com\/es\/inicio\/"},{"@type":"ListItem","position":2,"name":"Reservas de Grupos"}]},{"@type":"WebSite","@id":"https:\/\/nesthostelsbarcelona.com\/es\/#website","url":"https:\/\/nesthostelsbarcelona.com\/es\/","name":"Nest Hostels Barcelona","description":"Accommodation and beds for travelers in Barcelona","publisher":{"@id":"https:\/\/nesthostelsbarcelona.com\/es\/#organization"},"potentialAction":[{"@type":"SearchAction","target":{"@type":"EntryPoint","urlTemplate":"https:\/\/nesthostelsbarcelona.com\/es\/?s={search_term_string}"},"query-input":{"@type":"PropertyValueSpecification","valueRequired":true,"valueName":"search_term_string"}}],"inLanguage":"es"},{"@type":"Organization","@id":"https:\/\/nesthostelsbarcelona.com\/es\/#organization","name":"Nest Hostels Barcelona","url":"https:\/\/nesthostelsbarcelona.com\/es\/","logo":{"@type":"ImageObject","inLanguage":"es","@id":"https:\/\/nesthostelsbarcelona.com\/es\/#\/schema\/logo\/image\/","url":"https:\/\/nesthostelsbarcelona.com\/wp-content\/uploads\/2022\/05\/logo-nest-hostels-valencia-feetuphostels.svg","contentUrl":"https:\/\/nesthostelsbarcelona.com\/wp-content\/uploads\/2022\/05\/logo-nest-hostels-valencia-feetuphostels.svg","width":279,"height":130,"caption":"Nest Hostels Barcelona"},"image":{"@id":"https:\/\/nesthostelsbarcelona.com\/es\/#\/schema\/logo\/image\/"},"sameAs":["https:\/\/www.facebook.com\/YellowNestHostelBarcelona\/","https:\/\/x.com\/YellowHostel","https:\/\/www.instagram.com\/yellownesthostelbarcelona\/","https:\/\/www.tiktok.com\/@yellownesthostel","https:\/\/www.linkedin.com\/company\/yellow-nest-hostel-barcelona\/","https:\/\/www.youtube.com\/channel\/UCwLfXY-N5JO_uNZtStWLqqw","https:\/\/vk.com\/yellownesthostelbarcelona\/","https:\/\/m.me\/YellowNestHostelBarcelona\/","https:\/\/www.tripadvisor.es\/Hotel_Review-g187497-d1815573-Reviews-Yellow_Nest_Hostel_Barcelona-Barcelona_Catalonia.html"]}]}},"_links":{"self":[{"href":"https:\/\/nesthostelsbarcelona.com\/es\/wp-json\/wp\/v2\/pages\/364","targetHints":{"allow":["GET"]}}],"collection":[{"href":"https:\/\/nesthostelsbarcelona.com\/es\/wp-json\/wp\/v2\/pages"}],"about":[{"href":"https:\/\/nesthostelsbarcelona.com\/es\/wp-json\/wp\/v2\/types\/page"}],"author":[{"embeddable":true,"href":"https:\/\/nesthostelsbarcelona.com\/es\/wp-json\/wp\/v2\/users\/10"}],"replies":[{"embeddable":true,"href":"https:\/\/nesthostelsbarcelona.com\/es\/wp-json\/wp\/v2\/comments?post=364"}],"version-history":[{"count":0,"href":"https:\/\/nesthostelsbarcelona.com\/es\/wp-json\/wp\/v2\/pages\/364\/revisions"}],"wp:featuredmedia":[{"embeddable":true,"href":"https:\/\/nesthostelsbarcelona.com\/es\/wp-json\/wp\/v2\/media\/3458"}],"wp:attachment":[{"href":"https:\/\/nesthostelsbarcelona.com\/es\/wp-json\/wp\/v2\/media?parent=364"}],"curies":[{"name":"wp","href":"https:\/\/api.w.org\/{rel}","templated":true}]}}