{"id":365,"date":"2014-11-24T13:49:06","date_gmt":"2014-11-24T13:49:06","guid":{"rendered":"http:\/\/www.nesthostelsbarcelona.com\/barcelona\/location-2"},"modified":"2022-07-06T14:07:47","modified_gmt":"2022-07-06T12:07:47","slug":"como-llegar-albergue-yellow-nest-hostel-barcelona","status":"publish","type":"page","link":"https:\/\/nesthostelsbarcelona.com\/es\/como-llegar-albergue-yellow-nest-hostel-barcelona\/","title":{"rendered":"C\u00f3mo llegar a Albergue Yellow Nest Hostel Barcelona"},"content":{"rendered":"\n<h4 class=\"wp-block-heading\"><strong>DESDE EL PRAT, AEROPUERTO DE BARCELONA:<\/strong><\/h4>\n\n\n\n<p><strong>TREN: (OPCI\u00d3N M\u00c1S R\u00c1PIDA para llegar a Yellow Nest Hostel)<\/strong><\/p>\n\n\n\n<p>Una de las formas m\u00e1s r\u00e1pidas de llegar a Yellow Nest Hostel es tomando el tren. Hasta la estaci\u00f3n de Sants (20 minutos). Una vez all\u00ed tomar la L\u00cdNEA 5 de metro (AZUL) direcci\u00f3n CORNELLA y salir en la estaci\u00f3n BADAL (2 paradas).<\/p>\n\n\n\n<p><strong>IMPORTANTE:<\/strong> En primer lugar, 4 minutos a pie desde la estaci\u00f3n de metro de Badal si sigues estas instrucciones. En segundo lugar, b\u00e1jate en Estaci\u00f3n Badal y ve a tu izquierda, Salida Carreras i Candi. Cabe se\u00f1alar que tiene 2 puertas, coge la de la derecha (Sortida Sants). Una vez en la calle, siga recto hasta la siguiente esquina y gire a la derecha en la calle Arizala. Despu\u00e9s de 100 mts. andando, llegar\u00e1s a la Avenida Madrid. Cruza la avenida y sube la primera callecita a la izquierda. Finalmente, este es Passatge del Regente Mendieta, donde nos encontrar\u00e1s en el N\u00ba5. \u00a1Aqu\u00ed est\u00e1 el albergue!<\/p>\n\n\n\n<p><strong><a href=\"https:\/\/aerobusbarcelona.es\/\">AEROBUS:<\/a><\/strong> Para llegar al Yellow Nest Hostel tomando el aerobus. El autob\u00fas que te lleva directamente al centro de Barcelona y te deja en Plaza Catalunya, o tambi\u00e9n puedes parar en Pla\u00e7a Espanya. Adem\u00e1s, es mejor que pare en Plaza Espanya, ya que est\u00e1 m\u00e1s cerca del albergue. Por \u00faltimo, coge el metro, l\u00ednea roja (L1), direcci\u00f3n Hospital de Bellvitge, cambia en Plaza de Sants, y coge la l\u00ednea azul (L5) direcci\u00f3n Cornella Centre, BAJA en la estaci\u00f3n de metro de Badal.<\/p>\n\n\n\n<p><strong>IMPORTANTE:<\/strong> 4 min andando desde la estaci\u00f3n de metro de Badal si sigues estas instrucciones.<\/p>\n\n\n\n<p>Bajar en Estaci\u00f3n Badal y girar a la izquierda, Salida Carreras i Candi. Tiene 2 puertas, coge la de la derecha (Sortida Sants) Una vez en la calle, sigue recto hasta la siguiente esquina y gira a la derecha por la calle Arizala. Despu\u00e9s de 100 mts. andando, llegar\u00e1s a la Avenida Madrid, cruza la avenida y sube la primera callecita a la izquierda. Este es Passatge del Regente Mendieta, donde nos encontrar\u00e1s en el n\u00ba 5. \u00a1Aqu\u00ed est\u00e1 el hostel!<\/p>\n\n\n\n<p>Pero si paras en Plaza Catalunya, coge el metro (7 mn), l\u00ednea roja (L1), direcci\u00f3n Hospital de Bellvitge, cambia en Plaza de Sants, y coge la l\u00ednea azul (L5) direcci\u00f3n Cornella Centre, P\u00c1RATE en la estaci\u00f3n de metro Badal.<\/p>\n\n\n\n<p><strong>NOTE:<\/strong> the aerobus TOWARDS the airport has a stop<\/p>\n\n\n\n<h4 class=\"wp-block-heading\"><strong>ESTACIO DEL NORD BUS STATION<\/strong>:<\/h4>\n\n\n\n<p>En primer lugar, coge el metro, l\u00ednea roja (L1), direcci\u00f3n Hospital de Bellvitge, cambia en Pla\u00e7a de Sants, y coge la l\u00ednea azul (L5) direcci\u00f3n Cornella Centre.<\/p>\n\n\n\n<p>PARE en la estaci\u00f3n de metro de Badal.<\/p>\n\n\n\n<p><strong>IMPORTANTE:<\/strong> 4 min andando desde la estaci\u00f3n de metro de Badal si sigues estas instrucciones. Bajar en Estaci\u00f3n Badal y girar a la izquierda, Salida Carreras i Candi. Tiene 2 puertas, coge la de la derecha (Sortida Sants) Una vez en la calle, sigue recto hasta la siguiente esquina y gira a la derecha por la calle Arizala. Despu\u00e9s de 100 mts. andando, llegar\u00e1s a la Avenida Madrid, cruza la avenida y sube la primera callecita a la izquierda. Este es Passatge del Regente Mendieta, donde nos encontrar\u00e1s en el N\u00ba 5. \u00a1Aqu\u00ed est\u00e1 el albergue!<\/p>\n\n\n\n<h4 class=\"wp-block-heading\"><strong>DESDE SANTS ESTACIO, ESTACI\u00d3N DE TREN:<\/strong><\/h4>\n\n\n\n<p>(4min of metro) : take the metro, blue line (L5) direction Cornella Centre, STOP at Badal metro station.<\/p>\n\n\n\n<p><strong>IMPORTANTE:<\/strong> 4 min andando desde la estaci\u00f3n de metro de Badal si sigues estas instrucciones.<\/p>\n\n\n\n<p>Bajar en Estaci\u00f3n Badal y girar a la izquierda, Salida Carreras i Candi. Tiene 2 puertas, coge la de la derecha (Sortida Sants) Una vez en la calle, sigue recto hasta la siguiente esquina y gira a la derecha por la calle Arizala. Despu\u00e9s de 100 mts. andando, llegar\u00e1s a la Avenida Madrid, cruza la avenida y sube la primera callecita a la izquierda. Este es Passatge del Regente Mendieta, donde nos encontrar\u00e1s en el N\u00ba 5. \u00a1Aqu\u00ed est\u00e1 el albergue!<\/p>\n\n\n\n<h4 class=\"wp-block-heading\"><strong>DESDE EL AEROPUERTO DE GIRONA:<\/strong><\/h4>\n\n\n\n<p>(tomar el autob\u00fas especial al centro de la ciudad, 1h20, alrededor de 10 euros). Te deja en Estacio del Nord, la principal ESTACI\u00d3N DE AUTOBUSES. Coger el metro, l\u00ednea roja (L1), direcci\u00f3n Hospital de Bellvitge, cambiar en Plaza de Sants, y coger la l\u00ednea azul (L5) direcci\u00f3n Cornella Centre, PARAR en la estaci\u00f3n de metro Badal.<\/p>\n\n\n\n<p><strong>IMPORTANTE:<\/strong> 4 min andando desde la estaci\u00f3n de metro de Badal si sigues estas instrucciones.<\/p>\n\n\n\n<p>Bajar en Estaci\u00f3n Badal y girar a la izquierda, Salida Carreras i Candi. Tiene 2 puertas, coge la de la derecha (Sortida Sants) Una vez en la calle, sigue recto hasta la siguiente esquina y gira a la derecha por la calle Arizala. Despu\u00e9s de 100 mts. andando, llegar\u00e1s a la Avenida Madrid, cruza la avenida y sube la primera callecita a la izquierda. Este es Passatge del Regente Mendieta, donde nos encontrar\u00e1s en el N\u00ba 5. \u00a1Aqu\u00ed est\u00e1 el albergue!<\/p>\n\n\n\n<p><\/p>\n","protected":false},"excerpt":{"rendered":"<p>C\u00f3mo llegar al Yellow Nest hostel en Barcelona. Ubicaci\u00f3n del Yellow Nest hostel en Barcelona. C\u00f3mo llegar a Yellow Nest Hostel Barcelona desde las estaciones de autob\u00fas y tren.<\/p>\n","protected":false},"author":10,"featured_media":0,"parent":0,"menu_order":0,"comment_status":"closed","ping_status":"open","template":"","meta":{"footnotes":""},"class_list":["post-365","page","type-page","status-publish","hentry"],"yoast_head":"<!-- This site is optimized with the Yoast SEO plugin v27.4 - https:\/\/yoast.com\/product\/yoast-seo-wordpress\/ -->\n<title>C\u00f3mo llegar a Albergue Yellow Nest Hostel Barcelona &#8226;<\/title>\n<meta name=\"description\" content=\"Indicaciones de c\u00f3mo llegar al Yellow Nest Hostel Barcelona desde la estaci\u00f3n de trenes y la estaci\u00f3n de autobuses, aeropuerto.\" \/>\n<meta name=\"robots\" content=\"index, follow, max-snippet:-1, max-image-preview:large, max-video-preview:-1\" \/>\n<link rel=\"canonical\" href=\"https:\/\/nesthostelsbarcelona.com\/es\/como-llegar-albergue-yellow-nest-hostel-barcelona\/\" \/>\n<meta property=\"og:locale\" content=\"es_ES\" \/>\n<meta property=\"og:type\" content=\"article\" \/>\n<meta property=\"og:title\" content=\"C\u00f3mo llegar a Albergue Yellow Nest Hostel Barcelona &#8226;\" \/>\n<meta property=\"og:description\" content=\"Indicaciones de c\u00f3mo llegar al Yellow Nest Hostel Barcelona desde la estaci\u00f3n de trenes y la estaci\u00f3n de autobuses, aeropuerto.\" \/>\n<meta property=\"og:url\" content=\"https:\/\/nesthostelsbarcelona.com\/es\/como-llegar-albergue-yellow-nest-hostel-barcelona\/\" \/>\n<meta property=\"og:site_name\" content=\"Nest Hostels Barcelona\" \/>\n<meta property=\"article:publisher\" content=\"https:\/\/www.facebook.com\/YellowNestHostelBarcelona\/\" \/>\n<meta property=\"article:modified_time\" content=\"2022-07-06T12:07:47+00:00\" \/>\n<meta property=\"og:image\" content=\"https:\/\/nesthostelsbarcelona.com\/wp-content\/uploads\/2014\/11\/logo.png\" \/>\n\t<meta property=\"og:image:width\" content=\"300\" \/>\n\t<meta property=\"og:image:height\" content=\"300\" \/>\n\t<meta property=\"og:image:type\" content=\"image\/png\" \/>\n<meta name=\"twitter:card\" content=\"summary_large_image\" \/>\n<meta name=\"twitter:site\" content=\"@YellowHostel\" \/>\n<meta name=\"twitter:label1\" content=\"Tiempo de lectura\" \/>\n\t<meta name=\"twitter:data1\" content=\"4 minutos\" \/>\n<script type=\"application\/ld+json\" class=\"yoast-schema-graph\">{\"@context\":\"https:\\\/\\\/schema.org\",\"@graph\":[{\"@type\":\"WebPage\",\"@id\":\"https:\\\/\\\/nesthostelsbarcelona.com\\\/es\\\/como-llegar-albergue-yellow-nest-hostel-barcelona\\\/\",\"url\":\"https:\\\/\\\/nesthostelsbarcelona.com\\\/es\\\/como-llegar-albergue-yellow-nest-hostel-barcelona\\\/\",\"name\":\"C\u00f3mo llegar a Albergue Yellow Nest Hostel Barcelona &#8226;\",\"isPartOf\":{\"@id\":\"https:\\\/\\\/nesthostelsbarcelona.com\\\/es\\\/#website\"},\"datePublished\":\"2014-11-24T13:49:06+00:00\",\"dateModified\":\"2022-07-06T12:07:47+00:00\",\"description\":\"Indicaciones de c\u00f3mo llegar al Yellow Nest Hostel Barcelona desde la estaci\u00f3n de trenes y la estaci\u00f3n de autobuses, aeropuerto.\",\"breadcrumb\":{\"@id\":\"https:\\\/\\\/nesthostelsbarcelona.com\\\/es\\\/como-llegar-albergue-yellow-nest-hostel-barcelona\\\/#breadcrumb\"},\"inLanguage\":\"es\",\"potentialAction\":[{\"@type\":\"ReadAction\",\"target\":[\"https:\\\/\\\/nesthostelsbarcelona.com\\\/es\\\/como-llegar-albergue-yellow-nest-hostel-barcelona\\\/\"]}]},{\"@type\":\"BreadcrumbList\",\"@id\":\"https:\\\/\\\/nesthostelsbarcelona.com\\\/es\\\/como-llegar-albergue-yellow-nest-hostel-barcelona\\\/#breadcrumb\",\"itemListElement\":[{\"@type\":\"ListItem\",\"position\":1,\"name\":\"Home\",\"item\":\"https:\\\/\\\/nesthostelsbarcelona.com\\\/es\\\/inicio\\\/\"},{\"@type\":\"ListItem\",\"position\":2,\"name\":\"C\u00f3mo llegar a Albergue Yellow Nest Hostel Barcelona\"}]},{\"@type\":\"WebSite\",\"@id\":\"https:\\\/\\\/nesthostelsbarcelona.com\\\/es\\\/#website\",\"url\":\"https:\\\/\\\/nesthostelsbarcelona.com\\\/es\\\/\",\"name\":\"Nest Hostels Barcelona\",\"description\":\"Accommodation and beds for travelers in Barcelona\",\"publisher\":{\"@id\":\"https:\\\/\\\/nesthostelsbarcelona.com\\\/es\\\/#organization\"},\"potentialAction\":[{\"@type\":\"SearchAction\",\"target\":{\"@type\":\"EntryPoint\",\"urlTemplate\":\"https:\\\/\\\/nesthostelsbarcelona.com\\\/es\\\/?s={search_term_string}\"},\"query-input\":{\"@type\":\"PropertyValueSpecification\",\"valueRequired\":true,\"valueName\":\"search_term_string\"}}],\"inLanguage\":\"es\"},{\"@type\":\"Organization\",\"@id\":\"https:\\\/\\\/nesthostelsbarcelona.com\\\/es\\\/#organization\",\"name\":\"Nest Hostels Barcelona\",\"url\":\"https:\\\/\\\/nesthostelsbarcelona.com\\\/es\\\/\",\"logo\":{\"@type\":\"ImageObject\",\"inLanguage\":\"es\",\"@id\":\"https:\\\/\\\/nesthostelsbarcelona.com\\\/es\\\/#\\\/schema\\\/logo\\\/image\\\/\",\"url\":\"https:\\\/\\\/nesthostelsbarcelona.com\\\/wp-content\\\/uploads\\\/2022\\\/05\\\/logo-nest-hostels-valencia-feetuphostels.svg\",\"contentUrl\":\"https:\\\/\\\/nesthostelsbarcelona.com\\\/wp-content\\\/uploads\\\/2022\\\/05\\\/logo-nest-hostels-valencia-feetuphostels.svg\",\"width\":279,\"height\":130,\"caption\":\"Nest Hostels Barcelona\"},\"image\":{\"@id\":\"https:\\\/\\\/nesthostelsbarcelona.com\\\/es\\\/#\\\/schema\\\/logo\\\/image\\\/\"},\"sameAs\":[\"https:\\\/\\\/www.facebook.com\\\/YellowNestHostelBarcelona\\\/\",\"https:\\\/\\\/x.com\\\/YellowHostel\",\"https:\\\/\\\/www.instagram.com\\\/yellownesthostelbarcelona\\\/\",\"https:\\\/\\\/www.tiktok.com\\\/@yellownesthostel\",\"https:\\\/\\\/www.linkedin.com\\\/company\\\/yellow-nest-hostel-barcelona\\\/\",\"https:\\\/\\\/www.youtube.com\\\/channel\\\/UCwLfXY-N5JO_uNZtStWLqqw\",\"https:\\\/\\\/vk.com\\\/yellownesthostelbarcelona\\\/\",\"https:\\\/\\\/m.me\\\/YellowNestHostelBarcelona\\\/\",\"https:\\\/\\\/www.tripadvisor.es\\\/Hotel_Review-g187497-d1815573-Reviews-Yellow_Nest_Hostel_Barcelona-Barcelona_Catalonia.html\"]}]}<\/script>\n<!-- \/ Yoast SEO plugin. -->","yoast_head_json":{"title":"C\u00f3mo llegar a Albergue Yellow Nest Hostel Barcelona &#8226;","description":"Indicaciones de c\u00f3mo llegar al Yellow Nest Hostel Barcelona desde la estaci\u00f3n de trenes y la estaci\u00f3n de autobuses, aeropuerto.","robots":{"index":"index","follow":"follow","max-snippet":"max-snippet:-1","max-image-preview":"max-image-preview:large","max-video-preview":"max-video-preview:-1"},"canonical":"https:\/\/nesthostelsbarcelona.com\/es\/como-llegar-albergue-yellow-nest-hostel-barcelona\/","og_locale":"es_ES","og_type":"article","og_title":"C\u00f3mo llegar a Albergue Yellow Nest Hostel Barcelona &#8226;","og_description":"Indicaciones de c\u00f3mo llegar al Yellow Nest Hostel Barcelona desde la estaci\u00f3n de trenes y la estaci\u00f3n de autobuses, aeropuerto.","og_url":"https:\/\/nesthostelsbarcelona.com\/es\/como-llegar-albergue-yellow-nest-hostel-barcelona\/","og_site_name":"Nest Hostels Barcelona","article_publisher":"https:\/\/www.facebook.com\/YellowNestHostelBarcelona\/","article_modified_time":"2022-07-06T12:07:47+00:00","og_image":[{"width":300,"height":300,"url":"https:\/\/nesthostelsbarcelona.com\/wp-content\/uploads\/2014\/11\/logo.png","type":"image\/png"}],"twitter_card":"summary_large_image","twitter_site":"@YellowHostel","twitter_misc":{"Tiempo de lectura":"4 minutos"},"schema":{"@context":"https:\/\/schema.org","@graph":[{"@type":"WebPage","@id":"https:\/\/nesthostelsbarcelona.com\/es\/como-llegar-albergue-yellow-nest-hostel-barcelona\/","url":"https:\/\/nesthostelsbarcelona.com\/es\/como-llegar-albergue-yellow-nest-hostel-barcelona\/","name":"C\u00f3mo llegar a Albergue Yellow Nest Hostel Barcelona &#8226;","isPartOf":{"@id":"https:\/\/nesthostelsbarcelona.com\/es\/#website"},"datePublished":"2014-11-24T13:49:06+00:00","dateModified":"2022-07-06T12:07:47+00:00","description":"Indicaciones de c\u00f3mo llegar al Yellow Nest Hostel Barcelona desde la estaci\u00f3n de trenes y la estaci\u00f3n de autobuses, aeropuerto.","breadcrumb":{"@id":"https:\/\/nesthostelsbarcelona.com\/es\/como-llegar-albergue-yellow-nest-hostel-barcelona\/#breadcrumb"},"inLanguage":"es","potentialAction":[{"@type":"ReadAction","target":["https:\/\/nesthostelsbarcelona.com\/es\/como-llegar-albergue-yellow-nest-hostel-barcelona\/"]}]},{"@type":"BreadcrumbList","@id":"https:\/\/nesthostelsbarcelona.com\/es\/como-llegar-albergue-yellow-nest-hostel-barcelona\/#breadcrumb","itemListElement":[{"@type":"ListItem","position":1,"name":"Home","item":"https:\/\/nesthostelsbarcelona.com\/es\/inicio\/"},{"@type":"ListItem","position":2,"name":"C\u00f3mo llegar a Albergue Yellow Nest Hostel Barcelona"}]},{"@type":"WebSite","@id":"https:\/\/nesthostelsbarcelona.com\/es\/#website","url":"https:\/\/nesthostelsbarcelona.com\/es\/","name":"Nest Hostels Barcelona","description":"Accommodation and beds for travelers in Barcelona","publisher":{"@id":"https:\/\/nesthostelsbarcelona.com\/es\/#organization"},"potentialAction":[{"@type":"SearchAction","target":{"@type":"EntryPoint","urlTemplate":"https:\/\/nesthostelsbarcelona.com\/es\/?s={search_term_string}"},"query-input":{"@type":"PropertyValueSpecification","valueRequired":true,"valueName":"search_term_string"}}],"inLanguage":"es"},{"@type":"Organization","@id":"https:\/\/nesthostelsbarcelona.com\/es\/#organization","name":"Nest Hostels Barcelona","url":"https:\/\/nesthostelsbarcelona.com\/es\/","logo":{"@type":"ImageObject","inLanguage":"es","@id":"https:\/\/nesthostelsbarcelona.com\/es\/#\/schema\/logo\/image\/","url":"https:\/\/nesthostelsbarcelona.com\/wp-content\/uploads\/2022\/05\/logo-nest-hostels-valencia-feetuphostels.svg","contentUrl":"https:\/\/nesthostelsbarcelona.com\/wp-content\/uploads\/2022\/05\/logo-nest-hostels-valencia-feetuphostels.svg","width":279,"height":130,"caption":"Nest Hostels Barcelona"},"image":{"@id":"https:\/\/nesthostelsbarcelona.com\/es\/#\/schema\/logo\/image\/"},"sameAs":["https:\/\/www.facebook.com\/YellowNestHostelBarcelona\/","https:\/\/x.com\/YellowHostel","https:\/\/www.instagram.com\/yellownesthostelbarcelona\/","https:\/\/www.tiktok.com\/@yellownesthostel","https:\/\/www.linkedin.com\/company\/yellow-nest-hostel-barcelona\/","https:\/\/www.youtube.com\/channel\/UCwLfXY-N5JO_uNZtStWLqqw","https:\/\/vk.com\/yellownesthostelbarcelona\/","https:\/\/m.me\/YellowNestHostelBarcelona\/","https:\/\/www.tripadvisor.es\/Hotel_Review-g187497-d1815573-Reviews-Yellow_Nest_Hostel_Barcelona-Barcelona_Catalonia.html"]}]}},"_links":{"self":[{"href":"https:\/\/nesthostelsbarcelona.com\/es\/wp-json\/wp\/v2\/pages\/365","targetHints":{"allow":["GET"]}}],"collection":[{"href":"https:\/\/nesthostelsbarcelona.com\/es\/wp-json\/wp\/v2\/pages"}],"about":[{"href":"https:\/\/nesthostelsbarcelona.com\/es\/wp-json\/wp\/v2\/types\/page"}],"author":[{"embeddable":true,"href":"https:\/\/nesthostelsbarcelona.com\/es\/wp-json\/wp\/v2\/users\/10"}],"replies":[{"embeddable":true,"href":"https:\/\/nesthostelsbarcelona.com\/es\/wp-json\/wp\/v2\/comments?post=365"}],"version-history":[{"count":0,"href":"https:\/\/nesthostelsbarcelona.com\/es\/wp-json\/wp\/v2\/pages\/365\/revisions"}],"wp:attachment":[{"href":"https:\/\/nesthostelsbarcelona.com\/es\/wp-json\/wp\/v2\/media?parent=365"}],"curies":[{"name":"wp","href":"https:\/\/api.w.org\/{rel}","templated":true}]}}