{"id":375,"date":"2014-11-24T13:49:27","date_gmt":"2014-11-24T13:49:27","guid":{"rendered":"http:\/\/www.nesthostelsbarcelona.com\/barcelona\/booking-2"},"modified":"2022-06-24T00:35:43","modified_gmt":"2022-06-23T22:35:43","slug":"reservar","status":"publish","type":"page","link":"https:\/\/nesthostelsbarcelona.com\/es\/reservar\/","title":{"rendered":"Reservar Yellow Nest Hostel Barcelona"},"content":{"rendered":"\n<h2 class=\"has-text-align-center wp-block-heading\">Reservas directas y ahorras hasta un 10% cerca del Camp Nou<\/h2>\n\n<div style=\"height:30px\" aria-hidden=\"true\" class=\"wp-block-spacer\"><\/div>\n\n<!-- \r\n    WuBook Javascript Library\r\n    Eventually, put it inside\r\n    your <head\/> tag\r\n-->\r\n<script src=\"https:\/\/wubook.net\/js\/wblib.jgz\"><\/script>\r\n<!-- \r\n     put the following div where WuBook \r\n     should be designed. Make sure to\r\n     preserve the div contents (backlink)\r\n-->\r\n<div id=\"_wbord_\">\r\n  <a href=\"https:\/\/en.wubook.net\/channel-manager\/\" style=\"display: block; margin-top: 5px; text-decoration:none;border:none\" target=\"_blank\" rel=\"noopener\">\r\n    <img decoding=\"async\" src=\"https:\/\/wubook.net\/imgs\/default\/booking_by_wu.gif\" alt=\"channel reservations for hotel by wubook\" title=\"Hotel and tourism solutions\" style=\"border:none;text-decoration:none\"\/>\r\n  <\/a>\r\n<\/div>\r\n<!-- \r\n     Initialize the WuBook Object.\r\n     Collect params settings.\r\n     Call WuBook.design_iframe().\r\n\r\n     Notice WuBook Object provides a\r\n     lot of interesting features.\r\n-->\r\n<script>\r\n  var WuBook= new _WuBook(1370331488);\r\n  var wbparams= {\r\n    lang: 'es',\r\n    layout: '',\r\n    mobile: 1,\r\n    height: 'auto',\r\n    width: '100%',\r\n    default_nights: 3,\r\n    mheight: 640\r\n  };\r\n  WuBook.design_iframe(\"_wbord_\", wbparams);\r\n<\/script>\r\n<!-- \r\n    that's all :)\r\n    Thank you for using WuBook!\r\n-->\r\n\n<div style=\"height:30px\" aria-hidden=\"true\" class=\"wp-block-spacer\"><\/div>\n\n<h2 class=\"wp-block-heading\">Debes tener esto en cuenta a la hora de reservar con nosotros.<\/h2>\n\n<ul class=\"wp-block-list\"><li>Por normativa nos vemos obligados a\u00a0<strong>no aceptar<\/strong>\u00a0hu\u00e9spedes menores de 18 a\u00f1os si no van acompa\u00f1ados de un adulto.<\/li><li>Los hu\u00e9spedes menores de 18 a\u00f1os no pueden alojarse en una habitaci\u00f3n compartida, a menos que todos los ocupantes sean miembros de su grupo de viaje.<\/li><li>Debes presentar un documento de identidad o un pasaporte v\u00e1lido al hacer el Check-in.<\/li><li>Debes dejar un dep\u00f3sito de 5\u20ac  por la llave y 5\u20ac por la toalla (no te preocupes que al realizar el check-out se te ser\u00e1 devuelto al entregar la llave y la toalla en las mismas condiciones que se te entregaron).<\/li><li>En las reservas de m\u00e1s de 10 o m\u00e1s personas se aplicar\u00e1n condiciones especiales de grupos. Te recomendamos por lo tanto contactar directamente con nuestro departamento de grupos a trav\u00e9s de <a href=\"https:\/\/feetuphostels.com\/es\/reserva-grupos\/\">siguiente formulario<\/a>. Debes de llenar todos los campos y enviarlo. Nos pondremos en contacto contigo lo m\u00e1s r\u00e1pido posible.<\/li><li>Aceptamos pagos con American express, Visa, Master Card y JCB.<\/li><li>Puedes lavar tu ropa en nuestra lavander\u00eda por tan solo 8\u20ac.<\/li><li>Si no se cancela antes de las 12.00 del d\u00eda anterior, se cargar\u00e1 la primera noche de tu estad\u00eda, a no ser que especifiques otras condiciones.<\/li><li>Nuestro n\u00famero de licencia es:<\/li><\/ul>\n\n<h2 class=\"wp-block-heading\">Pol\u00edticas de cancelaci\u00f3n<\/h2>\n\n<ul class=\"wp-block-list\"><li><strong>No reembolsable:<\/strong>\u00a0Se cargar\u00e1 el 100% del importe al momento de la reserva. En caso de cancelaci\u00f3n no se devolver\u00e1 el importe de la reserva.<\/li><\/ul>\n\n<ul class=\"wp-block-list\"><li><strong>Tarifa Est\u00e1ndar:<\/strong>\u00a0Tienes hasta 48h antes de la llegada para cancelar sin ning\u00fan cargo \ud83d\ude09 Si te pasas de las 48h, se cobrar\u00e1 la primera noche de tu estancia.<\/li><li><strong>No show:<\/strong>\u00a0En caso de no show o cancelaci\u00f3n fuera de plazo, se cobrar\u00e1 la primera noche de estancia<\/li><li><strong>*En todos los casos, los cargos se realizar\u00e1n en la moneda del pa\u00eds de origen de la reserva.<\/strong><\/li><\/ul>\n","protected":false},"excerpt":{"rendered":"<p>Reserva en Yellow Nest Hostel Barcelona &#8211; Reserva tu cama al mejor precio de Barcelona.  Nest Hostels Barcelona. Yellow Nest Hostel Barcelona. Un popular alojamiento de mochileros en Barcelona por Feetup Hostels. Hostales m\u00e1s baratos en el centro de Barcelona. \u2705 Mejor precio \u2705 alojamiento barato \u2705 libre cancelaci\u00f3n \u2705 no hay costos ocultos \u2705 habitaciones privadas \u2705 WiFi gratuito \u2705 desayuno \u2705 elegir el albergue adecuado para usted \u2705 confirmaci\u00f3n inmediata \u2705 sin cargos de reserva \u2705 leer real comentarios de los hu\u00e9spedes \u2705 hablamos su idioma. \u2705 24\/7 recepci\u00f3n<\/p>\n","protected":false},"author":10,"featured_media":1314,"parent":0,"menu_order":0,"comment_status":"closed","ping_status":"open","template":"","meta":{"footnotes":""},"class_list":["post-375","page","type-page","status-publish","has-post-thumbnail","hentry"],"yoast_head":"<!-- This site is optimized with the Yoast SEO plugin v27.4 - https:\/\/yoast.com\/product\/yoast-seo-wordpress\/ -->\n<title>Reservar en Nest Hostels Barcelona. Reserva en Yellow Nest Hostel Barcelona<\/title>\n<meta name=\"description\" content=\"Reservar en Nest Hostels Barcelona. Reserva en Yellow Nest Hostel Barcelona. Reserva tu cama desde \u20ac12 por noche, Garantizado\" \/>\n<meta name=\"robots\" content=\"index, follow, max-snippet:-1, max-image-preview:large, max-video-preview:-1\" \/>\n<link rel=\"canonical\" href=\"https:\/\/nesthostelsbarcelona.com\/es\/reservar\/\" \/>\n<meta property=\"og:locale\" content=\"es_ES\" \/>\n<meta property=\"og:type\" content=\"article\" \/>\n<meta property=\"og:title\" content=\"Reservar en Nest Hostels Barcelona. Reserva en Yellow Nest Hostel Barcelona\" \/>\n<meta property=\"og:description\" content=\"Reservar en Nest Hostels Barcelona. Reserva en Yellow Nest Hostel Barcelona. Reserva tu cama desde \u20ac12 por noche, Garantizado\" \/>\n<meta property=\"og:url\" content=\"https:\/\/nesthostelsbarcelona.com\/es\/reservar\/\" \/>\n<meta property=\"og:site_name\" content=\"Nest Hostels Barcelona\" \/>\n<meta property=\"article:publisher\" content=\"https:\/\/www.facebook.com\/YellowNestHostelBarcelona\/\" \/>\n<meta property=\"article:modified_time\" content=\"2022-06-23T22:35:43+00:00\" \/>\n<meta property=\"og:image\" content=\"https:\/\/nesthostelsbarcelona.com\/wp-content\/uploads\/2014\/10\/38yellownesthostelbarcelona.jpg\" \/>\n\t<meta property=\"og:image:width\" content=\"1200\" \/>\n\t<meta property=\"og:image:height\" content=\"900\" \/>\n\t<meta property=\"og:image:type\" content=\"image\/jpeg\" \/>\n<meta name=\"twitter:card\" content=\"summary_large_image\" \/>\n<meta name=\"twitter:site\" content=\"@YellowHostel\" \/>\n<meta name=\"twitter:label1\" content=\"Tiempo de lectura\" \/>\n\t<meta name=\"twitter:data1\" content=\"2 minutos\" \/>\n<script type=\"application\/ld+json\" class=\"yoast-schema-graph\">{\"@context\":\"https:\\\/\\\/schema.org\",\"@graph\":[{\"@type\":\"WebPage\",\"@id\":\"https:\\\/\\\/nesthostelsbarcelona.com\\\/es\\\/reservar\\\/\",\"url\":\"https:\\\/\\\/nesthostelsbarcelona.com\\\/es\\\/reservar\\\/\",\"name\":\"Reservar en Nest Hostels Barcelona. Reserva en Yellow Nest Hostel Barcelona\",\"isPartOf\":{\"@id\":\"https:\\\/\\\/nesthostelsbarcelona.com\\\/es\\\/#website\"},\"primaryImageOfPage\":{\"@id\":\"https:\\\/\\\/nesthostelsbarcelona.com\\\/es\\\/reservar\\\/#primaryimage\"},\"image\":{\"@id\":\"https:\\\/\\\/nesthostelsbarcelona.com\\\/es\\\/reservar\\\/#primaryimage\"},\"thumbnailUrl\":\"https:\\\/\\\/nesthostelsbarcelona.com\\\/wp-content\\\/uploads\\\/2014\\\/10\\\/38yellownesthostelbarcelona.jpg\",\"datePublished\":\"2014-11-24T13:49:27+00:00\",\"dateModified\":\"2022-06-23T22:35:43+00:00\",\"description\":\"Reservar en Nest Hostels Barcelona. Reserva en Yellow Nest Hostel Barcelona. Reserva tu cama desde \u20ac12 por noche, Garantizado\",\"breadcrumb\":{\"@id\":\"https:\\\/\\\/nesthostelsbarcelona.com\\\/es\\\/reservar\\\/#breadcrumb\"},\"inLanguage\":\"es\",\"potentialAction\":[{\"@type\":\"ReadAction\",\"target\":[\"https:\\\/\\\/nesthostelsbarcelona.com\\\/es\\\/reservar\\\/\"]}]},{\"@type\":\"ImageObject\",\"inLanguage\":\"es\",\"@id\":\"https:\\\/\\\/nesthostelsbarcelona.com\\\/es\\\/reservar\\\/#primaryimage\",\"url\":\"https:\\\/\\\/nesthostelsbarcelona.com\\\/wp-content\\\/uploads\\\/2014\\\/10\\\/38yellownesthostelbarcelona.jpg\",\"contentUrl\":\"https:\\\/\\\/nesthostelsbarcelona.com\\\/wp-content\\\/uploads\\\/2014\\\/10\\\/38yellownesthostelbarcelona.jpg\",\"width\":1200,\"height\":900,\"caption\":\"Yellow Nest Hostel Barcelona\"},{\"@type\":\"BreadcrumbList\",\"@id\":\"https:\\\/\\\/nesthostelsbarcelona.com\\\/es\\\/reservar\\\/#breadcrumb\",\"itemListElement\":[{\"@type\":\"ListItem\",\"position\":1,\"name\":\"Home\",\"item\":\"https:\\\/\\\/nesthostelsbarcelona.com\\\/es\\\/inicio\\\/\"},{\"@type\":\"ListItem\",\"position\":2,\"name\":\"Reservar Yellow Nest Hostel Barcelona\"}]},{\"@type\":\"WebSite\",\"@id\":\"https:\\\/\\\/nesthostelsbarcelona.com\\\/es\\\/#website\",\"url\":\"https:\\\/\\\/nesthostelsbarcelona.com\\\/es\\\/\",\"name\":\"Nest Hostels Barcelona\",\"description\":\"Accommodation and beds for travelers in Barcelona\",\"publisher\":{\"@id\":\"https:\\\/\\\/nesthostelsbarcelona.com\\\/es\\\/#organization\"},\"potentialAction\":[{\"@type\":\"SearchAction\",\"target\":{\"@type\":\"EntryPoint\",\"urlTemplate\":\"https:\\\/\\\/nesthostelsbarcelona.com\\\/es\\\/?s={search_term_string}\"},\"query-input\":{\"@type\":\"PropertyValueSpecification\",\"valueRequired\":true,\"valueName\":\"search_term_string\"}}],\"inLanguage\":\"es\"},{\"@type\":\"Organization\",\"@id\":\"https:\\\/\\\/nesthostelsbarcelona.com\\\/es\\\/#organization\",\"name\":\"Nest Hostels Barcelona\",\"url\":\"https:\\\/\\\/nesthostelsbarcelona.com\\\/es\\\/\",\"logo\":{\"@type\":\"ImageObject\",\"inLanguage\":\"es\",\"@id\":\"https:\\\/\\\/nesthostelsbarcelona.com\\\/es\\\/#\\\/schema\\\/logo\\\/image\\\/\",\"url\":\"https:\\\/\\\/nesthostelsbarcelona.com\\\/wp-content\\\/uploads\\\/2022\\\/05\\\/logo-nest-hostels-valencia-feetuphostels.svg\",\"contentUrl\":\"https:\\\/\\\/nesthostelsbarcelona.com\\\/wp-content\\\/uploads\\\/2022\\\/05\\\/logo-nest-hostels-valencia-feetuphostels.svg\",\"width\":279,\"height\":130,\"caption\":\"Nest Hostels Barcelona\"},\"image\":{\"@id\":\"https:\\\/\\\/nesthostelsbarcelona.com\\\/es\\\/#\\\/schema\\\/logo\\\/image\\\/\"},\"sameAs\":[\"https:\\\/\\\/www.facebook.com\\\/YellowNestHostelBarcelona\\\/\",\"https:\\\/\\\/x.com\\\/YellowHostel\",\"https:\\\/\\\/www.instagram.com\\\/yellownesthostelbarcelona\\\/\",\"https:\\\/\\\/www.tiktok.com\\\/@yellownesthostel\",\"https:\\\/\\\/www.linkedin.com\\\/company\\\/yellow-nest-hostel-barcelona\\\/\",\"https:\\\/\\\/www.youtube.com\\\/channel\\\/UCwLfXY-N5JO_uNZtStWLqqw\",\"https:\\\/\\\/vk.com\\\/yellownesthostelbarcelona\\\/\",\"https:\\\/\\\/m.me\\\/YellowNestHostelBarcelona\\\/\",\"https:\\\/\\\/www.tripadvisor.es\\\/Hotel_Review-g187497-d1815573-Reviews-Yellow_Nest_Hostel_Barcelona-Barcelona_Catalonia.html\"]}]}<\/script>\n<!-- \/ Yoast SEO plugin. -->","yoast_head_json":{"title":"Reservar en Nest Hostels Barcelona. Reserva en Yellow Nest Hostel Barcelona","description":"Reservar en Nest Hostels Barcelona. Reserva en Yellow Nest Hostel Barcelona. Reserva tu cama desde \u20ac12 por noche, Garantizado","robots":{"index":"index","follow":"follow","max-snippet":"max-snippet:-1","max-image-preview":"max-image-preview:large","max-video-preview":"max-video-preview:-1"},"canonical":"https:\/\/nesthostelsbarcelona.com\/es\/reservar\/","og_locale":"es_ES","og_type":"article","og_title":"Reservar en Nest Hostels Barcelona. Reserva en Yellow Nest Hostel Barcelona","og_description":"Reservar en Nest Hostels Barcelona. Reserva en Yellow Nest Hostel Barcelona. Reserva tu cama desde \u20ac12 por noche, Garantizado","og_url":"https:\/\/nesthostelsbarcelona.com\/es\/reservar\/","og_site_name":"Nest Hostels Barcelona","article_publisher":"https:\/\/www.facebook.com\/YellowNestHostelBarcelona\/","article_modified_time":"2022-06-23T22:35:43+00:00","og_image":[{"width":1200,"height":900,"url":"https:\/\/nesthostelsbarcelona.com\/wp-content\/uploads\/2014\/10\/38yellownesthostelbarcelona.jpg","type":"image\/jpeg"}],"twitter_card":"summary_large_image","twitter_site":"@YellowHostel","twitter_misc":{"Tiempo de lectura":"2 minutos"},"schema":{"@context":"https:\/\/schema.org","@graph":[{"@type":"WebPage","@id":"https:\/\/nesthostelsbarcelona.com\/es\/reservar\/","url":"https:\/\/nesthostelsbarcelona.com\/es\/reservar\/","name":"Reservar en Nest Hostels Barcelona. Reserva en Yellow Nest Hostel Barcelona","isPartOf":{"@id":"https:\/\/nesthostelsbarcelona.com\/es\/#website"},"primaryImageOfPage":{"@id":"https:\/\/nesthostelsbarcelona.com\/es\/reservar\/#primaryimage"},"image":{"@id":"https:\/\/nesthostelsbarcelona.com\/es\/reservar\/#primaryimage"},"thumbnailUrl":"https:\/\/nesthostelsbarcelona.com\/wp-content\/uploads\/2014\/10\/38yellownesthostelbarcelona.jpg","datePublished":"2014-11-24T13:49:27+00:00","dateModified":"2022-06-23T22:35:43+00:00","description":"Reservar en Nest Hostels Barcelona. Reserva en Yellow Nest Hostel Barcelona. Reserva tu cama desde \u20ac12 por noche, Garantizado","breadcrumb":{"@id":"https:\/\/nesthostelsbarcelona.com\/es\/reservar\/#breadcrumb"},"inLanguage":"es","potentialAction":[{"@type":"ReadAction","target":["https:\/\/nesthostelsbarcelona.com\/es\/reservar\/"]}]},{"@type":"ImageObject","inLanguage":"es","@id":"https:\/\/nesthostelsbarcelona.com\/es\/reservar\/#primaryimage","url":"https:\/\/nesthostelsbarcelona.com\/wp-content\/uploads\/2014\/10\/38yellownesthostelbarcelona.jpg","contentUrl":"https:\/\/nesthostelsbarcelona.com\/wp-content\/uploads\/2014\/10\/38yellownesthostelbarcelona.jpg","width":1200,"height":900,"caption":"Yellow Nest Hostel Barcelona"},{"@type":"BreadcrumbList","@id":"https:\/\/nesthostelsbarcelona.com\/es\/reservar\/#breadcrumb","itemListElement":[{"@type":"ListItem","position":1,"name":"Home","item":"https:\/\/nesthostelsbarcelona.com\/es\/inicio\/"},{"@type":"ListItem","position":2,"name":"Reservar Yellow Nest Hostel Barcelona"}]},{"@type":"WebSite","@id":"https:\/\/nesthostelsbarcelona.com\/es\/#website","url":"https:\/\/nesthostelsbarcelona.com\/es\/","name":"Nest Hostels Barcelona","description":"Accommodation and beds for travelers in Barcelona","publisher":{"@id":"https:\/\/nesthostelsbarcelona.com\/es\/#organization"},"potentialAction":[{"@type":"SearchAction","target":{"@type":"EntryPoint","urlTemplate":"https:\/\/nesthostelsbarcelona.com\/es\/?s={search_term_string}"},"query-input":{"@type":"PropertyValueSpecification","valueRequired":true,"valueName":"search_term_string"}}],"inLanguage":"es"},{"@type":"Organization","@id":"https:\/\/nesthostelsbarcelona.com\/es\/#organization","name":"Nest Hostels Barcelona","url":"https:\/\/nesthostelsbarcelona.com\/es\/","logo":{"@type":"ImageObject","inLanguage":"es","@id":"https:\/\/nesthostelsbarcelona.com\/es\/#\/schema\/logo\/image\/","url":"https:\/\/nesthostelsbarcelona.com\/wp-content\/uploads\/2022\/05\/logo-nest-hostels-valencia-feetuphostels.svg","contentUrl":"https:\/\/nesthostelsbarcelona.com\/wp-content\/uploads\/2022\/05\/logo-nest-hostels-valencia-feetuphostels.svg","width":279,"height":130,"caption":"Nest Hostels Barcelona"},"image":{"@id":"https:\/\/nesthostelsbarcelona.com\/es\/#\/schema\/logo\/image\/"},"sameAs":["https:\/\/www.facebook.com\/YellowNestHostelBarcelona\/","https:\/\/x.com\/YellowHostel","https:\/\/www.instagram.com\/yellownesthostelbarcelona\/","https:\/\/www.tiktok.com\/@yellownesthostel","https:\/\/www.linkedin.com\/company\/yellow-nest-hostel-barcelona\/","https:\/\/www.youtube.com\/channel\/UCwLfXY-N5JO_uNZtStWLqqw","https:\/\/vk.com\/yellownesthostelbarcelona\/","https:\/\/m.me\/YellowNestHostelBarcelona\/","https:\/\/www.tripadvisor.es\/Hotel_Review-g187497-d1815573-Reviews-Yellow_Nest_Hostel_Barcelona-Barcelona_Catalonia.html"]}]}},"_links":{"self":[{"href":"https:\/\/nesthostelsbarcelona.com\/es\/wp-json\/wp\/v2\/pages\/375","targetHints":{"allow":["GET"]}}],"collection":[{"href":"https:\/\/nesthostelsbarcelona.com\/es\/wp-json\/wp\/v2\/pages"}],"about":[{"href":"https:\/\/nesthostelsbarcelona.com\/es\/wp-json\/wp\/v2\/types\/page"}],"author":[{"embeddable":true,"href":"https:\/\/nesthostelsbarcelona.com\/es\/wp-json\/wp\/v2\/users\/10"}],"replies":[{"embeddable":true,"href":"https:\/\/nesthostelsbarcelona.com\/es\/wp-json\/wp\/v2\/comments?post=375"}],"version-history":[{"count":0,"href":"https:\/\/nesthostelsbarcelona.com\/es\/wp-json\/wp\/v2\/pages\/375\/revisions"}],"wp:featuredmedia":[{"embeddable":true,"href":"https:\/\/nesthostelsbarcelona.com\/es\/wp-json\/wp\/v2\/media\/1314"}],"wp:attachment":[{"href":"https:\/\/nesthostelsbarcelona.com\/es\/wp-json\/wp\/v2\/media?parent=375"}],"curies":[{"name":"wp","href":"https:\/\/api.w.org\/{rel}","templated":true}]}}