{"id":777,"date":"2014-10-15T10:41:58","date_gmt":"2014-10-15T10:41:58","guid":{"rendered":"https:\/\/nesthostelsbarcelona.com\/home\/"},"modified":"2022-06-27T10:52:27","modified_gmt":"2022-06-27T08:52:27","slug":"inicio","status":"publish","type":"page","link":"https:\/\/nesthostelsbarcelona.com\/es\/","title":{"rendered":"Inicio"},"content":{"rendered":"\n<h1 class=\"has-text-align-center wp-block-heading\">Nest Hostels Barcelona | Bienvenidx a Barcelona<\/h1>\n\n\n\n<p><strong>Nest Hostels Barcelona<\/strong> se encuentra en la ciudad Condal de Barcelona. Barcelona es un ciudad mediterr\u00e1nea, cosmopolita de la regi\u00f3n de <strong>Catalu\u00f1a, en Espa\u00f1a<\/strong>.<\/p>\n\n\n\n<p>Barcelona es una gran ciudad muy conocida por su arte y arquitectura, entre las cuales destacan: La fant\u00e1stica iglesia de la <a href=\"https:\/\/es.wikipedia.org\/wiki\/Templo_Expiatorio_de_la_Sagrada_Familia\" target=\"_blank\" rel=\"noreferrer noopener\">Sagrada Familia<\/a> y otros hitos modernistas dise\u00f1ados por <a href=\"https:\/\/es.wikipedia.org\/wiki\/Antoni_Gaud%C3%AD\" target=\"_blank\" rel=\"noreferrer noopener\">Antoni Gaud\u00ed<\/a> adornan la ciudad.<\/p>\n\n\n\n<figure class=\"wp-block-image size-full is-style-default\"><a href=\"https:\/\/nesthostelsbarcelona.com\/wp-content\/uploads\/2022\/05\/enjoy-barcelona-nesthostelsbarcelona.png\"><img fetchpriority=\"high\" decoding=\"async\" width=\"1920\" height=\"800\" src=\"https:\/\/nesthostelsbarcelona.com\/wp-content\/uploads\/2022\/05\/enjoy-barcelona-nesthostelsbarcelona.png\" alt=\"Disfruta Barcelona con Yellow Nest Hostels Barcelona\" class=\"wp-image-3065\" srcset=\"https:\/\/nesthostelsbarcelona.com\/wp-content\/uploads\/2022\/05\/enjoy-barcelona-nesthostelsbarcelona.png 1920w, https:\/\/nesthostelsbarcelona.com\/wp-content\/uploads\/2022\/05\/enjoy-barcelona-nesthostelsbarcelona-300x125.png 300w, https:\/\/nesthostelsbarcelona.com\/wp-content\/uploads\/2022\/05\/enjoy-barcelona-nesthostelsbarcelona-1024x427.png 1024w, https:\/\/nesthostelsbarcelona.com\/wp-content\/uploads\/2022\/05\/enjoy-barcelona-nesthostelsbarcelona-768x320.png 768w, https:\/\/nesthostelsbarcelona.com\/wp-content\/uploads\/2022\/05\/enjoy-barcelona-nesthostelsbarcelona-1536x640.png 1536w\" sizes=\"(max-width: 1920px) 100vw, 1920px\" \/><\/a><figcaption>Ven a disfrutar de Barcelona y al\u00f3jate en Yellow Nest Hostel Barcelona<\/figcaption><\/figure>\n\n\n\n<h2 class=\"wp-block-heading\">\u00bfVienes de visita a Barcelona y a\u00fan no sabes d\u00f3nde alojarte?<\/h2>\n\n\n\n<p><strong>Yellow Nest Hostel Barcelona<\/strong>. Uno de los m\u00e1s conocidos establecimientos para viajeros que buscan pasar una temporada en Barcelona.<\/p>\n\n\n\n<p>Es un Albergue Juvenil ubicado en el distrito de <a href=\"https:\/\/nesthostelsbarcelona.com\/es\/como-llegar-al-albergue-yellow-nest-hostel-barcelona\/\" target=\"_blank\" rel=\"noreferrer noopener\">Les Corts de Barcelona<\/a>, \u200b\u200ba solo 3 minutos a pie del estadio Camp Nou del FC Barcelona. Una zona muy concurrida por todos aquellos viajeros que disfrutan del f\u00fatbol y son Fans del el <strong><a href=\"https:\/\/www.fcbarcelona.es\/es\/\" target=\"_blank\" rel=\"noreferrer noopener\">Bar\u00e7a<\/a><\/strong>.<\/p>\n\n\n\n<blockquote class=\"wp-block-quote is-layout-flow wp-block-quote-is-layout-flow\"><p>El <a href=\"https:\/\/feetuphostels.com\/es\/yellow-nest-hostel-barcelona\/\" target=\"_blank\" rel=\"noreferrer noopener\">Yellow Nest Hostels Barcelona<\/a> forma parte del <a href=\"https:\/\/feetuphostels.com\/es\/\" target=\"_blank\" rel=\"noreferrer noopener\">Grupo Feet Up Hostels<\/a>.<\/p><cite>Feet Up Hostels Espa\u00f1a<\/cite><\/blockquote>\n\n\n\n<h2 class=\"wp-block-heading\">Yellow Nest Hostel, tu lugar para descansar.<\/h2>\n\n\n\n<p>Est\u00e1 en una ubicaci\u00f3n ideal si quieres ver un partido del FC Barcelona, ya que se encuentra muy cerca del estadio Camp Nou. Est\u00e1 en una calle tranquila con varias panader\u00edas y supermercados.<\/p>\n\n\n\n<h2 class=\"wp-block-heading\"><a href=\"https:\/\/nesthostelsbarcelona.com\/es\/como-llegar-al-albergue-yellow-nest-hostel-barcelona\/\">\u00bfD\u00f3nde se encuentra Yellow Nest Hostel Barcelona?<\/a><\/h2>\n\n\n\n<p>Se encuentre muy cerca de la estaci\u00f3n de <a href=\"https:\/\/www.tmb.cat\/es\/barcelona\/metro\/-\/lineametro\/estacion\/516\" target=\"_blank\" rel=\"noreferrer noopener\">metro Badal<\/a>, donde puedes coger la l\u00ednea 5 que te lleva a la estaci\u00f3n central Sant-Estaci\u00f3 o a la Sagrada Familia.<\/p>\n\n\n\n<h2 class=\"wp-block-heading\">\u00bfPor qu\u00e9 reservar en Yellow Nest Hostel Barcelona?<\/h2>\n\n\n\n<p>Estos son solo algunos de los beneficios al reservar en Nest Hostels Barcelona:<\/p>\n\n\n\n<ul class=\"wp-block-list\"><li>No te encontrar\u00e1s sorpresas ni costes ocultos en tu reserva.<\/li><li>Reserva directa con nuestro hostel, sin intermediarios.<\/li><li>Reserva y podr\u00e1s ahorrar hasta un 10% en el precio final de tu reserva.<\/li><li>Cancelaci\u00f3n gratuita en algunas de nuestras habitaciones.<\/li><\/ul>\n\n\n\n<h2 class=\"wp-block-heading\">Comodidades para nuestros amigos viajeros.<\/h2>\n\n\n\n<ul class=\"wp-block-list\"><li>Todo nuestro staff es multi-diomas.<\/li><li>Contamos con lavadora y secadora para el pelo.<\/li><li>Tienes la opci\u00f3n de desayuno continental.<\/li><li>Tenemos habitaciones familiares.<\/li><li>Cocina completamente equipada.<\/li><li>Aire acondicionado en todas las habitaciones.<\/li><\/ul>\n\n\n\n<h2 class=\"wp-block-heading\">Limpieza y seguridad.<\/h2>\n\n\n\n<p><strong>Yellow Nest Hostel<\/strong> es un hostel seguro, agradable y limpio para alojarte en Barcelona. Se realizan limpiezas diarias con desinfectantes de uso profesional, nuestros empleados llevan mascarilla, pantalla protectora o guantes, adem\u00e1s hemos reforzado la limpieza de las zonas comunes.<\/p>\n\n\n\n<h2 class=\"wp-block-heading\">Instalaciones de Yellow Nest Hostel Barcelona<\/h2>\n\n\n\n<p>Tenemos diferentes tipos de habitaciones para satisfacer tus necesidades. Puede elegir entre habitaciones compartidas con una decoraci\u00f3n sencilla y colorida con aire acondicionado y calefacci\u00f3n, taquillas y ba\u00f1o compartido con secador de pelo.<\/p>\n\n\n\n<h2 class=\"wp-block-heading\">\u00bfEst\u00e1s pensando visitar Barcelona con tu grupo?<\/h2>\n\n\n\n<p>Sabemos que encontrar el alojamiento perfecto para tu grupo puede ser verdaderamente dif\u00edcil, sobre todo en una ciudad como Barcelona, por eso, en&nbsp;<strong>Yellow Nest Hostel Barcelona<\/strong>&nbsp;contamos con un <a href=\"https:\/\/nesthostelsbarcelona.com\/es\/reservas-grupos\/\">departamento de grupos<\/a> especializado que te ayudar\u00e1 y asesorar\u00e1 en todo lo relacionado con la reserva de tu grupo:<\/p>\n\n\n\n<h2 class=\"has-text-align-center wp-block-heading\">No te lo pienses m\u00e1s y reserva en <a href=\"https:\/\/nesthostelsbarcelona.com\/es\/reservar\/\">Yellow Nest Hostel Barcelona<\/a>.<\/h2>\n\n\n\n<hr class=\"wp-block-separator has-alpha-channel-opacity is-style-dots\"\/>\n\n\n\n<h2 class=\"wp-block-heading\">Algunos lugares tur\u00edsticos de Barcelona<\/h2>\n\n\n\n<h3 class=\"wp-block-heading\">Ciutat Vella de Barcelona<\/h3>\n\n\n\n<p>El distrito de <strong>Ciutat Vella<\/strong> est\u00e1 delimitado por el per\u00edmetro de la muralla de la antigua ciudad y se corresponde geogr\u00e1ficamente con el centro hist\u00f3rico de Barcelona.<\/p>\n\n\n\n<p>La calle m\u00e1s famosa de este distrito es, por supuesto, <strong><a href=\"https:\/\/es.wikipedia.org\/wiki\/La_Rambla\" target=\"_blank\" rel=\"noreferrer noopener\">las Ramblas<\/a><\/strong>, con sus numerosos m\u00fasicos callejeros y artistas.<\/p>\n\n\n\n<p>En este bulevar siempre hay mucha actividad alrededor de los muchos establecimientos de prensa-kioscos, florer\u00edas y animales de compa\u00f1\u00eda.<\/p>\n\n\n\n<h3 class=\"wp-block-heading\">Sant Gervasi \u2013 Santal\u00f3<\/h3>\n\n\n\n<p>En la zona alta de Barcelona, alrededor del eje marcado por las calles Santal\u00f3 y Mari\u00e0 Cub\u00ed, se concentra esta zona nocturna cuajada de bares y discotecas.<\/p>\n\n\n\n<p>Frecuentada por la comunidad universitaria de la ciudad y tambi\u00e9n por gente de m\u00e1s edad que busca un ambiente chic para relajarse y disfrutar.<\/p>\n\n\n\n<p>Es una zona de marcha, y dentro de los muchos bares y discotecas encontrar\u00e1 buena m\u00fasica, buenas bebidas y mucha diversi\u00f3n. En la plaza Francesc Maci\u00e1 podr\u00e1s encontrarte con la cr\u00eam de la vida nocturna de Barcelona.<\/p>\n\n\n\n<h3 class=\"wp-block-heading\">El Barrio G\u00f3tico<\/h3>\n\n\n\n<p>Situado en el distrito de Ciutat Vella, en el coraz\u00f3n la ciudad, el Barrio G\u00f3tico (Barri G\u00f2tic) es el n\u00facleo m\u00e1s antiguo y una de las zonas m\u00e1s hermosas de Barcelona.<\/p>\n\n\n\n<p>El agradable barrio est\u00e1 delimitado por Las Ramblas, V\u00eda Laietana, el Paseo de Col\u00f3n y la Plaza de Catalu\u00f1a.<\/p>\n\n\n\n<p>Nacida sobre los restos de la Barcino romana, la Barcelona medieval propici\u00f3 la construcci\u00f3n de iglesias y palacios g\u00f3ticos que provocaron la desaparici\u00f3n de la mayor parte de los restos rom\u00e1nicos.<\/p>\n","protected":false},"excerpt":{"rendered":"<p>Nest Hostels Barcelona. Albergue Yellow Nest hostel en Barcelona. Uno de los alojamientos m\u00e1s populares para mochileros en Barcelona by Feetup Hostels. \u2705 Siempre el Mejor precio \u2705 Siempre un Alojamiento Barato \u2705 Cancelaci\u00f3n Gratuita\u2705 no hay costos ocultos \u2705 habitaciones privadas \u2705 WiFi gratuito \u2705 desayuno \u2705 elegir el albergue adecuado para usted \u2705 confirmaci\u00f3n inmediata \u2705 sin cargos de reserva \u2705 leer real comentarios de los hu\u00e9spedes \u2705 hablamos su idioma. \u2705 24\/7 recepci\u00f3n<\/p>\n","protected":false},"author":10,"featured_media":3065,"parent":0,"menu_order":0,"comment_status":"open","ping_status":"open","template":"","meta":{"footnotes":""},"class_list":["post-777","page","type-page","status-publish","has-post-thumbnail","hentry"],"yoast_head":"<!-- This site is optimized with the Yoast SEO plugin v27.4 - https:\/\/yoast.com\/product\/yoast-seo-wordpress\/ -->\n<title>Nest Hostels Barcelona. Yellow Nest Hostel con camas desde 12\u20ac noche<\/title>\n<meta name=\"description\" content=\"Nest Hostels Barcelona. Yellow Nest Hostel con camas desde 12\u20ac la noche. Uno de los mejores albergues en Barcelona, Un hostel econ\u00f3mico\" \/>\n<meta name=\"robots\" content=\"index, follow, max-snippet:-1, max-image-preview:large, max-video-preview:-1\" \/>\n<link rel=\"canonical\" href=\"https:\/\/nesthostelsbarcelona.com\/es\/\" \/>\n<meta property=\"og:locale\" content=\"es_ES\" \/>\n<meta property=\"og:type\" content=\"article\" \/>\n<meta property=\"og:title\" content=\"Nest Hostels Barcelona. Yellow Nest Hostel con camas desde 12\u20ac noche\" \/>\n<meta property=\"og:description\" content=\"Nest Hostels Barcelona. Yellow Nest Hostel con camas desde 12\u20ac la noche. Uno de los mejores albergues en Barcelona, Un hostel econ\u00f3mico\" \/>\n<meta property=\"og:url\" content=\"https:\/\/nesthostelsbarcelona.com\/es\/\" \/>\n<meta property=\"og:site_name\" content=\"Nest Hostels Barcelona\" \/>\n<meta property=\"article:publisher\" content=\"https:\/\/www.facebook.com\/YellowNestHostelBarcelona\/\" \/>\n<meta property=\"article:modified_time\" content=\"2022-06-27T08:52:27+00:00\" \/>\n<meta property=\"og:image\" content=\"https:\/\/nesthostelsbarcelona.com\/wp-content\/uploads\/2022\/05\/enjoy-barcelona-nesthostelsbarcelona.png\" \/>\n<meta name=\"twitter:card\" content=\"summary_large_image\" \/>\n<meta name=\"twitter:site\" content=\"@YellowHostel\" \/>\n<meta name=\"twitter:label1\" content=\"Tiempo de lectura\" \/>\n\t<meta name=\"twitter:data1\" content=\"4 minutos\" \/>\n<script type=\"application\/ld+json\" class=\"yoast-schema-graph\">{\"@context\":\"https:\\\/\\\/schema.org\",\"@graph\":[{\"@type\":\"WebPage\",\"@id\":\"https:\\\/\\\/nesthostelsbarcelona.com\\\/es\\\/\",\"url\":\"https:\\\/\\\/nesthostelsbarcelona.com\\\/es\\\/\",\"name\":\"Nest Hostels Barcelona. Yellow Nest Hostel con camas desde 12\u20ac noche\",\"isPartOf\":{\"@id\":\"https:\\\/\\\/nesthostelsbarcelona.com\\\/es\\\/#website\"},\"primaryImageOfPage\":{\"@id\":\"https:\\\/\\\/nesthostelsbarcelona.com\\\/es\\\/#primaryimage\"},\"image\":{\"@id\":\"https:\\\/\\\/nesthostelsbarcelona.com\\\/es\\\/#primaryimage\"},\"thumbnailUrl\":\"https:\\\/\\\/nesthostelsbarcelona.com\\\/wp-content\\\/uploads\\\/2022\\\/05\\\/enjoy-barcelona-nesthostelsbarcelona.png\",\"datePublished\":\"2014-10-15T10:41:58+00:00\",\"dateModified\":\"2022-06-27T08:52:27+00:00\",\"description\":\"Nest Hostels Barcelona. Yellow Nest Hostel con camas desde 12\u20ac la noche. Uno de los mejores albergues en Barcelona, Un hostel econ\u00f3mico\",\"breadcrumb\":{\"@id\":\"https:\\\/\\\/nesthostelsbarcelona.com\\\/es\\\/#breadcrumb\"},\"inLanguage\":\"es\",\"potentialAction\":[{\"@type\":\"ReadAction\",\"target\":[\"https:\\\/\\\/nesthostelsbarcelona.com\\\/es\\\/\"]}]},{\"@type\":\"ImageObject\",\"inLanguage\":\"es\",\"@id\":\"https:\\\/\\\/nesthostelsbarcelona.com\\\/es\\\/#primaryimage\",\"url\":\"https:\\\/\\\/nesthostelsbarcelona.com\\\/wp-content\\\/uploads\\\/2022\\\/05\\\/enjoy-barcelona-nesthostelsbarcelona.png\",\"contentUrl\":\"https:\\\/\\\/nesthostelsbarcelona.com\\\/wp-content\\\/uploads\\\/2022\\\/05\\\/enjoy-barcelona-nesthostelsbarcelona.png\",\"width\":1920,\"height\":800,\"caption\":\"Enjoy Barcelona with Nest Hostels Barcelona\"},{\"@type\":\"BreadcrumbList\",\"@id\":\"https:\\\/\\\/nesthostelsbarcelona.com\\\/es\\\/#breadcrumb\",\"itemListElement\":[{\"@type\":\"ListItem\",\"position\":1,\"name\":\"Home\",\"item\":\"https:\\\/\\\/nesthostelsbarcelona.com\\\/es\\\/inicio\\\/\"},{\"@type\":\"ListItem\",\"position\":2,\"name\":\"Inicio\"}]},{\"@type\":\"WebSite\",\"@id\":\"https:\\\/\\\/nesthostelsbarcelona.com\\\/es\\\/#website\",\"url\":\"https:\\\/\\\/nesthostelsbarcelona.com\\\/es\\\/\",\"name\":\"Nest Hostels Barcelona\",\"description\":\"Accommodation and beds for travelers in Barcelona\",\"publisher\":{\"@id\":\"https:\\\/\\\/nesthostelsbarcelona.com\\\/es\\\/#organization\"},\"potentialAction\":[{\"@type\":\"SearchAction\",\"target\":{\"@type\":\"EntryPoint\",\"urlTemplate\":\"https:\\\/\\\/nesthostelsbarcelona.com\\\/es\\\/?s={search_term_string}\"},\"query-input\":{\"@type\":\"PropertyValueSpecification\",\"valueRequired\":true,\"valueName\":\"search_term_string\"}}],\"inLanguage\":\"es\"},{\"@type\":\"Organization\",\"@id\":\"https:\\\/\\\/nesthostelsbarcelona.com\\\/es\\\/#organization\",\"name\":\"Nest Hostels Barcelona\",\"url\":\"https:\\\/\\\/nesthostelsbarcelona.com\\\/es\\\/\",\"logo\":{\"@type\":\"ImageObject\",\"inLanguage\":\"es\",\"@id\":\"https:\\\/\\\/nesthostelsbarcelona.com\\\/es\\\/#\\\/schema\\\/logo\\\/image\\\/\",\"url\":\"https:\\\/\\\/nesthostelsbarcelona.com\\\/wp-content\\\/uploads\\\/2022\\\/05\\\/logo-nest-hostels-valencia-feetuphostels.svg\",\"contentUrl\":\"https:\\\/\\\/nesthostelsbarcelona.com\\\/wp-content\\\/uploads\\\/2022\\\/05\\\/logo-nest-hostels-valencia-feetuphostels.svg\",\"width\":279,\"height\":130,\"caption\":\"Nest Hostels Barcelona\"},\"image\":{\"@id\":\"https:\\\/\\\/nesthostelsbarcelona.com\\\/es\\\/#\\\/schema\\\/logo\\\/image\\\/\"},\"sameAs\":[\"https:\\\/\\\/www.facebook.com\\\/YellowNestHostelBarcelona\\\/\",\"https:\\\/\\\/x.com\\\/YellowHostel\",\"https:\\\/\\\/www.instagram.com\\\/yellownesthostelbarcelona\\\/\",\"https:\\\/\\\/www.tiktok.com\\\/@yellownesthostel\",\"https:\\\/\\\/www.linkedin.com\\\/company\\\/yellow-nest-hostel-barcelona\\\/\",\"https:\\\/\\\/www.youtube.com\\\/channel\\\/UCwLfXY-N5JO_uNZtStWLqqw\",\"https:\\\/\\\/vk.com\\\/yellownesthostelbarcelona\\\/\",\"https:\\\/\\\/m.me\\\/YellowNestHostelBarcelona\\\/\",\"https:\\\/\\\/www.tripadvisor.es\\\/Hotel_Review-g187497-d1815573-Reviews-Yellow_Nest_Hostel_Barcelona-Barcelona_Catalonia.html\"]}]}<\/script>\n<!-- \/ Yoast SEO plugin. -->","yoast_head_json":{"title":"Nest Hostels Barcelona. Yellow Nest Hostel con camas desde 12\u20ac noche","description":"Nest Hostels Barcelona. Yellow Nest Hostel con camas desde 12\u20ac la noche. Uno de los mejores albergues en Barcelona, Un hostel econ\u00f3mico","robots":{"index":"index","follow":"follow","max-snippet":"max-snippet:-1","max-image-preview":"max-image-preview:large","max-video-preview":"max-video-preview:-1"},"canonical":"https:\/\/nesthostelsbarcelona.com\/es\/","og_locale":"es_ES","og_type":"article","og_title":"Nest Hostels Barcelona. Yellow Nest Hostel con camas desde 12\u20ac noche","og_description":"Nest Hostels Barcelona. Yellow Nest Hostel con camas desde 12\u20ac la noche. Uno de los mejores albergues en Barcelona, Un hostel econ\u00f3mico","og_url":"https:\/\/nesthostelsbarcelona.com\/es\/","og_site_name":"Nest Hostels Barcelona","article_publisher":"https:\/\/www.facebook.com\/YellowNestHostelBarcelona\/","article_modified_time":"2022-06-27T08:52:27+00:00","og_image":[{"url":"https:\/\/nesthostelsbarcelona.com\/wp-content\/uploads\/2022\/05\/enjoy-barcelona-nesthostelsbarcelona.png","type":"","width":"","height":""}],"twitter_card":"summary_large_image","twitter_site":"@YellowHostel","twitter_misc":{"Tiempo de lectura":"4 minutos"},"schema":{"@context":"https:\/\/schema.org","@graph":[{"@type":"WebPage","@id":"https:\/\/nesthostelsbarcelona.com\/es\/","url":"https:\/\/nesthostelsbarcelona.com\/es\/","name":"Nest Hostels Barcelona. Yellow Nest Hostel con camas desde 12\u20ac noche","isPartOf":{"@id":"https:\/\/nesthostelsbarcelona.com\/es\/#website"},"primaryImageOfPage":{"@id":"https:\/\/nesthostelsbarcelona.com\/es\/#primaryimage"},"image":{"@id":"https:\/\/nesthostelsbarcelona.com\/es\/#primaryimage"},"thumbnailUrl":"https:\/\/nesthostelsbarcelona.com\/wp-content\/uploads\/2022\/05\/enjoy-barcelona-nesthostelsbarcelona.png","datePublished":"2014-10-15T10:41:58+00:00","dateModified":"2022-06-27T08:52:27+00:00","description":"Nest Hostels Barcelona. Yellow Nest Hostel con camas desde 12\u20ac la noche. Uno de los mejores albergues en Barcelona, Un hostel econ\u00f3mico","breadcrumb":{"@id":"https:\/\/nesthostelsbarcelona.com\/es\/#breadcrumb"},"inLanguage":"es","potentialAction":[{"@type":"ReadAction","target":["https:\/\/nesthostelsbarcelona.com\/es\/"]}]},{"@type":"ImageObject","inLanguage":"es","@id":"https:\/\/nesthostelsbarcelona.com\/es\/#primaryimage","url":"https:\/\/nesthostelsbarcelona.com\/wp-content\/uploads\/2022\/05\/enjoy-barcelona-nesthostelsbarcelona.png","contentUrl":"https:\/\/nesthostelsbarcelona.com\/wp-content\/uploads\/2022\/05\/enjoy-barcelona-nesthostelsbarcelona.png","width":1920,"height":800,"caption":"Enjoy Barcelona with Nest Hostels Barcelona"},{"@type":"BreadcrumbList","@id":"https:\/\/nesthostelsbarcelona.com\/es\/#breadcrumb","itemListElement":[{"@type":"ListItem","position":1,"name":"Home","item":"https:\/\/nesthostelsbarcelona.com\/es\/inicio\/"},{"@type":"ListItem","position":2,"name":"Inicio"}]},{"@type":"WebSite","@id":"https:\/\/nesthostelsbarcelona.com\/es\/#website","url":"https:\/\/nesthostelsbarcelona.com\/es\/","name":"Nest Hostels Barcelona","description":"Accommodation and beds for travelers in Barcelona","publisher":{"@id":"https:\/\/nesthostelsbarcelona.com\/es\/#organization"},"potentialAction":[{"@type":"SearchAction","target":{"@type":"EntryPoint","urlTemplate":"https:\/\/nesthostelsbarcelona.com\/es\/?s={search_term_string}"},"query-input":{"@type":"PropertyValueSpecification","valueRequired":true,"valueName":"search_term_string"}}],"inLanguage":"es"},{"@type":"Organization","@id":"https:\/\/nesthostelsbarcelona.com\/es\/#organization","name":"Nest Hostels Barcelona","url":"https:\/\/nesthostelsbarcelona.com\/es\/","logo":{"@type":"ImageObject","inLanguage":"es","@id":"https:\/\/nesthostelsbarcelona.com\/es\/#\/schema\/logo\/image\/","url":"https:\/\/nesthostelsbarcelona.com\/wp-content\/uploads\/2022\/05\/logo-nest-hostels-valencia-feetuphostels.svg","contentUrl":"https:\/\/nesthostelsbarcelona.com\/wp-content\/uploads\/2022\/05\/logo-nest-hostels-valencia-feetuphostels.svg","width":279,"height":130,"caption":"Nest Hostels Barcelona"},"image":{"@id":"https:\/\/nesthostelsbarcelona.com\/es\/#\/schema\/logo\/image\/"},"sameAs":["https:\/\/www.facebook.com\/YellowNestHostelBarcelona\/","https:\/\/x.com\/YellowHostel","https:\/\/www.instagram.com\/yellownesthostelbarcelona\/","https:\/\/www.tiktok.com\/@yellownesthostel","https:\/\/www.linkedin.com\/company\/yellow-nest-hostel-barcelona\/","https:\/\/www.youtube.com\/channel\/UCwLfXY-N5JO_uNZtStWLqqw","https:\/\/vk.com\/yellownesthostelbarcelona\/","https:\/\/m.me\/YellowNestHostelBarcelona\/","https:\/\/www.tripadvisor.es\/Hotel_Review-g187497-d1815573-Reviews-Yellow_Nest_Hostel_Barcelona-Barcelona_Catalonia.html"]}]}},"_links":{"self":[{"href":"https:\/\/nesthostelsbarcelona.com\/es\/wp-json\/wp\/v2\/pages\/777","targetHints":{"allow":["GET"]}}],"collection":[{"href":"https:\/\/nesthostelsbarcelona.com\/es\/wp-json\/wp\/v2\/pages"}],"about":[{"href":"https:\/\/nesthostelsbarcelona.com\/es\/wp-json\/wp\/v2\/types\/page"}],"author":[{"embeddable":true,"href":"https:\/\/nesthostelsbarcelona.com\/es\/wp-json\/wp\/v2\/users\/10"}],"replies":[{"embeddable":true,"href":"https:\/\/nesthostelsbarcelona.com\/es\/wp-json\/wp\/v2\/comments?post=777"}],"version-history":[{"count":0,"href":"https:\/\/nesthostelsbarcelona.com\/es\/wp-json\/wp\/v2\/pages\/777\/revisions"}],"wp:featuredmedia":[{"embeddable":true,"href":"https:\/\/nesthostelsbarcelona.com\/es\/wp-json\/wp\/v2\/media\/3065"}],"wp:attachment":[{"href":"https:\/\/nesthostelsbarcelona.com\/es\/wp-json\/wp\/v2\/media?parent=777"}],"curies":[{"name":"wp","href":"https:\/\/api.w.org\/{rel}","templated":true}]}}