{"id":869,"date":"2014-10-16T11:47:47","date_gmt":"2014-10-16T09:47:47","guid":{"rendered":"https:\/\/nesthostelsbarcelona.com\/photos\/"},"modified":"2022-06-24T00:26:55","modified_gmt":"2022-06-23T22:26:55","slug":"albergue-yellow-nest-hostel-barcelona","status":"publish","type":"page","link":"https:\/\/nesthostelsbarcelona.com\/es\/albergue-yellow-nest-hostel-barcelona\/","title":{"rendered":"Albergue Yellow Nest Hostel Barcelona"},"content":{"rendered":"\n<h1 class=\"has-text-align-center wp-block-heading\">Yellow Nest Hostel Barcelona<\/h1>\n\n<p>Yellow Nest Hostel es uno de los albergues m\u00e1s conocidos, c\u00e9ntricos, agradables y asequibles de Barcelona. Adem\u00e1s, nuestras instalaciones se destacan con habitaciones modestas y de dise\u00f1o colorido. Cada uno proporciona un casillero privado y un secador de pelo en los ba\u00f1os comunes.<\/p>\n\n<p>Adem\u00e1s, el desayuno se sirve todos los d\u00edas en la casa de hu\u00e9spedes. Tambi\u00e9n hay a disposici\u00f3n de los hu\u00e9spedes una cocina comunitaria y m\u00e1quinas expendedoras de aperitivos y bebidas. As\u00ed como su terraza exterior, perfecta para relajarse.<\/p>\n\n<h2 class=\"wp-block-heading\">\u00bfD\u00f3nde se encuentra el Yellow Nest Hostel Barcelona?<\/h2>\n\n<p>El albergue se encuentra en el distrito de Les Corts de Barcelona, aproximadamente a 3 minutos a pie del estadio Camp Nou del FC Barcelona. La estaci\u00f3n de metro de Badal est\u00e1 a 5 minutos a pie y se tarda menos de 15 minutos en llegar al centro de la ciudad. El personal de la recepci\u00f3n puede proporcionar recomendaciones sobre qu\u00e9 ver y hacer en Barcelona.<\/p>\n\n<h2 class=\"wp-block-heading\"><strong><a href=\"https:\/\/nesthostelsbarcelona.com\/es\/como-llegar-al-albergue-yellow-nest-hostel-barcelona\/\" target=\"_blank\" rel=\"noopener\">\u00bfC\u00f3mo llegar a Yellow Nest Hostel Barcelona?<\/a><\/strong><\/h2>\n\n<p>Para llegar a nuestro albergue puedes tomar el metro o el autob\u00fas. <a href=\"https:\/\/www.google.es\/maps\/place\/Yellow+Nest+Hostel+Barcelona\/@41.3772673,2.1218767,16.75z\/data=!4m8!3m7!1s0x12a498f49933067b:0xc32f0199b74f7391!5m2!4m1!1i2!8m2!3d41.3771955!4d2.123838?hl=es\">Vea c\u00f3mo llegar desde su ubicaci\u00f3n<\/a>.<\/p>\n\n<h2 class=\"wp-block-heading\">\u00bfQu\u00e9 encontrar\u00e1s en nuestras instalaciones?<\/h2>\n\n<p>Colores vivos y dise\u00f1os modernos en todas las habitaciones: Habitaciones dobles para dos personas, habitaciones dobles superiores para tres personas, habitaciones cu\u00e1druples para cuatro personas y habitaciones compartidas en dormitorios mixtos o femeninos a elegir (4, 6, 8 o 10 camas).<\/p>\n\n<ul class=\"wp-block-list\"><li>Las habitaciones privadas tienen ba\u00f1o privado. Dise\u00f1ado para parejas.<\/li><li>Las habitaciones m\u00e1s grandes tienen ba\u00f1os compartidos.<\/li><\/ul>\n\n<h2 class=\"wp-block-heading\">Preguntas e informaci\u00f3n de inter\u00e9s sobre Yellow Nest Hostel Barcelona<\/h2>\n\n<h3 class=\"wp-block-heading\">\u00bfCu\u00e1ndo es posible realizar el check-in y el check-out en Yellow Nest Hostel?<\/h3>\n\n<p>Puede acceder a nuestro hostel de 15:00 a 00:00 y hacer el check out de 05:00 a 11:00. Informe su hora de llegada con antelaci\u00f3n.<\/p>\n\n<h3 class=\"wp-block-heading\">\u00bfLas habitaciones tienen taquillas para el equipaje?<\/h3>\n\n<p>S\u00ed, tenemos taquillas seguras en las habitaciones, deber\u00e1 traer su candado o tambi\u00e9n podemos dejarle uno en recepci\u00f3n por un precio m\u00ednimo.<\/p>\n\n<h3 class=\"wp-block-heading\">\u00bfQu\u00e9 formas de pago tiene el Yellow Nest Hostel Valencia?<\/h3>\n\n<p>Te recomendamos reservar online, puedes pagar en recepci\u00f3n pero es mejor online porque as\u00ed te garantizamos disponibilidad en la habitaci\u00f3n que reserves.<\/p>\n\n<h3 class=\"wp-block-heading\">\u00bfCu\u00e1les son las condiciones para las estancias con ni\u00f1os?<\/h3>\n\n<p>Se pueden alojar ni\u00f1os de cualquier edad. Los ni\u00f1os a partir de 6 a\u00f1os se considerar\u00e1n adultos en este alojamiento. Para ver la informaci\u00f3n correcta sobre precios y ocupaci\u00f3n, agregue la cantidad de ni\u00f1os con los que viaja y sus edades a su b\u00fasqueda.<\/p>\n\n<h3 class=\"wp-block-heading\">\u00bfEl Yellow Nest tiene habitaciones privadas para parejas?<\/h3>\n\n<p>S\u00ed, disponemos de varias habitaciones individuales para parejas, consulta disponibilidad y precios en el proceso de reserva.<\/p>\n\n<h3 class=\"wp-block-heading\">\u00bfA qu\u00e9 distancia est\u00e1 Yellow Nest Hostel del centro de Barcelona?<\/h3>\n\n<p>Un paseo de 5 minutos te lleva a la estaci\u00f3n de metro de Badal, que conecta con el centro de la ciudad en menos de 15 minutos.<\/p>\n\n<h3 class=\"wp-block-heading\">\u00bfCu\u00e1nto cuesta hospedarse en Yellow Nest Hostel?<\/h3>\n\n<p>Los precios en Yellow Nest Hostel pueden variar en funci\u00f3n de la estancia (fechas, condiciones del hotel, etc.). Elige tus fechas para ver el precio.<\/p>\n\n<h2 class=\"wp-block-heading\">\u00bfTienes m\u00e1s preguntas?<\/h2>\n\n<p>Visita nuestra apartado <a href=\"https:\/\/nesthostelsbarcelona.com\/es\/faqs-yellow-nest-hostel-barcelona\/\">FAQs Yellow Nest Hostel Barcelona<\/a> para encontrar respuestas a sus preguntas. Tambi\u00e9n puedes enviarnos un email a <a href=\"mailto:yellownest@feetuphostels.com\">yellownest@feetuphostels.com<\/a><\/p>\n\n<div class=\"wp-block-buttons is-layout-flex wp-block-buttons-is-layout-flex\">\n<div class=\"wp-block-button aligncenter has-custom-width wp-block-button__width-100 has-custom-font-size is-style-fill\" style=\"font-size:30px\"><a class=\"wp-block-button__link has-black-color has-luminous-vivid-amber-background-color has-text-color has-background\" href=\"https:\/\/nesthostelsbarcelona.com\/es\/reservar\/\" style=\"border-radius:0px\" target=\"_blank\" rel=\"noreferrer noopener\">Reserva ahora y podr\u00e1s elegir entre nuestros diferentes tipos de habitaciones.<\/a><\/div>\n<\/div>\n\n<h3 class=\"has-text-align-center has-white-color has-vivid-red-background-color has-text-color has-background has-large-font-size wp-block-heading\">Somos Friendliness Specialists<\/h3>\n","protected":false},"excerpt":{"rendered":"<p>Albergue Yellow Nest Hostel Barcelona es uno de los hostales m\u00e1s conocidos, c\u00e9ntricos, agradables y asequibles de Barcelona.<\/p>\n","protected":false},"author":10,"featured_media":1314,"parent":0,"menu_order":0,"comment_status":"open","ping_status":"open","template":"","meta":{"footnotes":""},"class_list":["post-869","page","type-page","status-publish","has-post-thumbnail","hentry"],"yoast_head":"<!-- This site is optimized with the Yoast SEO plugin v27.3 - https:\/\/yoast.com\/product\/yoast-seo-wordpress\/ -->\n<title>Albergue Yellow Nest Hostel Barcelona | Reserva una cama al mejor precio de Barcelona<\/title>\n<meta name=\"description\" content=\"Albergue Yellow Nest Hostel Barcelona | Reserva una cama al mejor precio de Barcelona. Es uno de los hostales m\u00e1s conocidos, c\u00e9ntricos, agradables y asequibles\" \/>\n<meta name=\"robots\" content=\"index, follow, max-snippet:-1, max-image-preview:large, max-video-preview:-1\" \/>\n<link rel=\"canonical\" href=\"https:\/\/nesthostelsbarcelona.com\/es\/albergue-yellow-nest-hostel-barcelona\/\" \/>\n<meta property=\"og:locale\" content=\"es_ES\" \/>\n<meta property=\"og:type\" content=\"article\" \/>\n<meta property=\"og:title\" content=\"Albergue Yellow Nest Hostel Barcelona | Reserva una cama al mejor precio de Barcelona\" \/>\n<meta property=\"og:description\" content=\"Albergue Yellow Nest Hostel Barcelona | Reserva una cama al mejor precio de Barcelona. Es uno de los hostales m\u00e1s conocidos, c\u00e9ntricos, agradables y asequibles\" \/>\n<meta property=\"og:url\" content=\"https:\/\/nesthostelsbarcelona.com\/es\/albergue-yellow-nest-hostel-barcelona\/\" \/>\n<meta property=\"og:site_name\" content=\"Nest Hostels Barcelona\" \/>\n<meta property=\"article:publisher\" content=\"https:\/\/www.facebook.com\/YellowNestHostelBarcelona\/\" \/>\n<meta property=\"article:modified_time\" content=\"2022-06-23T22:26:55+00:00\" \/>\n<meta property=\"og:image\" content=\"https:\/\/nesthostelsbarcelona.com\/wp-content\/uploads\/2014\/10\/38yellownesthostelbarcelona.jpg\" \/>\n\t<meta property=\"og:image:width\" content=\"1200\" \/>\n\t<meta property=\"og:image:height\" content=\"900\" \/>\n\t<meta property=\"og:image:type\" content=\"image\/jpeg\" \/>\n<meta name=\"twitter:card\" content=\"summary_large_image\" \/>\n<meta name=\"twitter:site\" content=\"@YellowHostel\" \/>\n<meta name=\"twitter:label1\" content=\"Tiempo de lectura\" \/>\n\t<meta name=\"twitter:data1\" content=\"3 minutos\" \/>\n<script type=\"application\/ld+json\" class=\"yoast-schema-graph\">{\"@context\":\"https:\\\/\\\/schema.org\",\"@graph\":[{\"@type\":\"WebPage\",\"@id\":\"https:\\\/\\\/nesthostelsbarcelona.com\\\/es\\\/albergue-yellow-nest-hostel-barcelona\\\/\",\"url\":\"https:\\\/\\\/nesthostelsbarcelona.com\\\/es\\\/albergue-yellow-nest-hostel-barcelona\\\/\",\"name\":\"Albergue Yellow Nest Hostel Barcelona | Reserva una cama al mejor precio de Barcelona\",\"isPartOf\":{\"@id\":\"https:\\\/\\\/nesthostelsbarcelona.com\\\/es\\\/#website\"},\"primaryImageOfPage\":{\"@id\":\"https:\\\/\\\/nesthostelsbarcelona.com\\\/es\\\/albergue-yellow-nest-hostel-barcelona\\\/#primaryimage\"},\"image\":{\"@id\":\"https:\\\/\\\/nesthostelsbarcelona.com\\\/es\\\/albergue-yellow-nest-hostel-barcelona\\\/#primaryimage\"},\"thumbnailUrl\":\"https:\\\/\\\/nesthostelsbarcelona.com\\\/wp-content\\\/uploads\\\/2014\\\/10\\\/38yellownesthostelbarcelona.jpg\",\"datePublished\":\"2014-10-16T09:47:47+00:00\",\"dateModified\":\"2022-06-23T22:26:55+00:00\",\"description\":\"Albergue Yellow Nest Hostel Barcelona | Reserva una cama al mejor precio de Barcelona. Es uno de los hostales m\u00e1s conocidos, c\u00e9ntricos, agradables y asequibles\",\"breadcrumb\":{\"@id\":\"https:\\\/\\\/nesthostelsbarcelona.com\\\/es\\\/albergue-yellow-nest-hostel-barcelona\\\/#breadcrumb\"},\"inLanguage\":\"es\",\"potentialAction\":[{\"@type\":\"ReadAction\",\"target\":[\"https:\\\/\\\/nesthostelsbarcelona.com\\\/es\\\/albergue-yellow-nest-hostel-barcelona\\\/\"]}]},{\"@type\":\"ImageObject\",\"inLanguage\":\"es\",\"@id\":\"https:\\\/\\\/nesthostelsbarcelona.com\\\/es\\\/albergue-yellow-nest-hostel-barcelona\\\/#primaryimage\",\"url\":\"https:\\\/\\\/nesthostelsbarcelona.com\\\/wp-content\\\/uploads\\\/2014\\\/10\\\/38yellownesthostelbarcelona.jpg\",\"contentUrl\":\"https:\\\/\\\/nesthostelsbarcelona.com\\\/wp-content\\\/uploads\\\/2014\\\/10\\\/38yellownesthostelbarcelona.jpg\",\"width\":1200,\"height\":900,\"caption\":\"Yellow Nest Hostel Barcelona\"},{\"@type\":\"BreadcrumbList\",\"@id\":\"https:\\\/\\\/nesthostelsbarcelona.com\\\/es\\\/albergue-yellow-nest-hostel-barcelona\\\/#breadcrumb\",\"itemListElement\":[{\"@type\":\"ListItem\",\"position\":1,\"name\":\"Home\",\"item\":\"https:\\\/\\\/nesthostelsbarcelona.com\\\/es\\\/inicio\\\/\"},{\"@type\":\"ListItem\",\"position\":2,\"name\":\"Albergue Yellow Nest Hostel Barcelona\"}]},{\"@type\":\"WebSite\",\"@id\":\"https:\\\/\\\/nesthostelsbarcelona.com\\\/es\\\/#website\",\"url\":\"https:\\\/\\\/nesthostelsbarcelona.com\\\/es\\\/\",\"name\":\"Nest Hostels Barcelona\",\"description\":\"Accommodation and beds for travelers in Barcelona\",\"publisher\":{\"@id\":\"https:\\\/\\\/nesthostelsbarcelona.com\\\/es\\\/#organization\"},\"potentialAction\":[{\"@type\":\"SearchAction\",\"target\":{\"@type\":\"EntryPoint\",\"urlTemplate\":\"https:\\\/\\\/nesthostelsbarcelona.com\\\/es\\\/?s={search_term_string}\"},\"query-input\":{\"@type\":\"PropertyValueSpecification\",\"valueRequired\":true,\"valueName\":\"search_term_string\"}}],\"inLanguage\":\"es\"},{\"@type\":\"Organization\",\"@id\":\"https:\\\/\\\/nesthostelsbarcelona.com\\\/es\\\/#organization\",\"name\":\"Nest Hostels Barcelona\",\"url\":\"https:\\\/\\\/nesthostelsbarcelona.com\\\/es\\\/\",\"logo\":{\"@type\":\"ImageObject\",\"inLanguage\":\"es\",\"@id\":\"https:\\\/\\\/nesthostelsbarcelona.com\\\/es\\\/#\\\/schema\\\/logo\\\/image\\\/\",\"url\":\"https:\\\/\\\/nesthostelsbarcelona.com\\\/wp-content\\\/uploads\\\/2022\\\/05\\\/logo-nest-hostels-valencia-feetuphostels.svg\",\"contentUrl\":\"https:\\\/\\\/nesthostelsbarcelona.com\\\/wp-content\\\/uploads\\\/2022\\\/05\\\/logo-nest-hostels-valencia-feetuphostels.svg\",\"width\":279,\"height\":130,\"caption\":\"Nest Hostels Barcelona\"},\"image\":{\"@id\":\"https:\\\/\\\/nesthostelsbarcelona.com\\\/es\\\/#\\\/schema\\\/logo\\\/image\\\/\"},\"sameAs\":[\"https:\\\/\\\/www.facebook.com\\\/YellowNestHostelBarcelona\\\/\",\"https:\\\/\\\/x.com\\\/YellowHostel\",\"https:\\\/\\\/www.instagram.com\\\/yellownesthostelbarcelona\\\/\",\"https:\\\/\\\/www.tiktok.com\\\/@yellownesthostel\",\"https:\\\/\\\/www.linkedin.com\\\/company\\\/yellow-nest-hostel-barcelona\\\/\",\"https:\\\/\\\/www.youtube.com\\\/channel\\\/UCwLfXY-N5JO_uNZtStWLqqw\",\"https:\\\/\\\/vk.com\\\/yellownesthostelbarcelona\\\/\",\"https:\\\/\\\/m.me\\\/YellowNestHostelBarcelona\\\/\",\"https:\\\/\\\/www.tripadvisor.es\\\/Hotel_Review-g187497-d1815573-Reviews-Yellow_Nest_Hostel_Barcelona-Barcelona_Catalonia.html\"]}]}<\/script>\n<!-- \/ Yoast SEO plugin. -->","yoast_head_json":{"title":"Albergue Yellow Nest Hostel Barcelona | Reserva una cama al mejor precio de Barcelona","description":"Albergue Yellow Nest Hostel Barcelona | Reserva una cama al mejor precio de Barcelona. Es uno de los hostales m\u00e1s conocidos, c\u00e9ntricos, agradables y asequibles","robots":{"index":"index","follow":"follow","max-snippet":"max-snippet:-1","max-image-preview":"max-image-preview:large","max-video-preview":"max-video-preview:-1"},"canonical":"https:\/\/nesthostelsbarcelona.com\/es\/albergue-yellow-nest-hostel-barcelona\/","og_locale":"es_ES","og_type":"article","og_title":"Albergue Yellow Nest Hostel Barcelona | Reserva una cama al mejor precio de Barcelona","og_description":"Albergue Yellow Nest Hostel Barcelona | Reserva una cama al mejor precio de Barcelona. Es uno de los hostales m\u00e1s conocidos, c\u00e9ntricos, agradables y asequibles","og_url":"https:\/\/nesthostelsbarcelona.com\/es\/albergue-yellow-nest-hostel-barcelona\/","og_site_name":"Nest Hostels Barcelona","article_publisher":"https:\/\/www.facebook.com\/YellowNestHostelBarcelona\/","article_modified_time":"2022-06-23T22:26:55+00:00","og_image":[{"width":1200,"height":900,"url":"https:\/\/nesthostelsbarcelona.com\/wp-content\/uploads\/2014\/10\/38yellownesthostelbarcelona.jpg","type":"image\/jpeg"}],"twitter_card":"summary_large_image","twitter_site":"@YellowHostel","twitter_misc":{"Tiempo de lectura":"3 minutos"},"schema":{"@context":"https:\/\/schema.org","@graph":[{"@type":"WebPage","@id":"https:\/\/nesthostelsbarcelona.com\/es\/albergue-yellow-nest-hostel-barcelona\/","url":"https:\/\/nesthostelsbarcelona.com\/es\/albergue-yellow-nest-hostel-barcelona\/","name":"Albergue Yellow Nest Hostel Barcelona | Reserva una cama al mejor precio de Barcelona","isPartOf":{"@id":"https:\/\/nesthostelsbarcelona.com\/es\/#website"},"primaryImageOfPage":{"@id":"https:\/\/nesthostelsbarcelona.com\/es\/albergue-yellow-nest-hostel-barcelona\/#primaryimage"},"image":{"@id":"https:\/\/nesthostelsbarcelona.com\/es\/albergue-yellow-nest-hostel-barcelona\/#primaryimage"},"thumbnailUrl":"https:\/\/nesthostelsbarcelona.com\/wp-content\/uploads\/2014\/10\/38yellownesthostelbarcelona.jpg","datePublished":"2014-10-16T09:47:47+00:00","dateModified":"2022-06-23T22:26:55+00:00","description":"Albergue Yellow Nest Hostel Barcelona | Reserva una cama al mejor precio de Barcelona. Es uno de los hostales m\u00e1s conocidos, c\u00e9ntricos, agradables y asequibles","breadcrumb":{"@id":"https:\/\/nesthostelsbarcelona.com\/es\/albergue-yellow-nest-hostel-barcelona\/#breadcrumb"},"inLanguage":"es","potentialAction":[{"@type":"ReadAction","target":["https:\/\/nesthostelsbarcelona.com\/es\/albergue-yellow-nest-hostel-barcelona\/"]}]},{"@type":"ImageObject","inLanguage":"es","@id":"https:\/\/nesthostelsbarcelona.com\/es\/albergue-yellow-nest-hostel-barcelona\/#primaryimage","url":"https:\/\/nesthostelsbarcelona.com\/wp-content\/uploads\/2014\/10\/38yellownesthostelbarcelona.jpg","contentUrl":"https:\/\/nesthostelsbarcelona.com\/wp-content\/uploads\/2014\/10\/38yellownesthostelbarcelona.jpg","width":1200,"height":900,"caption":"Yellow Nest Hostel Barcelona"},{"@type":"BreadcrumbList","@id":"https:\/\/nesthostelsbarcelona.com\/es\/albergue-yellow-nest-hostel-barcelona\/#breadcrumb","itemListElement":[{"@type":"ListItem","position":1,"name":"Home","item":"https:\/\/nesthostelsbarcelona.com\/es\/inicio\/"},{"@type":"ListItem","position":2,"name":"Albergue Yellow Nest Hostel Barcelona"}]},{"@type":"WebSite","@id":"https:\/\/nesthostelsbarcelona.com\/es\/#website","url":"https:\/\/nesthostelsbarcelona.com\/es\/","name":"Nest Hostels Barcelona","description":"Accommodation and beds for travelers in Barcelona","publisher":{"@id":"https:\/\/nesthostelsbarcelona.com\/es\/#organization"},"potentialAction":[{"@type":"SearchAction","target":{"@type":"EntryPoint","urlTemplate":"https:\/\/nesthostelsbarcelona.com\/es\/?s={search_term_string}"},"query-input":{"@type":"PropertyValueSpecification","valueRequired":true,"valueName":"search_term_string"}}],"inLanguage":"es"},{"@type":"Organization","@id":"https:\/\/nesthostelsbarcelona.com\/es\/#organization","name":"Nest Hostels Barcelona","url":"https:\/\/nesthostelsbarcelona.com\/es\/","logo":{"@type":"ImageObject","inLanguage":"es","@id":"https:\/\/nesthostelsbarcelona.com\/es\/#\/schema\/logo\/image\/","url":"https:\/\/nesthostelsbarcelona.com\/wp-content\/uploads\/2022\/05\/logo-nest-hostels-valencia-feetuphostels.svg","contentUrl":"https:\/\/nesthostelsbarcelona.com\/wp-content\/uploads\/2022\/05\/logo-nest-hostels-valencia-feetuphostels.svg","width":279,"height":130,"caption":"Nest Hostels Barcelona"},"image":{"@id":"https:\/\/nesthostelsbarcelona.com\/es\/#\/schema\/logo\/image\/"},"sameAs":["https:\/\/www.facebook.com\/YellowNestHostelBarcelona\/","https:\/\/x.com\/YellowHostel","https:\/\/www.instagram.com\/yellownesthostelbarcelona\/","https:\/\/www.tiktok.com\/@yellownesthostel","https:\/\/www.linkedin.com\/company\/yellow-nest-hostel-barcelona\/","https:\/\/www.youtube.com\/channel\/UCwLfXY-N5JO_uNZtStWLqqw","https:\/\/vk.com\/yellownesthostelbarcelona\/","https:\/\/m.me\/YellowNestHostelBarcelona\/","https:\/\/www.tripadvisor.es\/Hotel_Review-g187497-d1815573-Reviews-Yellow_Nest_Hostel_Barcelona-Barcelona_Catalonia.html"]}]}},"_links":{"self":[{"href":"https:\/\/nesthostelsbarcelona.com\/es\/wp-json\/wp\/v2\/pages\/869","targetHints":{"allow":["GET"]}}],"collection":[{"href":"https:\/\/nesthostelsbarcelona.com\/es\/wp-json\/wp\/v2\/pages"}],"about":[{"href":"https:\/\/nesthostelsbarcelona.com\/es\/wp-json\/wp\/v2\/types\/page"}],"author":[{"embeddable":true,"href":"https:\/\/nesthostelsbarcelona.com\/es\/wp-json\/wp\/v2\/users\/10"}],"replies":[{"embeddable":true,"href":"https:\/\/nesthostelsbarcelona.com\/es\/wp-json\/wp\/v2\/comments?post=869"}],"version-history":[{"count":0,"href":"https:\/\/nesthostelsbarcelona.com\/es\/wp-json\/wp\/v2\/pages\/869\/revisions"}],"wp:featuredmedia":[{"embeddable":true,"href":"https:\/\/nesthostelsbarcelona.com\/es\/wp-json\/wp\/v2\/media\/1314"}],"wp:attachment":[{"href":"https:\/\/nesthostelsbarcelona.com\/es\/wp-json\/wp\/v2\/media?parent=869"}],"curies":[{"name":"wp","href":"https:\/\/api.w.org\/{rel}","templated":true}]}}