{"id":1074,"date":"2014-10-16T11:47:47","date_gmt":"2014-10-16T11:47:47","guid":{"rendered":"https:\/\/nesthostelsbarcelona.com\/fotos\/"},"modified":"2022-06-24T00:12:36","modified_gmt":"2022-06-23T22:12:36","slug":"yellow-nest-hostel-barcellona","status":"publish","type":"page","link":"https:\/\/nesthostelsbarcelona.com\/it\/yellow-nest-hostel-barcellona\/","title":{"rendered":"Yellow Nest Hostel Barcellona"},"content":{"rendered":"\n<h1 class=\"has-text-align-center wp-block-heading\">Yellow Nest Hostel Barcellona<\/h1>\n\n\n\n<p>Yellow Nest Hostel \u00e8 uno dei pi\u00f9 noti, centrale, piacevole e conveniente ostelli a Barcellona. Inoltre, le nostre strutture si distinguono per le camere da letto modeste e colorate. Ognuno offre un armadietto privato e un asciugacapelli nei bagni comuni.<\/p>\n\n\n\n<p>Inoltre, la colazione viene servita tutti i giorni presso la struttura. A vostra disposizione anche una cucina comunitaria e distributori automatici di snack e bevande. Cos\u00ec come la loro terrazza all&#8217;aperto, che \u00e8 perfetto per rilassarsi.<\/p>\n\n\n\n<h2 class=\"wp-block-heading\">Dove si trova il Yellow Nest Hostel Barcelona?<\/h2>\n\n\n\n<p>L&#8217;ostello si trova nel quartiere Les Corts di Barcellona, a circa 3 minuti a piedi dallo stadio Camp Nou del FC Barcelona. La stazione della metropolitana Badal si trova a 5 minuti a piedi, e ci vogliono meno di 15 minuti per raggiungere il centro della citt\u00e0. Il personale della reception sar\u00e0 lieto di fornirvi consigli su cose da vedere e da fare a Barcellona.<\/p>\n\n\n\n<h2 class=\"wp-block-heading\"><a href=\"https:\/\/nesthostelsbarcelona.com\/it\/come-arrivare-yellow-nest-hostel-barcellona\/\">Come arrivare a Yellow Nest Hostel Barcellona?<\/a><\/h2>\n\n\n\n<p>Per raggiungere il nostro ostello si pu\u00f2 prendere la metropolitana o l&#8217;autobus. Guarda come arrivarci dalla tua posizione.<\/p>\n\n\n\n<h2 class=\"wp-block-heading\">Cosa troverete nelle nostre strutture?<\/h2>\n\n\n\n<p>Colori vivaci e design moderno in tutte le camere: camere doppie per due persone, camere doppie superior per tre persone, camere quadruple per quattro persone e camere condivise in dormitori misti o femminili tra cui scegliere (4, 6, 8 o 10 posti letto).<\/p>\n\n\n\n<ul class=\"wp-block-list\"><li>Le camere private sono dotate di bagno privato. Progettato per le coppie.<\/li><li>Le camere pi\u00f9 grandi hanno bagni in comune.<\/li><\/ul>\n\n\n\n<h2 class=\"wp-block-heading\">Domande e informazioni di interesse su Yellow Nest Hostel Barcelona<\/h2>\n\n\n\n<h3 class=\"wp-block-heading\">Quando \u00e8 possibile effettuare il check-in e il check-out presso lo Yellow Nest Hostel?<\/h3>\n\n\n\n<p>\u00c8 possibile accedere al nostro ostello da 15:00 \u2013 00:00 e check \u2013 out 05:00-11: 00. Informare il vostro orario di arrivo in anticipo.<\/p>\n\n\n\n<h3 class=\"wp-block-heading\">Le camere hanno armadietti per i bagagli?<\/h3>\n\n\n\n<p>S\u00ec, abbiamo armadietti sicuri nelle camere, \u00e8 necessario portare il lucchetto o possiamo anche lasciare uno per voi alla reception per un prezzo minimo.<\/p>\n\n\n\n<h3 class=\"wp-block-heading\">Quali forme di pagamento ha il Yellow Nest Hostel Valencia?<\/h3>\n\n\n\n<p>Ti consigliamo di prenotare online, puoi pagare alla reception ma \u00e8 meglio online perch\u00e9 in questo modo garantiamo la disponibilit\u00e0 nella stanza che prenoti.<\/p>\n\n\n\n<h3 class=\"wp-block-heading\">Quali sono le condizioni per soggiorni con bambini?<\/h3>\n\n\n\n<p>I bambini di qualsiasi et\u00e0 possono essere ospitati. I bambini dai 6 anni saranno considerati adulti in questo alloggio. Per visualizzare le informazioni corrette sui prezzi e sull&#8217;occupazione, aggiungi alla ricerca il numero di bambini con cui viaggi e la loro et\u00e0.<\/p>\n\n\n\n<h3 class=\"wp-block-heading\">Il Nido giallo ha stanze private per coppie?<\/h3>\n\n\n\n<p>S\u00ec, abbiamo diverse camere singole per coppie, controlla la disponibilit\u00e0 e i prezzi nel processo di prenotazione.<\/p>\n\n\n\n<h3 class=\"wp-block-heading\">Quanto dista Yellow Nest Hostel dal centro di Barcellona?<\/h3>\n\n\n\n<p>A 5 minuti a piedi si raggiunge la stazione della metropolitana Badal, che collega al centro della citt\u00e0 in meno di 15 minuti.<\/p>\n\n\n\n<h3 class=\"wp-block-heading\">Quanto costa soggiornare al Yellow Nest Hostel?<\/h3>\n\n\n\n<p>I prezzi al Yellow Nest Hostel possono variare a seconda del soggiorno(date, condizioni dell&#8217;hotel, ecc.). Scegli le date per vedere il prezzo.<\/p>\n\n\n\n<h2 class=\"wp-block-heading\">Hai altre domande?<\/h2>\n\n\n\n<p>Visita le nostre FAQ Yellow Nest Hostel Barcelona per trovare le risposte alle tue domande. Puoi anche inviarci una e-mail a yellownest@feetuphostels.com<\/p>\n\n\n\n<div class=\"wp-block-buttons is-layout-flex wp-block-buttons-is-layout-flex\">\n<div class=\"wp-block-button aligncenter has-custom-width wp-block-button__width-100 has-custom-font-size is-style-fill\" style=\"font-size:30px\"><a class=\"wp-block-button__link has-black-color has-luminous-vivid-amber-background-color has-text-color has-background\" href=\"https:\/\/nesthostelsbarcelona.com\/it\/booking\/\" style=\"border-radius:0px\" target=\"_blank\" rel=\"noreferrer noopener\">Prenota ora e potrai scegliere tra le nostre diverse tipologie di camere<\/a><\/div>\n<\/div>\n\n\n\n<h3 class=\"has-text-align-center has-white-color has-vivid-red-background-color has-text-color has-background has-large-font-size wp-block-heading\">Lo siamo Friendliness Specialists<\/h3>\n","protected":false},"excerpt":{"rendered":"<p>Yellow Nest Hostel \u00e8 uno dei pi\u00f9 noti, centrale, piacevole e conveniente ostelli a Barcellona.<\/p>\n","protected":false},"author":10,"featured_media":1372,"parent":0,"menu_order":0,"comment_status":"open","ping_status":"open","template":"","meta":{"footnotes":""},"class_list":["post-1074","page","type-page","status-publish","has-post-thumbnail","hentry"],"yoast_head":"<!-- This site is optimized with the Yoast SEO plugin v27.4 - https:\/\/yoast.com\/product\/yoast-seo-wordpress\/ -->\n<title>Yellow Nest Hostel Barcelona | Prenota un letto al prezzo a Barcellona<\/title>\n<meta name=\"description\" content=\"Yellow Nest Hostel Barcelona | Prenota un letto al prezzo a Barcellona. \u00c8 uno dei pi\u00f9 noti, centrale, piacevole e conveniente ostelli\" \/>\n<meta name=\"robots\" content=\"index, follow, max-snippet:-1, max-image-preview:large, max-video-preview:-1\" \/>\n<link rel=\"canonical\" href=\"https:\/\/nesthostelsbarcelona.com\/it\/yellow-nest-hostel-barcellona\/\" \/>\n<meta property=\"og:locale\" content=\"it_IT\" \/>\n<meta property=\"og:type\" content=\"article\" \/>\n<meta property=\"og:title\" content=\"Yellow Nest Hostel Barcelona | Prenota un letto al prezzo a Barcellona\" \/>\n<meta property=\"og:description\" content=\"Yellow Nest Hostel Barcelona | Prenota un letto al prezzo a Barcellona. \u00c8 uno dei pi\u00f9 noti, centrale, piacevole e conveniente ostelli\" \/>\n<meta property=\"og:url\" content=\"https:\/\/nesthostelsbarcelona.com\/it\/yellow-nest-hostel-barcellona\/\" \/>\n<meta property=\"og:site_name\" content=\"Nest Hostels Barcelona\" \/>\n<meta property=\"article:publisher\" content=\"https:\/\/www.facebook.com\/YellowNestHostelBarcelona\/\" \/>\n<meta property=\"article:modified_time\" content=\"2022-06-23T22:12:36+00:00\" \/>\n<meta property=\"og:image\" content=\"https:\/\/nesthostelsbarcelona.com\/wp-content\/uploads\/2014\/10\/38yellownesthostelbarcelona.jpg\" \/>\n\t<meta property=\"og:image:width\" content=\"1200\" \/>\n\t<meta property=\"og:image:height\" content=\"900\" \/>\n\t<meta property=\"og:image:type\" content=\"image\/jpeg\" \/>\n<meta name=\"twitter:card\" content=\"summary_large_image\" \/>\n<meta name=\"twitter:site\" content=\"@YellowHostel\" \/>\n<meta name=\"twitter:label1\" content=\"Tempo di lettura stimato\" \/>\n\t<meta name=\"twitter:data1\" content=\"3 minuti\" \/>\n<script type=\"application\/ld+json\" class=\"yoast-schema-graph\">{\"@context\":\"https:\\\/\\\/schema.org\",\"@graph\":[{\"@type\":\"WebPage\",\"@id\":\"https:\\\/\\\/nesthostelsbarcelona.com\\\/it\\\/yellow-nest-hostel-barcellona\\\/\",\"url\":\"https:\\\/\\\/nesthostelsbarcelona.com\\\/it\\\/yellow-nest-hostel-barcellona\\\/\",\"name\":\"Yellow Nest Hostel Barcelona | Prenota un letto al prezzo a Barcellona\",\"isPartOf\":{\"@id\":\"https:\\\/\\\/nesthostelsbarcelona.com\\\/it\\\/#website\"},\"primaryImageOfPage\":{\"@id\":\"https:\\\/\\\/nesthostelsbarcelona.com\\\/it\\\/yellow-nest-hostel-barcellona\\\/#primaryimage\"},\"image\":{\"@id\":\"https:\\\/\\\/nesthostelsbarcelona.com\\\/it\\\/yellow-nest-hostel-barcellona\\\/#primaryimage\"},\"thumbnailUrl\":\"https:\\\/\\\/nesthostelsbarcelona.com\\\/wp-content\\\/uploads\\\/2014\\\/10\\\/38yellownesthostelbarcelona.jpg\",\"datePublished\":\"2014-10-16T11:47:47+00:00\",\"dateModified\":\"2022-06-23T22:12:36+00:00\",\"description\":\"Yellow Nest Hostel Barcelona | Prenota un letto al prezzo a Barcellona. \u00c8 uno dei pi\u00f9 noti, centrale, piacevole e conveniente ostelli\",\"breadcrumb\":{\"@id\":\"https:\\\/\\\/nesthostelsbarcelona.com\\\/it\\\/yellow-nest-hostel-barcellona\\\/#breadcrumb\"},\"inLanguage\":\"it-IT\",\"potentialAction\":[{\"@type\":\"ReadAction\",\"target\":[\"https:\\\/\\\/nesthostelsbarcelona.com\\\/it\\\/yellow-nest-hostel-barcellona\\\/\"]}]},{\"@type\":\"ImageObject\",\"inLanguage\":\"it-IT\",\"@id\":\"https:\\\/\\\/nesthostelsbarcelona.com\\\/it\\\/yellow-nest-hostel-barcellona\\\/#primaryimage\",\"url\":\"https:\\\/\\\/nesthostelsbarcelona.com\\\/wp-content\\\/uploads\\\/2014\\\/10\\\/38yellownesthostelbarcelona.jpg\",\"contentUrl\":\"https:\\\/\\\/nesthostelsbarcelona.com\\\/wp-content\\\/uploads\\\/2014\\\/10\\\/38yellownesthostelbarcelona.jpg\",\"width\":1200,\"height\":900,\"caption\":\"Yellow Nest Hostel Barcelona\"},{\"@type\":\"BreadcrumbList\",\"@id\":\"https:\\\/\\\/nesthostelsbarcelona.com\\\/it\\\/yellow-nest-hostel-barcellona\\\/#breadcrumb\",\"itemListElement\":[{\"@type\":\"ListItem\",\"position\":1,\"name\":\"Home\",\"item\":\"https:\\\/\\\/nesthostelsbarcelona.com\\\/it\\\/home\\\/\"},{\"@type\":\"ListItem\",\"position\":2,\"name\":\"Yellow Nest Hostel Barcellona\"}]},{\"@type\":\"WebSite\",\"@id\":\"https:\\\/\\\/nesthostelsbarcelona.com\\\/it\\\/#website\",\"url\":\"https:\\\/\\\/nesthostelsbarcelona.com\\\/it\\\/\",\"name\":\"Nest Hostels Barcelona\",\"description\":\"Accommodation and beds for travelers in Barcelona\",\"publisher\":{\"@id\":\"https:\\\/\\\/nesthostelsbarcelona.com\\\/it\\\/#organization\"},\"potentialAction\":[{\"@type\":\"SearchAction\",\"target\":{\"@type\":\"EntryPoint\",\"urlTemplate\":\"https:\\\/\\\/nesthostelsbarcelona.com\\\/it\\\/?s={search_term_string}\"},\"query-input\":{\"@type\":\"PropertyValueSpecification\",\"valueRequired\":true,\"valueName\":\"search_term_string\"}}],\"inLanguage\":\"it-IT\"},{\"@type\":\"Organization\",\"@id\":\"https:\\\/\\\/nesthostelsbarcelona.com\\\/it\\\/#organization\",\"name\":\"Nest Hostels Barcelona\",\"url\":\"https:\\\/\\\/nesthostelsbarcelona.com\\\/it\\\/\",\"logo\":{\"@type\":\"ImageObject\",\"inLanguage\":\"it-IT\",\"@id\":\"https:\\\/\\\/nesthostelsbarcelona.com\\\/it\\\/#\\\/schema\\\/logo\\\/image\\\/\",\"url\":\"https:\\\/\\\/nesthostelsbarcelona.com\\\/wp-content\\\/uploads\\\/2022\\\/05\\\/logo-nest-hostels-valencia-feetuphostels.svg\",\"contentUrl\":\"https:\\\/\\\/nesthostelsbarcelona.com\\\/wp-content\\\/uploads\\\/2022\\\/05\\\/logo-nest-hostels-valencia-feetuphostels.svg\",\"width\":279,\"height\":130,\"caption\":\"Nest Hostels Barcelona\"},\"image\":{\"@id\":\"https:\\\/\\\/nesthostelsbarcelona.com\\\/it\\\/#\\\/schema\\\/logo\\\/image\\\/\"},\"sameAs\":[\"https:\\\/\\\/www.facebook.com\\\/YellowNestHostelBarcelona\\\/\",\"https:\\\/\\\/x.com\\\/YellowHostel\",\"https:\\\/\\\/www.instagram.com\\\/yellownesthostelbarcelona\\\/\",\"https:\\\/\\\/www.tiktok.com\\\/@yellownesthostel\",\"https:\\\/\\\/www.linkedin.com\\\/company\\\/yellow-nest-hostel-barcelona\\\/\",\"https:\\\/\\\/www.youtube.com\\\/channel\\\/UCwLfXY-N5JO_uNZtStWLqqw\",\"https:\\\/\\\/vk.com\\\/yellownesthostelbarcelona\\\/\",\"https:\\\/\\\/m.me\\\/YellowNestHostelBarcelona\\\/\",\"https:\\\/\\\/www.tripadvisor.es\\\/Hotel_Review-g187497-d1815573-Reviews-Yellow_Nest_Hostel_Barcelona-Barcelona_Catalonia.html\"]}]}<\/script>\n<!-- \/ Yoast SEO plugin. -->","yoast_head_json":{"title":"Yellow Nest Hostel Barcelona | Prenota un letto al prezzo a Barcellona","description":"Yellow Nest Hostel Barcelona | Prenota un letto al prezzo a Barcellona. \u00c8 uno dei pi\u00f9 noti, centrale, piacevole e conveniente ostelli","robots":{"index":"index","follow":"follow","max-snippet":"max-snippet:-1","max-image-preview":"max-image-preview:large","max-video-preview":"max-video-preview:-1"},"canonical":"https:\/\/nesthostelsbarcelona.com\/it\/yellow-nest-hostel-barcellona\/","og_locale":"it_IT","og_type":"article","og_title":"Yellow Nest Hostel Barcelona | Prenota un letto al prezzo a Barcellona","og_description":"Yellow Nest Hostel Barcelona | Prenota un letto al prezzo a Barcellona. \u00c8 uno dei pi\u00f9 noti, centrale, piacevole e conveniente ostelli","og_url":"https:\/\/nesthostelsbarcelona.com\/it\/yellow-nest-hostel-barcellona\/","og_site_name":"Nest Hostels Barcelona","article_publisher":"https:\/\/www.facebook.com\/YellowNestHostelBarcelona\/","article_modified_time":"2022-06-23T22:12:36+00:00","og_image":[{"width":1200,"height":900,"url":"https:\/\/nesthostelsbarcelona.com\/wp-content\/uploads\/2014\/10\/38yellownesthostelbarcelona.jpg","type":"image\/jpeg"}],"twitter_card":"summary_large_image","twitter_site":"@YellowHostel","twitter_misc":{"Tempo di lettura stimato":"3 minuti"},"schema":{"@context":"https:\/\/schema.org","@graph":[{"@type":"WebPage","@id":"https:\/\/nesthostelsbarcelona.com\/it\/yellow-nest-hostel-barcellona\/","url":"https:\/\/nesthostelsbarcelona.com\/it\/yellow-nest-hostel-barcellona\/","name":"Yellow Nest Hostel Barcelona | Prenota un letto al prezzo a Barcellona","isPartOf":{"@id":"https:\/\/nesthostelsbarcelona.com\/it\/#website"},"primaryImageOfPage":{"@id":"https:\/\/nesthostelsbarcelona.com\/it\/yellow-nest-hostel-barcellona\/#primaryimage"},"image":{"@id":"https:\/\/nesthostelsbarcelona.com\/it\/yellow-nest-hostel-barcellona\/#primaryimage"},"thumbnailUrl":"https:\/\/nesthostelsbarcelona.com\/wp-content\/uploads\/2014\/10\/38yellownesthostelbarcelona.jpg","datePublished":"2014-10-16T11:47:47+00:00","dateModified":"2022-06-23T22:12:36+00:00","description":"Yellow Nest Hostel Barcelona | Prenota un letto al prezzo a Barcellona. \u00c8 uno dei pi\u00f9 noti, centrale, piacevole e conveniente ostelli","breadcrumb":{"@id":"https:\/\/nesthostelsbarcelona.com\/it\/yellow-nest-hostel-barcellona\/#breadcrumb"},"inLanguage":"it-IT","potentialAction":[{"@type":"ReadAction","target":["https:\/\/nesthostelsbarcelona.com\/it\/yellow-nest-hostel-barcellona\/"]}]},{"@type":"ImageObject","inLanguage":"it-IT","@id":"https:\/\/nesthostelsbarcelona.com\/it\/yellow-nest-hostel-barcellona\/#primaryimage","url":"https:\/\/nesthostelsbarcelona.com\/wp-content\/uploads\/2014\/10\/38yellownesthostelbarcelona.jpg","contentUrl":"https:\/\/nesthostelsbarcelona.com\/wp-content\/uploads\/2014\/10\/38yellownesthostelbarcelona.jpg","width":1200,"height":900,"caption":"Yellow Nest Hostel Barcelona"},{"@type":"BreadcrumbList","@id":"https:\/\/nesthostelsbarcelona.com\/it\/yellow-nest-hostel-barcellona\/#breadcrumb","itemListElement":[{"@type":"ListItem","position":1,"name":"Home","item":"https:\/\/nesthostelsbarcelona.com\/it\/home\/"},{"@type":"ListItem","position":2,"name":"Yellow Nest Hostel Barcellona"}]},{"@type":"WebSite","@id":"https:\/\/nesthostelsbarcelona.com\/it\/#website","url":"https:\/\/nesthostelsbarcelona.com\/it\/","name":"Nest Hostels Barcelona","description":"Accommodation and beds for travelers in Barcelona","publisher":{"@id":"https:\/\/nesthostelsbarcelona.com\/it\/#organization"},"potentialAction":[{"@type":"SearchAction","target":{"@type":"EntryPoint","urlTemplate":"https:\/\/nesthostelsbarcelona.com\/it\/?s={search_term_string}"},"query-input":{"@type":"PropertyValueSpecification","valueRequired":true,"valueName":"search_term_string"}}],"inLanguage":"it-IT"},{"@type":"Organization","@id":"https:\/\/nesthostelsbarcelona.com\/it\/#organization","name":"Nest Hostels Barcelona","url":"https:\/\/nesthostelsbarcelona.com\/it\/","logo":{"@type":"ImageObject","inLanguage":"it-IT","@id":"https:\/\/nesthostelsbarcelona.com\/it\/#\/schema\/logo\/image\/","url":"https:\/\/nesthostelsbarcelona.com\/wp-content\/uploads\/2022\/05\/logo-nest-hostels-valencia-feetuphostels.svg","contentUrl":"https:\/\/nesthostelsbarcelona.com\/wp-content\/uploads\/2022\/05\/logo-nest-hostels-valencia-feetuphostels.svg","width":279,"height":130,"caption":"Nest Hostels Barcelona"},"image":{"@id":"https:\/\/nesthostelsbarcelona.com\/it\/#\/schema\/logo\/image\/"},"sameAs":["https:\/\/www.facebook.com\/YellowNestHostelBarcelona\/","https:\/\/x.com\/YellowHostel","https:\/\/www.instagram.com\/yellownesthostelbarcelona\/","https:\/\/www.tiktok.com\/@yellownesthostel","https:\/\/www.linkedin.com\/company\/yellow-nest-hostel-barcelona\/","https:\/\/www.youtube.com\/channel\/UCwLfXY-N5JO_uNZtStWLqqw","https:\/\/vk.com\/yellownesthostelbarcelona\/","https:\/\/m.me\/YellowNestHostelBarcelona\/","https:\/\/www.tripadvisor.es\/Hotel_Review-g187497-d1815573-Reviews-Yellow_Nest_Hostel_Barcelona-Barcelona_Catalonia.html"]}]}},"_links":{"self":[{"href":"https:\/\/nesthostelsbarcelona.com\/it\/wp-json\/wp\/v2\/pages\/1074","targetHints":{"allow":["GET"]}}],"collection":[{"href":"https:\/\/nesthostelsbarcelona.com\/it\/wp-json\/wp\/v2\/pages"}],"about":[{"href":"https:\/\/nesthostelsbarcelona.com\/it\/wp-json\/wp\/v2\/types\/page"}],"author":[{"embeddable":true,"href":"https:\/\/nesthostelsbarcelona.com\/it\/wp-json\/wp\/v2\/users\/10"}],"replies":[{"embeddable":true,"href":"https:\/\/nesthostelsbarcelona.com\/it\/wp-json\/wp\/v2\/comments?post=1074"}],"version-history":[{"count":0,"href":"https:\/\/nesthostelsbarcelona.com\/it\/wp-json\/wp\/v2\/pages\/1074\/revisions"}],"wp:featuredmedia":[{"embeddable":true,"href":"https:\/\/nesthostelsbarcelona.com\/it\/wp-json\/wp\/v2\/media\/1372"}],"wp:attachment":[{"href":"https:\/\/nesthostelsbarcelona.com\/it\/wp-json\/wp\/v2\/media?parent=1074"}],"curies":[{"name":"wp","href":"https:\/\/api.w.org\/{rel}","templated":true}]}}