{"id":1084,"date":"2014-11-24T13:50:58","date_gmt":"2014-11-24T13:50:58","guid":{"rendered":"https:\/\/nesthostelsbarcelona.com\/groups\/"},"modified":"2022-06-30T13:33:37","modified_gmt":"2022-06-30T11:33:37","slug":"gruppi","status":"publish","type":"page","link":"https:\/\/nesthostelsbarcelona.com\/it\/gruppi\/","title":{"rendered":"Prenotazioni di gruppo"},"content":{"rendered":"\n<h1 class=\"has-text-align-center wp-block-heading\">Prenotazioni di gruppo al Yellow Nest Hostel<\/h1>\n\n<h2 class=\"has-text-align-center wp-block-heading\">Alloggi e ostelli per gruppi a Barcellona<\/h2>\n\n<p class=\"has-text-align-center\">Prenota un alloggio \/ ostello per il tuo gruppo a Barcellona grazie a Feet Up Hostels. Siamo specializzati nella gestione delle prenotazioni di gruppo (Solo per 10 o pi\u00f9 persone)<\/p>\n\n<figure class=\"wp-block-image aligncenter size-full\"><a href=\"https:\/\/nesthostelsbarcelona.com\/wp-content\/uploads\/2022\/06\/groups-nest-hostels-barcelona.jpeg\"><img fetchpriority=\"high\" decoding=\"async\" width=\"1239\" height=\"929\" src=\"https:\/\/nesthostelsbarcelona.com\/wp-content\/uploads\/2022\/06\/groups-nest-hostels-barcelona.jpeg\" alt=\"Prenotazioni di gruppo al Yellow Nest Hostel Barcelona\" class=\"wp-image-3460\" srcset=\"https:\/\/nesthostelsbarcelona.com\/wp-content\/uploads\/2022\/06\/groups-nest-hostels-barcelona.jpeg 1239w, https:\/\/nesthostelsbarcelona.com\/wp-content\/uploads\/2022\/06\/groups-nest-hostels-barcelona-300x225.jpeg 300w, https:\/\/nesthostelsbarcelona.com\/wp-content\/uploads\/2022\/06\/groups-nest-hostels-barcelona-1024x768.jpeg 1024w, https:\/\/nesthostelsbarcelona.com\/wp-content\/uploads\/2022\/06\/groups-nest-hostels-barcelona-768x576.jpeg 768w\" sizes=\"(max-width: 1239px) 100vw, 1239px\" \/><\/a><figcaption>Prenotazioni di gruppo al Yellow Nest Hostel Barcelona<\/figcaption><\/figure>\n\n<h2 class=\"has-text-align-left wp-block-heading\">Organizza il tuo viaggio con Feet Up Hostels<\/h2>\n\n<p>Hai intenzione di visitare Barcellona con il tuo gruppo? sei pi\u00f9 di 10 persone? Sappiamo che trovare la sistemazione perfetta per il tuo gruppo pu\u00f2 essere davvero difficile, specialmente in una citt\u00e0 come Barcellona, ecco perch\u00e9 a Yellow Nest Hostel Barcelona abbiamo un reparto di gruppo specializzato che ti aiuter\u00e0 e ti consiglier\u00e0 su tutto ci\u00f2 che riguarda il tuo gruppo:<\/p>\n\n<ul class=\"wp-block-list\"><li>Soggiorno.<\/li><li><a href=\"https:\/\/nesthostelsbarcelona.com\/top-activities-to-do-in-barcelona\/\">Attivita<\/a>.<\/li><li>Trasferimento.<\/li><li>Mangiare.<\/li><\/ul>\n\n<p>Lascia le tue preoccupazioni a casa con <a href=\"https:\/\/feetuphostels.com\/it\/\" target=\"_blank\" rel=\"noopener\">Feet Up Hostels<\/a> e dedicati solo a goderti il tuo soggiorno e Barcellona.<\/p>\n\n<h2 class=\"wp-block-heading\">Questi sono i vantaggi che tu e il tuo gruppo avrete al momento della prenotazione con noi<\/h2>\n\n<ul class=\"wp-block-list\"><li>Il miglior prezzo garantito<\/li><li>Ampia variet\u00e0 di tipologie di camere.<\/li><li>Organizzazione delle attivit\u00e0.<\/li><li>Servizio di trasferimento I \/ v per l&#8217;aeroporto.<\/li><li>Servizio personalizzato.<\/li><li>Servizio <a href=\"https:\/\/devoradorescatering.com\/\" target=\"_blank\" rel=\"noreferrer noopener\">catering <\/a>per pranzi, cene e pic-nic.<\/li><li>Reparto specializzato in gruppi.<\/li><li>Deposito bagagli gratuito.<\/li><\/ul>\n\n<p><\/p>\n\n<p class=\"has-white-color has-vivid-cyan-blue-background-color has-text-color has-background\">Non dimenticare! Per registrarsi presso gli ostelli del gruppo <a href=\"https:\/\/feetuphostels.com\/it\/\" target=\"_blank\" rel=\"noopener\">Feet Up Hostels<\/a>, \u00e8 necessario fornire un deposito di \u20ac 8 e un passaporto valido, carta d&#8217;identit\u00e0 o patente di guida valid dipende da te, ma non puoi registrarti senza documentazione.<\/p>\n\n<h2 class=\"wp-block-heading\">Prenota un alloggio per il tuo gruppo a Barcellona<\/h2>\n\n<p>Non conosci la citt\u00e0 e non sai da dove cominciare a cercare? Non riesci a trovare un ristorante adatto alle esigenze del tuo gruppo? Non ottenere il budget giusto? Crediamo che dopo un&#8217;intera giornata di visite turistiche a Barcellona, devi riposare e mettere da parte le tue preoccupazioni, ecco perch\u00e9 <strong>Yellow Nest Hostel Barcelona<\/strong> mette a tua disposizione un servizio di menu che si adatta a tutte le tue esigenze. Offriamo mezza pensione, pensione completa e pic-nic. Le pensioni possono essere combinate nel modo che pi\u00f9 vi si addice meglio.<\/p>\n\n<h2 class=\"wp-block-heading\">Abbiamo men\u00f9 per vegetariani, sportivi, celiaci, ecc.<\/h2>\n\n<p>Dovrai solo informarci in anticipo sul menu che desideri e sulle diete speciali e gestiremo tutto prima del tuo arrivo.<\/p>\n\n<p>Con una gestione di oltre 500 gruppi annuali dal 2010, Yellow Nest Hostel Barcelona fa parte del gruppo Feet Up Hostels, una delle catene di ostelli pi\u00f9 famose in Spagna e con molta esperienza nel turismo giovanile. Offriamo alloggio a tutti i tipi di gruppi tra cui scuole, universit\u00e0, aziende, gruppi di eventi, istituzioni sportive, ecc. Inoltre, se si desidera visitare l&#8217;ostello prima del vostro soggiorno, il nostro reparto gruppi far\u00e0 una visita guidata in modo da poter vedere le nostre strutture e in grado di risolvere tutti i dubbi che avete su <strong>Yellow Nest Barcellona Ostelli<\/strong>.<\/p>\n\n<p><\/p>\n\n<p><\/p>\n\n<p><\/p>\n\n<p><\/p>\n\n<p><\/p>\n\n<p><\/p>\n","protected":false},"excerpt":{"rendered":"<p>Prenotazione gruppi Barcellona Spagna. Gruppi per Nest Hostels Barcelona. Contattaci per tutte le informazioni su prenotazione gruppi, offerte, sconti, servizi di gruppo.<\/p>\n","protected":false},"author":10,"featured_media":3461,"parent":0,"menu_order":0,"comment_status":"open","ping_status":"open","template":"","meta":{"footnotes":""},"class_list":["post-1084","page","type-page","status-publish","has-post-thumbnail","hentry"],"yoast_head":"<!-- This site is optimized with the Yoast SEO plugin v27.4 - https:\/\/yoast.com\/product\/yoast-seo-wordpress\/ -->\n<title>Prenotazioni di gruppo Barcellona \u2705 Alloggio per gruppi al miglior prezzo<\/title>\n<meta name=\"description\" content=\"Prenotazioni di gruppo Barcellona. Sistemazione per gruppi al miglior prezzo. Contattaci e ottenere offerte in \u2705 Alloggio \u2705 Cibo \u2705 Attivit\u00e0\" \/>\n<meta name=\"robots\" content=\"index, follow, max-snippet:-1, max-image-preview:large, max-video-preview:-1\" \/>\n<link rel=\"canonical\" href=\"https:\/\/nesthostelsbarcelona.com\/it\/gruppi\/\" \/>\n<meta property=\"og:locale\" content=\"it_IT\" \/>\n<meta property=\"og:type\" content=\"article\" \/>\n<meta property=\"og:title\" content=\"Prenotazioni di gruppo Barcellona \u2705 Alloggio per gruppi al miglior prezzo\" \/>\n<meta property=\"og:description\" content=\"Prenotazioni di gruppo Barcellona. Sistemazione per gruppi al miglior prezzo. Contattaci e ottenere offerte in \u2705 Alloggio \u2705 Cibo \u2705 Attivit\u00e0\" \/>\n<meta property=\"og:url\" content=\"https:\/\/nesthostelsbarcelona.com\/it\/gruppi\/\" \/>\n<meta property=\"og:site_name\" content=\"Nest Hostels Barcelona\" \/>\n<meta property=\"article:publisher\" content=\"https:\/\/www.facebook.com\/YellowNestHostelBarcelona\/\" \/>\n<meta property=\"article:modified_time\" content=\"2022-06-30T11:33:37+00:00\" \/>\n<meta property=\"og:image\" content=\"https:\/\/nesthostelsbarcelona.com\/wp-content\/uploads\/2022\/06\/groups-nest-hostels-barcelona.jpeg\" \/>\n<meta name=\"twitter:card\" content=\"summary_large_image\" \/>\n<meta name=\"twitter:site\" content=\"@YellowHostel\" \/>\n<script type=\"application\/ld+json\" class=\"yoast-schema-graph\">{\"@context\":\"https:\\\/\\\/schema.org\",\"@graph\":[{\"@type\":\"WebPage\",\"@id\":\"https:\\\/\\\/nesthostelsbarcelona.com\\\/it\\\/gruppi\\\/\",\"url\":\"https:\\\/\\\/nesthostelsbarcelona.com\\\/it\\\/gruppi\\\/\",\"name\":\"Prenotazioni di gruppo Barcellona \u2705 Alloggio per gruppi al miglior prezzo\",\"isPartOf\":{\"@id\":\"https:\\\/\\\/nesthostelsbarcelona.com\\\/it\\\/#website\"},\"primaryImageOfPage\":{\"@id\":\"https:\\\/\\\/nesthostelsbarcelona.com\\\/it\\\/gruppi\\\/#primaryimage\"},\"image\":{\"@id\":\"https:\\\/\\\/nesthostelsbarcelona.com\\\/it\\\/gruppi\\\/#primaryimage\"},\"thumbnailUrl\":\"https:\\\/\\\/nesthostelsbarcelona.com\\\/wp-content\\\/uploads\\\/2022\\\/06\\\/groups-nest-hostels-barcelona.jpeg\",\"datePublished\":\"2014-11-24T13:50:58+00:00\",\"dateModified\":\"2022-06-30T11:33:37+00:00\",\"description\":\"Prenotazioni di gruppo Barcellona. Sistemazione per gruppi al miglior prezzo. Contattaci e ottenere offerte in \u2705 Alloggio \u2705 Cibo \u2705 Attivit\u00e0\",\"breadcrumb\":{\"@id\":\"https:\\\/\\\/nesthostelsbarcelona.com\\\/it\\\/gruppi\\\/#breadcrumb\"},\"inLanguage\":\"it-IT\",\"potentialAction\":[{\"@type\":\"ReadAction\",\"target\":[\"https:\\\/\\\/nesthostelsbarcelona.com\\\/it\\\/gruppi\\\/\"]}]},{\"@type\":\"ImageObject\",\"inLanguage\":\"it-IT\",\"@id\":\"https:\\\/\\\/nesthostelsbarcelona.com\\\/it\\\/gruppi\\\/#primaryimage\",\"url\":\"https:\\\/\\\/nesthostelsbarcelona.com\\\/wp-content\\\/uploads\\\/2022\\\/06\\\/groups-nest-hostels-barcelona.jpeg\",\"contentUrl\":\"https:\\\/\\\/nesthostelsbarcelona.com\\\/wp-content\\\/uploads\\\/2022\\\/06\\\/groups-nest-hostels-barcelona.jpeg\",\"width\":1239,\"height\":929,\"caption\":\"Group Bookings Barcelona\"},{\"@type\":\"BreadcrumbList\",\"@id\":\"https:\\\/\\\/nesthostelsbarcelona.com\\\/it\\\/gruppi\\\/#breadcrumb\",\"itemListElement\":[{\"@type\":\"ListItem\",\"position\":1,\"name\":\"Home\",\"item\":\"https:\\\/\\\/nesthostelsbarcelona.com\\\/it\\\/home\\\/\"},{\"@type\":\"ListItem\",\"position\":2,\"name\":\"Prenotazioni di gruppo\"}]},{\"@type\":\"WebSite\",\"@id\":\"https:\\\/\\\/nesthostelsbarcelona.com\\\/it\\\/#website\",\"url\":\"https:\\\/\\\/nesthostelsbarcelona.com\\\/it\\\/\",\"name\":\"Nest Hostels Barcelona\",\"description\":\"Accommodation and beds for travelers in Barcelona\",\"publisher\":{\"@id\":\"https:\\\/\\\/nesthostelsbarcelona.com\\\/it\\\/#organization\"},\"potentialAction\":[{\"@type\":\"SearchAction\",\"target\":{\"@type\":\"EntryPoint\",\"urlTemplate\":\"https:\\\/\\\/nesthostelsbarcelona.com\\\/it\\\/?s={search_term_string}\"},\"query-input\":{\"@type\":\"PropertyValueSpecification\",\"valueRequired\":true,\"valueName\":\"search_term_string\"}}],\"inLanguage\":\"it-IT\"},{\"@type\":\"Organization\",\"@id\":\"https:\\\/\\\/nesthostelsbarcelona.com\\\/it\\\/#organization\",\"name\":\"Nest Hostels Barcelona\",\"url\":\"https:\\\/\\\/nesthostelsbarcelona.com\\\/it\\\/\",\"logo\":{\"@type\":\"ImageObject\",\"inLanguage\":\"it-IT\",\"@id\":\"https:\\\/\\\/nesthostelsbarcelona.com\\\/it\\\/#\\\/schema\\\/logo\\\/image\\\/\",\"url\":\"https:\\\/\\\/nesthostelsbarcelona.com\\\/wp-content\\\/uploads\\\/2022\\\/05\\\/logo-nest-hostels-valencia-feetuphostels.svg\",\"contentUrl\":\"https:\\\/\\\/nesthostelsbarcelona.com\\\/wp-content\\\/uploads\\\/2022\\\/05\\\/logo-nest-hostels-valencia-feetuphostels.svg\",\"width\":279,\"height\":130,\"caption\":\"Nest Hostels Barcelona\"},\"image\":{\"@id\":\"https:\\\/\\\/nesthostelsbarcelona.com\\\/it\\\/#\\\/schema\\\/logo\\\/image\\\/\"},\"sameAs\":[\"https:\\\/\\\/www.facebook.com\\\/YellowNestHostelBarcelona\\\/\",\"https:\\\/\\\/x.com\\\/YellowHostel\",\"https:\\\/\\\/www.instagram.com\\\/yellownesthostelbarcelona\\\/\",\"https:\\\/\\\/www.tiktok.com\\\/@yellownesthostel\",\"https:\\\/\\\/www.linkedin.com\\\/company\\\/yellow-nest-hostel-barcelona\\\/\",\"https:\\\/\\\/www.youtube.com\\\/channel\\\/UCwLfXY-N5JO_uNZtStWLqqw\",\"https:\\\/\\\/vk.com\\\/yellownesthostelbarcelona\\\/\",\"https:\\\/\\\/m.me\\\/YellowNestHostelBarcelona\\\/\",\"https:\\\/\\\/www.tripadvisor.es\\\/Hotel_Review-g187497-d1815573-Reviews-Yellow_Nest_Hostel_Barcelona-Barcelona_Catalonia.html\"]}]}<\/script>\n<!-- \/ Yoast SEO plugin. -->","yoast_head_json":{"title":"Prenotazioni di gruppo Barcellona \u2705 Alloggio per gruppi al miglior prezzo","description":"Prenotazioni di gruppo Barcellona. Sistemazione per gruppi al miglior prezzo. Contattaci e ottenere offerte in \u2705 Alloggio \u2705 Cibo \u2705 Attivit\u00e0","robots":{"index":"index","follow":"follow","max-snippet":"max-snippet:-1","max-image-preview":"max-image-preview:large","max-video-preview":"max-video-preview:-1"},"canonical":"https:\/\/nesthostelsbarcelona.com\/it\/gruppi\/","og_locale":"it_IT","og_type":"article","og_title":"Prenotazioni di gruppo Barcellona \u2705 Alloggio per gruppi al miglior prezzo","og_description":"Prenotazioni di gruppo Barcellona. Sistemazione per gruppi al miglior prezzo. Contattaci e ottenere offerte in \u2705 Alloggio \u2705 Cibo \u2705 Attivit\u00e0","og_url":"https:\/\/nesthostelsbarcelona.com\/it\/gruppi\/","og_site_name":"Nest Hostels Barcelona","article_publisher":"https:\/\/www.facebook.com\/YellowNestHostelBarcelona\/","article_modified_time":"2022-06-30T11:33:37+00:00","og_image":[{"url":"https:\/\/nesthostelsbarcelona.com\/wp-content\/uploads\/2022\/06\/groups-nest-hostels-barcelona.jpeg","type":"","width":"","height":""}],"twitter_card":"summary_large_image","twitter_site":"@YellowHostel","schema":{"@context":"https:\/\/schema.org","@graph":[{"@type":"WebPage","@id":"https:\/\/nesthostelsbarcelona.com\/it\/gruppi\/","url":"https:\/\/nesthostelsbarcelona.com\/it\/gruppi\/","name":"Prenotazioni di gruppo Barcellona \u2705 Alloggio per gruppi al miglior prezzo","isPartOf":{"@id":"https:\/\/nesthostelsbarcelona.com\/it\/#website"},"primaryImageOfPage":{"@id":"https:\/\/nesthostelsbarcelona.com\/it\/gruppi\/#primaryimage"},"image":{"@id":"https:\/\/nesthostelsbarcelona.com\/it\/gruppi\/#primaryimage"},"thumbnailUrl":"https:\/\/nesthostelsbarcelona.com\/wp-content\/uploads\/2022\/06\/groups-nest-hostels-barcelona.jpeg","datePublished":"2014-11-24T13:50:58+00:00","dateModified":"2022-06-30T11:33:37+00:00","description":"Prenotazioni di gruppo Barcellona. Sistemazione per gruppi al miglior prezzo. Contattaci e ottenere offerte in \u2705 Alloggio \u2705 Cibo \u2705 Attivit\u00e0","breadcrumb":{"@id":"https:\/\/nesthostelsbarcelona.com\/it\/gruppi\/#breadcrumb"},"inLanguage":"it-IT","potentialAction":[{"@type":"ReadAction","target":["https:\/\/nesthostelsbarcelona.com\/it\/gruppi\/"]}]},{"@type":"ImageObject","inLanguage":"it-IT","@id":"https:\/\/nesthostelsbarcelona.com\/it\/gruppi\/#primaryimage","url":"https:\/\/nesthostelsbarcelona.com\/wp-content\/uploads\/2022\/06\/groups-nest-hostels-barcelona.jpeg","contentUrl":"https:\/\/nesthostelsbarcelona.com\/wp-content\/uploads\/2022\/06\/groups-nest-hostels-barcelona.jpeg","width":1239,"height":929,"caption":"Group Bookings Barcelona"},{"@type":"BreadcrumbList","@id":"https:\/\/nesthostelsbarcelona.com\/it\/gruppi\/#breadcrumb","itemListElement":[{"@type":"ListItem","position":1,"name":"Home","item":"https:\/\/nesthostelsbarcelona.com\/it\/home\/"},{"@type":"ListItem","position":2,"name":"Prenotazioni di gruppo"}]},{"@type":"WebSite","@id":"https:\/\/nesthostelsbarcelona.com\/it\/#website","url":"https:\/\/nesthostelsbarcelona.com\/it\/","name":"Nest Hostels Barcelona","description":"Accommodation and beds for travelers in Barcelona","publisher":{"@id":"https:\/\/nesthostelsbarcelona.com\/it\/#organization"},"potentialAction":[{"@type":"SearchAction","target":{"@type":"EntryPoint","urlTemplate":"https:\/\/nesthostelsbarcelona.com\/it\/?s={search_term_string}"},"query-input":{"@type":"PropertyValueSpecification","valueRequired":true,"valueName":"search_term_string"}}],"inLanguage":"it-IT"},{"@type":"Organization","@id":"https:\/\/nesthostelsbarcelona.com\/it\/#organization","name":"Nest Hostels Barcelona","url":"https:\/\/nesthostelsbarcelona.com\/it\/","logo":{"@type":"ImageObject","inLanguage":"it-IT","@id":"https:\/\/nesthostelsbarcelona.com\/it\/#\/schema\/logo\/image\/","url":"https:\/\/nesthostelsbarcelona.com\/wp-content\/uploads\/2022\/05\/logo-nest-hostels-valencia-feetuphostels.svg","contentUrl":"https:\/\/nesthostelsbarcelona.com\/wp-content\/uploads\/2022\/05\/logo-nest-hostels-valencia-feetuphostels.svg","width":279,"height":130,"caption":"Nest Hostels Barcelona"},"image":{"@id":"https:\/\/nesthostelsbarcelona.com\/it\/#\/schema\/logo\/image\/"},"sameAs":["https:\/\/www.facebook.com\/YellowNestHostelBarcelona\/","https:\/\/x.com\/YellowHostel","https:\/\/www.instagram.com\/yellownesthostelbarcelona\/","https:\/\/www.tiktok.com\/@yellownesthostel","https:\/\/www.linkedin.com\/company\/yellow-nest-hostel-barcelona\/","https:\/\/www.youtube.com\/channel\/UCwLfXY-N5JO_uNZtStWLqqw","https:\/\/vk.com\/yellownesthostelbarcelona\/","https:\/\/m.me\/YellowNestHostelBarcelona\/","https:\/\/www.tripadvisor.es\/Hotel_Review-g187497-d1815573-Reviews-Yellow_Nest_Hostel_Barcelona-Barcelona_Catalonia.html"]}]}},"_links":{"self":[{"href":"https:\/\/nesthostelsbarcelona.com\/it\/wp-json\/wp\/v2\/pages\/1084","targetHints":{"allow":["GET"]}}],"collection":[{"href":"https:\/\/nesthostelsbarcelona.com\/it\/wp-json\/wp\/v2\/pages"}],"about":[{"href":"https:\/\/nesthostelsbarcelona.com\/it\/wp-json\/wp\/v2\/types\/page"}],"author":[{"embeddable":true,"href":"https:\/\/nesthostelsbarcelona.com\/it\/wp-json\/wp\/v2\/users\/10"}],"replies":[{"embeddable":true,"href":"https:\/\/nesthostelsbarcelona.com\/it\/wp-json\/wp\/v2\/comments?post=1084"}],"version-history":[{"count":0,"href":"https:\/\/nesthostelsbarcelona.com\/it\/wp-json\/wp\/v2\/pages\/1084\/revisions"}],"wp:featuredmedia":[{"embeddable":true,"href":"https:\/\/nesthostelsbarcelona.com\/it\/wp-json\/wp\/v2\/media\/3461"}],"wp:attachment":[{"href":"https:\/\/nesthostelsbarcelona.com\/it\/wp-json\/wp\/v2\/media?parent=1084"}],"curies":[{"name":"wp","href":"https:\/\/api.w.org\/{rel}","templated":true}]}}