{"id":1213,"date":"2017-09-04T10:00:32","date_gmt":"2017-09-04T08:00:32","guid":{"rendered":"https:\/\/nesthostelsbarcelona.com\/terms-and-conditions\/"},"modified":"2022-06-27T17:14:42","modified_gmt":"2022-06-27T15:14:42","slug":"termini-e-condizioni","status":"publish","type":"page","link":"https:\/\/nesthostelsbarcelona.com\/it\/termini-e-condizioni\/","title":{"rendered":"Termini e Condizioni"},"content":{"rendered":"\n<h1 class=\"has-text-align-center wp-block-heading\">Termini e Condizioni<\/h1>\n\n<hr class=\"wp-block-separator has-alpha-channel-opacity is-style-dots\"\/>\n\n<h2 class=\"wp-block-heading\">0. Fini e accettazioni.<\/h2>\n\n<p>Questo avvertimento legale riguarda l\u2019uso del sito <a href=\"https:\/\/nesthostelsbarcelona.com\/it\/\" target=\"_blank\" rel=\"noreferrer noopener\">nesthostelsbarcelona.com<\/a> (hereafter, THE WEB), che \u00e9 propriet\u00e1 di BOOKING HOSTELS S.L., is regulated by this legal notice (PROPRIETARIO DEL SITO WEB).<\/p>\n\n<p>Navigazione IL PROPRIETARIO DEL sito WEB garantisce lo status di utente e implica il pieno e incondizionato accordo di ogni disposizione contenuta in questo Avviso legale, che pu\u00f2 essere modificato.<\/p>\n\n<p>L&#8217;utente accetta di utilizzare il sito web correttamente in conformit\u00e0 con tutte le leggi applicabili, la buona fede, l&#8217;ordine pubblico, le norme sul traffico e questa Nota legale.<\/p>\n\n<p>L&#8217;utente sar\u00e0 responsabile per eventuali danni causati da una violazione di questo impegno nei confronti del PROPRIETARIO DEL WEB o di altre parti.<\/p>\n\n<h2 class=\"wp-block-heading\">1. Identificazione e Comunicazione.<\/h2>\n\n<p>Il PROPRIETARIO DEL SITO vi informa sui servizi di informazione e commercio elettronico ai sensi della legge 34\/2002 dell &#8216; 11 luglio:<\/p>\n\n<ul class=\"wp-block-list\"><li>Il suo nome: <strong>BOOKING HOSTELS S.L.<\/strong><\/li><li>Il suo CIF\/NIF\/NIE \u00e9 : B98157274<\/li><li>La sua sede legale \u00e8 a: C\/ RODRIGUEZ DE CEPEDA N\u00ba 35 &#8211; 46021 VALENCIA.<\/li><li>\u00c9 registrato al Trade Register of Valencia, TOMO 9055, LIBRO 6339, FOLIO 37, SECCI\u00d3N 8, HOJA V-134583, INSCRIPTION 1&#13;\n<\/li><li>Per contattarci scrivi una mail<\/li><li>Email: <a href=\"mailto:info@feetuphostels.com\">info@feetuphostels.com<\/a><\/li><\/ul>\n\n<p>Tutte le notifiche e tutti i contatti tra l\u2019utente e proprietario del sito sono considerati utili, se avvengono tramite e-mail o altre forme di contatto.<\/p>\n\n<h2 class=\"wp-block-heading\">2. Condizioni di accesso e utilizzo.<\/h2>\n\n<p>Il sito web e i suoi servizi sono liberamente accessibili e disponibili, tuttavia IL <strong>PROPRIETARIO DEL SITO<\/strong> ha specificato che l&#8217;utilizzo dei servizi offerti dal sito web \u00e8 possibile solo dopo aver accettato questo modulo.<\/p>\n\n<p>L&#8217;utente garantisce che tutti i dati comunicati al <strong>PROPRIETARIO DEL SITO<\/strong> sono validi e aggiornati, e che l&#8217;utente \u00e8 l&#8217;unico responsabile per eventuali affermazioni false o inesatte.<\/p>\n\n<p>L&#8217;utente acconsente espressamente al corretto utilizzo del materiale e dei servizi del <strong>TITOLARE DEL SITO<\/strong> e si impegna a non utilizzarli nelle seguenti circostanze:<\/p>\n\n<ol class=\"wp-block-list\"><li>Distribuzione di contenuti criminali, violenti, pornografici, razzisti, xenofobi, offensivi o con elementi terroristici che violano la legge pubblica.<\/li><li>Portare virus o effettuare una qualsiasi altra azione che possa cambiare il contenuto, danneggiare, generare errori o causare danni a documenti elettronici, dati o sistemi fisici e logistici del <strong>PROPRIETARIO DEL SITO<\/strong> o di parti terze; cos\u00ed come ostacolare l\u2019accesso agli utenti del sito ed ai suoi servizi usandolo con il sito con il quale il <strong>PROPRIETARIO DEL SITO<\/strong> lavora.<\/li><li>Cercando di ottenere l&#8217;accesso agli account di posta elettronica di altri utenti o sistemi informatici del <strong>PROPRIETARIO DEL SITO<\/strong> o di terze parti per recuperare informazioni.<\/li><li>Violazione dei diritti di propriet\u00e1 e violazione dell\u2019affidabilit\u00e1 delle informazioni del <strong>PROPRIETARIO DEL SITO <\/strong>o di parti terze.<\/li><li>Fingere di essere un\u2019altra persona, il governo pubblico o parti terze.<\/li><li>Riprodurre, copiare, distribuire, rendere accessibile, e qualsiasi altra forma di pubblica comunicazione, trasformazione o modifica dei contenuti, a meno che tu non ne abbia il permesso ed i diritti necessari.<\/li><li>Salvare dati per scopi pubblicitari, pubblicazioni e comunicazioni con scopo di lucro senza permesso.<\/li><\/ol>\n\n<p>IL PROPRIETARIO DEL SITO possiede tutti i contenuti del sito, inclusi testi, foto, grafica, immagini, icone, tecnologia e software, nonch\u00e9 il design grafico e i codici sorgente; tali aspetti non saranno trasferiti agli utenti senza motivo, e solo ci\u00f2 che \u00e8 strettamente necessario per un corretto utilizzo del sito sar\u00e0 concesso.<\/p>\n\n<p>Alla fine, l\u2019utente che avr\u00e1 accesso al sito web sar\u00e1 in grado di visualizzarne i contenuti e automaticamente privato delle copie in modo che gli elementi riprodotti non vengano passati a terze parti o installate in networks connessi.<\/p>\n\n<p>Inoltre, tutti i marchi, gli operatori commerciali o loghi, o qualsiasi altro elemento contenuto nel sito sono propriet\u00e1 del <strong>PROPRIETARIO DEL SITO<\/strong>. Ci\u00f3 non verr\u00e1 trasferito all\u2019utente senza ragione o i diritti necessari.<\/p>\n\n<p>La distribuzione, la modifica, il trasferimento o la pubblicazione dei contenuti non \u00e9 permessa in nessun modo.<\/p>\n\n<p>La costruzione di un collegamento ipertestuale non implica che IL <strong>PROPRIETARIO del SITO<\/strong> e il sito in cui \u00e8 ospitato il collegamento siano collegati, n\u00e9 che i contenuti e i servizi del <strong>PROPRIETARIO DEL SITO<\/strong> siano accettati dal <strong>PROPRIETARIO DEL SITO<\/strong>.<\/p>\n\n<p>Coloro che intendono allegare un collegamento ipertestuale, deve prima chiedere il permesso scritto <strong>PROPRIETARIO DEL SITO<\/strong>.<\/p>\n\n<p>In ogni caso il collegamento ipertestuale dar\u00e0 accesso univoco alla home page o alla home page del nostro sito. \u00c8 altres\u00ec vietato fornire false dichiarazioni e informazioni false o inesatte sul <strong>PROPRIETARIO DEL SITO<\/strong>, o contenere contenuti illegali che siano contrari all&#8217;ordine pubblico.<\/p>\n\n<p>Il <strong>PROPRIETARIO DEL SITO<\/strong> non \u00e8 responsabile per gli utenti nel caso in cui questi ultimi dovessero rendere il materiale disponibile sul sito o su aree correlate.<\/p>\n\n<h2 class=\"wp-block-heading\">3. Esclusione di Garanzie e Responsabilit\u00e0:<\/h2>\n\n<p>Le informazioni di questo sito web sono di natura ampia e hanno lo scopo di essere informative, con la garanzia che tutti i contenuti siano completi, corretti, legittimi e vantaggiosi.<\/p>\n\n<p>Il <strong>TITOLARE DEL SITO<\/strong> comprende, consentito dalla legge, ogni responsabilit\u00e0 per danni di qualsiasi tipo derivanti da:<\/p>\n\n<ol class=\"wp-block-list\"><li>l\u2019impossibilit\u00e0 di accedere al sito web o la mancanza di verit\u00e0, precisione, completezza e \/ o tempestivit\u00e0 del contenuto e l\u2019esistenza di difetti di qualsiasi natura trasmessa, distribuita, memorizzata, resa disponibile, dove \u00e8 possibile accedere al sito o ai servizi offerti.<\/li><li>La presenza di virus o altri elementi nel contenuto che possono causare modifiche nei sistemi informatici, nei documenti elettronici o nei dati utente.<\/li><li>Inadempimento della legge, della fede, dell\u2019ordine pubblico, del traffico e dell\u2019uso di questo avviso legale a seguito di un uso errato del sito web. Soprattutto quando il <strong>PROPRIETARIO DEL SITO<\/strong>\u00a0non \u00e8 responsabile per le azioni di terzi con i diritti in base alla propriet\u00e0 intellettuale e industriale, segreti commerciali, diritti d\u2019onore, privacy personali e familiari che sono in conflitto con la legge e sono soggetti a concorrenza sleale e pubblicit\u00e1 illegale.<\/li><\/ol>\n\n<p>Inoltre, il <strong>PROPRIETARIO DEL SITO<\/strong> declina ogni responsabilit\u00e0 per le informazioni inviate dal sito a chiunque non sia il nostro webmaster. Lo scopo dei link su questi siti \u00e8 di informare gli utenti dell&#8217;esistenza di fonti aggiuntive che integrano il contenuto del sito.<\/p>\n\n<p>Il <strong>TITOLARE del SITO<\/strong> non garantisce e non \u00e8 responsabile del funzionamento e dell&#8217;accessibilit\u00e0 dei link esterni ad altri siti; n\u00e9 \u00e8 responsabile di suggerimenti, inviti o raccomandazioni, e non \u00e8 responsabile dei risultati.<\/p>\n\n<p>Il <strong>PROPRIETARIO DEL SITO<\/strong> non \u00e8 responsabile per la creazione di link di terze parti.<\/p>\n\n<h2 class=\"wp-block-heading\"><a href=\"https:\/\/nesthostelsbarcelona.com\/it\/privacy-policy\/\" target=\"_blank\" rel=\"noreferrer noopener\">4. Politica sulla Riservatezza.<\/a><\/h2>\n\n<p>Se abbiamo bisogno di informazioni da voi, vi chiederemo sempre di farlo volontariamente. I dati raccolti saranno salvati in un file di dati personali nel Registro generale della protezione dei dati dell&#8217;Agenzia spagnola di protezione delle informazioni, <strong>IL PROPRIETARIO del SITO<\/strong>.<\/p>\n\n<p>\u00c8 responsabile di questo. Questa entit\u00e0 tratter\u00e0 le informazioni con affidabilit\u00e0 e le utilizzer\u00e0 solo per i servizi richiesti, con garanzie legali e sicurezza imposte dalla legge 15\/1999 del 13 dicembre, protezione dei dati personali, legge 1720\/2007, del 21 dicembre e legge 34\/2002 dell &#8216; 11 luglio del servizio societ\u00e0 dell&#8217;informazione e commercio elettronico.<\/p>\n\n<p>Il <strong>PROPRIETARIO DEL SITO<\/strong> non desidera che i dati siano trasferiti, venduti o condivisi con parti terze senza autorizzazione.<\/p>\n\n<p>Inoltre, in conformit\u00e0 con i termini della legge 15\/1999 del 13 dicembre, protezione dei dati personali, <strong>IL PROPRIETARIO DEL SITO<\/strong> canceller\u00e0 o modificher\u00e0 i dati che sono inesatti, incompleti, non pi\u00f9 necessari o irrilevanti.<\/p>\n\n<p>L&#8217;utente pu\u00f2 revocare se stesso il permesso e il diritto di accesso, rettifica e cancellazione del <strong>PROPRIETARIO del SITO<\/strong>, sito en C\/ RODRIGUEZ DE CEPEDA N\u00ba 35 &#8211; 46021 VALENCIA &#8211; VALENCIA, che \u00e8 correttamente identificato e indica visibilmente i diritti specifici che vengono applicati.<\/p>\n\n<p><strong>IL PROPRIETARIO DEL SITO<\/strong> assume il livello di sicurezza della legge 15\/1999 e del regolamento applicabile. Tuttavia, non \u00e8 responsabile per eventuali danni derivanti da modifiche apportate da terzi, sistemi informatici, documenti elettronici, software e file di altri utenti.<\/p>\n\n<p><strong>IL TITOLARE DEL SITO<\/strong> potrebbe utilizzare i cookie durante l&#8217;erogazione dei servizi sul sito. I cookie sono file fisici con informazioni personali salvate sul server dell&#8217;utente. L&#8217;utente ha la possibilit\u00e0 di inserire e disattivare i cookie o di ricevere prima un avviso.<\/p>\n\n<p>Se si sceglie di lasciare il sito web tramite link che sono fuori della nostra organizzazione, <strong>IL PROPRIETARIO del SITO<\/strong> non \u00e8 responsabile per la politica sulla privacy di questi siti web o dei cookie che possono salvare i dati.<\/p>\n\n<p>La nostra politica per quanto riguarda le e-mail \u00e8 solo per la comunicazione che hai chiesto per te, per ricevere comunicazioni.<\/p>\n\n<p>Se invece non vuoi ricevere e-mail, ti concediamo il diritto di annullarle in conformit\u00e0 alle disposizioni del titolo III, art. 22 della legge 34\/2002 per i servizi per la societ\u00e0 dell\u2019informazione e il commercio elettronico.<\/p>\n\n<h2 class=\"wp-block-heading\">5. Procedura in caso di attivit\u00e0 illegali.<\/h2>\n\n<p>Nel caso di un utente o di un terzo ritiene che non ci sono fatti o di circostanze che rendono l&#8217;utilizzo non autorizzato del contenuto e\/o l&#8217;esecuzione di un&#8217;attivit\u00e0 sulle pagine web o le pagine che sono accessibili attraverso il sito, inviare un messaggio al <strong>PROPRIETARIO del SITO<\/strong> con una corretta identificazione e notifica delle presunte offese e dichiarare espressamente, sotto la propria responsabilit\u00e0 che le informazioni non corrette.<\/p>\n\n<p>Per qualsiasi questione legale riguardante il <strong>PROPRIETARIO del SITO<\/strong>, verr\u00e0 applicata la legge spagnola.<\/p>\n\n<p>Le informazioni amministrative fornite attraverso il sito web non sostituiscono la pubblicit\u00e0 legale, i regolamenti, i piani, le disposizioni generali e gli atti che devono essere formalmente pubblicati nelle pubblicazioni ufficiali del governo.<\/p>\n\n<p>Questo \u00e8 l&#8217;unico strumento che ne attesta l&#8217;autenticit\u00e0 e il contenuto. Le informazioni disponibili su questo sito web devono essere interpretate come una guida.<\/p>\n\n<figure class=\"wp-block-image aligncenter size-full is-resized\"><a href=\"https:\/\/nesthostelsbarcelona.com\/wp-content\/uploads\/2022\/06\/privacy-policy.jpg\"><img fetchpriority=\"high\" decoding=\"async\" src=\"https:\/\/nesthostelsbarcelona.com\/wp-content\/uploads\/2022\/06\/privacy-policy.jpg\" alt=\"Termini e condizioni\" class=\"wp-image-3623\" width=\"810\" height=\"350\" srcset=\"https:\/\/nesthostelsbarcelona.com\/wp-content\/uploads\/2022\/06\/privacy-policy.jpg 810w, https:\/\/nesthostelsbarcelona.com\/wp-content\/uploads\/2022\/06\/privacy-policy-300x130.jpg 300w, https:\/\/nesthostelsbarcelona.com\/wp-content\/uploads\/2022\/06\/privacy-policy-768x332.jpg 768w\" sizes=\"(max-width: 810px) 100vw, 810px\" \/><\/a><figcaption>Termini e condizioni Nest Hostels Barcelona<\/figcaption><\/figure>\n","protected":false},"excerpt":{"rendered":"<p>Termini e Condizioni 0. Fini e accettazioni. Questo avvertimento legale riguarda l\u2019uso del sito nesthostelsbarcelona.com (hereafter, THE WEB), che \u00e9 propriet\u00e1 di BOOKING HOSTELS S.L., is regulated by this legal notice (PROPRIETARIO DEL SITO WEB). Navigazione IL PROPRIETARIO DEL sito WEB garantisce lo status di utente e implica il pieno e incondizionato accordo di ogni [&hellip;]<\/p>\n","protected":false},"author":10,"featured_media":3625,"parent":0,"menu_order":0,"comment_status":"closed","ping_status":"closed","template":"","meta":{"footnotes":""},"class_list":["post-1213","page","type-page","status-publish","has-post-thumbnail","hentry"],"yoast_head":"<!-- This site is optimized with the Yoast SEO plugin v27.4 - https:\/\/yoast.com\/product\/yoast-seo-wordpress\/ -->\n<title>Termini e condizioni d&#039;uso, politiche sulla privacy, politiche cookies<\/title>\n<meta name=\"description\" content=\"Termini e condizioni d&#039;uso, politiche sulla privacy, politiche cookies e condizioni legali del sito web www.nesthostelsbarcelona.com\" \/>\n<meta name=\"robots\" content=\"index, follow, max-snippet:-1, max-image-preview:large, max-video-preview:-1\" \/>\n<link rel=\"canonical\" href=\"https:\/\/nesthostelsbarcelona.com\/it\/termini-e-condizioni\/\" \/>\n<meta property=\"og:locale\" content=\"it_IT\" \/>\n<meta property=\"og:type\" content=\"article\" \/>\n<meta property=\"og:title\" content=\"Termini e condizioni d&#039;uso, politiche sulla privacy, politiche cookies\" \/>\n<meta property=\"og:description\" content=\"Termini e condizioni d&#039;uso, politiche sulla privacy, politiche cookies e condizioni legali del sito web www.nesthostelsbarcelona.com\" \/>\n<meta property=\"og:url\" content=\"https:\/\/nesthostelsbarcelona.com\/it\/termini-e-condizioni\/\" \/>\n<meta property=\"og:site_name\" content=\"Nest Hostels Barcelona\" \/>\n<meta property=\"article:publisher\" content=\"https:\/\/www.facebook.com\/YellowNestHostelBarcelona\/\" \/>\n<meta property=\"article:modified_time\" content=\"2022-06-27T15:14:42+00:00\" \/>\n<meta property=\"og:image\" content=\"https:\/\/nesthostelsbarcelona.com\/wp-content\/uploads\/2022\/06\/privacy-policy.jpg\" \/>\n\t<meta property=\"og:image:width\" content=\"810\" \/>\n\t<meta property=\"og:image:height\" content=\"350\" \/>\n\t<meta property=\"og:image:type\" content=\"image\/jpeg\" \/>\n<meta name=\"twitter:card\" content=\"summary_large_image\" \/>\n<meta name=\"twitter:site\" content=\"@YellowHostel\" \/>\n<meta name=\"twitter:label1\" content=\"Tempo di lettura stimato\" \/>\n\t<meta name=\"twitter:data1\" content=\"8 minuti\" \/>\n<script type=\"application\/ld+json\" class=\"yoast-schema-graph\">{\"@context\":\"https:\\\/\\\/schema.org\",\"@graph\":[{\"@type\":\"WebPage\",\"@id\":\"https:\\\/\\\/nesthostelsbarcelona.com\\\/it\\\/termini-e-condizioni\\\/\",\"url\":\"https:\\\/\\\/nesthostelsbarcelona.com\\\/it\\\/termini-e-condizioni\\\/\",\"name\":\"Termini e condizioni d'uso, politiche sulla privacy, politiche cookies\",\"isPartOf\":{\"@id\":\"https:\\\/\\\/nesthostelsbarcelona.com\\\/it\\\/#website\"},\"primaryImageOfPage\":{\"@id\":\"https:\\\/\\\/nesthostelsbarcelona.com\\\/it\\\/termini-e-condizioni\\\/#primaryimage\"},\"image\":{\"@id\":\"https:\\\/\\\/nesthostelsbarcelona.com\\\/it\\\/termini-e-condizioni\\\/#primaryimage\"},\"thumbnailUrl\":\"https:\\\/\\\/nesthostelsbarcelona.com\\\/wp-content\\\/uploads\\\/2022\\\/06\\\/privacy-policy.jpg\",\"datePublished\":\"2017-09-04T08:00:32+00:00\",\"dateModified\":\"2022-06-27T15:14:42+00:00\",\"description\":\"Termini e condizioni d'uso, politiche sulla privacy, politiche cookies e condizioni legali del sito web www.nesthostelsbarcelona.com\",\"breadcrumb\":{\"@id\":\"https:\\\/\\\/nesthostelsbarcelona.com\\\/it\\\/termini-e-condizioni\\\/#breadcrumb\"},\"inLanguage\":\"it-IT\",\"potentialAction\":[{\"@type\":\"ReadAction\",\"target\":[\"https:\\\/\\\/nesthostelsbarcelona.com\\\/it\\\/termini-e-condizioni\\\/\"]}]},{\"@type\":\"ImageObject\",\"inLanguage\":\"it-IT\",\"@id\":\"https:\\\/\\\/nesthostelsbarcelona.com\\\/it\\\/termini-e-condizioni\\\/#primaryimage\",\"url\":\"https:\\\/\\\/nesthostelsbarcelona.com\\\/wp-content\\\/uploads\\\/2022\\\/06\\\/privacy-policy.jpg\",\"contentUrl\":\"https:\\\/\\\/nesthostelsbarcelona.com\\\/wp-content\\\/uploads\\\/2022\\\/06\\\/privacy-policy.jpg\",\"width\":810,\"height\":350,\"caption\":\"Privacy Policy\"},{\"@type\":\"BreadcrumbList\",\"@id\":\"https:\\\/\\\/nesthostelsbarcelona.com\\\/it\\\/termini-e-condizioni\\\/#breadcrumb\",\"itemListElement\":[{\"@type\":\"ListItem\",\"position\":1,\"name\":\"Home\",\"item\":\"https:\\\/\\\/nesthostelsbarcelona.com\\\/it\\\/home\\\/\"},{\"@type\":\"ListItem\",\"position\":2,\"name\":\"Termini e Condizioni\"}]},{\"@type\":\"WebSite\",\"@id\":\"https:\\\/\\\/nesthostelsbarcelona.com\\\/it\\\/#website\",\"url\":\"https:\\\/\\\/nesthostelsbarcelona.com\\\/it\\\/\",\"name\":\"Nest Hostels Barcelona\",\"description\":\"Accommodation and beds for travelers in Barcelona\",\"publisher\":{\"@id\":\"https:\\\/\\\/nesthostelsbarcelona.com\\\/it\\\/#organization\"},\"potentialAction\":[{\"@type\":\"SearchAction\",\"target\":{\"@type\":\"EntryPoint\",\"urlTemplate\":\"https:\\\/\\\/nesthostelsbarcelona.com\\\/it\\\/?s={search_term_string}\"},\"query-input\":{\"@type\":\"PropertyValueSpecification\",\"valueRequired\":true,\"valueName\":\"search_term_string\"}}],\"inLanguage\":\"it-IT\"},{\"@type\":\"Organization\",\"@id\":\"https:\\\/\\\/nesthostelsbarcelona.com\\\/it\\\/#organization\",\"name\":\"Nest Hostels Barcelona\",\"url\":\"https:\\\/\\\/nesthostelsbarcelona.com\\\/it\\\/\",\"logo\":{\"@type\":\"ImageObject\",\"inLanguage\":\"it-IT\",\"@id\":\"https:\\\/\\\/nesthostelsbarcelona.com\\\/it\\\/#\\\/schema\\\/logo\\\/image\\\/\",\"url\":\"https:\\\/\\\/nesthostelsbarcelona.com\\\/wp-content\\\/uploads\\\/2022\\\/05\\\/logo-nest-hostels-valencia-feetuphostels.svg\",\"contentUrl\":\"https:\\\/\\\/nesthostelsbarcelona.com\\\/wp-content\\\/uploads\\\/2022\\\/05\\\/logo-nest-hostels-valencia-feetuphostels.svg\",\"width\":279,\"height\":130,\"caption\":\"Nest Hostels Barcelona\"},\"image\":{\"@id\":\"https:\\\/\\\/nesthostelsbarcelona.com\\\/it\\\/#\\\/schema\\\/logo\\\/image\\\/\"},\"sameAs\":[\"https:\\\/\\\/www.facebook.com\\\/YellowNestHostelBarcelona\\\/\",\"https:\\\/\\\/x.com\\\/YellowHostel\",\"https:\\\/\\\/www.instagram.com\\\/yellownesthostelbarcelona\\\/\",\"https:\\\/\\\/www.tiktok.com\\\/@yellownesthostel\",\"https:\\\/\\\/www.linkedin.com\\\/company\\\/yellow-nest-hostel-barcelona\\\/\",\"https:\\\/\\\/www.youtube.com\\\/channel\\\/UCwLfXY-N5JO_uNZtStWLqqw\",\"https:\\\/\\\/vk.com\\\/yellownesthostelbarcelona\\\/\",\"https:\\\/\\\/m.me\\\/YellowNestHostelBarcelona\\\/\",\"https:\\\/\\\/www.tripadvisor.es\\\/Hotel_Review-g187497-d1815573-Reviews-Yellow_Nest_Hostel_Barcelona-Barcelona_Catalonia.html\"]}]}<\/script>\n<!-- \/ Yoast SEO plugin. -->","yoast_head_json":{"title":"Termini e condizioni d'uso, politiche sulla privacy, politiche cookies","description":"Termini e condizioni d'uso, politiche sulla privacy, politiche cookies e condizioni legali del sito web www.nesthostelsbarcelona.com","robots":{"index":"index","follow":"follow","max-snippet":"max-snippet:-1","max-image-preview":"max-image-preview:large","max-video-preview":"max-video-preview:-1"},"canonical":"https:\/\/nesthostelsbarcelona.com\/it\/termini-e-condizioni\/","og_locale":"it_IT","og_type":"article","og_title":"Termini e condizioni d'uso, politiche sulla privacy, politiche cookies","og_description":"Termini e condizioni d'uso, politiche sulla privacy, politiche cookies e condizioni legali del sito web www.nesthostelsbarcelona.com","og_url":"https:\/\/nesthostelsbarcelona.com\/it\/termini-e-condizioni\/","og_site_name":"Nest Hostels Barcelona","article_publisher":"https:\/\/www.facebook.com\/YellowNestHostelBarcelona\/","article_modified_time":"2022-06-27T15:14:42+00:00","og_image":[{"width":810,"height":350,"url":"https:\/\/nesthostelsbarcelona.com\/wp-content\/uploads\/2022\/06\/privacy-policy.jpg","type":"image\/jpeg"}],"twitter_card":"summary_large_image","twitter_site":"@YellowHostel","twitter_misc":{"Tempo di lettura stimato":"8 minuti"},"schema":{"@context":"https:\/\/schema.org","@graph":[{"@type":"WebPage","@id":"https:\/\/nesthostelsbarcelona.com\/it\/termini-e-condizioni\/","url":"https:\/\/nesthostelsbarcelona.com\/it\/termini-e-condizioni\/","name":"Termini e condizioni d'uso, politiche sulla privacy, politiche cookies","isPartOf":{"@id":"https:\/\/nesthostelsbarcelona.com\/it\/#website"},"primaryImageOfPage":{"@id":"https:\/\/nesthostelsbarcelona.com\/it\/termini-e-condizioni\/#primaryimage"},"image":{"@id":"https:\/\/nesthostelsbarcelona.com\/it\/termini-e-condizioni\/#primaryimage"},"thumbnailUrl":"https:\/\/nesthostelsbarcelona.com\/wp-content\/uploads\/2022\/06\/privacy-policy.jpg","datePublished":"2017-09-04T08:00:32+00:00","dateModified":"2022-06-27T15:14:42+00:00","description":"Termini e condizioni d'uso, politiche sulla privacy, politiche cookies e condizioni legali del sito web www.nesthostelsbarcelona.com","breadcrumb":{"@id":"https:\/\/nesthostelsbarcelona.com\/it\/termini-e-condizioni\/#breadcrumb"},"inLanguage":"it-IT","potentialAction":[{"@type":"ReadAction","target":["https:\/\/nesthostelsbarcelona.com\/it\/termini-e-condizioni\/"]}]},{"@type":"ImageObject","inLanguage":"it-IT","@id":"https:\/\/nesthostelsbarcelona.com\/it\/termini-e-condizioni\/#primaryimage","url":"https:\/\/nesthostelsbarcelona.com\/wp-content\/uploads\/2022\/06\/privacy-policy.jpg","contentUrl":"https:\/\/nesthostelsbarcelona.com\/wp-content\/uploads\/2022\/06\/privacy-policy.jpg","width":810,"height":350,"caption":"Privacy Policy"},{"@type":"BreadcrumbList","@id":"https:\/\/nesthostelsbarcelona.com\/it\/termini-e-condizioni\/#breadcrumb","itemListElement":[{"@type":"ListItem","position":1,"name":"Home","item":"https:\/\/nesthostelsbarcelona.com\/it\/home\/"},{"@type":"ListItem","position":2,"name":"Termini e Condizioni"}]},{"@type":"WebSite","@id":"https:\/\/nesthostelsbarcelona.com\/it\/#website","url":"https:\/\/nesthostelsbarcelona.com\/it\/","name":"Nest Hostels Barcelona","description":"Accommodation and beds for travelers in Barcelona","publisher":{"@id":"https:\/\/nesthostelsbarcelona.com\/it\/#organization"},"potentialAction":[{"@type":"SearchAction","target":{"@type":"EntryPoint","urlTemplate":"https:\/\/nesthostelsbarcelona.com\/it\/?s={search_term_string}"},"query-input":{"@type":"PropertyValueSpecification","valueRequired":true,"valueName":"search_term_string"}}],"inLanguage":"it-IT"},{"@type":"Organization","@id":"https:\/\/nesthostelsbarcelona.com\/it\/#organization","name":"Nest Hostels Barcelona","url":"https:\/\/nesthostelsbarcelona.com\/it\/","logo":{"@type":"ImageObject","inLanguage":"it-IT","@id":"https:\/\/nesthostelsbarcelona.com\/it\/#\/schema\/logo\/image\/","url":"https:\/\/nesthostelsbarcelona.com\/wp-content\/uploads\/2022\/05\/logo-nest-hostels-valencia-feetuphostels.svg","contentUrl":"https:\/\/nesthostelsbarcelona.com\/wp-content\/uploads\/2022\/05\/logo-nest-hostels-valencia-feetuphostels.svg","width":279,"height":130,"caption":"Nest Hostels Barcelona"},"image":{"@id":"https:\/\/nesthostelsbarcelona.com\/it\/#\/schema\/logo\/image\/"},"sameAs":["https:\/\/www.facebook.com\/YellowNestHostelBarcelona\/","https:\/\/x.com\/YellowHostel","https:\/\/www.instagram.com\/yellownesthostelbarcelona\/","https:\/\/www.tiktok.com\/@yellownesthostel","https:\/\/www.linkedin.com\/company\/yellow-nest-hostel-barcelona\/","https:\/\/www.youtube.com\/channel\/UCwLfXY-N5JO_uNZtStWLqqw","https:\/\/vk.com\/yellownesthostelbarcelona\/","https:\/\/m.me\/YellowNestHostelBarcelona\/","https:\/\/www.tripadvisor.es\/Hotel_Review-g187497-d1815573-Reviews-Yellow_Nest_Hostel_Barcelona-Barcelona_Catalonia.html"]}]}},"_links":{"self":[{"href":"https:\/\/nesthostelsbarcelona.com\/it\/wp-json\/wp\/v2\/pages\/1213","targetHints":{"allow":["GET"]}}],"collection":[{"href":"https:\/\/nesthostelsbarcelona.com\/it\/wp-json\/wp\/v2\/pages"}],"about":[{"href":"https:\/\/nesthostelsbarcelona.com\/it\/wp-json\/wp\/v2\/types\/page"}],"author":[{"embeddable":true,"href":"https:\/\/nesthostelsbarcelona.com\/it\/wp-json\/wp\/v2\/users\/10"}],"replies":[{"embeddable":true,"href":"https:\/\/nesthostelsbarcelona.com\/it\/wp-json\/wp\/v2\/comments?post=1213"}],"version-history":[{"count":0,"href":"https:\/\/nesthostelsbarcelona.com\/it\/wp-json\/wp\/v2\/pages\/1213\/revisions"}],"wp:featuredmedia":[{"embeddable":true,"href":"https:\/\/nesthostelsbarcelona.com\/it\/wp-json\/wp\/v2\/media\/3625"}],"wp:attachment":[{"href":"https:\/\/nesthostelsbarcelona.com\/it\/wp-json\/wp\/v2\/media?parent=1213"}],"curies":[{"name":"wp","href":"https:\/\/api.w.org\/{rel}","templated":true}]}}