{"id":2945,"date":"2022-06-15T10:13:21","date_gmt":"2022-06-15T08:13:21","guid":{"rendered":"https:\/\/nesthostelsbarcelona.com\/privacy-policy%ef%bf%bc\/"},"modified":"2022-06-27T17:52:40","modified_gmt":"2022-06-27T15:52:40","slug":"privacy-policy","status":"publish","type":"page","link":"https:\/\/nesthostelsbarcelona.com\/it\/privacy-policy\/","title":{"rendered":"Privacy Policy"},"content":{"rendered":"\n<h1 class=\"has-text-align-center wp-block-heading\">Politica sulla Privacy<\/h1>\n\n<hr class=\"wp-block-separator has-alpha-channel-opacity is-style-dots\"\/>\n\n<h2 class=\"wp-block-heading\">Politica sulla privacy e sulla protezione dei datip<\/h2>\n\n<p>Ai sensi del vigente Regolamento (UE) 2016\/679, La informiamo che i dati personali degli utenti del sito saranno trattati per espletare attivit\u00e0 amministrative, contabili e fiscali, nonch\u00e9 per inviarle comunicazioni commerciali relative ai nostri prodotti e\/o servizi.<\/p>\n\n<p>Tale trattamento dei Suoi dati sar\u00e0 coperto dal Suo consenso. Cliccando sul pulsante &#8220;INVIA&#8221;, l&#8217;Utente acconsente al trattamento dei propri dati da parte della societ\u00e0.<\/p>\n\n<p>Inoltre, ti informiamo che, salvo obbligo legale o consenso espresso da parte tua, non passeremo i tuoi dati a terzi.<\/p>\n\n<p>Allo stesso modo, l&#8217;Utente \u00e8 informato che in ogni momento potr\u00e0 esercitare i diritti di accesso, rettifica o cancellazione dei dati, nonch\u00e9 gli altri diritti riconosciuti nel presente documento e regolamentata nel Regolamento (UE) 2016\/679, notifica di PRENOTAZIONE OSTELLI SL, situato in C\/ RODRIGUEZ DE CEPEDA N\u00ba 35 \u2013 46021 VALENCIA \u2013 VALENCIA o inviando una mail a cancellation@feetuphostels.com.<\/p>\n\n<figure class=\"wp-block-image aligncenter size-full\"><a href=\"https:\/\/nesthostelsbarcelona.com\/wp-content\/uploads\/2022\/06\/privacy-policy.jpg\"><img fetchpriority=\"high\" decoding=\"async\" width=\"810\" height=\"350\" src=\"https:\/\/nesthostelsbarcelona.com\/wp-content\/uploads\/2022\/06\/privacy-policy.jpg\" alt=\"Politica sulla Privacy \" class=\"wp-image-3623\" srcset=\"https:\/\/nesthostelsbarcelona.com\/wp-content\/uploads\/2022\/06\/privacy-policy.jpg 810w, https:\/\/nesthostelsbarcelona.com\/wp-content\/uploads\/2022\/06\/privacy-policy-300x130.jpg 300w, https:\/\/nesthostelsbarcelona.com\/wp-content\/uploads\/2022\/06\/privacy-policy-768x332.jpg 768w\" sizes=\"(max-width: 810px) 100vw, 810px\" \/><\/a><figcaption>Politica sulla privacy Nest Hostels Barcelona<\/figcaption><\/figure>\n","protected":false},"excerpt":{"rendered":"<p>Politica sulla Privacy Politica sulla privacy e sulla protezione dei datip Ai sensi del vigente Regolamento (UE) 2016\/679, La informiamo che i dati personali degli utenti del sito saranno trattati per espletare attivit\u00e0 amministrative, contabili e fiscali, nonch\u00e9 per inviarle comunicazioni commerciali relative ai nostri prodotti e\/o servizi. Tale trattamento dei Suoi dati sar\u00e0 coperto [&hellip;]<\/p>\n","protected":false},"author":10,"featured_media":3625,"parent":0,"menu_order":0,"comment_status":"closed","ping_status":"closed","template":"","meta":{"footnotes":""},"class_list":["post-2945","page","type-page","status-publish","has-post-thumbnail","hentry"],"yoast_head":"<!-- This site is optimized with the Yoast SEO plugin v27.3 - https:\/\/yoast.com\/product\/yoast-seo-wordpress\/ -->\n<title>Politica sulla privacy e sulla protezione dei dati su Nest Hostels Barcelona<\/title>\n<meta name=\"description\" content=\"Politica sulla privacy e sulla protezione dei dati su Nest Hostels Barcelona. La informiamo che i dati personali degli utenti del sito web\" \/>\n<meta name=\"robots\" content=\"index, follow, max-snippet:-1, max-image-preview:large, max-video-preview:-1\" \/>\n<link rel=\"canonical\" href=\"https:\/\/nesthostelsbarcelona.com\/it\/privacy-policy\/\" \/>\n<meta property=\"og:locale\" content=\"it_IT\" \/>\n<meta property=\"og:type\" content=\"article\" \/>\n<meta property=\"og:title\" content=\"Politica sulla privacy e sulla protezione dei dati su Nest Hostels Barcelona\" \/>\n<meta property=\"og:description\" content=\"Politica sulla privacy e sulla protezione dei dati su Nest Hostels Barcelona. La informiamo che i dati personali degli utenti del sito web\" \/>\n<meta property=\"og:url\" content=\"https:\/\/nesthostelsbarcelona.com\/it\/privacy-policy\/\" \/>\n<meta property=\"og:site_name\" content=\"Nest Hostels Barcelona\" \/>\n<meta property=\"article:publisher\" content=\"https:\/\/www.facebook.com\/YellowNestHostelBarcelona\/\" \/>\n<meta property=\"article:modified_time\" content=\"2022-06-27T15:52:40+00:00\" \/>\n<meta property=\"og:image\" content=\"https:\/\/nesthostelsbarcelona.com\/wp-content\/uploads\/2022\/06\/privacy-policy.jpg\" \/>\n<meta name=\"twitter:card\" content=\"summary_large_image\" \/>\n<meta name=\"twitter:site\" content=\"@YellowHostel\" \/>\n<script type=\"application\/ld+json\" class=\"yoast-schema-graph\">{\"@context\":\"https:\\\/\\\/schema.org\",\"@graph\":[{\"@type\":\"WebPage\",\"@id\":\"https:\\\/\\\/nesthostelsbarcelona.com\\\/it\\\/privacy-policy\\\/\",\"url\":\"https:\\\/\\\/nesthostelsbarcelona.com\\\/it\\\/privacy-policy\\\/\",\"name\":\"Politica sulla privacy e sulla protezione dei dati su Nest Hostels Barcelona\",\"isPartOf\":{\"@id\":\"https:\\\/\\\/nesthostelsbarcelona.com\\\/it\\\/#website\"},\"primaryImageOfPage\":{\"@id\":\"https:\\\/\\\/nesthostelsbarcelona.com\\\/it\\\/privacy-policy\\\/#primaryimage\"},\"image\":{\"@id\":\"https:\\\/\\\/nesthostelsbarcelona.com\\\/it\\\/privacy-policy\\\/#primaryimage\"},\"thumbnailUrl\":\"https:\\\/\\\/nesthostelsbarcelona.com\\\/wp-content\\\/uploads\\\/2022\\\/06\\\/privacy-policy.jpg\",\"datePublished\":\"2022-06-15T08:13:21+00:00\",\"dateModified\":\"2022-06-27T15:52:40+00:00\",\"description\":\"Politica sulla privacy e sulla protezione dei dati su Nest Hostels Barcelona. La informiamo che i dati personali degli utenti del sito web\",\"breadcrumb\":{\"@id\":\"https:\\\/\\\/nesthostelsbarcelona.com\\\/it\\\/privacy-policy\\\/#breadcrumb\"},\"inLanguage\":\"it-IT\",\"potentialAction\":[{\"@type\":\"ReadAction\",\"target\":[\"https:\\\/\\\/nesthostelsbarcelona.com\\\/it\\\/privacy-policy\\\/\"]}]},{\"@type\":\"ImageObject\",\"inLanguage\":\"it-IT\",\"@id\":\"https:\\\/\\\/nesthostelsbarcelona.com\\\/it\\\/privacy-policy\\\/#primaryimage\",\"url\":\"https:\\\/\\\/nesthostelsbarcelona.com\\\/wp-content\\\/uploads\\\/2022\\\/06\\\/privacy-policy.jpg\",\"contentUrl\":\"https:\\\/\\\/nesthostelsbarcelona.com\\\/wp-content\\\/uploads\\\/2022\\\/06\\\/privacy-policy.jpg\",\"width\":810,\"height\":350,\"caption\":\"Privacy Policy\"},{\"@type\":\"BreadcrumbList\",\"@id\":\"https:\\\/\\\/nesthostelsbarcelona.com\\\/it\\\/privacy-policy\\\/#breadcrumb\",\"itemListElement\":[{\"@type\":\"ListItem\",\"position\":1,\"name\":\"Home\",\"item\":\"https:\\\/\\\/nesthostelsbarcelona.com\\\/it\\\/home\\\/\"},{\"@type\":\"ListItem\",\"position\":2,\"name\":\"Privacy Policy\"}]},{\"@type\":\"WebSite\",\"@id\":\"https:\\\/\\\/nesthostelsbarcelona.com\\\/it\\\/#website\",\"url\":\"https:\\\/\\\/nesthostelsbarcelona.com\\\/it\\\/\",\"name\":\"Nest Hostels Barcelona\",\"description\":\"Accommodation and beds for travelers in Barcelona\",\"publisher\":{\"@id\":\"https:\\\/\\\/nesthostelsbarcelona.com\\\/it\\\/#organization\"},\"potentialAction\":[{\"@type\":\"SearchAction\",\"target\":{\"@type\":\"EntryPoint\",\"urlTemplate\":\"https:\\\/\\\/nesthostelsbarcelona.com\\\/it\\\/?s={search_term_string}\"},\"query-input\":{\"@type\":\"PropertyValueSpecification\",\"valueRequired\":true,\"valueName\":\"search_term_string\"}}],\"inLanguage\":\"it-IT\"},{\"@type\":\"Organization\",\"@id\":\"https:\\\/\\\/nesthostelsbarcelona.com\\\/it\\\/#organization\",\"name\":\"Nest Hostels Barcelona\",\"url\":\"https:\\\/\\\/nesthostelsbarcelona.com\\\/it\\\/\",\"logo\":{\"@type\":\"ImageObject\",\"inLanguage\":\"it-IT\",\"@id\":\"https:\\\/\\\/nesthostelsbarcelona.com\\\/it\\\/#\\\/schema\\\/logo\\\/image\\\/\",\"url\":\"https:\\\/\\\/nesthostelsbarcelona.com\\\/wp-content\\\/uploads\\\/2022\\\/05\\\/logo-nest-hostels-valencia-feetuphostels.svg\",\"contentUrl\":\"https:\\\/\\\/nesthostelsbarcelona.com\\\/wp-content\\\/uploads\\\/2022\\\/05\\\/logo-nest-hostels-valencia-feetuphostels.svg\",\"width\":279,\"height\":130,\"caption\":\"Nest Hostels Barcelona\"},\"image\":{\"@id\":\"https:\\\/\\\/nesthostelsbarcelona.com\\\/it\\\/#\\\/schema\\\/logo\\\/image\\\/\"},\"sameAs\":[\"https:\\\/\\\/www.facebook.com\\\/YellowNestHostelBarcelona\\\/\",\"https:\\\/\\\/x.com\\\/YellowHostel\",\"https:\\\/\\\/www.instagram.com\\\/yellownesthostelbarcelona\\\/\",\"https:\\\/\\\/www.tiktok.com\\\/@yellownesthostel\",\"https:\\\/\\\/www.linkedin.com\\\/company\\\/yellow-nest-hostel-barcelona\\\/\",\"https:\\\/\\\/www.youtube.com\\\/channel\\\/UCwLfXY-N5JO_uNZtStWLqqw\",\"https:\\\/\\\/vk.com\\\/yellownesthostelbarcelona\\\/\",\"https:\\\/\\\/m.me\\\/YellowNestHostelBarcelona\\\/\",\"https:\\\/\\\/www.tripadvisor.es\\\/Hotel_Review-g187497-d1815573-Reviews-Yellow_Nest_Hostel_Barcelona-Barcelona_Catalonia.html\"]}]}<\/script>\n<!-- \/ Yoast SEO plugin. -->","yoast_head_json":{"title":"Politica sulla privacy e sulla protezione dei dati su Nest Hostels Barcelona","description":"Politica sulla privacy e sulla protezione dei dati su Nest Hostels Barcelona. La informiamo che i dati personali degli utenti del sito web","robots":{"index":"index","follow":"follow","max-snippet":"max-snippet:-1","max-image-preview":"max-image-preview:large","max-video-preview":"max-video-preview:-1"},"canonical":"https:\/\/nesthostelsbarcelona.com\/it\/privacy-policy\/","og_locale":"it_IT","og_type":"article","og_title":"Politica sulla privacy e sulla protezione dei dati su Nest Hostels Barcelona","og_description":"Politica sulla privacy e sulla protezione dei dati su Nest Hostels Barcelona. La informiamo che i dati personali degli utenti del sito web","og_url":"https:\/\/nesthostelsbarcelona.com\/it\/privacy-policy\/","og_site_name":"Nest Hostels Barcelona","article_publisher":"https:\/\/www.facebook.com\/YellowNestHostelBarcelona\/","article_modified_time":"2022-06-27T15:52:40+00:00","og_image":[{"url":"https:\/\/nesthostelsbarcelona.com\/wp-content\/uploads\/2022\/06\/privacy-policy.jpg","type":"","width":"","height":""}],"twitter_card":"summary_large_image","twitter_site":"@YellowHostel","schema":{"@context":"https:\/\/schema.org","@graph":[{"@type":"WebPage","@id":"https:\/\/nesthostelsbarcelona.com\/it\/privacy-policy\/","url":"https:\/\/nesthostelsbarcelona.com\/it\/privacy-policy\/","name":"Politica sulla privacy e sulla protezione dei dati su Nest Hostels Barcelona","isPartOf":{"@id":"https:\/\/nesthostelsbarcelona.com\/it\/#website"},"primaryImageOfPage":{"@id":"https:\/\/nesthostelsbarcelona.com\/it\/privacy-policy\/#primaryimage"},"image":{"@id":"https:\/\/nesthostelsbarcelona.com\/it\/privacy-policy\/#primaryimage"},"thumbnailUrl":"https:\/\/nesthostelsbarcelona.com\/wp-content\/uploads\/2022\/06\/privacy-policy.jpg","datePublished":"2022-06-15T08:13:21+00:00","dateModified":"2022-06-27T15:52:40+00:00","description":"Politica sulla privacy e sulla protezione dei dati su Nest Hostels Barcelona. La informiamo che i dati personali degli utenti del sito web","breadcrumb":{"@id":"https:\/\/nesthostelsbarcelona.com\/it\/privacy-policy\/#breadcrumb"},"inLanguage":"it-IT","potentialAction":[{"@type":"ReadAction","target":["https:\/\/nesthostelsbarcelona.com\/it\/privacy-policy\/"]}]},{"@type":"ImageObject","inLanguage":"it-IT","@id":"https:\/\/nesthostelsbarcelona.com\/it\/privacy-policy\/#primaryimage","url":"https:\/\/nesthostelsbarcelona.com\/wp-content\/uploads\/2022\/06\/privacy-policy.jpg","contentUrl":"https:\/\/nesthostelsbarcelona.com\/wp-content\/uploads\/2022\/06\/privacy-policy.jpg","width":810,"height":350,"caption":"Privacy Policy"},{"@type":"BreadcrumbList","@id":"https:\/\/nesthostelsbarcelona.com\/it\/privacy-policy\/#breadcrumb","itemListElement":[{"@type":"ListItem","position":1,"name":"Home","item":"https:\/\/nesthostelsbarcelona.com\/it\/home\/"},{"@type":"ListItem","position":2,"name":"Privacy Policy"}]},{"@type":"WebSite","@id":"https:\/\/nesthostelsbarcelona.com\/it\/#website","url":"https:\/\/nesthostelsbarcelona.com\/it\/","name":"Nest Hostels Barcelona","description":"Accommodation and beds for travelers in Barcelona","publisher":{"@id":"https:\/\/nesthostelsbarcelona.com\/it\/#organization"},"potentialAction":[{"@type":"SearchAction","target":{"@type":"EntryPoint","urlTemplate":"https:\/\/nesthostelsbarcelona.com\/it\/?s={search_term_string}"},"query-input":{"@type":"PropertyValueSpecification","valueRequired":true,"valueName":"search_term_string"}}],"inLanguage":"it-IT"},{"@type":"Organization","@id":"https:\/\/nesthostelsbarcelona.com\/it\/#organization","name":"Nest Hostels Barcelona","url":"https:\/\/nesthostelsbarcelona.com\/it\/","logo":{"@type":"ImageObject","inLanguage":"it-IT","@id":"https:\/\/nesthostelsbarcelona.com\/it\/#\/schema\/logo\/image\/","url":"https:\/\/nesthostelsbarcelona.com\/wp-content\/uploads\/2022\/05\/logo-nest-hostels-valencia-feetuphostels.svg","contentUrl":"https:\/\/nesthostelsbarcelona.com\/wp-content\/uploads\/2022\/05\/logo-nest-hostels-valencia-feetuphostels.svg","width":279,"height":130,"caption":"Nest Hostels Barcelona"},"image":{"@id":"https:\/\/nesthostelsbarcelona.com\/it\/#\/schema\/logo\/image\/"},"sameAs":["https:\/\/www.facebook.com\/YellowNestHostelBarcelona\/","https:\/\/x.com\/YellowHostel","https:\/\/www.instagram.com\/yellownesthostelbarcelona\/","https:\/\/www.tiktok.com\/@yellownesthostel","https:\/\/www.linkedin.com\/company\/yellow-nest-hostel-barcelona\/","https:\/\/www.youtube.com\/channel\/UCwLfXY-N5JO_uNZtStWLqqw","https:\/\/vk.com\/yellownesthostelbarcelona\/","https:\/\/m.me\/YellowNestHostelBarcelona\/","https:\/\/www.tripadvisor.es\/Hotel_Review-g187497-d1815573-Reviews-Yellow_Nest_Hostel_Barcelona-Barcelona_Catalonia.html"]}]}},"_links":{"self":[{"href":"https:\/\/nesthostelsbarcelona.com\/it\/wp-json\/wp\/v2\/pages\/2945","targetHints":{"allow":["GET"]}}],"collection":[{"href":"https:\/\/nesthostelsbarcelona.com\/it\/wp-json\/wp\/v2\/pages"}],"about":[{"href":"https:\/\/nesthostelsbarcelona.com\/it\/wp-json\/wp\/v2\/types\/page"}],"author":[{"embeddable":true,"href":"https:\/\/nesthostelsbarcelona.com\/it\/wp-json\/wp\/v2\/users\/10"}],"replies":[{"embeddable":true,"href":"https:\/\/nesthostelsbarcelona.com\/it\/wp-json\/wp\/v2\/comments?post=2945"}],"version-history":[{"count":0,"href":"https:\/\/nesthostelsbarcelona.com\/it\/wp-json\/wp\/v2\/pages\/2945\/revisions"}],"wp:featuredmedia":[{"embeddable":true,"href":"https:\/\/nesthostelsbarcelona.com\/it\/wp-json\/wp\/v2\/media\/3625"}],"wp:attachment":[{"href":"https:\/\/nesthostelsbarcelona.com\/it\/wp-json\/wp\/v2\/media?parent=2945"}],"curies":[{"name":"wp","href":"https:\/\/api.w.org\/{rel}","templated":true}]}}