{"id":890,"date":"2014-10-15T10:41:58","date_gmt":"2014-10-15T10:41:58","guid":{"rendered":"https:\/\/nesthostelsbarcelona.com\/home\/"},"modified":"2022-06-24T00:26:54","modified_gmt":"2022-06-23T22:26:54","slug":"home","status":"publish","type":"page","link":"https:\/\/nesthostelsbarcelona.com\/it\/","title":{"rendered":"Home"},"content":{"rendered":"\n<h1 class=\"has-text-align-center wp-block-heading\">Nest Hostels Barcelona \/ Benvenuti a Barcellona<\/h1>\n\n<p>Nest Hostels Barcelona si trova nella citt\u00e0 di Barcellona. Una citt\u00e0 cosmopolita nella regione della <strong>Catalogna in Spagna<\/strong>, una grande citt\u00e0 ben nota per la sua arte e architettura, tra cui spiccano: La fantastica Chiesa della Sagrada Familia e altri monumenti modernisti progettati da Antoni Gaud\u00ed adornano la citt\u00e0.<\/p>\n\n<figure class=\"wp-block-image size-full is-style-default\"><a href=\"https:\/\/nesthostelsbarcelona.com\/wp-content\/uploads\/2022\/05\/enjoy-barcelona-nesthostelsbarcelona.png\"><img fetchpriority=\"high\" decoding=\"async\" width=\"1920\" height=\"800\" src=\"https:\/\/nesthostelsbarcelona.com\/wp-content\/uploads\/2022\/05\/enjoy-barcelona-nesthostelsbarcelona.png\" alt=\"Goditi Barcellona con Nest Hostels Barcelona\" class=\"wp-image-3065\" srcset=\"https:\/\/nesthostelsbarcelona.com\/wp-content\/uploads\/2022\/05\/enjoy-barcelona-nesthostelsbarcelona.png 1920w, https:\/\/nesthostelsbarcelona.com\/wp-content\/uploads\/2022\/05\/enjoy-barcelona-nesthostelsbarcelona-300x125.png 300w, https:\/\/nesthostelsbarcelona.com\/wp-content\/uploads\/2022\/05\/enjoy-barcelona-nesthostelsbarcelona-1024x427.png 1024w, https:\/\/nesthostelsbarcelona.com\/wp-content\/uploads\/2022\/05\/enjoy-barcelona-nesthostelsbarcelona-768x320.png 768w, https:\/\/nesthostelsbarcelona.com\/wp-content\/uploads\/2022\/05\/enjoy-barcelona-nesthostelsbarcelona-1536x640.png 1536w\" sizes=\"(max-width: 1920px) 100vw, 1920px\" \/><\/a><figcaption>Goditi Barcellona con Nest Hostels Barcelona<\/figcaption><\/figure>\n\n<h2 class=\"wp-block-heading\">Vieni a visitare Barcellona e ancora non sai dove alloggiare?<\/h2>\n\n<p>Siamo l&#8217;ostello Nido giallo. Uno degli stabilimenti pi\u00f9 noti per i viaggiatori che desiderano trascorrere una stagione a Barcellona. Lo Yellow Nest Hostel \u00e8 un ostello della giovent\u00f9 situato nel quartiere Les Corts di Barcellona, a soli 3 minuti a piedi dallo stadio Camp Nou del FC Barcelona. Una zona molto trafficata per tutti quei viaggiatori che amano il calcio e sono appassionati di\u00a0<a href=\"https:\/\/www.fcbarcelona.es\/\" target=\"_blank\" rel=\"noreferrer noopener\">Bar\u00e7a<\/a>.<\/p>\n\n<blockquote class=\"wp-block-quote is-layout-flow wp-block-quote-is-layout-flow\"><p>Il <a href=\"https:\/\/feetuphostels.com\/it\/yellow-nest-ostello-barcelona\/\" target=\"_blank\" rel=\"noreferrer noopener\">Yellow Nest Hostels Barcelona<\/a> fa parte <a href=\"https:\/\/feetuphostels.com\/it\/\" target=\"_blank\" rel=\"noreferrer noopener\">Feet Up Hostels Group<\/a>.<\/p><cite>Feet Up Ostelli Spagna<\/cite><\/blockquote>\n\n<h2 class=\"wp-block-heading\">Yellow Nest Hostel, il luogo ideale per soggiornare a Barcellona<\/h2>\n\n<p>It is in an ideal location if you want to watch an FC Barcelona game, as it is very close to the Camp Nou stadium. It is in a quiet street with several bakeries and supermarkets.<\/p>\n\n<h2 class=\"wp-block-heading\"><a href=\"https:\/\/nesthostelsbarcelona.com\/it\/come-arrivare-yellow-nest-hostel-barcellona\/\">Dove si trova Yellow Nest Hostel Barcelona?<\/a><\/h2>\n\n<p>E &#8216; molto vicino alla <a href=\"https:\/\/www.tmb.cat\/es\/barcelona\/metro\/-\/lineametro\/estacion\/516\" target=\"_blank\" rel=\"noopener\">stazione della metropolitana Badal<\/a>, dove si pu\u00f2 prendere la linea 5 che porta alla stazione centrale di Sant-Estaci\u00f3 o alla Sagrada Familia.<\/p>\n\n<h2 class=\"wp-block-heading\">Perch\u00e9 stai prenotando al Yellow Nest Hostel Barcelona?<\/h2>\n\n<p>Questi sono solo alcuni dei vantaggi quando si prenota presso Nest Hostels Barcelona:<\/p>\n\n<ul class=\"wp-block-list\"><li>Non ci saranno sorprese o costi nascosti nella tua prenotazione.<\/li><li>Prenota direttamente con il nostro ostello, senza intermediari.<\/li><li>Prenota e puoi risparmiare fino al 10% sul prezzo finale della tua prenotazione.<\/li><li>Cancellazione gratuita in alcune delle nostre camere.<\/li><\/ul>\n\n<h2 class=\"wp-block-heading\">Servizi per i nostri amici in viaggio.<\/h2>\n\n<ul class=\"wp-block-list\"><li>Tutto il nostro staff \u00e8 multi-idiomi.<\/li><li>Abbiamo una lavatrice e asciugacapelli.<\/li><li>Avete la possibilit\u00e0 di colazione continentale.<\/li><li>Abbiamo camere familiari.<\/li><li>Cucina completamente attrezzata.<\/li><li>Aria condizionata in tutte le camere.<\/li><\/ul>\n\n<h2 class=\"wp-block-heading\">Pulizia e sicurezza.<\/h2>\n\n<p><strong>Yellow Nest Hostel \u00e8 un ostello sicuro<\/strong>, bello e pulito per soggiornare a Barcellona. Le pulizie quotidiane vengono effettuate con disinfettanti per uso professionale, i nostri dipendenti indossano una maschera, uno schermo protettivo o guanti, abbiamo anche rinforzato la pulizia delle aree comuni.<\/p>\n\n<h2 class=\"wp-block-heading\">Yellow Nest Hostel Barcelona: Servizi<\/h2>\n\n<p>Abbiamo diverse tipologie di camere per soddisfare le vostre esigenze. Potrete scegliere tra dormitori decorati in modo semplice e colorato, dotati di aria condizionata e riscaldamento, armadietti e bagno in comune con asciugacapelli.<\/p>\n\n<h2 class=\"wp-block-heading\">Hai intenzione di visitare Barcellona con il tuo gruppo?<\/h2>\n\n<p>Sappiamo che trovare la sistemazione perfetta per il tuo gruppo pu\u00f2 essere davvero difficile, specialmente in una citt\u00e0 come Barcellona, ecco perch\u00e9, al Yellow Nest Hostel Barcelona abbiamo un reparto specializzato che ti aiuter\u00e0 e ti consiglier\u00e0 su tutto ci\u00f2 che riguarda la <a href=\"https:\/\/nesthostelsbarcelona.com\/it\/gruppi\/\" target=\"_blank\" rel=\"noopener\">prenotazione del tuo gruppo<\/a>:<\/p>\n\n<h2 class=\"has-text-align-center wp-block-heading\">Non pensarci due volte e prenota al <a href=\"https:\/\/nesthostelsbarcelona.com\/it\/booking\/\">Yellow Nest Hostel Barcelona<\/a>.<\/h2>\n\n<h2 class=\"wp-block-heading\">Alcuni luoghi turistici a Barcellona<\/h2>\n\n<h3 class=\"wp-block-heading\">Ciutat Vella Barcelona<\/h3>\n\n<p>Il quartiere Ciutat Vella \u00e8 delimitato dal perimetro delle mura della citt\u00e0 vecchia e corrisponde geograficamente con il centro storico di Barcellona. La strada pi\u00f9 famosa di questo quartiere \u00e8, naturalmente, <a href=\"https:\/\/es.wikipedia.org\/wiki\/La_Rambla\" target=\"_blank\" rel=\"noopener\">Las Ramblas<\/a>, con i suoi numerosi musicisti di strada e artisti.<\/p>\n\n<p>Su questo viale c&#8217;\u00e8 sempre molta attivit\u00e0 intorno ai numerosi stabilimenti di stampa-chioschi, negozi di fiori e animali domestici.<\/p>\n\n<h3 class=\"wp-block-heading\">Sant Gervasi \u2013 Santal\u00f3<\/h3>\n\n<p>Nella zona alta di Barcellona, attorno all&#8217;asse segnato dalle vie Santa e Mari\u00e0 Cub\u00ed, si concentra questa zona di vita notturna piena di bar e locali notturni. Frequentato dalla comunit\u00e0 universitaria della citt\u00e0 e anche da persone anziane in cerca di un&#8217;atmosfera chic per rilassarsi e divertirsi.<\/p>\n\n<p>Si tratta di una zona a piedi, e all&#8217;interno dei numerosi bar e discoteche troverete buona musica, buoni drink e un sacco di divertimento. In Piazza Francesc Maci\u00e0 puoi trovare il crimine della vita notturna di Barcellona.<\/p>\n\n<h3 class=\"wp-block-heading\">Il Quartiere Gotico<\/h3>\n\n<p>Situato nel quartiere Ciutat Vella, nel cuore della citt\u00e0, il Quartiere Gotico (Barri G\u00f2tic) \u00e8 la pi\u00f9 antica e una delle zone pi\u00f9 belle di Barcellona. Il piacevole quartiere \u00e8 delimitato da Las Ramblas, Via Laietana, Paseo de Col\u00f3n e Plaza de Catalunya.<\/p>\n\n<p>Nata sui resti del Barcino romano, la Barcellona medievale port\u00f2 alla costruzione di chiese e palazzi gotici che causarono la scomparsa della maggior parte dei resti romanici.<\/p>\n","protected":false},"excerpt":{"rendered":"<p>Nest Ostelli Barcelona. Yellow Nest Ostelli a Barcelona. Il pi\u00f9 popolare backpackers alloggio a Barcelona da Feetup Ostelli. \u2705 Miglior prezzo \u2705 alloggi economici \u2705 cancellazione gratuita \u2705 senza costi nascosti \u2705 camere private \u2705 Free WiFi \u2705 prima colazione \u2705 scegliere l&#8217;ostello giusto per voi \u2705 conferma immediata \u2705 senza costi di prenotazione \u2705 leggere recensioni reali giudizi \u2705 parliamo la tua lingua. \u2705 24\/7 ricezione<\/p>\n","protected":false},"author":10,"featured_media":3064,"parent":0,"menu_order":0,"comment_status":"open","ping_status":"open","template":"","meta":{"footnotes":""},"class_list":["post-890","page","type-page","status-publish","has-post-thumbnail","hentry"],"yoast_head":"<!-- This site is optimized with the Yoast SEO plugin v27.4 - https:\/\/yoast.com\/product\/yoast-seo-wordpress\/ -->\n<title>Nest Hostels Barcellona. Yellow Nest Ostello con letti da 12\u20ac a notte<\/title>\n<meta name=\"description\" content=\"Nest Hostels Barcellona. Yellow Nest Ostello con letti da 12\u20ac a notte. Uno dei migliori ostelli della giovent\u00f9 di Barcellona: \u2705 Economico \u2705 Sicuro \u2705 Pulito\" \/>\n<meta name=\"robots\" content=\"index, follow, max-snippet:-1, max-image-preview:large, max-video-preview:-1\" \/>\n<link rel=\"canonical\" href=\"https:\/\/nesthostelsbarcelona.com\/it\/\" \/>\n<meta property=\"og:locale\" content=\"it_IT\" \/>\n<meta property=\"og:type\" content=\"article\" \/>\n<meta property=\"og:title\" content=\"Nest Hostels Barcellona. Yellow Nest Ostello con letti da 12\u20ac a notte\" \/>\n<meta property=\"og:description\" content=\"Nest Hostels Barcellona. Yellow Nest Ostello con letti da 12\u20ac a notte. Uno dei migliori ostelli della giovent\u00f9 di Barcellona: \u2705 Economico \u2705 Sicuro \u2705 Pulito\" \/>\n<meta property=\"og:url\" content=\"https:\/\/nesthostelsbarcelona.com\/it\/\" \/>\n<meta property=\"og:site_name\" content=\"Nest Hostels Barcelona\" \/>\n<meta property=\"article:publisher\" content=\"https:\/\/www.facebook.com\/YellowNestHostelBarcelona\/\" \/>\n<meta property=\"article:modified_time\" content=\"2022-06-23T22:26:54+00:00\" \/>\n<meta property=\"og:image\" content=\"https:\/\/nesthostelsbarcelona.com\/wp-content\/uploads\/2022\/05\/enjoy-barcelona-nesthostelsbarcelona.png\" \/>\n<meta name=\"twitter:card\" content=\"summary_large_image\" \/>\n<meta name=\"twitter:site\" content=\"@YellowHostel\" \/>\n<meta name=\"twitter:label1\" content=\"Tempo di lettura stimato\" \/>\n\t<meta name=\"twitter:data1\" content=\"4 minuti\" \/>\n<script type=\"application\/ld+json\" class=\"yoast-schema-graph\">{\"@context\":\"https:\\\/\\\/schema.org\",\"@graph\":[{\"@type\":\"WebPage\",\"@id\":\"https:\\\/\\\/nesthostelsbarcelona.com\\\/it\\\/\",\"url\":\"https:\\\/\\\/nesthostelsbarcelona.com\\\/it\\\/\",\"name\":\"Nest Hostels Barcellona. Yellow Nest Ostello con letti da 12\u20ac a notte\",\"isPartOf\":{\"@id\":\"https:\\\/\\\/nesthostelsbarcelona.com\\\/it\\\/#website\"},\"primaryImageOfPage\":{\"@id\":\"https:\\\/\\\/nesthostelsbarcelona.com\\\/it\\\/#primaryimage\"},\"image\":{\"@id\":\"https:\\\/\\\/nesthostelsbarcelona.com\\\/it\\\/#primaryimage\"},\"thumbnailUrl\":\"https:\\\/\\\/nesthostelsbarcelona.com\\\/wp-content\\\/uploads\\\/2022\\\/05\\\/enjoy-barcelona-nesthostelsbarcelona.png\",\"datePublished\":\"2014-10-15T10:41:58+00:00\",\"dateModified\":\"2022-06-23T22:26:54+00:00\",\"description\":\"Nest Hostels Barcellona. Yellow Nest Ostello con letti da 12\u20ac a notte. Uno dei migliori ostelli della giovent\u00f9 di Barcellona: \u2705 Economico \u2705 Sicuro \u2705 Pulito\",\"breadcrumb\":{\"@id\":\"https:\\\/\\\/nesthostelsbarcelona.com\\\/it\\\/#breadcrumb\"},\"inLanguage\":\"it-IT\",\"potentialAction\":[{\"@type\":\"ReadAction\",\"target\":[\"https:\\\/\\\/nesthostelsbarcelona.com\\\/it\\\/\"]}]},{\"@type\":\"ImageObject\",\"inLanguage\":\"it-IT\",\"@id\":\"https:\\\/\\\/nesthostelsbarcelona.com\\\/it\\\/#primaryimage\",\"url\":\"https:\\\/\\\/nesthostelsbarcelona.com\\\/wp-content\\\/uploads\\\/2022\\\/05\\\/enjoy-barcelona-nesthostelsbarcelona.png\",\"contentUrl\":\"https:\\\/\\\/nesthostelsbarcelona.com\\\/wp-content\\\/uploads\\\/2022\\\/05\\\/enjoy-barcelona-nesthostelsbarcelona.png\",\"width\":1920,\"height\":800,\"caption\":\"Enjoy Barcelona with Nest Hostels Barcelona\"},{\"@type\":\"BreadcrumbList\",\"@id\":\"https:\\\/\\\/nesthostelsbarcelona.com\\\/it\\\/#breadcrumb\",\"itemListElement\":[{\"@type\":\"ListItem\",\"position\":1,\"name\":\"Home\",\"item\":\"https:\\\/\\\/nesthostelsbarcelona.com\\\/it\\\/home\\\/\"},{\"@type\":\"ListItem\",\"position\":2,\"name\":\"Home\"}]},{\"@type\":\"WebSite\",\"@id\":\"https:\\\/\\\/nesthostelsbarcelona.com\\\/it\\\/#website\",\"url\":\"https:\\\/\\\/nesthostelsbarcelona.com\\\/it\\\/\",\"name\":\"Nest Hostels Barcelona\",\"description\":\"Accommodation and beds for travelers in Barcelona\",\"publisher\":{\"@id\":\"https:\\\/\\\/nesthostelsbarcelona.com\\\/it\\\/#organization\"},\"potentialAction\":[{\"@type\":\"SearchAction\",\"target\":{\"@type\":\"EntryPoint\",\"urlTemplate\":\"https:\\\/\\\/nesthostelsbarcelona.com\\\/it\\\/?s={search_term_string}\"},\"query-input\":{\"@type\":\"PropertyValueSpecification\",\"valueRequired\":true,\"valueName\":\"search_term_string\"}}],\"inLanguage\":\"it-IT\"},{\"@type\":\"Organization\",\"@id\":\"https:\\\/\\\/nesthostelsbarcelona.com\\\/it\\\/#organization\",\"name\":\"Nest Hostels Barcelona\",\"url\":\"https:\\\/\\\/nesthostelsbarcelona.com\\\/it\\\/\",\"logo\":{\"@type\":\"ImageObject\",\"inLanguage\":\"it-IT\",\"@id\":\"https:\\\/\\\/nesthostelsbarcelona.com\\\/it\\\/#\\\/schema\\\/logo\\\/image\\\/\",\"url\":\"https:\\\/\\\/nesthostelsbarcelona.com\\\/wp-content\\\/uploads\\\/2022\\\/05\\\/logo-nest-hostels-valencia-feetuphostels.svg\",\"contentUrl\":\"https:\\\/\\\/nesthostelsbarcelona.com\\\/wp-content\\\/uploads\\\/2022\\\/05\\\/logo-nest-hostels-valencia-feetuphostels.svg\",\"width\":279,\"height\":130,\"caption\":\"Nest Hostels Barcelona\"},\"image\":{\"@id\":\"https:\\\/\\\/nesthostelsbarcelona.com\\\/it\\\/#\\\/schema\\\/logo\\\/image\\\/\"},\"sameAs\":[\"https:\\\/\\\/www.facebook.com\\\/YellowNestHostelBarcelona\\\/\",\"https:\\\/\\\/x.com\\\/YellowHostel\",\"https:\\\/\\\/www.instagram.com\\\/yellownesthostelbarcelona\\\/\",\"https:\\\/\\\/www.tiktok.com\\\/@yellownesthostel\",\"https:\\\/\\\/www.linkedin.com\\\/company\\\/yellow-nest-hostel-barcelona\\\/\",\"https:\\\/\\\/www.youtube.com\\\/channel\\\/UCwLfXY-N5JO_uNZtStWLqqw\",\"https:\\\/\\\/vk.com\\\/yellownesthostelbarcelona\\\/\",\"https:\\\/\\\/m.me\\\/YellowNestHostelBarcelona\\\/\",\"https:\\\/\\\/www.tripadvisor.es\\\/Hotel_Review-g187497-d1815573-Reviews-Yellow_Nest_Hostel_Barcelona-Barcelona_Catalonia.html\"]}]}<\/script>\n<!-- \/ Yoast SEO plugin. -->","yoast_head_json":{"title":"Nest Hostels Barcellona. Yellow Nest Ostello con letti da 12\u20ac a notte","description":"Nest Hostels Barcellona. Yellow Nest Ostello con letti da 12\u20ac a notte. Uno dei migliori ostelli della giovent\u00f9 di Barcellona: \u2705 Economico \u2705 Sicuro \u2705 Pulito","robots":{"index":"index","follow":"follow","max-snippet":"max-snippet:-1","max-image-preview":"max-image-preview:large","max-video-preview":"max-video-preview:-1"},"canonical":"https:\/\/nesthostelsbarcelona.com\/it\/","og_locale":"it_IT","og_type":"article","og_title":"Nest Hostels Barcellona. Yellow Nest Ostello con letti da 12\u20ac a notte","og_description":"Nest Hostels Barcellona. Yellow Nest Ostello con letti da 12\u20ac a notte. Uno dei migliori ostelli della giovent\u00f9 di Barcellona: \u2705 Economico \u2705 Sicuro \u2705 Pulito","og_url":"https:\/\/nesthostelsbarcelona.com\/it\/","og_site_name":"Nest Hostels Barcelona","article_publisher":"https:\/\/www.facebook.com\/YellowNestHostelBarcelona\/","article_modified_time":"2022-06-23T22:26:54+00:00","og_image":[{"url":"https:\/\/nesthostelsbarcelona.com\/wp-content\/uploads\/2022\/05\/enjoy-barcelona-nesthostelsbarcelona.png","type":"","width":"","height":""}],"twitter_card":"summary_large_image","twitter_site":"@YellowHostel","twitter_misc":{"Tempo di lettura stimato":"4 minuti"},"schema":{"@context":"https:\/\/schema.org","@graph":[{"@type":"WebPage","@id":"https:\/\/nesthostelsbarcelona.com\/it\/","url":"https:\/\/nesthostelsbarcelona.com\/it\/","name":"Nest Hostels Barcellona. Yellow Nest Ostello con letti da 12\u20ac a notte","isPartOf":{"@id":"https:\/\/nesthostelsbarcelona.com\/it\/#website"},"primaryImageOfPage":{"@id":"https:\/\/nesthostelsbarcelona.com\/it\/#primaryimage"},"image":{"@id":"https:\/\/nesthostelsbarcelona.com\/it\/#primaryimage"},"thumbnailUrl":"https:\/\/nesthostelsbarcelona.com\/wp-content\/uploads\/2022\/05\/enjoy-barcelona-nesthostelsbarcelona.png","datePublished":"2014-10-15T10:41:58+00:00","dateModified":"2022-06-23T22:26:54+00:00","description":"Nest Hostels Barcellona. Yellow Nest Ostello con letti da 12\u20ac a notte. Uno dei migliori ostelli della giovent\u00f9 di Barcellona: \u2705 Economico \u2705 Sicuro \u2705 Pulito","breadcrumb":{"@id":"https:\/\/nesthostelsbarcelona.com\/it\/#breadcrumb"},"inLanguage":"it-IT","potentialAction":[{"@type":"ReadAction","target":["https:\/\/nesthostelsbarcelona.com\/it\/"]}]},{"@type":"ImageObject","inLanguage":"it-IT","@id":"https:\/\/nesthostelsbarcelona.com\/it\/#primaryimage","url":"https:\/\/nesthostelsbarcelona.com\/wp-content\/uploads\/2022\/05\/enjoy-barcelona-nesthostelsbarcelona.png","contentUrl":"https:\/\/nesthostelsbarcelona.com\/wp-content\/uploads\/2022\/05\/enjoy-barcelona-nesthostelsbarcelona.png","width":1920,"height":800,"caption":"Enjoy Barcelona with Nest Hostels Barcelona"},{"@type":"BreadcrumbList","@id":"https:\/\/nesthostelsbarcelona.com\/it\/#breadcrumb","itemListElement":[{"@type":"ListItem","position":1,"name":"Home","item":"https:\/\/nesthostelsbarcelona.com\/it\/home\/"},{"@type":"ListItem","position":2,"name":"Home"}]},{"@type":"WebSite","@id":"https:\/\/nesthostelsbarcelona.com\/it\/#website","url":"https:\/\/nesthostelsbarcelona.com\/it\/","name":"Nest Hostels Barcelona","description":"Accommodation and beds for travelers in Barcelona","publisher":{"@id":"https:\/\/nesthostelsbarcelona.com\/it\/#organization"},"potentialAction":[{"@type":"SearchAction","target":{"@type":"EntryPoint","urlTemplate":"https:\/\/nesthostelsbarcelona.com\/it\/?s={search_term_string}"},"query-input":{"@type":"PropertyValueSpecification","valueRequired":true,"valueName":"search_term_string"}}],"inLanguage":"it-IT"},{"@type":"Organization","@id":"https:\/\/nesthostelsbarcelona.com\/it\/#organization","name":"Nest Hostels Barcelona","url":"https:\/\/nesthostelsbarcelona.com\/it\/","logo":{"@type":"ImageObject","inLanguage":"it-IT","@id":"https:\/\/nesthostelsbarcelona.com\/it\/#\/schema\/logo\/image\/","url":"https:\/\/nesthostelsbarcelona.com\/wp-content\/uploads\/2022\/05\/logo-nest-hostels-valencia-feetuphostels.svg","contentUrl":"https:\/\/nesthostelsbarcelona.com\/wp-content\/uploads\/2022\/05\/logo-nest-hostels-valencia-feetuphostels.svg","width":279,"height":130,"caption":"Nest Hostels Barcelona"},"image":{"@id":"https:\/\/nesthostelsbarcelona.com\/it\/#\/schema\/logo\/image\/"},"sameAs":["https:\/\/www.facebook.com\/YellowNestHostelBarcelona\/","https:\/\/x.com\/YellowHostel","https:\/\/www.instagram.com\/yellownesthostelbarcelona\/","https:\/\/www.tiktok.com\/@yellownesthostel","https:\/\/www.linkedin.com\/company\/yellow-nest-hostel-barcelona\/","https:\/\/www.youtube.com\/channel\/UCwLfXY-N5JO_uNZtStWLqqw","https:\/\/vk.com\/yellownesthostelbarcelona\/","https:\/\/m.me\/YellowNestHostelBarcelona\/","https:\/\/www.tripadvisor.es\/Hotel_Review-g187497-d1815573-Reviews-Yellow_Nest_Hostel_Barcelona-Barcelona_Catalonia.html"]}]}},"_links":{"self":[{"href":"https:\/\/nesthostelsbarcelona.com\/it\/wp-json\/wp\/v2\/pages\/890","targetHints":{"allow":["GET"]}}],"collection":[{"href":"https:\/\/nesthostelsbarcelona.com\/it\/wp-json\/wp\/v2\/pages"}],"about":[{"href":"https:\/\/nesthostelsbarcelona.com\/it\/wp-json\/wp\/v2\/types\/page"}],"author":[{"embeddable":true,"href":"https:\/\/nesthostelsbarcelona.com\/it\/wp-json\/wp\/v2\/users\/10"}],"replies":[{"embeddable":true,"href":"https:\/\/nesthostelsbarcelona.com\/it\/wp-json\/wp\/v2\/comments?post=890"}],"version-history":[{"count":0,"href":"https:\/\/nesthostelsbarcelona.com\/it\/wp-json\/wp\/v2\/pages\/890\/revisions"}],"wp:featuredmedia":[{"embeddable":true,"href":"https:\/\/nesthostelsbarcelona.com\/it\/wp-json\/wp\/v2\/media\/3064"}],"wp:attachment":[{"href":"https:\/\/nesthostelsbarcelona.com\/it\/wp-json\/wp\/v2\/media?parent=890"}],"curies":[{"name":"wp","href":"https:\/\/api.w.org\/{rel}","templated":true}]}}