{"id":2682,"date":"2017-09-04T10:00:32","date_gmt":"2017-09-04T08:00:32","guid":{"rendered":"https:\/\/nesthostelsbarcelona.com\/terms-and-conditions\/"},"modified":"2022-06-27T17:31:45","modified_gmt":"2022-06-27T15:31:45","slug":"voorwaarden","status":"publish","type":"page","link":"https:\/\/nesthostelsbarcelona.com\/nl\/voorwaarden\/","title":{"rendered":"Algemene Voorwaarden"},"content":{"rendered":"\n<h1 class=\"has-text-align-center wp-block-heading\">Algemene Voorwaarden<\/h1>\n\n<hr class=\"wp-block-separator has-alpha-channel-opacity is-style-dots\"\/>\n\n<h2 class=\"wp-block-heading\">0. Doel en acceptatie.<\/h2>\n\n<p>Voorwaarden. Het gebruik van de website\u00a0<a href=\"https:\/\/nesthostelsbarcelona.com\/nl\/\">nesthostelsbarcelona.com<\/a>\u00a0(hierna DE WEB), die eigendom is van BOOKING HOSTELS S.L., wordt geregeld door deze juridische kennisgeving (hierna DE EIGENAAR VAN DE WEB).<\/p>\n\n<p>Bladeren door <strong>DE EIGENAAR VAN DE WEB-<\/strong>website verleent de status van gebruiker en impliceert volledige en onvoorwaardelijke instemming met elke bepaling in deze juridische kennisgeving, die kan worden gewijzigd.<\/p>\n\n<p>De gebruiker stemt ermee in de website correct te gebruiken in overeenstemming met alle toepasselijke wetten, te goeder trouw, openbare orde, verkeersregels en deze juridische kennisgeving.<\/p>\n\n<p>De gebruiker is verantwoordelijk voor eventuele schade veroorzaakt door een schending van deze verbintenis jegens DE EIGENAAR VAN DE WEBSITE of andere partijen.<\/p>\n\n<h2 class=\"wp-block-heading\">1. Identificatie en Communicatie.<\/h2>\n\n<p><strong>DE EIGENAAR VAN DE SITE\u00a0<\/strong>informeert u over informatiediensten en elektronische handel in overeenstemming met Wet 34\/2002 van 11 juli:<\/p>\n\n<ul class=\"wp-block-list\"><li>Naam\u00a0 is: <strong>BOOKING HOSTELS S.L.<\/strong><\/li><li>De CIF\/NIF\/NIE is: B98157274.<\/li><li>Haar maatschappelijke zetel is te: C\/ RODRIGUEZ DE CEPEDA N\u00ba 35 \u2013 46021 VALENCIA.<\/li><li>Geregistreerd in het handelsregister van VALENCIA, TOMO 9055, LIBRO 6339, FOLIO 37, SECCI\u00d3N 8, HOJA V-134583, INSCRIPCI\u00d3N 1\u00aa.<\/li><li>Om contact met ons op te nemen, bieden wij verschillende manieren van contact aan zoals hieronder weergegeven:<\/li><li>Email: <a href=\"mailto:info@feetuphostels.com\">info@feetuphostels.com<\/a><\/li><\/ul>\n\n<p>Alle notificaties en elk contact tussen de gebruiker en\u00a0<strong>DE EIGENAAR van de SITE<\/strong>\u00a0wordt als nuttig beschouwd, indien dit gebeurt via e-mail of andere contactformulieren.<\/p>\n\n<h2 class=\"wp-block-heading\">2. Toegangs- en gebruiksvoorwaarden.<\/h2>\n\n<p>De website en haar diensten zijn vrij toegankelijk en beschikbaar, maar\u00a0<strong>DE SITE-EIGENAAR<\/strong>\u00a0heeft aangegeven dat het gebruik van de aangeboden diensten van de website alleen mogelijk is na het accepteren van dit formulier.<\/p>\n\n<p>De gebruiker zorgt ervoor dat alle gegevens die aan\u00a0<strong>DE EIGENAAR VAN DE SITE<\/strong>\u00a0worden doorgegeven, geldig en actueel zijn, en dat de gebruiker als enige verantwoordelijk is voor eventuele valse of onnauwkeurige claims.<\/p>\n\n<p>De gebruiker stemt uitdrukkelijk in met het juiste gebruik van het materiaal en de diensten van DE\u00a0<strong>EIGENAAR VAN DE SITE<\/strong>\u00a0en stemt ermee in deze niet te gebruiken in de volgende omstandigheden:<\/p>\n\n<ol class=\"wp-block-list\"><li>Verspreiding van criminele, gewelddadige, pornografische, racistische, xenofobe, beledigende, terroristische inhoud of inhoud die in strijd is met het publiekrecht.<\/li><li>Het brengen van computervirussen of andere acties die de inhoud kunnen veranderen, schade kunnen veroorzaken, fouten kunnen genereren of schade kunnen toebrengen aan elektronische documenten, gegevens of fysieke en logistieke systemen van\u00a0<strong>DE SITE-EIGENAAR<\/strong>\u00a0of derden; evenals het belemmeren van de toegang van de gebruikers van de website en haar diensten door gebruik te maken van IT-bronnen waarmee\u00a0<strong>DE EIGENAAR VAN DE WEBSITE<\/strong> werkt.<\/li><li>Toegang proberen te krijgen tot e-mailaccounts van andere gebruikers of computersystemen van\u00a0<strong>DE EIGENAAR VAN DE SITE<\/strong>\u00a0of van derden om informatie op te halen.<\/li><li>Schending van de eigendomsrechten en schending van de betrouwbaarheid van de informatie van\u00a0<strong>DE EIGENAAR VAN DE SITE<\/strong>\u00a0of van derden.<\/li><li>Doen alsof je een ander, de overheid of derden bent.<\/li><li>Het reproduceren, kopi\u00ebren, verspreiden, beschikbaar stellen en elke andere vorm van openbare communicatie, transformaties of wijzigingen van de inhoud, tenzij u toestemming heeft en de verkregen rechten.<\/li><li>Het verzamelen van gegevens voor reclamedoeleinden, publicaties en communicatie met het oog op verkoop of andere commerci\u00eble doeleinden zonder verzoek of toestemming.<\/li><\/ol>\n\n<p><strong>DE EIGENAAR VAN DE SITE\u00a0<\/strong>is eigenaar van alle inhoud op de site, inclusief teksten, foto\u2019s, grafische afbeeldingen, afbeeldingen, pictogrammen, technologie en software, evenals het grafische ontwerp en de broncodes; deze aspecten zullen niet zonder reden aan gebruikers worden overgedragen en alleen datgene wordt verleend wat strikt noodzakelijk is voor een correct gebruik van de site.<\/p>\n\n<p>Ten slotte kunnen gebruikers met toegang tot de website de inhoud zien en mogelijk automatische priv\u00e9kopie\u00ebn maken, zolang de gereproduceerde delen niet worden verkocht of ge\u00efnstalleerd in aangesloten netwerken.<\/p>\n\n<p>Bovendien zijn alle merken, handelsmerken en logo\u2019s van welke aard dan ook die op de site te zien zijn, eigendom van\u00a0<strong>DE EIGENAAR VAN DE SITE<\/strong>\u00a0en zullen niet zonder reden en zonder de rechten aan gebruikers worden overgedragen.<\/p>\n\n<p>Verspreiden, wijzigen, overdragen of openbare communicatie van de inhoud op een manier die niet is toegestaan, de rechten van de eigenaar zijn verboden.<\/p>\n\n<p>De constructie van een hyperlink betekent niet dat de <strong>SITE<\/strong>-eigenaar en de site waar de link wordt gehost verbonden zijn, noch dat de inhoud en diensten van de SITE-eigenaar worden geaccepteerd door de SITE-eigenaar.<\/p>\n\n<p>Degenen die van plan zijn om een hyperlink toe te voegen, moet eerst schriftelijke toestemming vragen aan de <strong>SITE<\/strong>-eigenaar.<\/p>\n\n<p>In ieder geval geeft de hyperlink unieke toegang tot de homepage of de homepage van onze site. Het is ook verboden om valse verklaringen en onjuiste of onjuiste informatie over de eigenaar van de <strong>SITE<\/strong> te geven, of illegale inhoud te bevatten die in strijd is met het openbare beleid.<\/p>\n\n<p><strong>DE EIGENAAR VAN DE SITE\u00a0<\/strong>is niet verantwoordelijk voor de gebruikers als ze materiaal beschikbaar stellen op de site of in gerelateerde gebieden.<\/p>\n\n<h2 class=\"wp-block-heading\">3. Uitsluiting van garanties en aansprakelijkheid<\/h2>\n\n<p>De informatie op deze website is van algemene aard en is bedoeld als informatief, met de zekerheid dat alle inhoud volledig, correct, legitiem en nuttig is.<\/p>\n\n<p><strong>DE EIGENAAR VAN DE SITE\u00a0<\/strong>omvat, toegestaan door de wet, elke aansprakelijkheid voor schade van welke aard dan ook die voortvloeit uit:<\/p>\n\n<ol class=\"wp-block-list\"><li>De onmogelijkheid om toegang te krijgen tot de website of het gebrek aan waarheid, nauwkeurigheid, volledigheid en\/of actualiteit van de inhoud, evenals de aanwezigheid van eventuele gebreken of defecten van welke aard dan ook verzonden, verspreid, opgeslagen of beschikbaar gesteld via de website of aangeboden diensten.<\/li><li>De aanwezigheid van virussen of andere elementen in de inhoud die veranderingen in computersystemen, elektronische documenten of gebruikersgegevens kunnen veroorzaken.<\/li><li>Als gevolg van oneigenlijk gebruik van de website zijn de wet, het geloof, de openbare orde, het verkeer en het gebruik van deze wettelijke waarschuwing allemaal overtreden. Vooral wanneer DE\u00a0<strong>EIGENAAR VAN DE SITE<\/strong>\u00a0niet aansprakelijk is voor het gedrag van andere partijen die de wet overtreden door inbreuk te maken op intellectuele en industri\u00eble eigendom, handelsgeheimen, eer, persoonlijke en familiale privacy, en onderworpen zijn aan oneerlijke concurrentie en illegale reclame.<\/li><\/ol>\n\n<p>Bovendien wijst de eigenaar van de SITE alle aansprakelijkheid af voor informatie die via de site aan iemand anders dan onze webmaster wordt verstrekt. Het doel van de links op deze sites is om gebruikers te informeren over het bestaan van extra bronnen die de inhoud van de site aanvullen.<\/p>\n\n<p>De eigenaar van de SITE garandeert niet en is niet verantwoordelijk voor de werking en toegankelijkheid van externe links naar andere sites; noch is hij verantwoordelijk voor suggesties, uitnodigingen of aanbevelingen, en hij is niet verantwoordelijk voor de resultaten.<\/p>\n\n<p>De eigenaar van de <strong>SITE<\/strong> is niet verantwoordelijk voor het tot stand brengen van links van derden.<\/p>\n\n<h2 class=\"wp-block-heading\"><a href=\"https:\/\/nesthostelsbarcelona.com\/nl\/privacybeleid\/\" target=\"_blank\" rel=\"noreferrer noopener\">4. Privacybeleid<\/a><\/h2>\n\n<p>Als we informatie van u nodig hebben, zullen we u altijd vragen om dit vrijwillig te doen. De verzamelde gegevens worden opgeslagen in een bestand van persoonlijke gegevens in het algemene Register van gegevensbescherming van het Spaanse Agentschap voor de bescherming van informatie, de eigenaar van de <strong>SITE<\/strong>.<\/p>\n\n<p>Is hiervoor verantwoordelijk. Deze entiteit zal de informatie met betrouwbaarheid behandelen en alleen gebruiken voor gevraagde diensten, met wettelijke garanties en veiligheid opgelegd door Wet 15\/1999 van 13 December, bescherming van persoonsgegevens, wet 1720\/2007, van 21 December en Wet 34\/2002 van 11 juli van de dienst informatiemaatschappij en elektronische handel.<\/p>\n\n<p><strong>DE SITE-EIGENAAR\u00a0<\/strong>wil niet dat gegevens zonder toestemming worden overgedragen, verkocht of gedeeld met derden.<\/p>\n\n<p>Bovendien, in overeenstemming met de voorwaarden van Wet 15\/1999 van 13 december, bescherming van persoonlijke gegevens, zal\u00a0<strong>DE EIGENAAR VAN DE SITE<\/strong>\u00a0gegevens verwijderen of wijzigen die onnauwkeurig, onvolledig, niet langer nodig of irrelevant zijn.<\/p>\n\n<p>De gebruiker kan de toestemming en het recht van toegang, rectificatie en annulering van\u00a0<strong>DE EIGENAAR VAN DE SITE<\/strong>, sito en C\/ RODRIGUEZ DE CEPEDA N\u00ba 35 \u2013 46021 VALENCIA \u2013 VALENCIA herroepen, die correct is ge\u00efdentificeerd en zichtbaar de specifieke rechten aangeeft die worden toegepast .<\/p>\n\n<p><strong>DE SITE-EIGENAAR\u00a0<\/strong>neemt het beveiligingsniveau van wet 15\/1999 en regelgeving die van toepassing is. Hij is echter niet verantwoordelijk voor enige schade als gevolg van wijzigingen die zijn aangebracht door derden, computersystemen, elektronische documenten, software en bestanden van andere gebruikers.<\/p>\n\n<p><strong>DE SITE-EIGENAAR\u00a0<\/strong>kan cookies gebruiken tijdens het verlenen van diensten op de website. Cookies zijn fysieke bestanden met opgeslagen persoonlijke informatie van de server van de gebruiker. De gebruiker heeft de mogelijkheid om de cookies aan en uit te zetten of dat hij eerst een waarschuwing krijgt.<\/p>\n\n<p>Als u ervoor kiest om de website te verlaten via links die buiten onze organisatie liggen, is\u00a0<strong>THE SITE OWNER<\/strong>\u00a0niet verantwoordelijk voor het privacybeleid van deze websites of de cookies die gegevens kunnen opslaan.<\/p>\n\n<p>Ons standpunt over e-mails is dat je alleen e-mails ontvangt als je hier specifiek om hebt gevraagd.<\/p>\n\n<p>Als u liever geen e-mails wilt ontvangen, geven wij u het recht om deze e-mails te annuleren in overeenstemming met de bepalingen van Titel III, artikel 22 van wet 34\/2002 voor Diensten voor de Informatiemaatschappij en Elektronische Handel.<\/p>\n\n<h2 class=\"wp-block-heading\">5. Procedure bij illegale activiteiten.<\/h2>\n\n<p>Indien een gebruiker of een derde van mening is dat er feiten of omstandigheden zijn die ongeoorloofd gebruik maken van de inhoud en\/of een activiteit uitvoeren op de webpagina\u2019s of pagina\u2019s die toegankelijk zijn via de site, stuur dan een bericht naar\u00a0<strong>DE SITE-EIGENAAR<\/strong>\u00a0met een juiste identificatie en melding van de vermeende strafbare feiten en uitdrukkelijk onder uw verantwoordelijkheid verklaren dat de informatie onjuist is.<\/p>\n\n<p>Voor alle juridische kwesties met betrekking tot\u00a0<strong>DE EIGENAAR VAN DE SITE<\/strong>, zal de Spaanse wet worden toegepast.<\/p>\n\n<p>De administratieve informatie die via de website wordt verstrekt, komt niet in de plaats van de wettelijke publiciteit, regelgeving, plannen, Algemene Bepalingen en handelingen die formeel moeten worden gepubliceerd in de offici\u00eble publicaties van de overheid.<\/p>\n\n<p>Dit is het enige instrument dat getuigt van de authenticiteit en inhoud. De beschikbare informatie van deze website moet worden opgevat als een leidraad.<\/p>\n\n<figure class=\"wp-block-image aligncenter size-full is-resized\"><a href=\"https:\/\/nesthostelsbarcelona.com\/wp-content\/uploads\/2022\/06\/privacy-policy.jpg\"><img fetchpriority=\"high\" decoding=\"async\" src=\"https:\/\/nesthostelsbarcelona.com\/wp-content\/uploads\/2022\/06\/privacy-policy.jpg\" alt=\"Algemene voorwaarden\" class=\"wp-image-3623\" width=\"810\" height=\"350\" srcset=\"https:\/\/nesthostelsbarcelona.com\/wp-content\/uploads\/2022\/06\/privacy-policy.jpg 810w, https:\/\/nesthostelsbarcelona.com\/wp-content\/uploads\/2022\/06\/privacy-policy-300x130.jpg 300w, https:\/\/nesthostelsbarcelona.com\/wp-content\/uploads\/2022\/06\/privacy-policy-768x332.jpg 768w\" sizes=\"(max-width: 810px) 100vw, 810px\" \/><\/a><figcaption>Algemene Voorwaarden Nest Hostels Barcelona<\/figcaption><\/figure>\n","protected":false},"excerpt":{"rendered":"<p>Algemene Voorwaarden 0. Doel en acceptatie. Voorwaarden. Het gebruik van de website\u00a0nesthostelsbarcelona.com\u00a0(hierna DE WEB), die eigendom is van BOOKING HOSTELS S.L., wordt geregeld door deze juridische kennisgeving (hierna DE EIGENAAR VAN DE WEB). Bladeren door DE EIGENAAR VAN DE WEB-website verleent de status van gebruiker en impliceert volledige en onvoorwaardelijke instemming met elke bepaling in [&hellip;]<\/p>\n","protected":false},"author":10,"featured_media":3624,"parent":0,"menu_order":0,"comment_status":"closed","ping_status":"closed","template":"","meta":{"footnotes":""},"class_list":["post-2682","page","type-page","status-publish","has-post-thumbnail","hentry"],"yoast_head":"<!-- This site is optimized with the Yoast SEO plugin v27.4 - https:\/\/yoast.com\/product\/yoast-seo-wordpress\/ -->\n<title>Gebruiksvoorwaarden, Privacybeleid, beleid van cookies<\/title>\n<meta name=\"description\" content=\"Gebruiksvoorwaarden, Privacybeleid, Cookiebeleid en wettelijke voorwaarden van de website nesthostelsbarcelona.com\" \/>\n<meta name=\"robots\" content=\"index, follow, max-snippet:-1, max-image-preview:large, max-video-preview:-1\" \/>\n<link rel=\"canonical\" href=\"https:\/\/nesthostelsbarcelona.com\/nl\/voorwaarden\/\" \/>\n<meta property=\"og:locale\" content=\"nl_NL\" \/>\n<meta property=\"og:type\" content=\"article\" \/>\n<meta property=\"og:title\" content=\"Gebruiksvoorwaarden, Privacybeleid, beleid van cookies\" \/>\n<meta property=\"og:description\" content=\"Gebruiksvoorwaarden, Privacybeleid, Cookiebeleid en wettelijke voorwaarden van de website nesthostelsbarcelona.com\" \/>\n<meta property=\"og:url\" content=\"https:\/\/nesthostelsbarcelona.com\/nl\/voorwaarden\/\" \/>\n<meta property=\"og:site_name\" content=\"Nest Hostels Barcelona\" \/>\n<meta property=\"article:publisher\" content=\"https:\/\/www.facebook.com\/YellowNestHostelBarcelona\/\" \/>\n<meta property=\"article:modified_time\" content=\"2022-06-27T15:31:45+00:00\" \/>\n<meta property=\"og:image\" content=\"https:\/\/nesthostelsbarcelona.com\/wp-content\/uploads\/2022\/06\/privacy-policy.jpg\" \/>\n\t<meta property=\"og:image:width\" content=\"810\" \/>\n\t<meta property=\"og:image:height\" content=\"350\" \/>\n\t<meta property=\"og:image:type\" content=\"image\/jpeg\" \/>\n<meta name=\"twitter:card\" content=\"summary_large_image\" \/>\n<meta name=\"twitter:site\" content=\"@YellowHostel\" \/>\n<meta name=\"twitter:label1\" content=\"Geschatte leestijd\" \/>\n\t<meta name=\"twitter:data1\" content=\"8 minuten\" \/>\n<script type=\"application\/ld+json\" class=\"yoast-schema-graph\">{\"@context\":\"https:\\\/\\\/schema.org\",\"@graph\":[{\"@type\":\"WebPage\",\"@id\":\"https:\\\/\\\/nesthostelsbarcelona.com\\\/nl\\\/voorwaarden\\\/\",\"url\":\"https:\\\/\\\/nesthostelsbarcelona.com\\\/nl\\\/voorwaarden\\\/\",\"name\":\"Gebruiksvoorwaarden, Privacybeleid, beleid van cookies\",\"isPartOf\":{\"@id\":\"https:\\\/\\\/nesthostelsbarcelona.com\\\/nl\\\/#website\"},\"primaryImageOfPage\":{\"@id\":\"https:\\\/\\\/nesthostelsbarcelona.com\\\/nl\\\/voorwaarden\\\/#primaryimage\"},\"image\":{\"@id\":\"https:\\\/\\\/nesthostelsbarcelona.com\\\/nl\\\/voorwaarden\\\/#primaryimage\"},\"thumbnailUrl\":\"https:\\\/\\\/nesthostelsbarcelona.com\\\/wp-content\\\/uploads\\\/2022\\\/06\\\/privacy-policy.jpg\",\"datePublished\":\"2017-09-04T08:00:32+00:00\",\"dateModified\":\"2022-06-27T15:31:45+00:00\",\"description\":\"Gebruiksvoorwaarden, Privacybeleid, Cookiebeleid en wettelijke voorwaarden van de website nesthostelsbarcelona.com\",\"breadcrumb\":{\"@id\":\"https:\\\/\\\/nesthostelsbarcelona.com\\\/nl\\\/voorwaarden\\\/#breadcrumb\"},\"inLanguage\":\"nl-NL\",\"potentialAction\":[{\"@type\":\"ReadAction\",\"target\":[\"https:\\\/\\\/nesthostelsbarcelona.com\\\/nl\\\/voorwaarden\\\/\"]}]},{\"@type\":\"ImageObject\",\"inLanguage\":\"nl-NL\",\"@id\":\"https:\\\/\\\/nesthostelsbarcelona.com\\\/nl\\\/voorwaarden\\\/#primaryimage\",\"url\":\"https:\\\/\\\/nesthostelsbarcelona.com\\\/wp-content\\\/uploads\\\/2022\\\/06\\\/privacy-policy.jpg\",\"contentUrl\":\"https:\\\/\\\/nesthostelsbarcelona.com\\\/wp-content\\\/uploads\\\/2022\\\/06\\\/privacy-policy.jpg\",\"width\":810,\"height\":350,\"caption\":\"Privacy Policy\"},{\"@type\":\"BreadcrumbList\",\"@id\":\"https:\\\/\\\/nesthostelsbarcelona.com\\\/nl\\\/voorwaarden\\\/#breadcrumb\",\"itemListElement\":[{\"@type\":\"ListItem\",\"position\":1,\"name\":\"Home\",\"item\":\"https:\\\/\\\/nesthostelsbarcelona.com\\\/nl\\\/home\\\/\"},{\"@type\":\"ListItem\",\"position\":2,\"name\":\"Algemene Voorwaarden\"}]},{\"@type\":\"WebSite\",\"@id\":\"https:\\\/\\\/nesthostelsbarcelona.com\\\/nl\\\/#website\",\"url\":\"https:\\\/\\\/nesthostelsbarcelona.com\\\/nl\\\/\",\"name\":\"Nest Hostels Barcelona\",\"description\":\"Accommodation and beds for travelers in Barcelona\",\"publisher\":{\"@id\":\"https:\\\/\\\/nesthostelsbarcelona.com\\\/nl\\\/#organization\"},\"potentialAction\":[{\"@type\":\"SearchAction\",\"target\":{\"@type\":\"EntryPoint\",\"urlTemplate\":\"https:\\\/\\\/nesthostelsbarcelona.com\\\/nl\\\/?s={search_term_string}\"},\"query-input\":{\"@type\":\"PropertyValueSpecification\",\"valueRequired\":true,\"valueName\":\"search_term_string\"}}],\"inLanguage\":\"nl-NL\"},{\"@type\":\"Organization\",\"@id\":\"https:\\\/\\\/nesthostelsbarcelona.com\\\/nl\\\/#organization\",\"name\":\"Nest Hostels Barcelona\",\"url\":\"https:\\\/\\\/nesthostelsbarcelona.com\\\/nl\\\/\",\"logo\":{\"@type\":\"ImageObject\",\"inLanguage\":\"nl-NL\",\"@id\":\"https:\\\/\\\/nesthostelsbarcelona.com\\\/nl\\\/#\\\/schema\\\/logo\\\/image\\\/\",\"url\":\"https:\\\/\\\/nesthostelsbarcelona.com\\\/wp-content\\\/uploads\\\/2022\\\/05\\\/logo-nest-hostels-valencia-feetuphostels.svg\",\"contentUrl\":\"https:\\\/\\\/nesthostelsbarcelona.com\\\/wp-content\\\/uploads\\\/2022\\\/05\\\/logo-nest-hostels-valencia-feetuphostels.svg\",\"width\":279,\"height\":130,\"caption\":\"Nest Hostels Barcelona\"},\"image\":{\"@id\":\"https:\\\/\\\/nesthostelsbarcelona.com\\\/nl\\\/#\\\/schema\\\/logo\\\/image\\\/\"},\"sameAs\":[\"https:\\\/\\\/www.facebook.com\\\/YellowNestHostelBarcelona\\\/\",\"https:\\\/\\\/x.com\\\/YellowHostel\",\"https:\\\/\\\/www.instagram.com\\\/yellownesthostelbarcelona\\\/\",\"https:\\\/\\\/www.tiktok.com\\\/@yellownesthostel\",\"https:\\\/\\\/www.linkedin.com\\\/company\\\/yellow-nest-hostel-barcelona\\\/\",\"https:\\\/\\\/www.youtube.com\\\/channel\\\/UCwLfXY-N5JO_uNZtStWLqqw\",\"https:\\\/\\\/vk.com\\\/yellownesthostelbarcelona\\\/\",\"https:\\\/\\\/m.me\\\/YellowNestHostelBarcelona\\\/\",\"https:\\\/\\\/www.tripadvisor.es\\\/Hotel_Review-g187497-d1815573-Reviews-Yellow_Nest_Hostel_Barcelona-Barcelona_Catalonia.html\"]}]}<\/script>\n<!-- \/ Yoast SEO plugin. -->","yoast_head_json":{"title":"Gebruiksvoorwaarden, Privacybeleid, beleid van cookies","description":"Gebruiksvoorwaarden, Privacybeleid, Cookiebeleid en wettelijke voorwaarden van de website nesthostelsbarcelona.com","robots":{"index":"index","follow":"follow","max-snippet":"max-snippet:-1","max-image-preview":"max-image-preview:large","max-video-preview":"max-video-preview:-1"},"canonical":"https:\/\/nesthostelsbarcelona.com\/nl\/voorwaarden\/","og_locale":"nl_NL","og_type":"article","og_title":"Gebruiksvoorwaarden, Privacybeleid, beleid van cookies","og_description":"Gebruiksvoorwaarden, Privacybeleid, Cookiebeleid en wettelijke voorwaarden van de website nesthostelsbarcelona.com","og_url":"https:\/\/nesthostelsbarcelona.com\/nl\/voorwaarden\/","og_site_name":"Nest Hostels Barcelona","article_publisher":"https:\/\/www.facebook.com\/YellowNestHostelBarcelona\/","article_modified_time":"2022-06-27T15:31:45+00:00","og_image":[{"width":810,"height":350,"url":"https:\/\/nesthostelsbarcelona.com\/wp-content\/uploads\/2022\/06\/privacy-policy.jpg","type":"image\/jpeg"}],"twitter_card":"summary_large_image","twitter_site":"@YellowHostel","twitter_misc":{"Geschatte leestijd":"8 minuten"},"schema":{"@context":"https:\/\/schema.org","@graph":[{"@type":"WebPage","@id":"https:\/\/nesthostelsbarcelona.com\/nl\/voorwaarden\/","url":"https:\/\/nesthostelsbarcelona.com\/nl\/voorwaarden\/","name":"Gebruiksvoorwaarden, Privacybeleid, beleid van cookies","isPartOf":{"@id":"https:\/\/nesthostelsbarcelona.com\/nl\/#website"},"primaryImageOfPage":{"@id":"https:\/\/nesthostelsbarcelona.com\/nl\/voorwaarden\/#primaryimage"},"image":{"@id":"https:\/\/nesthostelsbarcelona.com\/nl\/voorwaarden\/#primaryimage"},"thumbnailUrl":"https:\/\/nesthostelsbarcelona.com\/wp-content\/uploads\/2022\/06\/privacy-policy.jpg","datePublished":"2017-09-04T08:00:32+00:00","dateModified":"2022-06-27T15:31:45+00:00","description":"Gebruiksvoorwaarden, Privacybeleid, Cookiebeleid en wettelijke voorwaarden van de website nesthostelsbarcelona.com","breadcrumb":{"@id":"https:\/\/nesthostelsbarcelona.com\/nl\/voorwaarden\/#breadcrumb"},"inLanguage":"nl-NL","potentialAction":[{"@type":"ReadAction","target":["https:\/\/nesthostelsbarcelona.com\/nl\/voorwaarden\/"]}]},{"@type":"ImageObject","inLanguage":"nl-NL","@id":"https:\/\/nesthostelsbarcelona.com\/nl\/voorwaarden\/#primaryimage","url":"https:\/\/nesthostelsbarcelona.com\/wp-content\/uploads\/2022\/06\/privacy-policy.jpg","contentUrl":"https:\/\/nesthostelsbarcelona.com\/wp-content\/uploads\/2022\/06\/privacy-policy.jpg","width":810,"height":350,"caption":"Privacy Policy"},{"@type":"BreadcrumbList","@id":"https:\/\/nesthostelsbarcelona.com\/nl\/voorwaarden\/#breadcrumb","itemListElement":[{"@type":"ListItem","position":1,"name":"Home","item":"https:\/\/nesthostelsbarcelona.com\/nl\/home\/"},{"@type":"ListItem","position":2,"name":"Algemene Voorwaarden"}]},{"@type":"WebSite","@id":"https:\/\/nesthostelsbarcelona.com\/nl\/#website","url":"https:\/\/nesthostelsbarcelona.com\/nl\/","name":"Nest Hostels Barcelona","description":"Accommodation and beds for travelers in Barcelona","publisher":{"@id":"https:\/\/nesthostelsbarcelona.com\/nl\/#organization"},"potentialAction":[{"@type":"SearchAction","target":{"@type":"EntryPoint","urlTemplate":"https:\/\/nesthostelsbarcelona.com\/nl\/?s={search_term_string}"},"query-input":{"@type":"PropertyValueSpecification","valueRequired":true,"valueName":"search_term_string"}}],"inLanguage":"nl-NL"},{"@type":"Organization","@id":"https:\/\/nesthostelsbarcelona.com\/nl\/#organization","name":"Nest Hostels Barcelona","url":"https:\/\/nesthostelsbarcelona.com\/nl\/","logo":{"@type":"ImageObject","inLanguage":"nl-NL","@id":"https:\/\/nesthostelsbarcelona.com\/nl\/#\/schema\/logo\/image\/","url":"https:\/\/nesthostelsbarcelona.com\/wp-content\/uploads\/2022\/05\/logo-nest-hostels-valencia-feetuphostels.svg","contentUrl":"https:\/\/nesthostelsbarcelona.com\/wp-content\/uploads\/2022\/05\/logo-nest-hostels-valencia-feetuphostels.svg","width":279,"height":130,"caption":"Nest Hostels Barcelona"},"image":{"@id":"https:\/\/nesthostelsbarcelona.com\/nl\/#\/schema\/logo\/image\/"},"sameAs":["https:\/\/www.facebook.com\/YellowNestHostelBarcelona\/","https:\/\/x.com\/YellowHostel","https:\/\/www.instagram.com\/yellownesthostelbarcelona\/","https:\/\/www.tiktok.com\/@yellownesthostel","https:\/\/www.linkedin.com\/company\/yellow-nest-hostel-barcelona\/","https:\/\/www.youtube.com\/channel\/UCwLfXY-N5JO_uNZtStWLqqw","https:\/\/vk.com\/yellownesthostelbarcelona\/","https:\/\/m.me\/YellowNestHostelBarcelona\/","https:\/\/www.tripadvisor.es\/Hotel_Review-g187497-d1815573-Reviews-Yellow_Nest_Hostel_Barcelona-Barcelona_Catalonia.html"]}]}},"_links":{"self":[{"href":"https:\/\/nesthostelsbarcelona.com\/nl\/wp-json\/wp\/v2\/pages\/2682","targetHints":{"allow":["GET"]}}],"collection":[{"href":"https:\/\/nesthostelsbarcelona.com\/nl\/wp-json\/wp\/v2\/pages"}],"about":[{"href":"https:\/\/nesthostelsbarcelona.com\/nl\/wp-json\/wp\/v2\/types\/page"}],"author":[{"embeddable":true,"href":"https:\/\/nesthostelsbarcelona.com\/nl\/wp-json\/wp\/v2\/users\/10"}],"replies":[{"embeddable":true,"href":"https:\/\/nesthostelsbarcelona.com\/nl\/wp-json\/wp\/v2\/comments?post=2682"}],"version-history":[{"count":0,"href":"https:\/\/nesthostelsbarcelona.com\/nl\/wp-json\/wp\/v2\/pages\/2682\/revisions"}],"wp:featuredmedia":[{"embeddable":true,"href":"https:\/\/nesthostelsbarcelona.com\/nl\/wp-json\/wp\/v2\/media\/3624"}],"wp:attachment":[{"href":"https:\/\/nesthostelsbarcelona.com\/nl\/wp-json\/wp\/v2\/media?parent=2682"}],"curies":[{"name":"wp","href":"https:\/\/api.w.org\/{rel}","templated":true}]}}